{"id":41605,"date":"2025-04-28T12:47:31","date_gmt":"2025-04-28T16:47:31","guid":{"rendered":"https:\/\/dormalab.com\/product\/masque-airfit-n30i-std-stpk\/"},"modified":"2025-12-09T14:38:07","modified_gmt":"2025-12-09T19:38:07","slug":"masque-airfit-n30i-std-stpk","status":"publish","type":"product","link":"https:\/\/dormalab.com\/fr\/produit\/masque-airfit-n30i-std-stpk\/","title":{"rendered":"Masque Airfit N30i std\/stpk"},"content":{"rendered":"<p class=\"\" data-start=\"330\" data-end=\"449\"><span class=\"relative -mx-px my-[-0.2rem] rounded px-px py-[0.2rem] transition-colors duration-100 ease-in-out\">Le <strong data-start=\"4\" data-end=\"49\">ResMed AirFit\u2122 N30i Standard Starter Pack<\/strong> est con\u00e7u pour offrir confort et flexibilit\u00e9 aux personnes suivant une th\u00e9rapie par <a href=\"https:\/\/dormalab.com\/continuous-positive-airflow-pressure-cpap\/\" data-internallinksmanager029f6b8e52c=\"1\" title=\"Continuous Positive Airflow Pressure (CPAP)\">CPAP<\/a>.<\/span> <span class=\"relative -mx-px my-[-0.2rem] rounded px-px py-[0.2rem] transition-colors duration-100 ease-in-out\">Sa conception unique comprend un raccord de tube au sommet de la t\u00eate, permettant au tuyau d&rsquo;air de rester hors de vue et de ne pas g\u00eaner, ce qui permet aux utilisateurs de dormir dans n&rsquo;importe quelle position sans restriction.<\/span><\/p>\n<p class=\"\" data-start=\"451\" data-end=\"570\"><span class=\"relative -mx-px my-[-0.2rem] rounded px-px py-[0.2rem] transition-colors duration-100 ease-in-out\">Le masque utilise un coussinet nasal en forme de berceau doux et incurv\u00e9 qui repose confortablement sous le nez, \u00e9liminant les points de pression sur l&rsquo;ar\u00eate nasale et r\u00e9duisant le risque de marques rouges.<\/span> <span class=\"relative -mx-px my-[-0.2rem] rounded px-px py-[0.2rem] transition-colors duration-100 ease-in-out\">La technologie de ventilation QuietAir\u2122 incluse diffuse doucement l&rsquo;air expir\u00e9, garantissant un environnement de sommeil calme et paisible.<\/span><\/p>\n<p class=\"\" data-start=\"572\" data-end=\"697\"><span class=\"relative -mx-px my-[-0.2rem] rounded px-px py-[0.2rem] transition-colors duration-100 ease-in-out\">La structure SpringFit s&rsquo;adapte \u00e0 diverses morphologies faciales, offrant un ajustement stable et personnalis\u00e9 tout au long de la nuit.<\/span> <span class=\"relative -mx-px my-[-0.2rem] rounded px-px py-[0.2rem] transition-colors duration-100 ease-in-out\">Sa conception facile \u00e0 enfiler le rend simple \u00e0 mettre et \u00e0 enlever, et le coude \u00e0 d\u00e9connexion rapide permet une d\u00e9connexion ais\u00e9e du tube sans retirer le masque.<\/span><\/p>\n<p class=\"\" data-start=\"572\" data-end=\"697\"><strong data-start=\"699\" data-end=\"716\">Caract\u00e9ristiques Principales :<\/strong><\/p>\n<ul data-start=\"718\" data-end=\"1303\">\n<li class=\"\" data-start=\"718\" data-end=\"844\">\n<p class=\"\" data-start=\"720\" data-end=\"844\"><strong data-start=\"720\" data-end=\"758\">Raccord de tube au sommet de la t\u00eate :<\/strong> <span class=\"relative -mx-px my-[-0.2rem] rounded px-px py-[0.2rem] transition-colors duration-100 ease-in-out\">Maintient le tuyau d&rsquo;air hors du chemin pour un mouvement sans restriction et un champ de vision d\u00e9gag\u00e9.<\/span><\/p>\n<\/li>\n<li class=\"\" data-start=\"846\" data-end=\"954\">\n<p class=\"\" data-start=\"848\" data-end=\"954\"><strong data-start=\"848\" data-end=\"868\">Structure SpringFit :<\/strong> <span class=\"relative -mx-px my-[-0.2rem] rounded px-px py-[0.2rem] transition-colors duration-100 ease-in-out\">S&rsquo;ajuste automatiquement \u00e0 diff\u00e9rents profils faciaux pour un ajustement s\u00fbr et confortable.<\/span><\/p>\n<\/li>\n<li class=\"\" data-start=\"956\" data-end=\"1069\">\n<p class=\"\" data-start=\"958\" data-end=\"1069\"><strong data-start=\"958\" data-end=\"983\">Coussinet nasal en forme de berceau :<\/strong> <span class=\"relative -mx-px my-[-0.2rem] rounded px-px py-[0.2rem] transition-colors duration-100 ease-in-out\">Repose sous le nez pour minimiser le contact et r\u00e9duire l&rsquo;irritation.<\/span><\/p>\n<\/li>\n<li class=\"\" data-start=\"1071\" data-end=\"1189\">\n<p class=\"\" data-start=\"1073\" data-end=\"1189\"><strong data-start=\"1073\" data-end=\"1103\">Technologie de ventilation QuietAir\u2122 :<\/strong> <span class=\"relative -mx-px my-[-0.2rem] rounded px-px py-[0.2rem] transition-colors duration-100 ease-in-out\">Diffuse l&rsquo;air expir\u00e9 pour une exp\u00e9rience de sommeil plus silencieuse.<\/span><\/p>\n<\/li>\n<li class=\"\" data-start=\"1191\" data-end=\"1303\">\n<p class=\"\" data-start=\"1193\" data-end=\"1303\"><strong data-start=\"1193\" data-end=\"1217\">Coude \u00e0 d\u00e9connexion rapide :<\/strong> <span class=\"relative -mx-px my-[-0.2rem] rounded px-px py-[0.2rem] transition-colors duration-100 ease-in-out\">Permet une d\u00e9connexion facile du tube sans retirer le masque.<\/span><\/p>\n<\/li>\n<\/ul>\n<p class=\"\" data-start=\"1305\" data-end=\"1338\"><strong data-start=\"1305\" data-end=\"1338\">Inclus dans le Starter Pack :<\/strong><\/p>\n<ul data-start=\"1340\" data-end=\"1694\">\n<li class=\"\" data-start=\"1340\" data-end=\"1427\">\n<p class=\"\" data-start=\"1342\" data-end=\"1427\"><span class=\"relative -mx-px my-[-0.2rem] rounded px-px py-[0.2rem] transition-colors duration-100 ease-in-out\">Structure SpringFit standard<\/span><\/p>\n<\/li>\n<li class=\"\" data-start=\"1429\" data-end=\"1516\">\n<p class=\"\" data-start=\"1431\" data-end=\"1516\"><span class=\"relative -mx-px my-[-0.2rem] rounded px-px py-[0.2rem] transition-colors duration-100 ease-in-out\">Harnais ajustable<\/span><\/p>\n<\/li>\n<li class=\"\" data-start=\"1518\" data-end=\"1605\">\n<p class=\"\" data-start=\"1520\" data-end=\"1605\"><span class=\"relative -mx-px my-[-0.2rem] rounded px-px py-[0.2rem] transition-colors duration-100 ease-in-out\">Trois coussinets nasaux en forme de berceau (petit, moyen, petit-large)<\/span><\/p>\n<\/li>\n<li class=\"\" data-start=\"1607\" data-end=\"1694\">\n<p class=\"\" data-start=\"1609\" data-end=\"1694\"><span class=\"relative -mx-px my-[-0.2rem] rounded px-px py-[0.2rem] transition-colors duration-100 ease-in-out\">Coude \u00e0 d\u00e9connexion rapide<\/span><\/p>\n<\/li>\n<\/ul>\n<p class=\"\" data-start=\"1696\" data-end=\"1781\"><span class=\"relative -mx-px my-[-0.2rem] rounded px-px py-[0.2rem] transition-colors duration-100 ease-in-out\">Le ResMed AirFit N30i Standard Starter Pack est id\u00e9al pour les dormeurs actifs recherchant une solution de masque CPAP confortable, discr\u00e8te et facile \u00e0 utiliser<\/span><\/p>\n","protected":false},"excerpt":{"rendered":"<p><span class=\"relative -mx-px my-[-0.2rem] rounded px-px py-[0.2rem] transition-colors duration-100 ease-in-out\">Le ResMed AirFit\u2122 N30i Standard Starter Pack est un masque CPAP nasal en forme de berceau minimaliste con\u00e7u pour les dormeurs actifs.<\/span> <span class=\"relative -mx-px my-[-0.2rem] rounded px-px py-[0.2rem] transition-colors duration-100 ease-in-out\">Dot\u00e9 d&rsquo;un raccord de tube au sommet de la t\u00eate et d&rsquo;une structure SpringFit flexible, il offre un ajustement s\u00fbr et une libert\u00e9 de mouvement.<\/span> <span class=\"relative -mx-px my-[-0.2rem] rounded px-px py-[0.2rem] transition-colors duration-100 ease-in-out\">Le pack inclut trois tailles de coussinets \u2014 petit, moyen et petit-large \u2014 pour un ajustement personnalis\u00e9.<\/span><\/p>\n","protected":false},"featured_media":40589,"template":"","meta":[],"product_brand":[368],"product_cat":[365],"product_tag":[],"class_list":{"0":"post-41605","1":"product","2":"type-product","3":"status-publish","4":"has-post-thumbnail","6":"product_brand-resmed","7":"product_cat-masque","9":"first","10":"instock","11":"shipping-taxable","12":"purchasable","13":"product-type-simple"},"yoast_head":"<!-- This site is optimized with the Yoast SEO plugin v27.3 - https:\/\/yoast.com\/product\/yoast-seo-wordpress\/ -->\n<title>Masque Airfit N30i std\/stpk - Dorma Sleep Clinics<\/title>\n<meta name=\"robots\" content=\"index, follow, max-snippet:-1, max-image-preview:large, max-video-preview:-1\" \/>\n<link rel=\"canonical\" href=\"https:\/\/dormalab.com\/fr\/produit\/masque-airfit-n30i-std-stpk\/\" \/>\n<meta property=\"og:locale\" content=\"fr_FR\" \/>\n<meta property=\"og:type\" content=\"article\" \/>\n<meta property=\"og:title\" content=\"Masque Airfit N30i std\/stpk - Dorma Sleep Clinics\" \/>\n<meta property=\"og:description\" content=\"Le ResMed AirFit\u2122 N30i Standard Starter Pack est un masque CPAP nasal en forme de berceau minimaliste con\u00e7u pour les dormeurs actifs. Dot\u00e9 d&#039;un raccord de tube au sommet de la t\u00eate et d&#039;une structure SpringFit flexible, il offre un ajustement s\u00fbr et une libert\u00e9 de mouvement. Le pack inclut trois tailles de coussinets \u2014 petit, moyen et petit-large \u2014 pour un ajustement personnalis\u00e9.\" \/>\n<meta property=\"og:url\" content=\"https:\/\/dormalab.com\/fr\/produit\/masque-airfit-n30i-std-stpk\/\" \/>\n<meta property=\"og:site_name\" content=\"Dorma Sleep Clinics\" \/>\n<meta property=\"article:modified_time\" content=\"2025-12-09T19:38:07+00:00\" \/>\n<meta property=\"og:image\" content=\"https:\/\/dormalab.com\/wp-content\/uploads\/2025\/04\/Captura-de-Pantalla-2025-04-30-a-las-3.43.22-p.-m.png\" \/>\n\t<meta property=\"og:image:width\" content=\"1\" \/>\n\t<meta property=\"og:image:height\" content=\"1\" \/>\n\t<meta property=\"og:image:type\" content=\"image\/png\" \/>\n<meta name=\"twitter:card\" content=\"summary_large_image\" \/>\n<meta name=\"twitter:label1\" content=\"Dur\u00e9e de lecture estim\u00e9e\" \/>\n\t<meta name=\"twitter:data1\" content=\"2 minute\" \/>\n<script type=\"application\/ld+json\" class=\"yoast-schema-graph\">{\"@context\":\"https:\\\/\\\/schema.org\",\"@graph\":[{\"@type\":\"WebPage\",\"@id\":\"https:\\\/\\\/dormalab.com\\\/fr\\\/produit\\\/masque-airfit-n30i-std-stpk\\\/\",\"url\":\"https:\\\/\\\/dormalab.com\\\/fr\\\/produit\\\/masque-airfit-n30i-std-stpk\\\/\",\"name\":\"Masque Airfit N30i std\\\/stpk - Dorma Sleep Clinics\",\"isPartOf\":{\"@id\":\"https:\\\/\\\/dormalab.com\\\/fr\\\/#website\"},\"primaryImageOfPage\":{\"@id\":\"https:\\\/\\\/dormalab.com\\\/fr\\\/produit\\\/masque-airfit-n30i-std-stpk\\\/#primaryimage\"},\"image\":{\"@id\":\"https:\\\/\\\/dormalab.com\\\/fr\\\/produit\\\/masque-airfit-n30i-std-stpk\\\/#primaryimage\"},\"thumbnailUrl\":\"https:\\\/\\\/dormalab.com\\\/wp-content\\\/uploads\\\/2025\\\/04\\\/Captura-de-Pantalla-2025-04-30-a-las-3.43.22-p.-m.png\",\"datePublished\":\"2025-04-28T16:47:31+00:00\",\"dateModified\":\"2025-12-09T19:38:07+00:00\",\"breadcrumb\":{\"@id\":\"https:\\\/\\\/dormalab.com\\\/fr\\\/produit\\\/masque-airfit-n30i-std-stpk\\\/#breadcrumb\"},\"inLanguage\":\"fr-FR\",\"potentialAction\":[{\"@type\":\"ReadAction\",\"target\":[\"https:\\\/\\\/dormalab.com\\\/fr\\\/produit\\\/masque-airfit-n30i-std-stpk\\\/\"]}]},{\"@type\":\"ImageObject\",\"inLanguage\":\"fr-FR\",\"@id\":\"https:\\\/\\\/dormalab.com\\\/fr\\\/produit\\\/masque-airfit-n30i-std-stpk\\\/#primaryimage\",\"url\":\"https:\\\/\\\/dormalab.com\\\/wp-content\\\/uploads\\\/2025\\\/04\\\/Captura-de-Pantalla-2025-04-30-a-las-3.43.22-p.-m.png\",\"contentUrl\":\"https:\\\/\\\/dormalab.com\\\/wp-content\\\/uploads\\\/2025\\\/04\\\/Captura-de-Pantalla-2025-04-30-a-las-3.43.22-p.-m.png\"},{\"@type\":\"BreadcrumbList\",\"@id\":\"https:\\\/\\\/dormalab.com\\\/fr\\\/produit\\\/masque-airfit-n30i-std-stpk\\\/#breadcrumb\",\"itemListElement\":[{\"@type\":\"ListItem\",\"position\":1,\"name\":\"Home\",\"item\":\"https:\\\/\\\/dormalab.com\\\/fr\\\/\"},{\"@type\":\"ListItem\",\"position\":2,\"name\":\"Boutique\",\"item\":\"https:\\\/\\\/dormalab.com\\\/fr\\\/boutique\\\/\"},{\"@type\":\"ListItem\",\"position\":3,\"name\":\"Masque Airfit N30i std\\\/stpk\"}]},{\"@type\":\"WebSite\",\"@id\":\"https:\\\/\\\/dormalab.com\\\/fr\\\/#website\",\"url\":\"https:\\\/\\\/dormalab.com\\\/fr\\\/\",\"name\":\"Dorma Sleep Clinics\",\"description\":\"Sleep Well Live Well\",\"publisher\":{\"@id\":\"https:\\\/\\\/dormalab.com\\\/fr\\\/#organization\"},\"potentialAction\":[{\"@type\":\"SearchAction\",\"target\":{\"@type\":\"EntryPoint\",\"urlTemplate\":\"https:\\\/\\\/dormalab.com\\\/fr\\\/?s={search_term_string}\"},\"query-input\":{\"@type\":\"PropertyValueSpecification\",\"valueRequired\":true,\"valueName\":\"search_term_string\"}}],\"inLanguage\":\"fr-FR\"},{\"@type\":\"Organization\",\"@id\":\"https:\\\/\\\/dormalab.com\\\/fr\\\/#organization\",\"name\":\"Dorma Clinique Du Sommeil\",\"url\":\"https:\\\/\\\/dormalab.com\\\/fr\\\/\",\"logo\":{\"@type\":\"ImageObject\",\"inLanguage\":\"fr-FR\",\"@id\":\"https:\\\/\\\/dormalab.com\\\/fr\\\/#\\\/schema\\\/logo\\\/image\\\/\",\"url\":\"https:\\\/\\\/dormalab.com\\\/wp-content\\\/uploads\\\/2019\\\/10\\\/Dorma-Logotype-RGB-Black-scaled-e1578787470924.png\",\"contentUrl\":\"https:\\\/\\\/dormalab.com\\\/wp-content\\\/uploads\\\/2019\\\/10\\\/Dorma-Logotype-RGB-Black-scaled-e1578787470924.png\",\"width\":120,\"height\":25,\"caption\":\"Dorma Clinique Du Sommeil\"},\"image\":{\"@id\":\"https:\\\/\\\/dormalab.com\\\/fr\\\/#\\\/schema\\\/logo\\\/image\\\/\"}}]}<\/script>\n<!-- \/ Yoast SEO plugin. -->","yoast_head_json":{"title":"Masque Airfit N30i std\/stpk - Dorma Sleep Clinics","robots":{"index":"index","follow":"follow","max-snippet":"max-snippet:-1","max-image-preview":"max-image-preview:large","max-video-preview":"max-video-preview:-1"},"canonical":"https:\/\/dormalab.com\/fr\/produit\/masque-airfit-n30i-std-stpk\/","og_locale":"fr_FR","og_type":"article","og_title":"Masque Airfit N30i std\/stpk - Dorma Sleep Clinics","og_description":"Le ResMed AirFit\u2122 N30i Standard Starter Pack est un masque CPAP nasal en forme de berceau minimaliste con\u00e7u pour les dormeurs actifs. Dot\u00e9 d'un raccord de tube au sommet de la t\u00eate et d'une structure SpringFit flexible, il offre un ajustement s\u00fbr et une libert\u00e9 de mouvement. Le pack inclut trois tailles de coussinets \u2014 petit, moyen et petit-large \u2014 pour un ajustement personnalis\u00e9.","og_url":"https:\/\/dormalab.com\/fr\/produit\/masque-airfit-n30i-std-stpk\/","og_site_name":"Dorma Sleep Clinics","article_modified_time":"2025-12-09T19:38:07+00:00","og_image":[{"url":"https:\/\/dormalab.com\/wp-content\/uploads\/2025\/04\/Captura-de-Pantalla-2025-04-30-a-las-3.43.22-p.-m.png","width":1,"height":1,"type":"image\/png"}],"twitter_card":"summary_large_image","twitter_misc":{"Dur\u00e9e de lecture estim\u00e9e":"2 minute"},"schema":{"@context":"https:\/\/schema.org","@graph":[{"@type":"WebPage","@id":"https:\/\/dormalab.com\/fr\/produit\/masque-airfit-n30i-std-stpk\/","url":"https:\/\/dormalab.com\/fr\/produit\/masque-airfit-n30i-std-stpk\/","name":"Masque Airfit N30i std\/stpk - Dorma Sleep Clinics","isPartOf":{"@id":"https:\/\/dormalab.com\/fr\/#website"},"primaryImageOfPage":{"@id":"https:\/\/dormalab.com\/fr\/produit\/masque-airfit-n30i-std-stpk\/#primaryimage"},"image":{"@id":"https:\/\/dormalab.com\/fr\/produit\/masque-airfit-n30i-std-stpk\/#primaryimage"},"thumbnailUrl":"https:\/\/dormalab.com\/wp-content\/uploads\/2025\/04\/Captura-de-Pantalla-2025-04-30-a-las-3.43.22-p.-m.png","datePublished":"2025-04-28T16:47:31+00:00","dateModified":"2025-12-09T19:38:07+00:00","breadcrumb":{"@id":"https:\/\/dormalab.com\/fr\/produit\/masque-airfit-n30i-std-stpk\/#breadcrumb"},"inLanguage":"fr-FR","potentialAction":[{"@type":"ReadAction","target":["https:\/\/dormalab.com\/fr\/produit\/masque-airfit-n30i-std-stpk\/"]}]},{"@type":"ImageObject","inLanguage":"fr-FR","@id":"https:\/\/dormalab.com\/fr\/produit\/masque-airfit-n30i-std-stpk\/#primaryimage","url":"https:\/\/dormalab.com\/wp-content\/uploads\/2025\/04\/Captura-de-Pantalla-2025-04-30-a-las-3.43.22-p.-m.png","contentUrl":"https:\/\/dormalab.com\/wp-content\/uploads\/2025\/04\/Captura-de-Pantalla-2025-04-30-a-las-3.43.22-p.-m.png"},{"@type":"BreadcrumbList","@id":"https:\/\/dormalab.com\/fr\/produit\/masque-airfit-n30i-std-stpk\/#breadcrumb","itemListElement":[{"@type":"ListItem","position":1,"name":"Home","item":"https:\/\/dormalab.com\/fr\/"},{"@type":"ListItem","position":2,"name":"Boutique","item":"https:\/\/dormalab.com\/fr\/boutique\/"},{"@type":"ListItem","position":3,"name":"Masque Airfit N30i std\/stpk"}]},{"@type":"WebSite","@id":"https:\/\/dormalab.com\/fr\/#website","url":"https:\/\/dormalab.com\/fr\/","name":"Dorma Sleep Clinics","description":"Sleep Well Live Well","publisher":{"@id":"https:\/\/dormalab.com\/fr\/#organization"},"potentialAction":[{"@type":"SearchAction","target":{"@type":"EntryPoint","urlTemplate":"https:\/\/dormalab.com\/fr\/?s={search_term_string}"},"query-input":{"@type":"PropertyValueSpecification","valueRequired":true,"valueName":"search_term_string"}}],"inLanguage":"fr-FR"},{"@type":"Organization","@id":"https:\/\/dormalab.com\/fr\/#organization","name":"Dorma Clinique Du Sommeil","url":"https:\/\/dormalab.com\/fr\/","logo":{"@type":"ImageObject","inLanguage":"fr-FR","@id":"https:\/\/dormalab.com\/fr\/#\/schema\/logo\/image\/","url":"https:\/\/dormalab.com\/wp-content\/uploads\/2019\/10\/Dorma-Logotype-RGB-Black-scaled-e1578787470924.png","contentUrl":"https:\/\/dormalab.com\/wp-content\/uploads\/2019\/10\/Dorma-Logotype-RGB-Black-scaled-e1578787470924.png","width":120,"height":25,"caption":"Dorma Clinique Du Sommeil"},"image":{"@id":"https:\/\/dormalab.com\/fr\/#\/schema\/logo\/image\/"}}]}},"_links":{"self":[{"href":"https:\/\/dormalab.com\/fr\/wp-json\/wp\/v2\/product\/41605","targetHints":{"allow":["GET"]}}],"collection":[{"href":"https:\/\/dormalab.com\/fr\/wp-json\/wp\/v2\/product"}],"about":[{"href":"https:\/\/dormalab.com\/fr\/wp-json\/wp\/v2\/types\/product"}],"version-history":[{"count":0,"href":"https:\/\/dormalab.com\/fr\/wp-json\/wp\/v2\/product\/41605\/revisions"}],"wp:featuredmedia":[{"embeddable":true,"href":"https:\/\/dormalab.com\/fr\/wp-json\/wp\/v2\/media\/40589"}],"wp:attachment":[{"href":"https:\/\/dormalab.com\/fr\/wp-json\/wp\/v2\/media?parent=41605"}],"wp:term":[{"taxonomy":"product_brand","embeddable":true,"href":"https:\/\/dormalab.com\/fr\/wp-json\/wp\/v2\/product_brand?post=41605"},{"taxonomy":"product_cat","embeddable":true,"href":"https:\/\/dormalab.com\/fr\/wp-json\/wp\/v2\/product_cat?post=41605"},{"taxonomy":"product_tag","embeddable":true,"href":"https:\/\/dormalab.com\/fr\/wp-json\/wp\/v2\/product_tag?post=41605"}],"curies":[{"name":"wp","href":"https:\/\/api.w.org\/{rel}","templated":true}]}}