{"id":41607,"date":"2025-04-28T12:47:32","date_gmt":"2025-04-28T16:47:32","guid":{"rendered":"https:\/\/dormalab.com\/product\/masque-airfit-n30i-petit-stpk\/"},"modified":"2025-12-09T14:38:11","modified_gmt":"2025-12-09T19:38:11","slug":"masque-airfit-n30i-petit-stpk","status":"publish","type":"product","link":"https:\/\/dormalab.com\/fr\/produit\/masque-airfit-n30i-petit-stpk\/","title":{"rendered":"Masque Airfit N30i Petit\/Stpk"},"content":{"rendered":"<p data-start=\"154\" data-end=\"482\">Le <strong data-start=\"158\" data-end=\"200\">ResMed AirFit\u2122 N30i Small Starter Pack<\/strong> est con\u00e7u pour offrir confort, adaptabilit\u00e9 et libert\u00e9 de mouvement aux utilisateurs de <a href=\"https:\/\/dormalab.com\/continuous-positive-airflow-pressure-cpap\/\" data-internallinksmanager029f6b8e52c=\"1\" title=\"Continuous Positive Airflow Pressure (CPAP)\">CPAP<\/a>, en particulier aux dormeurs actifs. Sa connexion innovante du tube au sommet de la t\u00eate maintient le tuyau d&rsquo;air hors de port\u00e9e, permettant aux utilisateurs de dormir dans pratiquement n&rsquo;importe quelle position sans restriction ni inconfort. <\/p>\n<p data-start=\"484\" data-end=\"796\">Le masque est dot\u00e9 d&rsquo;un <strong data-start=\"504\" data-end=\"541\">coussinet nasal doux et incurv\u00e9<\/strong> qui repose d\u00e9licatement sous le nez, r\u00e9duisant la pression sur l&rsquo;ar\u00eate nasale et minimisant les marques rouges. La <strong data-start=\"651\" data-end=\"680\">technologie de ventilation QuietAir\u2122 int\u00e9gr\u00e9e<\/strong> disperse doucement l&rsquo;air expir\u00e9, contribuant \u00e0 maintenir un environnement de sommeil paisible tant pour l&rsquo;utilisateur que pour son partenaire. <\/p>\n<p data-start=\"798\" data-end=\"1132\">La <strong data-start=\"811\" data-end=\"830\">structure SpringFit flexible<\/strong> est con\u00e7ue pour s&rsquo;adapter \u00e0 une vari\u00e9t\u00e9 de formes faciales, offrant un ajustement s\u00fbr et adaptatif tout au long de la nuit. Sa <strong data-start=\"943\" data-end=\"961\">conception \u00e0 enfiler<\/strong> rend le masque facile \u00e0 porter et \u00e0 retirer, tandis que le <strong data-start=\"1012\" data-end=\"1035\">coude \u00e0 d\u00e9connexion rapide<\/strong> permet une d\u00e9connexion rapide et pratique du tube sans avoir \u00e0 retirer le masque. <\/p>\n<hr data-start=\"1134\" data-end=\"1137\">\n<h3 data-start=\"1139\" data-end=\"1160\"><strong data-start=\"1143\" data-end=\"1160\">Caract\u00e9ristiques Principales :<\/strong><\/h3>\n<ul data-start=\"1162\" data-end=\"1679\">\n<li data-start=\"1162\" data-end=\"1289\">\n<p data-start=\"1164\" data-end=\"1289\"><strong data-start=\"1164\" data-end=\"1202\">Connexion du tube au sommet de la t\u00eate :<\/strong> Maintient le tuyau d&rsquo;air \u00e9loign\u00e9 du visage pour une plus grande libert\u00e9 et un champ de vision d\u00e9gag\u00e9.<\/p>\n<\/li>\n<li data-start=\"1290\" data-end=\"1392\">\n<p data-start=\"1292\" data-end=\"1392\"><strong data-start=\"1292\" data-end=\"1312\">Structure SpringFit :<\/strong> S&rsquo;adapte automatiquement aux diff\u00e9rents contours du visage pour un ajustement confortable et fiable.<\/p>\n<\/li>\n<li data-start=\"1393\" data-end=\"1478\">\n<p data-start=\"1395\" data-end=\"1478\"><strong data-start=\"1395\" data-end=\"1420\">Coussinet nasal :<\/strong> La conception sous le nez minimise le contact et l&rsquo;irritation.<\/p>\n<\/li>\n<li data-start=\"1479\" data-end=\"1584\">\n<p data-start=\"1481\" data-end=\"1584\"><strong data-start=\"1481\" data-end=\"1511\">Technologie de ventilation QuietAir\u2122 :<\/strong> Diffuse doucement l&rsquo;air expir\u00e9 pour r\u00e9duire le bruit et favoriser un sommeil r\u00e9parateur.<\/p>\n<\/li>\n<li data-start=\"1585\" data-end=\"1679\">\n<p data-start=\"1587\" data-end=\"1679\"><strong data-start=\"1587\" data-end=\"1611\">Coude \u00e0 d\u00e9connexion rapide :<\/strong> Permet une d\u00e9connexion facile du tuyau sans retirer le masque.<\/p>\n<\/li>\n<\/ul>\n<hr data-start=\"1681\" data-end=\"1684\">\n<h3 data-start=\"1686\" data-end=\"1729\"><strong data-start=\"1690\" data-end=\"1729\">Inclus dans le kit de d\u00e9marrage petit format :<\/strong><\/h3>\n<ul data-start=\"1731\" data-end=\"1876\">\n<li data-start=\"1731\" data-end=\"1765\">\n<p data-start=\"1733\" data-end=\"1765\"><strong data-start=\"1744\" data-end=\"1763\">Structure SpringFit<\/strong> de petite taille<\/p>\n<\/li>\n<li data-start=\"1766\" data-end=\"1789\">\n<p data-start=\"1768\" data-end=\"1789\">Harnais ajustable<\/p>\n<\/li>\n<li data-start=\"1790\" data-end=\"1852\">\n<p data-start=\"1792\" data-end=\"1852\"><strong data-start=\"1792\" data-end=\"1823\">Trois coussinets nasaux<\/strong> : Petit, Moyen, Petit-Large<\/p>\n<\/li>\n<li data-start=\"1853\" data-end=\"1876\">\n<p data-start=\"1855\" data-end=\"1876\">Coude \u00e0 d\u00e9connexion rapide<\/p>\n<\/li>\n<\/ul>\n<p data-start=\"1878\" data-end=\"2076\" data-is-last-node=\"\" data-is-only-node=\"\">Le <strong data-start=\"1882\" data-end=\"1917\">AirFit\u2122 N30i Small Starter Pack<\/strong> est un excellent choix pour ceux qui recherchent un <strong data-start=\"1961\" data-end=\"2018\">masque CPAP discret, confortable et facile \u00e0 utiliser<\/strong>, en particulier pour les personnes qui bougent fr\u00e9quemment pendant leur sommeil.<\/p>\n","protected":false},"excerpt":{"rendered":"<p>Le <strong data-start=\"108\" data-end=\"150\">ResMed AirFit\u2122 N30i Small Starter Pack<\/strong> est un masque CPAP nasal minimaliste id\u00e9al pour les dormeurs actifs. Avec sa connexion de tuyau au sommet de la t\u00eate et sa structure SpringFit flexible, il offre un ajustement s\u00fbr et adaptable tout en permettant une plus grande libert\u00e9 de mouvement. Ce pack comprend trois tailles de coussinets \u2013 petit, moyen et petit-large \u2013 pour un ajustement personnalis\u00e9 et confortable.  <\/p>\n","protected":false},"featured_media":40589,"template":"","meta":[],"product_brand":[368],"product_cat":[365],"product_tag":[],"class_list":{"0":"post-41607","1":"product","2":"type-product","3":"status-publish","4":"has-post-thumbnail","6":"product_brand-resmed","7":"product_cat-masque","9":"first","10":"instock","11":"shipping-taxable","12":"purchasable","13":"product-type-simple"},"yoast_head":"<!-- This site is optimized with the Yoast SEO plugin v27.3 - https:\/\/yoast.com\/product\/yoast-seo-wordpress\/ -->\n<title>Masque Airfit N30i Petit\/Stpk - Dorma Sleep Clinics<\/title>\n<meta name=\"robots\" content=\"index, follow, max-snippet:-1, max-image-preview:large, max-video-preview:-1\" \/>\n<link rel=\"canonical\" href=\"https:\/\/dormalab.com\/fr\/produit\/masque-airfit-n30i-petit-stpk\/\" \/>\n<meta property=\"og:locale\" content=\"fr_FR\" \/>\n<meta property=\"og:type\" content=\"article\" \/>\n<meta property=\"og:title\" content=\"Masque Airfit N30i Petit\/Stpk - Dorma Sleep Clinics\" \/>\n<meta property=\"og:description\" content=\"Le ResMed AirFit\u2122 N30i Small Starter Pack est un masque CPAP nasal minimaliste id\u00e9al pour les dormeurs actifs. Avec sa connexion de tuyau au sommet de la t\u00eate et sa structure SpringFit flexible, il offre un ajustement s\u00fbr et adaptable tout en permettant une plus grande libert\u00e9 de mouvement. Ce pack comprend trois tailles de coussinets - petit, moyen et petit-large - pour un ajustement personnalis\u00e9 et confortable.\" \/>\n<meta property=\"og:url\" content=\"https:\/\/dormalab.com\/fr\/produit\/masque-airfit-n30i-petit-stpk\/\" \/>\n<meta property=\"og:site_name\" content=\"Dorma Sleep Clinics\" \/>\n<meta property=\"article:modified_time\" content=\"2025-12-09T19:38:11+00:00\" \/>\n<meta property=\"og:image\" content=\"https:\/\/dormalab.com\/wp-content\/uploads\/2025\/04\/Captura-de-Pantalla-2025-04-30-a-las-3.43.22-p.-m.png\" \/>\n\t<meta property=\"og:image:width\" content=\"1\" \/>\n\t<meta property=\"og:image:height\" content=\"1\" \/>\n\t<meta property=\"og:image:type\" content=\"image\/png\" \/>\n<meta name=\"twitter:card\" content=\"summary_large_image\" \/>\n<meta name=\"twitter:label1\" content=\"Dur\u00e9e de lecture estim\u00e9e\" \/>\n\t<meta name=\"twitter:data1\" content=\"2 minute\" \/>\n<script type=\"application\/ld+json\" class=\"yoast-schema-graph\">{\"@context\":\"https:\\\/\\\/schema.org\",\"@graph\":[{\"@type\":\"WebPage\",\"@id\":\"https:\\\/\\\/dormalab.com\\\/fr\\\/produit\\\/masque-airfit-n30i-petit-stpk\\\/\",\"url\":\"https:\\\/\\\/dormalab.com\\\/fr\\\/produit\\\/masque-airfit-n30i-petit-stpk\\\/\",\"name\":\"Masque Airfit N30i Petit\\\/Stpk - Dorma Sleep Clinics\",\"isPartOf\":{\"@id\":\"https:\\\/\\\/dormalab.com\\\/fr\\\/#website\"},\"primaryImageOfPage\":{\"@id\":\"https:\\\/\\\/dormalab.com\\\/fr\\\/produit\\\/masque-airfit-n30i-petit-stpk\\\/#primaryimage\"},\"image\":{\"@id\":\"https:\\\/\\\/dormalab.com\\\/fr\\\/produit\\\/masque-airfit-n30i-petit-stpk\\\/#primaryimage\"},\"thumbnailUrl\":\"https:\\\/\\\/dormalab.com\\\/wp-content\\\/uploads\\\/2025\\\/04\\\/Captura-de-Pantalla-2025-04-30-a-las-3.43.22-p.-m.png\",\"datePublished\":\"2025-04-28T16:47:32+00:00\",\"dateModified\":\"2025-12-09T19:38:11+00:00\",\"breadcrumb\":{\"@id\":\"https:\\\/\\\/dormalab.com\\\/fr\\\/produit\\\/masque-airfit-n30i-petit-stpk\\\/#breadcrumb\"},\"inLanguage\":\"fr-FR\",\"potentialAction\":[{\"@type\":\"ReadAction\",\"target\":[\"https:\\\/\\\/dormalab.com\\\/fr\\\/produit\\\/masque-airfit-n30i-petit-stpk\\\/\"]}]},{\"@type\":\"ImageObject\",\"inLanguage\":\"fr-FR\",\"@id\":\"https:\\\/\\\/dormalab.com\\\/fr\\\/produit\\\/masque-airfit-n30i-petit-stpk\\\/#primaryimage\",\"url\":\"https:\\\/\\\/dormalab.com\\\/wp-content\\\/uploads\\\/2025\\\/04\\\/Captura-de-Pantalla-2025-04-30-a-las-3.43.22-p.-m.png\",\"contentUrl\":\"https:\\\/\\\/dormalab.com\\\/wp-content\\\/uploads\\\/2025\\\/04\\\/Captura-de-Pantalla-2025-04-30-a-las-3.43.22-p.-m.png\"},{\"@type\":\"BreadcrumbList\",\"@id\":\"https:\\\/\\\/dormalab.com\\\/fr\\\/produit\\\/masque-airfit-n30i-petit-stpk\\\/#breadcrumb\",\"itemListElement\":[{\"@type\":\"ListItem\",\"position\":1,\"name\":\"Home\",\"item\":\"https:\\\/\\\/dormalab.com\\\/fr\\\/\"},{\"@type\":\"ListItem\",\"position\":2,\"name\":\"Boutique\",\"item\":\"https:\\\/\\\/dormalab.com\\\/fr\\\/boutique\\\/\"},{\"@type\":\"ListItem\",\"position\":3,\"name\":\"Masque Airfit N30i Petit\\\/Stpk\"}]},{\"@type\":\"WebSite\",\"@id\":\"https:\\\/\\\/dormalab.com\\\/fr\\\/#website\",\"url\":\"https:\\\/\\\/dormalab.com\\\/fr\\\/\",\"name\":\"Dorma Sleep Clinics\",\"description\":\"Sleep Well Live Well\",\"publisher\":{\"@id\":\"https:\\\/\\\/dormalab.com\\\/fr\\\/#organization\"},\"potentialAction\":[{\"@type\":\"SearchAction\",\"target\":{\"@type\":\"EntryPoint\",\"urlTemplate\":\"https:\\\/\\\/dormalab.com\\\/fr\\\/?s={search_term_string}\"},\"query-input\":{\"@type\":\"PropertyValueSpecification\",\"valueRequired\":true,\"valueName\":\"search_term_string\"}}],\"inLanguage\":\"fr-FR\"},{\"@type\":\"Organization\",\"@id\":\"https:\\\/\\\/dormalab.com\\\/fr\\\/#organization\",\"name\":\"Dorma Clinique Du Sommeil\",\"url\":\"https:\\\/\\\/dormalab.com\\\/fr\\\/\",\"logo\":{\"@type\":\"ImageObject\",\"inLanguage\":\"fr-FR\",\"@id\":\"https:\\\/\\\/dormalab.com\\\/fr\\\/#\\\/schema\\\/logo\\\/image\\\/\",\"url\":\"https:\\\/\\\/dormalab.com\\\/wp-content\\\/uploads\\\/2019\\\/10\\\/Dorma-Logotype-RGB-Black-scaled-e1578787470924.png\",\"contentUrl\":\"https:\\\/\\\/dormalab.com\\\/wp-content\\\/uploads\\\/2019\\\/10\\\/Dorma-Logotype-RGB-Black-scaled-e1578787470924.png\",\"width\":120,\"height\":25,\"caption\":\"Dorma Clinique Du Sommeil\"},\"image\":{\"@id\":\"https:\\\/\\\/dormalab.com\\\/fr\\\/#\\\/schema\\\/logo\\\/image\\\/\"}}]}<\/script>\n<!-- \/ Yoast SEO plugin. -->","yoast_head_json":{"title":"Masque Airfit N30i Petit\/Stpk - Dorma Sleep Clinics","robots":{"index":"index","follow":"follow","max-snippet":"max-snippet:-1","max-image-preview":"max-image-preview:large","max-video-preview":"max-video-preview:-1"},"canonical":"https:\/\/dormalab.com\/fr\/produit\/masque-airfit-n30i-petit-stpk\/","og_locale":"fr_FR","og_type":"article","og_title":"Masque Airfit N30i Petit\/Stpk - Dorma Sleep Clinics","og_description":"Le ResMed AirFit\u2122 N30i Small Starter Pack est un masque CPAP nasal minimaliste id\u00e9al pour les dormeurs actifs. Avec sa connexion de tuyau au sommet de la t\u00eate et sa structure SpringFit flexible, il offre un ajustement s\u00fbr et adaptable tout en permettant une plus grande libert\u00e9 de mouvement. Ce pack comprend trois tailles de coussinets - petit, moyen et petit-large - pour un ajustement personnalis\u00e9 et confortable.","og_url":"https:\/\/dormalab.com\/fr\/produit\/masque-airfit-n30i-petit-stpk\/","og_site_name":"Dorma Sleep Clinics","article_modified_time":"2025-12-09T19:38:11+00:00","og_image":[{"url":"https:\/\/dormalab.com\/wp-content\/uploads\/2025\/04\/Captura-de-Pantalla-2025-04-30-a-las-3.43.22-p.-m.png","width":1,"height":1,"type":"image\/png"}],"twitter_card":"summary_large_image","twitter_misc":{"Dur\u00e9e de lecture estim\u00e9e":"2 minute"},"schema":{"@context":"https:\/\/schema.org","@graph":[{"@type":"WebPage","@id":"https:\/\/dormalab.com\/fr\/produit\/masque-airfit-n30i-petit-stpk\/","url":"https:\/\/dormalab.com\/fr\/produit\/masque-airfit-n30i-petit-stpk\/","name":"Masque Airfit N30i Petit\/Stpk - Dorma Sleep Clinics","isPartOf":{"@id":"https:\/\/dormalab.com\/fr\/#website"},"primaryImageOfPage":{"@id":"https:\/\/dormalab.com\/fr\/produit\/masque-airfit-n30i-petit-stpk\/#primaryimage"},"image":{"@id":"https:\/\/dormalab.com\/fr\/produit\/masque-airfit-n30i-petit-stpk\/#primaryimage"},"thumbnailUrl":"https:\/\/dormalab.com\/wp-content\/uploads\/2025\/04\/Captura-de-Pantalla-2025-04-30-a-las-3.43.22-p.-m.png","datePublished":"2025-04-28T16:47:32+00:00","dateModified":"2025-12-09T19:38:11+00:00","breadcrumb":{"@id":"https:\/\/dormalab.com\/fr\/produit\/masque-airfit-n30i-petit-stpk\/#breadcrumb"},"inLanguage":"fr-FR","potentialAction":[{"@type":"ReadAction","target":["https:\/\/dormalab.com\/fr\/produit\/masque-airfit-n30i-petit-stpk\/"]}]},{"@type":"ImageObject","inLanguage":"fr-FR","@id":"https:\/\/dormalab.com\/fr\/produit\/masque-airfit-n30i-petit-stpk\/#primaryimage","url":"https:\/\/dormalab.com\/wp-content\/uploads\/2025\/04\/Captura-de-Pantalla-2025-04-30-a-las-3.43.22-p.-m.png","contentUrl":"https:\/\/dormalab.com\/wp-content\/uploads\/2025\/04\/Captura-de-Pantalla-2025-04-30-a-las-3.43.22-p.-m.png"},{"@type":"BreadcrumbList","@id":"https:\/\/dormalab.com\/fr\/produit\/masque-airfit-n30i-petit-stpk\/#breadcrumb","itemListElement":[{"@type":"ListItem","position":1,"name":"Home","item":"https:\/\/dormalab.com\/fr\/"},{"@type":"ListItem","position":2,"name":"Boutique","item":"https:\/\/dormalab.com\/fr\/boutique\/"},{"@type":"ListItem","position":3,"name":"Masque Airfit N30i Petit\/Stpk"}]},{"@type":"WebSite","@id":"https:\/\/dormalab.com\/fr\/#website","url":"https:\/\/dormalab.com\/fr\/","name":"Dorma Sleep Clinics","description":"Sleep Well Live Well","publisher":{"@id":"https:\/\/dormalab.com\/fr\/#organization"},"potentialAction":[{"@type":"SearchAction","target":{"@type":"EntryPoint","urlTemplate":"https:\/\/dormalab.com\/fr\/?s={search_term_string}"},"query-input":{"@type":"PropertyValueSpecification","valueRequired":true,"valueName":"search_term_string"}}],"inLanguage":"fr-FR"},{"@type":"Organization","@id":"https:\/\/dormalab.com\/fr\/#organization","name":"Dorma Clinique Du Sommeil","url":"https:\/\/dormalab.com\/fr\/","logo":{"@type":"ImageObject","inLanguage":"fr-FR","@id":"https:\/\/dormalab.com\/fr\/#\/schema\/logo\/image\/","url":"https:\/\/dormalab.com\/wp-content\/uploads\/2019\/10\/Dorma-Logotype-RGB-Black-scaled-e1578787470924.png","contentUrl":"https:\/\/dormalab.com\/wp-content\/uploads\/2019\/10\/Dorma-Logotype-RGB-Black-scaled-e1578787470924.png","width":120,"height":25,"caption":"Dorma Clinique Du Sommeil"},"image":{"@id":"https:\/\/dormalab.com\/fr\/#\/schema\/logo\/image\/"}}]}},"_links":{"self":[{"href":"https:\/\/dormalab.com\/fr\/wp-json\/wp\/v2\/product\/41607","targetHints":{"allow":["GET"]}}],"collection":[{"href":"https:\/\/dormalab.com\/fr\/wp-json\/wp\/v2\/product"}],"about":[{"href":"https:\/\/dormalab.com\/fr\/wp-json\/wp\/v2\/types\/product"}],"version-history":[{"count":0,"href":"https:\/\/dormalab.com\/fr\/wp-json\/wp\/v2\/product\/41607\/revisions"}],"wp:featuredmedia":[{"embeddable":true,"href":"https:\/\/dormalab.com\/fr\/wp-json\/wp\/v2\/media\/40589"}],"wp:attachment":[{"href":"https:\/\/dormalab.com\/fr\/wp-json\/wp\/v2\/media?parent=41607"}],"wp:term":[{"taxonomy":"product_brand","embeddable":true,"href":"https:\/\/dormalab.com\/fr\/wp-json\/wp\/v2\/product_brand?post=41607"},{"taxonomy":"product_cat","embeddable":true,"href":"https:\/\/dormalab.com\/fr\/wp-json\/wp\/v2\/product_cat?post=41607"},{"taxonomy":"product_tag","embeddable":true,"href":"https:\/\/dormalab.com\/fr\/wp-json\/wp\/v2\/product_tag?post=41607"}],"curies":[{"name":"wp","href":"https:\/\/api.w.org\/{rel}","templated":true}]}}