{"id":41612,"date":"2025-04-28T12:47:15","date_gmt":"2025-04-28T16:47:15","guid":{"rendered":"https:\/\/dormalab.com\/product\/masque-airfit-f20-grand\/"},"modified":"2025-12-09T14:38:21","modified_gmt":"2025-12-09T19:38:21","slug":"masque-airfit-f20-grand","status":"publish","type":"product","link":"https:\/\/dormalab.com\/fr\/produit\/masque-airfit-f20-grand\/","title":{"rendered":"Masque Airfit F20 Grand"},"content":{"rendered":"<p class=\"\" data-start=\"400\" data-end=\"682\">Le masque <a title=\"Pression positive continue (PPC)\" href=\"https:\/\/dormalab.com\/fr\/pression-positive-continue-ppc\/\" data-internallinksmanager029f6b8e52c=\"1\">facial<\/a> complet ResMed AirFit F20, en taille L, offre un maintien s\u00fbr et confortable, adapt\u00e9 \u00e0 une grande vari\u00e9t\u00e9 de morphologies faciales. Alliant une technologie \u00e9prouv\u00e9e \u00e0 des fonctionnalit\u00e9s intuitives, l&rsquo;AirFit F20 favorise un traitement efficace tout en minimisant les perturbations de votre sommeil. <\/p>\n<hr class=\"\" data-start=\"684\" data-end=\"687\">\n<p class=\"\" data-start=\"689\" data-end=\"706\"><strong data-start=\"689\" data-end=\"706\">Caract\u00e9ristiques Principales :<\/strong><\/p>\n<p class=\"\" data-start=\"708\" data-end=\"744\"><strong data-start=\"708\" data-end=\"742\">Coussin en silicone InfinitySeal\u2122<\/strong><\/p>\n<ul data-start=\"745\" data-end=\"915\">\n<li class=\"\" data-start=\"745\" data-end=\"808\">\n<p class=\"\" data-start=\"747\" data-end=\"808\">S&rsquo;adapte aux contours du visage pour une \u00e9tanch\u00e9it\u00e9 fiable et constante.<\/p>\n<\/li>\n<li class=\"\" data-start=\"809\" data-end=\"860\">\n<p class=\"\" data-start=\"811\" data-end=\"860\">Maintient ses performances \u00e0 des conditions de pression \u00e9lev\u00e9es<\/p>\n<\/li>\n<li class=\"\" data-start=\"861\" data-end=\"915\">\n<p class=\"\" data-start=\"863\" data-end=\"915\">Les bords arrondis contribuent \u00e0 r\u00e9duire les points de pression et les marques rouges.<\/p>\n<\/li>\n<\/ul>\n<p class=\"\" data-start=\"917\" data-end=\"948\"><strong data-start=\"917\" data-end=\"946\">Technologie de ventilation QuietAir\u2122<\/strong><\/p>\n<ul data-start=\"949\" data-end=\"1072\">\n<li class=\"\" data-start=\"949\" data-end=\"1003\">\n<p class=\"\" data-start=\"951\" data-end=\"1003\">Diffuse doucement l&rsquo;air expir\u00e9 pour r\u00e9duire les niveaux sonores<\/p>\n<\/li>\n<li class=\"\" data-start=\"1004\" data-end=\"1072\">\n<p class=\"\" data-start=\"1006\" data-end=\"1072\">Cr\u00e9e un environnement de sommeil plus r\u00e9parateur pour l&rsquo;utilisateur et son partenaire.<\/p>\n<\/li>\n<\/ul>\n<p class=\"\" data-start=\"1074\" data-end=\"1125\"><strong data-start=\"1074\" data-end=\"1123\">Clips magn\u00e9tiques pour casque et coude \u00e0 d\u00e9gagement rapide<\/strong><\/p>\n<ul data-start=\"1126\" data-end=\"1252\">\n<li class=\"\" data-start=\"1126\" data-end=\"1177\">\n<p class=\"\" data-start=\"1128\" data-end=\"1177\">Facilite la mise en place et le retrait du masque<\/p>\n<\/li>\n<li class=\"\" data-start=\"1178\" data-end=\"1252\">\n<p class=\"\" data-start=\"1180\" data-end=\"1252\">Le coude \u00e0 d\u00e9connexion rapide permet de d\u00e9tacher le tube sans retirer le masque.<\/p>\n<\/li>\n<\/ul>\n<p class=\"\" data-start=\"1254\" data-end=\"1298\"><strong data-start=\"1254\" data-end=\"1296\">Cadre flexible avec rembourrage int\u00e9gr\u00e9<\/strong><\/p>\n<ul data-start=\"1299\" data-end=\"1425\">\n<li class=\"\" data-start=\"1299\" data-end=\"1373\">\n<p class=\"\" data-start=\"1301\" data-end=\"1373\">Con\u00e7u pour reposer confortablement sur le visage sans compromettre la stabilit\u00e9<\/p>\n<\/li>\n<li class=\"\" data-start=\"1374\" data-end=\"1425\">\n<p class=\"\" data-start=\"1376\" data-end=\"1425\">Assure un maintien s\u00fbr avec un contact minimal avec le visage<\/p>\n<\/li>\n<\/ul>\n<p class=\"\" data-start=\"1427\" data-end=\"1453\"><strong data-start=\"1427\" data-end=\"1451\">Conception universelle<\/strong><\/p>\n<ul data-start=\"1454\" data-end=\"1565\">\n<li class=\"\" data-start=\"1454\" data-end=\"1522\">\n<p class=\"\" data-start=\"1456\" data-end=\"1522\">Con\u00e7u pour s&rsquo;adapter \u00e0 97 % des utilisateurs, quelle que soit la forme ou la taille de leur visage.<\/p>\n<\/li>\n<li class=\"\" data-start=\"1523\" data-end=\"1565\">\n<p class=\"\" data-start=\"1525\" data-end=\"1565\">Id\u00e9al pour les personnes qui respirent par la bouche et par le nez.<\/p>\n<\/li>\n<\/ul>\n<hr class=\"\" data-start=\"1567\" data-end=\"1570\">\n<p class=\"\" data-start=\"1572\" data-end=\"1591\"><strong data-start=\"1572\" data-end=\"1591\">Sp\u00e9cifications :<\/strong><\/p>\n<ul data-start=\"1593\" data-end=\"1754\">\n<li class=\"\" data-start=\"1593\" data-end=\"1609\">\n<p class=\"\" data-start=\"1595\" data-end=\"1609\">Taille : Grande<\/p>\n<\/li>\n<li class=\"\" data-start=\"1610\" data-end=\"1673\">\n<p class=\"\" data-start=\"1612\" data-end=\"1673\">Comprend : Syst\u00e8me de masque complet avec harnais et clips magn\u00e9tiques<\/p>\n<\/li>\n<li class=\"\" data-start=\"1674\" data-end=\"1714\">\n<p class=\"\" data-start=\"1676\" data-end=\"1714\">Type de coussin : Silicone InfinitySeal\u2122<\/p>\n<\/li>\n<li class=\"\" data-start=\"1715\" data-end=\"1734\">\n<p class=\"\" data-start=\"1717\" data-end=\"1734\">Sans latex : Oui<\/p>\n<\/li>\n<li class=\"\" data-start=\"1735\" data-end=\"1754\">\n<p class=\"\" data-start=\"1737\" data-end=\"1754\">Code HCPCS : A7030<\/p>\n<\/li>\n<\/ul>\n<hr class=\"\" data-start=\"1756\" data-end=\"1759\">\n<p class=\"\" data-start=\"1761\" data-end=\"1775\"><strong data-start=\"1761\" data-end=\"1775\">Id\u00e9al pour :<\/strong><\/p>\n<ul data-start=\"1777\" data-end=\"2004\">\n<li class=\"\" data-start=\"1777\" data-end=\"1833\">\n<p class=\"\" data-start=\"1779\" data-end=\"1833\">Les personnes qui respirent par le nez et la bouche<\/p>\n<\/li>\n<li class=\"\" data-start=\"1834\" data-end=\"1894\">\n<p class=\"\" data-start=\"1836\" data-end=\"1894\">Utilisateurs ayant besoin d&rsquo;un masque facial complet stable avec un minimum de fuites<\/p>\n<\/li>\n<li class=\"\" data-start=\"1895\" data-end=\"1942\">\n<p class=\"\" data-start=\"1897\" data-end=\"1942\">Les utilisateurs de <a href=\"https:\/\/dormalab.com\/continuous-positive-airflow-pressure-cpap\/\" data-internallinksmanager029f6b8e52c=\"1\" title=\"Continuous Positive Airflow Pressure (CPAP)\">CPAP<\/a> qui bougent fr\u00e9quemment pendant leur sommeil<\/p>\n<\/li>\n<li class=\"\" data-start=\"1943\" data-end=\"2004\">\n<p class=\"\" data-start=\"1945\" data-end=\"2004\">Ceux qui recherchent un confort \u00e0 des r\u00e9glages de pression moyens \u00e0 \u00e9lev\u00e9s<\/p>\n<\/li>\n<li data-start=\"1943\" data-end=\"2004\">\n<p class=\"\" data-start=\"1295\" data-end=\"1311\"><strong data-start=\"1295\" data-end=\"1311\">Note de s\u00e9curit\u00e9 :<\/strong><\/p>\n<p class=\"\" data-start=\"1313\" data-end=\"1478\"><span class=\"relative -mx-px my-[-0.2rem] rounded px-px py-[0.2rem] transition-colors duration-100 ease-in-out\">Le masque contient des aimants susceptibles d&rsquo;interf\u00e9rer avec certains implants ou dispositifs m\u00e9dicaux.<\/span> <span class=\"relative -mx-px my-[-0.2rem] rounded px-px py-[0.2rem] transition-colors duration-100 ease-in-out\">Les utilisateurs porteurs de tels dispositifs doivent consulter le guide d&rsquo;utilisation pour obtenir des informations compl\u00e8tes, y compris les contre-indications et les avertissements relatifs aux interf\u00e9rences magn\u00e9tiques.<\/span><\/p>\n<\/li>\n<\/ul>\n","protected":false},"excerpt":{"rendered":"<p>Le masque CPAP facial complet ResMed AirFit F20 \u2013 Grande taille offre une \u00e9tanch\u00e9it\u00e9 fiable, un confort en silicone doux et un fonctionnement silencieux \u2013 parfait pour les utilisateurs qui respirent par la bouche et le nez pendant leur sommeil.<\/p>\n","protected":false},"featured_media":40634,"template":"","meta":[],"product_brand":[368],"product_cat":[365],"product_tag":[],"class_list":{"0":"post-41612","1":"product","2":"type-product","3":"status-publish","4":"has-post-thumbnail","6":"product_brand-resmed","7":"product_cat-masque","9":"first","10":"instock","11":"shipping-taxable","12":"purchasable","13":"product-type-simple"},"yoast_head":"<!-- This site is optimized with the Yoast SEO plugin v27.4 - https:\/\/yoast.com\/product\/yoast-seo-wordpress\/ -->\n<title>Masque Airfit F20 Grand - Dorma Sleep Clinics<\/title>\n<meta name=\"robots\" content=\"index, follow, max-snippet:-1, max-image-preview:large, max-video-preview:-1\" \/>\n<link rel=\"canonical\" href=\"https:\/\/dormalab.com\/fr\/produit\/masque-airfit-f20-grand\/\" \/>\n<meta property=\"og:locale\" content=\"fr_FR\" \/>\n<meta property=\"og:type\" content=\"article\" \/>\n<meta property=\"og:title\" content=\"Masque Airfit F20 Grand - Dorma Sleep Clinics\" \/>\n<meta property=\"og:description\" content=\"Le masque CPAP facial complet ResMed AirFit F20 \u2013 Grande taille offre une \u00e9tanch\u00e9it\u00e9 fiable, un confort en silicone doux et un fonctionnement silencieux \u2013 parfait pour les utilisateurs qui respirent par la bouche et le nez pendant leur sommeil.\" \/>\n<meta property=\"og:url\" content=\"https:\/\/dormalab.com\/fr\/produit\/masque-airfit-f20-grand\/\" \/>\n<meta property=\"og:site_name\" content=\"Dorma Sleep Clinics\" \/>\n<meta property=\"article:modified_time\" content=\"2025-12-09T19:38:21+00:00\" \/>\n<meta property=\"og:image\" content=\"https:\/\/dormalab.com\/wp-content\/uploads\/2025\/04\/AirFit_F20FullFaceCPAPMaskthecpapstore_1.webp\" \/>\n\t<meta property=\"og:image:width\" content=\"1000\" \/>\n\t<meta property=\"og:image:height\" content=\"1000\" \/>\n\t<meta property=\"og:image:type\" content=\"image\/webp\" \/>\n<meta name=\"twitter:card\" content=\"summary_large_image\" \/>\n<meta name=\"twitter:label1\" content=\"Dur\u00e9e de lecture estim\u00e9e\" \/>\n\t<meta name=\"twitter:data1\" content=\"2 minute\" \/>\n<script type=\"application\/ld+json\" class=\"yoast-schema-graph\">{\"@context\":\"https:\\\/\\\/schema.org\",\"@graph\":[{\"@type\":\"WebPage\",\"@id\":\"https:\\\/\\\/dormalab.com\\\/fr\\\/produit\\\/masque-airfit-f20-grand\\\/\",\"url\":\"https:\\\/\\\/dormalab.com\\\/fr\\\/produit\\\/masque-airfit-f20-grand\\\/\",\"name\":\"Masque Airfit F20 Grand - Dorma Sleep Clinics\",\"isPartOf\":{\"@id\":\"https:\\\/\\\/dormalab.com\\\/fr\\\/#website\"},\"primaryImageOfPage\":{\"@id\":\"https:\\\/\\\/dormalab.com\\\/fr\\\/produit\\\/masque-airfit-f20-grand\\\/#primaryimage\"},\"image\":{\"@id\":\"https:\\\/\\\/dormalab.com\\\/fr\\\/produit\\\/masque-airfit-f20-grand\\\/#primaryimage\"},\"thumbnailUrl\":\"https:\\\/\\\/dormalab.com\\\/wp-content\\\/uploads\\\/2025\\\/04\\\/AirFit_F20FullFaceCPAPMaskthecpapstore_1.webp\",\"datePublished\":\"2025-04-28T16:47:15+00:00\",\"dateModified\":\"2025-12-09T19:38:21+00:00\",\"breadcrumb\":{\"@id\":\"https:\\\/\\\/dormalab.com\\\/fr\\\/produit\\\/masque-airfit-f20-grand\\\/#breadcrumb\"},\"inLanguage\":\"fr-FR\",\"potentialAction\":[{\"@type\":\"ReadAction\",\"target\":[\"https:\\\/\\\/dormalab.com\\\/fr\\\/produit\\\/masque-airfit-f20-grand\\\/\"]}]},{\"@type\":\"ImageObject\",\"inLanguage\":\"fr-FR\",\"@id\":\"https:\\\/\\\/dormalab.com\\\/fr\\\/produit\\\/masque-airfit-f20-grand\\\/#primaryimage\",\"url\":\"https:\\\/\\\/dormalab.com\\\/wp-content\\\/uploads\\\/2025\\\/04\\\/AirFit_F20FullFaceCPAPMaskthecpapstore_1.webp\",\"contentUrl\":\"https:\\\/\\\/dormalab.com\\\/wp-content\\\/uploads\\\/2025\\\/04\\\/AirFit_F20FullFaceCPAPMaskthecpapstore_1.webp\",\"width\":1000,\"height\":1000},{\"@type\":\"BreadcrumbList\",\"@id\":\"https:\\\/\\\/dormalab.com\\\/fr\\\/produit\\\/masque-airfit-f20-grand\\\/#breadcrumb\",\"itemListElement\":[{\"@type\":\"ListItem\",\"position\":1,\"name\":\"Home\",\"item\":\"https:\\\/\\\/dormalab.com\\\/fr\\\/\"},{\"@type\":\"ListItem\",\"position\":2,\"name\":\"Boutique\",\"item\":\"https:\\\/\\\/dormalab.com\\\/fr\\\/boutique\\\/\"},{\"@type\":\"ListItem\",\"position\":3,\"name\":\"Masque Airfit F20 Grand\"}]},{\"@type\":\"WebSite\",\"@id\":\"https:\\\/\\\/dormalab.com\\\/fr\\\/#website\",\"url\":\"https:\\\/\\\/dormalab.com\\\/fr\\\/\",\"name\":\"Dorma Sleep Clinics\",\"description\":\"Sleep Well Live Well\",\"publisher\":{\"@id\":\"https:\\\/\\\/dormalab.com\\\/fr\\\/#organization\"},\"potentialAction\":[{\"@type\":\"SearchAction\",\"target\":{\"@type\":\"EntryPoint\",\"urlTemplate\":\"https:\\\/\\\/dormalab.com\\\/fr\\\/?s={search_term_string}\"},\"query-input\":{\"@type\":\"PropertyValueSpecification\",\"valueRequired\":true,\"valueName\":\"search_term_string\"}}],\"inLanguage\":\"fr-FR\"},{\"@type\":\"Organization\",\"@id\":\"https:\\\/\\\/dormalab.com\\\/fr\\\/#organization\",\"name\":\"Dorma Clinique Du Sommeil\",\"url\":\"https:\\\/\\\/dormalab.com\\\/fr\\\/\",\"logo\":{\"@type\":\"ImageObject\",\"inLanguage\":\"fr-FR\",\"@id\":\"https:\\\/\\\/dormalab.com\\\/fr\\\/#\\\/schema\\\/logo\\\/image\\\/\",\"url\":\"https:\\\/\\\/dormalab.com\\\/wp-content\\\/uploads\\\/2019\\\/10\\\/Dorma-Logotype-RGB-Black-scaled-e1578787470924.png\",\"contentUrl\":\"https:\\\/\\\/dormalab.com\\\/wp-content\\\/uploads\\\/2019\\\/10\\\/Dorma-Logotype-RGB-Black-scaled-e1578787470924.png\",\"width\":120,\"height\":25,\"caption\":\"Dorma Clinique Du Sommeil\"},\"image\":{\"@id\":\"https:\\\/\\\/dormalab.com\\\/fr\\\/#\\\/schema\\\/logo\\\/image\\\/\"}}]}<\/script>\n<!-- \/ Yoast SEO plugin. -->","yoast_head_json":{"title":"Masque Airfit F20 Grand - Dorma Sleep Clinics","robots":{"index":"index","follow":"follow","max-snippet":"max-snippet:-1","max-image-preview":"max-image-preview:large","max-video-preview":"max-video-preview:-1"},"canonical":"https:\/\/dormalab.com\/fr\/produit\/masque-airfit-f20-grand\/","og_locale":"fr_FR","og_type":"article","og_title":"Masque Airfit F20 Grand - Dorma Sleep Clinics","og_description":"Le masque CPAP facial complet ResMed AirFit F20 \u2013 Grande taille offre une \u00e9tanch\u00e9it\u00e9 fiable, un confort en silicone doux et un fonctionnement silencieux \u2013 parfait pour les utilisateurs qui respirent par la bouche et le nez pendant leur sommeil.","og_url":"https:\/\/dormalab.com\/fr\/produit\/masque-airfit-f20-grand\/","og_site_name":"Dorma Sleep Clinics","article_modified_time":"2025-12-09T19:38:21+00:00","og_image":[{"width":1000,"height":1000,"url":"https:\/\/dormalab.com\/wp-content\/uploads\/2025\/04\/AirFit_F20FullFaceCPAPMaskthecpapstore_1.webp","type":"image\/webp"}],"twitter_card":"summary_large_image","twitter_misc":{"Dur\u00e9e de lecture estim\u00e9e":"2 minute"},"schema":{"@context":"https:\/\/schema.org","@graph":[{"@type":"WebPage","@id":"https:\/\/dormalab.com\/fr\/produit\/masque-airfit-f20-grand\/","url":"https:\/\/dormalab.com\/fr\/produit\/masque-airfit-f20-grand\/","name":"Masque Airfit F20 Grand - Dorma Sleep Clinics","isPartOf":{"@id":"https:\/\/dormalab.com\/fr\/#website"},"primaryImageOfPage":{"@id":"https:\/\/dormalab.com\/fr\/produit\/masque-airfit-f20-grand\/#primaryimage"},"image":{"@id":"https:\/\/dormalab.com\/fr\/produit\/masque-airfit-f20-grand\/#primaryimage"},"thumbnailUrl":"https:\/\/dormalab.com\/wp-content\/uploads\/2025\/04\/AirFit_F20FullFaceCPAPMaskthecpapstore_1.webp","datePublished":"2025-04-28T16:47:15+00:00","dateModified":"2025-12-09T19:38:21+00:00","breadcrumb":{"@id":"https:\/\/dormalab.com\/fr\/produit\/masque-airfit-f20-grand\/#breadcrumb"},"inLanguage":"fr-FR","potentialAction":[{"@type":"ReadAction","target":["https:\/\/dormalab.com\/fr\/produit\/masque-airfit-f20-grand\/"]}]},{"@type":"ImageObject","inLanguage":"fr-FR","@id":"https:\/\/dormalab.com\/fr\/produit\/masque-airfit-f20-grand\/#primaryimage","url":"https:\/\/dormalab.com\/wp-content\/uploads\/2025\/04\/AirFit_F20FullFaceCPAPMaskthecpapstore_1.webp","contentUrl":"https:\/\/dormalab.com\/wp-content\/uploads\/2025\/04\/AirFit_F20FullFaceCPAPMaskthecpapstore_1.webp","width":1000,"height":1000},{"@type":"BreadcrumbList","@id":"https:\/\/dormalab.com\/fr\/produit\/masque-airfit-f20-grand\/#breadcrumb","itemListElement":[{"@type":"ListItem","position":1,"name":"Home","item":"https:\/\/dormalab.com\/fr\/"},{"@type":"ListItem","position":2,"name":"Boutique","item":"https:\/\/dormalab.com\/fr\/boutique\/"},{"@type":"ListItem","position":3,"name":"Masque Airfit F20 Grand"}]},{"@type":"WebSite","@id":"https:\/\/dormalab.com\/fr\/#website","url":"https:\/\/dormalab.com\/fr\/","name":"Dorma Sleep Clinics","description":"Sleep Well Live Well","publisher":{"@id":"https:\/\/dormalab.com\/fr\/#organization"},"potentialAction":[{"@type":"SearchAction","target":{"@type":"EntryPoint","urlTemplate":"https:\/\/dormalab.com\/fr\/?s={search_term_string}"},"query-input":{"@type":"PropertyValueSpecification","valueRequired":true,"valueName":"search_term_string"}}],"inLanguage":"fr-FR"},{"@type":"Organization","@id":"https:\/\/dormalab.com\/fr\/#organization","name":"Dorma Clinique Du Sommeil","url":"https:\/\/dormalab.com\/fr\/","logo":{"@type":"ImageObject","inLanguage":"fr-FR","@id":"https:\/\/dormalab.com\/fr\/#\/schema\/logo\/image\/","url":"https:\/\/dormalab.com\/wp-content\/uploads\/2019\/10\/Dorma-Logotype-RGB-Black-scaled-e1578787470924.png","contentUrl":"https:\/\/dormalab.com\/wp-content\/uploads\/2019\/10\/Dorma-Logotype-RGB-Black-scaled-e1578787470924.png","width":120,"height":25,"caption":"Dorma Clinique Du Sommeil"},"image":{"@id":"https:\/\/dormalab.com\/fr\/#\/schema\/logo\/image\/"}}]}},"_links":{"self":[{"href":"https:\/\/dormalab.com\/fr\/wp-json\/wp\/v2\/product\/41612","targetHints":{"allow":["GET"]}}],"collection":[{"href":"https:\/\/dormalab.com\/fr\/wp-json\/wp\/v2\/product"}],"about":[{"href":"https:\/\/dormalab.com\/fr\/wp-json\/wp\/v2\/types\/product"}],"version-history":[{"count":0,"href":"https:\/\/dormalab.com\/fr\/wp-json\/wp\/v2\/product\/41612\/revisions"}],"wp:featuredmedia":[{"embeddable":true,"href":"https:\/\/dormalab.com\/fr\/wp-json\/wp\/v2\/media\/40634"}],"wp:attachment":[{"href":"https:\/\/dormalab.com\/fr\/wp-json\/wp\/v2\/media?parent=41612"}],"wp:term":[{"taxonomy":"product_brand","embeddable":true,"href":"https:\/\/dormalab.com\/fr\/wp-json\/wp\/v2\/product_brand?post=41612"},{"taxonomy":"product_cat","embeddable":true,"href":"https:\/\/dormalab.com\/fr\/wp-json\/wp\/v2\/product_cat?post=41612"},{"taxonomy":"product_tag","embeddable":true,"href":"https:\/\/dormalab.com\/fr\/wp-json\/wp\/v2\/product_tag?post=41612"}],"curies":[{"name":"wp","href":"https:\/\/api.w.org\/{rel}","templated":true}]}}