{"id":41615,"date":"2025-04-28T12:46:45","date_gmt":"2025-04-28T16:46:45","guid":{"rendered":"https:\/\/dormalab.com\/product\/masque-simplus-taille-moyenne\/"},"modified":"2025-12-09T14:38:28","modified_gmt":"2025-12-09T19:38:28","slug":"masque-simplus-taille-moyenne","status":"publish","type":"product","link":"https:\/\/dormalab.com\/fr\/produit\/masque-simplus-taille-moyenne\/","title":{"rendered":"Masque Simplus taille moyenne"},"content":{"rendered":"<p data-start=\"559\" data-end=\"836\">Le <strong data-start=\"563\" data-end=\"589\">masque facial int\u00e9gral Simplus<\/strong> de Fisher &amp; Paykel est con\u00e7u pour la performance et la facilit\u00e9 d&rsquo;utilisation. \u00c9labor\u00e9 pour le confort et la simplicit\u00e9, ce masque de taille moyenne offre une \u00e9tanch\u00e9it\u00e9 s\u00fbre et efficace pour les utilisateurs qui respirent par la bouche ou n\u00e9cessitent une couverture faciale compl\u00e8te pendant la th\u00e9rapie par <a href=\"https:\/\/dormalab.com\/continuous-positive-airflow-pressure-cpap\/\" data-internallinksmanager029f6b8e52c=\"1\" title=\"Continuous Positive Airflow Pressure (CPAP)\">CPAP<\/a>. <\/p>\n<p data-start=\"838\" data-end=\"1162\">Avec seulement trois composants cl\u00e9s \u2013 le <strong data-start=\"873\" data-end=\"890\">joint RollFit\u2122<\/strong>, le <strong data-start=\"892\" data-end=\"914\">harnais ErgoForm\u2122<\/strong> et le <strong data-start=\"920\" data-end=\"934\">cadre Easy Frame<\/strong> \u2013 le Simplus est l\u00e9ger, durable et facile \u00e0 nettoyer. Le joint en silicone souple s&rsquo;adapte aux mouvements du visage pour r\u00e9duire les fuites et minimiser la pression sur l&rsquo;ar\u00eate du nez, tandis que le harnais ergonomique assure un ajustement confortable et respirant. <\/p>\n<p data-start=\"1164\" data-end=\"1317\">Id\u00e9al pour les utilisateurs de CPAP novices et exp\u00e9riment\u00e9s, le Simplus de taille moyenne convient \u00e0 la plupart des utilisateurs et reste en place toute la nuit, m\u00eame pour les dormeurs actifs.<\/p>\n<hr data-start=\"1319\" data-end=\"1322\">\n<h3 data-start=\"1324\" data-end=\"1346\"><strong data-start=\"1328\" data-end=\"1344\">Caract\u00e9ristiques principales<\/strong><\/h3>\n<ul data-start=\"1347\" data-end=\"1642\">\n<li data-start=\"1347\" data-end=\"1428\">\n<p data-start=\"1349\" data-end=\"1428\">Le <strong data-start=\"1349\" data-end=\"1366\">joint RollFit\u2122<\/strong> s&rsquo;ajuste automatiquement pour minimiser les fuites et les points de pression<\/p>\n<\/li>\n<li data-start=\"1429\" data-end=\"1493\">\n<p data-start=\"1431\" data-end=\"1493\">Le <strong data-start=\"1431\" data-end=\"1453\">harnais ErgoForm\u2122<\/strong> est s\u00e9curis\u00e9, respirant et offre un bon soutien<\/p>\n<\/li>\n<li data-start=\"1494\" data-end=\"1560\">\n<p data-start=\"1496\" data-end=\"1560\">Le <strong data-start=\"1496\" data-end=\"1510\">cadre Easy Frame<\/strong> est discret et compatible avec toutes les tailles de coussin<\/p>\n<\/li>\n<li data-start=\"1561\" data-end=\"1594\">\n<p data-start=\"1563\" data-end=\"1594\">Facile \u00e0 d\u00e9monter et \u00e0 nettoyer<\/p>\n<\/li>\n<li data-start=\"1595\" data-end=\"1642\">\n<p data-start=\"1597\" data-end=\"1642\">Offre une ligne de vision d\u00e9gag\u00e9e et un ajustement stable<\/p>\n<\/li>\n<\/ul>\n<hr data-start=\"1644\" data-end=\"1647\">\n<h3 data-start=\"1649\" data-end=\"1673\"><strong data-start=\"1653\" data-end=\"1671\">Sp\u00e9cifications<\/strong><\/h3>\n<ul data-start=\"1674\" data-end=\"1973\">\n<li data-start=\"1674\" data-end=\"1694\">\n<p data-start=\"1676\" data-end=\"1694\"><strong data-start=\"1676\" data-end=\"1685\">Taille :<\/strong> Moyenne<\/p>\n<\/li>\n<li data-start=\"1695\" data-end=\"1723\">\n<p data-start=\"1697\" data-end=\"1723\"><strong data-start=\"1697\" data-end=\"1711\">Type de masque :<\/strong> facial int\u00e9gral<\/p>\n<\/li>\n<li data-start=\"1724\" data-end=\"1777\">\n<p data-start=\"1726\" data-end=\"1777\"><strong data-start=\"1726\" data-end=\"1750\">Composants inclus :<\/strong> Cadre, coussin, harnais<\/p>\n<\/li>\n<li data-start=\"1778\" data-end=\"1849\">\n<p data-start=\"1780\" data-end=\"1849\"><strong data-start=\"1780\" data-end=\"1806\">Compatibilit\u00e9 avec les appareils :<\/strong> Fonctionne avec les appareils CPAP, APAP et BiPAP<\/p>\n<\/li>\n<li data-start=\"1850\" data-end=\"1889\">\n<p data-start=\"1852\" data-end=\"1889\"><strong data-start=\"1852\" data-end=\"1866\">Mat\u00e9riaux :<\/strong> Sans latex, sans BPA<\/p>\n<\/li>\n<li data-start=\"1890\" data-end=\"1924\">\n<p data-start=\"1892\" data-end=\"1924\"><strong data-start=\"1892\" data-end=\"1913\">Mat\u00e9riau du coussin :<\/strong> silicone<\/p>\n<\/li>\n<li data-start=\"1925\" data-end=\"1973\">\n<p data-start=\"1927\" data-end=\"1973\"><strong data-start=\"1927\" data-end=\"1946\">Style de harnais :<\/strong> Serre-t\u00eate avec sangle arri\u00e8re<\/p>\n<\/li>\n<\/ul>\n<hr data-start=\"1975\" data-end=\"1978\">\n<h3 data-start=\"1980\" data-end=\"1999\"><strong data-start=\"1984\" data-end=\"1997\">Id\u00e9al pour<\/strong><\/h3>\n<ul data-start=\"2000\" data-end=\"2252\">\n<li data-start=\"2000\" data-end=\"2054\">\n<p data-start=\"2002\" data-end=\"2054\">Utilisateurs qui respirent par la bouche pendant le sommeil<\/p>\n<\/li>\n<li data-start=\"2055\" data-end=\"2124\">\n<p data-start=\"2057\" data-end=\"2124\">Personnes recherchant un masque facial int\u00e9gral minimaliste avec un entretien facile<\/p>\n<\/li>\n<li data-start=\"2125\" data-end=\"2194\">\n<p data-start=\"2127\" data-end=\"2194\">Individus n\u00e9cessitant un ajustement de taille moyenne avec des performances constantes<\/p>\n<\/li>\n<li data-start=\"2195\" data-end=\"2252\">\n<p data-start=\"2197\" data-end=\"2252\">Utilisateurs de CPAP recherchant confort, stabilit\u00e9 et simplicit\u00e9<\/p>\n<\/li>\n<\/ul>\n","protected":false},"excerpt":{"rendered":"<p>Fiable et facile \u00e0 utiliser, le masque facial int\u00e9gral Simplus offre une \u00e9tanch\u00e9it\u00e9 s\u00fbre, un confort doux et une conception minimaliste \u2013 parfait pour une th\u00e9rapie CPAP efficace avec moins d&rsquo;ajustements et de pi\u00e8ces.<\/p>\n","protected":false},"featured_media":40781,"template":"","meta":[],"product_brand":[],"product_cat":[365],"product_tag":[],"class_list":{"0":"post-41615","1":"product","2":"type-product","3":"status-publish","4":"has-post-thumbnail","6":"product_cat-masque","8":"first","9":"instock","10":"shipping-taxable","11":"purchasable","12":"product-type-simple"},"yoast_head":"<!-- This site is optimized with the Yoast SEO plugin v27.3 - https:\/\/yoast.com\/product\/yoast-seo-wordpress\/ -->\n<title>Masque Simplus taille moyenne - Dorma Sleep Clinics<\/title>\n<meta name=\"robots\" content=\"index, follow, max-snippet:-1, max-image-preview:large, max-video-preview:-1\" \/>\n<link rel=\"canonical\" href=\"https:\/\/dormalab.com\/fr\/produit\/masque-simplus-taille-moyenne\/\" \/>\n<meta property=\"og:locale\" content=\"fr_FR\" \/>\n<meta property=\"og:type\" content=\"article\" \/>\n<meta property=\"og:title\" content=\"Masque Simplus taille moyenne - Dorma Sleep Clinics\" \/>\n<meta property=\"og:description\" content=\"Fiable et facile \u00e0 utiliser, le masque facial int\u00e9gral Simplus offre une \u00e9tanch\u00e9it\u00e9 s\u00fbre, un confort doux et une conception minimaliste - parfait pour une th\u00e9rapie CPAP efficace avec moins d&#039;ajustements et de pi\u00e8ces.\" \/>\n<meta property=\"og:url\" content=\"https:\/\/dormalab.com\/fr\/produit\/masque-simplus-taille-moyenne\/\" \/>\n<meta property=\"og:site_name\" content=\"Dorma Sleep Clinics\" \/>\n<meta property=\"article:modified_time\" content=\"2025-12-09T19:38:28+00:00\" \/>\n<meta property=\"og:image\" content=\"https:\/\/dormalab.com\/wp-content\/uploads\/2025\/04\/Simplus-Front-scaled-1.jpg\" \/>\n\t<meta property=\"og:image:width\" content=\"2270\" \/>\n\t<meta property=\"og:image:height\" content=\"2560\" \/>\n\t<meta property=\"og:image:type\" content=\"image\/jpeg\" \/>\n<meta name=\"twitter:card\" content=\"summary_large_image\" \/>\n<meta name=\"twitter:label1\" content=\"Dur\u00e9e de lecture estim\u00e9e\" \/>\n\t<meta name=\"twitter:data1\" content=\"2 minute\" \/>\n<script type=\"application\/ld+json\" class=\"yoast-schema-graph\">{\"@context\":\"https:\\\/\\\/schema.org\",\"@graph\":[{\"@type\":\"WebPage\",\"@id\":\"https:\\\/\\\/dormalab.com\\\/fr\\\/produit\\\/masque-simplus-taille-moyenne\\\/\",\"url\":\"https:\\\/\\\/dormalab.com\\\/fr\\\/produit\\\/masque-simplus-taille-moyenne\\\/\",\"name\":\"Masque Simplus taille moyenne - Dorma Sleep Clinics\",\"isPartOf\":{\"@id\":\"https:\\\/\\\/dormalab.com\\\/fr\\\/#website\"},\"primaryImageOfPage\":{\"@id\":\"https:\\\/\\\/dormalab.com\\\/fr\\\/produit\\\/masque-simplus-taille-moyenne\\\/#primaryimage\"},\"image\":{\"@id\":\"https:\\\/\\\/dormalab.com\\\/fr\\\/produit\\\/masque-simplus-taille-moyenne\\\/#primaryimage\"},\"thumbnailUrl\":\"https:\\\/\\\/dormalab.com\\\/wp-content\\\/uploads\\\/2025\\\/04\\\/Simplus-Front-scaled-1.jpg\",\"datePublished\":\"2025-04-28T16:46:45+00:00\",\"dateModified\":\"2025-12-09T19:38:28+00:00\",\"breadcrumb\":{\"@id\":\"https:\\\/\\\/dormalab.com\\\/fr\\\/produit\\\/masque-simplus-taille-moyenne\\\/#breadcrumb\"},\"inLanguage\":\"fr-FR\",\"potentialAction\":[{\"@type\":\"ReadAction\",\"target\":[\"https:\\\/\\\/dormalab.com\\\/fr\\\/produit\\\/masque-simplus-taille-moyenne\\\/\"]}]},{\"@type\":\"ImageObject\",\"inLanguage\":\"fr-FR\",\"@id\":\"https:\\\/\\\/dormalab.com\\\/fr\\\/produit\\\/masque-simplus-taille-moyenne\\\/#primaryimage\",\"url\":\"https:\\\/\\\/dormalab.com\\\/wp-content\\\/uploads\\\/2025\\\/04\\\/Simplus-Front-scaled-1.jpg\",\"contentUrl\":\"https:\\\/\\\/dormalab.com\\\/wp-content\\\/uploads\\\/2025\\\/04\\\/Simplus-Front-scaled-1.jpg\",\"width\":2270,\"height\":2560},{\"@type\":\"BreadcrumbList\",\"@id\":\"https:\\\/\\\/dormalab.com\\\/fr\\\/produit\\\/masque-simplus-taille-moyenne\\\/#breadcrumb\",\"itemListElement\":[{\"@type\":\"ListItem\",\"position\":1,\"name\":\"Home\",\"item\":\"https:\\\/\\\/dormalab.com\\\/fr\\\/\"},{\"@type\":\"ListItem\",\"position\":2,\"name\":\"Boutique\",\"item\":\"https:\\\/\\\/dormalab.com\\\/fr\\\/boutique\\\/\"},{\"@type\":\"ListItem\",\"position\":3,\"name\":\"Masque Simplus taille moyenne\"}]},{\"@type\":\"WebSite\",\"@id\":\"https:\\\/\\\/dormalab.com\\\/fr\\\/#website\",\"url\":\"https:\\\/\\\/dormalab.com\\\/fr\\\/\",\"name\":\"Dorma Sleep Clinics\",\"description\":\"Sleep Well Live Well\",\"publisher\":{\"@id\":\"https:\\\/\\\/dormalab.com\\\/fr\\\/#organization\"},\"potentialAction\":[{\"@type\":\"SearchAction\",\"target\":{\"@type\":\"EntryPoint\",\"urlTemplate\":\"https:\\\/\\\/dormalab.com\\\/fr\\\/?s={search_term_string}\"},\"query-input\":{\"@type\":\"PropertyValueSpecification\",\"valueRequired\":true,\"valueName\":\"search_term_string\"}}],\"inLanguage\":\"fr-FR\"},{\"@type\":\"Organization\",\"@id\":\"https:\\\/\\\/dormalab.com\\\/fr\\\/#organization\",\"name\":\"Dorma Clinique Du Sommeil\",\"url\":\"https:\\\/\\\/dormalab.com\\\/fr\\\/\",\"logo\":{\"@type\":\"ImageObject\",\"inLanguage\":\"fr-FR\",\"@id\":\"https:\\\/\\\/dormalab.com\\\/fr\\\/#\\\/schema\\\/logo\\\/image\\\/\",\"url\":\"https:\\\/\\\/dormalab.com\\\/wp-content\\\/uploads\\\/2019\\\/10\\\/Dorma-Logotype-RGB-Black-scaled-e1578787470924.png\",\"contentUrl\":\"https:\\\/\\\/dormalab.com\\\/wp-content\\\/uploads\\\/2019\\\/10\\\/Dorma-Logotype-RGB-Black-scaled-e1578787470924.png\",\"width\":120,\"height\":25,\"caption\":\"Dorma Clinique Du Sommeil\"},\"image\":{\"@id\":\"https:\\\/\\\/dormalab.com\\\/fr\\\/#\\\/schema\\\/logo\\\/image\\\/\"}}]}<\/script>\n<!-- \/ Yoast SEO plugin. -->","yoast_head_json":{"title":"Masque Simplus taille moyenne - Dorma Sleep Clinics","robots":{"index":"index","follow":"follow","max-snippet":"max-snippet:-1","max-image-preview":"max-image-preview:large","max-video-preview":"max-video-preview:-1"},"canonical":"https:\/\/dormalab.com\/fr\/produit\/masque-simplus-taille-moyenne\/","og_locale":"fr_FR","og_type":"article","og_title":"Masque Simplus taille moyenne - Dorma Sleep Clinics","og_description":"Fiable et facile \u00e0 utiliser, le masque facial int\u00e9gral Simplus offre une \u00e9tanch\u00e9it\u00e9 s\u00fbre, un confort doux et une conception minimaliste - parfait pour une th\u00e9rapie CPAP efficace avec moins d'ajustements et de pi\u00e8ces.","og_url":"https:\/\/dormalab.com\/fr\/produit\/masque-simplus-taille-moyenne\/","og_site_name":"Dorma Sleep Clinics","article_modified_time":"2025-12-09T19:38:28+00:00","og_image":[{"width":2270,"height":2560,"url":"https:\/\/dormalab.com\/wp-content\/uploads\/2025\/04\/Simplus-Front-scaled-1.jpg","type":"image\/jpeg"}],"twitter_card":"summary_large_image","twitter_misc":{"Dur\u00e9e de lecture estim\u00e9e":"2 minute"},"schema":{"@context":"https:\/\/schema.org","@graph":[{"@type":"WebPage","@id":"https:\/\/dormalab.com\/fr\/produit\/masque-simplus-taille-moyenne\/","url":"https:\/\/dormalab.com\/fr\/produit\/masque-simplus-taille-moyenne\/","name":"Masque Simplus taille moyenne - Dorma Sleep Clinics","isPartOf":{"@id":"https:\/\/dormalab.com\/fr\/#website"},"primaryImageOfPage":{"@id":"https:\/\/dormalab.com\/fr\/produit\/masque-simplus-taille-moyenne\/#primaryimage"},"image":{"@id":"https:\/\/dormalab.com\/fr\/produit\/masque-simplus-taille-moyenne\/#primaryimage"},"thumbnailUrl":"https:\/\/dormalab.com\/wp-content\/uploads\/2025\/04\/Simplus-Front-scaled-1.jpg","datePublished":"2025-04-28T16:46:45+00:00","dateModified":"2025-12-09T19:38:28+00:00","breadcrumb":{"@id":"https:\/\/dormalab.com\/fr\/produit\/masque-simplus-taille-moyenne\/#breadcrumb"},"inLanguage":"fr-FR","potentialAction":[{"@type":"ReadAction","target":["https:\/\/dormalab.com\/fr\/produit\/masque-simplus-taille-moyenne\/"]}]},{"@type":"ImageObject","inLanguage":"fr-FR","@id":"https:\/\/dormalab.com\/fr\/produit\/masque-simplus-taille-moyenne\/#primaryimage","url":"https:\/\/dormalab.com\/wp-content\/uploads\/2025\/04\/Simplus-Front-scaled-1.jpg","contentUrl":"https:\/\/dormalab.com\/wp-content\/uploads\/2025\/04\/Simplus-Front-scaled-1.jpg","width":2270,"height":2560},{"@type":"BreadcrumbList","@id":"https:\/\/dormalab.com\/fr\/produit\/masque-simplus-taille-moyenne\/#breadcrumb","itemListElement":[{"@type":"ListItem","position":1,"name":"Home","item":"https:\/\/dormalab.com\/fr\/"},{"@type":"ListItem","position":2,"name":"Boutique","item":"https:\/\/dormalab.com\/fr\/boutique\/"},{"@type":"ListItem","position":3,"name":"Masque Simplus taille moyenne"}]},{"@type":"WebSite","@id":"https:\/\/dormalab.com\/fr\/#website","url":"https:\/\/dormalab.com\/fr\/","name":"Dorma Sleep Clinics","description":"Sleep Well Live Well","publisher":{"@id":"https:\/\/dormalab.com\/fr\/#organization"},"potentialAction":[{"@type":"SearchAction","target":{"@type":"EntryPoint","urlTemplate":"https:\/\/dormalab.com\/fr\/?s={search_term_string}"},"query-input":{"@type":"PropertyValueSpecification","valueRequired":true,"valueName":"search_term_string"}}],"inLanguage":"fr-FR"},{"@type":"Organization","@id":"https:\/\/dormalab.com\/fr\/#organization","name":"Dorma Clinique Du Sommeil","url":"https:\/\/dormalab.com\/fr\/","logo":{"@type":"ImageObject","inLanguage":"fr-FR","@id":"https:\/\/dormalab.com\/fr\/#\/schema\/logo\/image\/","url":"https:\/\/dormalab.com\/wp-content\/uploads\/2019\/10\/Dorma-Logotype-RGB-Black-scaled-e1578787470924.png","contentUrl":"https:\/\/dormalab.com\/wp-content\/uploads\/2019\/10\/Dorma-Logotype-RGB-Black-scaled-e1578787470924.png","width":120,"height":25,"caption":"Dorma Clinique Du Sommeil"},"image":{"@id":"https:\/\/dormalab.com\/fr\/#\/schema\/logo\/image\/"}}]}},"_links":{"self":[{"href":"https:\/\/dormalab.com\/fr\/wp-json\/wp\/v2\/product\/41615","targetHints":{"allow":["GET"]}}],"collection":[{"href":"https:\/\/dormalab.com\/fr\/wp-json\/wp\/v2\/product"}],"about":[{"href":"https:\/\/dormalab.com\/fr\/wp-json\/wp\/v2\/types\/product"}],"version-history":[{"count":0,"href":"https:\/\/dormalab.com\/fr\/wp-json\/wp\/v2\/product\/41615\/revisions"}],"wp:featuredmedia":[{"embeddable":true,"href":"https:\/\/dormalab.com\/fr\/wp-json\/wp\/v2\/media\/40781"}],"wp:attachment":[{"href":"https:\/\/dormalab.com\/fr\/wp-json\/wp\/v2\/media?parent=41615"}],"wp:term":[{"taxonomy":"product_brand","embeddable":true,"href":"https:\/\/dormalab.com\/fr\/wp-json\/wp\/v2\/product_brand?post=41615"},{"taxonomy":"product_cat","embeddable":true,"href":"https:\/\/dormalab.com\/fr\/wp-json\/wp\/v2\/product_cat?post=41615"},{"taxonomy":"product_tag","embeddable":true,"href":"https:\/\/dormalab.com\/fr\/wp-json\/wp\/v2\/product_tag?post=41615"}],"curies":[{"name":"wp","href":"https:\/\/api.w.org\/{rel}","templated":true}]}}