{"id":41616,"date":"2025-04-28T12:46:14","date_gmt":"2025-04-28T16:46:14","guid":{"rendered":"https:\/\/dormalab.com\/product\/cpap-airsense-10-autoset\/"},"modified":"2025-12-09T14:38:29","modified_gmt":"2025-12-09T19:38:29","slug":"cpap-airsense-10-autoset","status":"publish","type":"product","link":"https:\/\/dormalab.com\/fr\/produit\/cpap-airsense-10-autoset\/","title":{"rendered":"CPAP Airsense 10 autoset"},"content":{"rendered":"<p data-start=\"453\" data-end=\"539\"><strong data-start=\"453\" data-end=\"539\">Appareil <a href=\"https:\/\/dormalab.com\/continuous-positive-airflow-pressure-cpap\/\" data-internallinksmanager029f6b8e52c=\"1\" title=\"Continuous Positive Airflow Pressure (CPAP)\">CPAP<\/a> ResMed AirSense\u2122 10 AutoSet \u2013 Auto-ajustable avec humidificateur int\u00e9gr\u00e9<\/strong><\/p>\n<p data-start=\"541\" data-end=\"832\">Dormez confortablement et en toute confiance avec le <strong data-start=\"584\" data-end=\"615\">ResMed AirSense\u2122 10 AutoSet<\/strong>, l&rsquo;un des appareils CPAP les plus fiables pour traiter l&rsquo;apn\u00e9e obstructive du sommeil. Ce dispositif auto-ajustable s&rsquo;adapte \u00e0 votre respiration tout au long de la nuit pour fournir la pression exacte dont vous avez besoin\u2014ni plus, ni moins. <\/p>\n<p data-start=\"834\" data-end=\"1030\">Gr\u00e2ce \u00e0 <strong data-start=\"841\" data-end=\"874\">l&rsquo;humidificateur HumidAir\u2122 int\u00e9gr\u00e9<\/strong>, vous b\u00e9n\u00e9ficierez d&rsquo;un air chaud et confortable pour r\u00e9duire la s\u00e9cheresse et la congestion. Ajoutez le <strong data-start=\"953\" data-end=\"986\">tube chauffant ClimateLineAir\u2122<\/strong> (en option) pour une exp\u00e9rience encore plus agr\u00e9able. <\/p>\n<p data-start=\"1032\" data-end=\"1285\">L&rsquo;installation est simple, et l&rsquo;utilisation quotidienne l&rsquo;est encore plus gr\u00e2ce \u00e0 <strong data-start=\"1092\" data-end=\"1117\">l&rsquo;\u00e9cran LCD intuitif<\/strong> et au <strong data-start=\"1122\" data-end=\"1137\">moteur silencieux<\/strong> qui ne perturbera pas votre sommeil. Suivez vos progr\u00e8s \u00e0 tout moment gr\u00e2ce \u00e0 <strong data-start=\"1209\" data-end=\"1223\">l&rsquo;application myAir\u2122<\/strong>, qui offre des conseils personnalis\u00e9s, des rapports et des scores nocturnes. <\/p>\n<hr data-start=\"1287\" data-end=\"1290\">\n<h3 data-start=\"1292\" data-end=\"1310\">Caract\u00e9ristiques principales<\/h3>\n<ul data-start=\"1311\" data-end=\"1750\">\n<li data-start=\"1311\" data-end=\"1374\">\n<p data-start=\"1313\" data-end=\"1374\">Pression auto-ajustable avec la <strong data-start=\"1342\" data-end=\"1361\">technologie ResMed AutoSet\u2122<\/strong><\/p>\n<\/li>\n<li data-start=\"1375\" data-end=\"1439\">\n<p data-start=\"1377\" data-end=\"1439\"><strong data-start=\"1377\" data-end=\"1412\">Humidificateur HumidAir\u2122 int\u00e9gr\u00e9<\/strong>\u2014aucune installation externe n\u00e9cessaire<\/p>\n<\/li>\n<li data-start=\"1440\" data-end=\"1495\">\n<p data-start=\"1442\" data-end=\"1495\"><strong data-start=\"1442\" data-end=\"1470\">Moteur Easy-Breathe silencieux<\/strong> garantissant un sommeil paisible<\/p>\n<\/li>\n<li data-start=\"1496\" data-end=\"1559\">\n<p data-start=\"1498\" data-end=\"1559\"><strong data-start=\"1498\" data-end=\"1535\">EPR\u2122 (Expiratory Pressure Relief)<\/strong> pour une expiration plus facile<\/p>\n<\/li>\n<li data-start=\"1560\" data-end=\"1631\">\n<p data-start=\"1562\" data-end=\"1631\"><strong data-start=\"1562\" data-end=\"1575\">AutoRamp\u2122<\/strong> d\u00e9marre doucement la th\u00e9rapie et l&rsquo;augmente progressivement une fois que vous \u00eates endormi<\/p>\n<\/li>\n<li data-start=\"1632\" data-end=\"1695\">\n<p data-start=\"1634\" data-end=\"1695\"><strong data-start=\"1634\" data-end=\"1648\">L&rsquo;application myAir\u2122<\/strong> vous permet de suivre et de g\u00e9rer votre th\u00e9rapie du sommeil<\/p>\n<\/li>\n<li data-start=\"1696\" data-end=\"1750\">\n<p data-start=\"1698\" data-end=\"1750\">Interface simple et conviviale avec grand \u00e9cran<\/p>\n<\/li>\n<\/ul>\n<hr data-start=\"1752\" data-end=\"1755\">\n<h3 data-start=\"1757\" data-end=\"1777\">Sp\u00e9cifications<\/h3>\n<ul data-start=\"1778\" data-end=\"2160\">\n<li data-start=\"1778\" data-end=\"1814\">\n<p data-start=\"1780\" data-end=\"1814\"><strong data-start=\"1780\" data-end=\"1798\">Modes de th\u00e9rapie :<\/strong> AutoSet, CPAP<\/p>\n<\/li>\n<li data-start=\"1815\" data-end=\"1850\">\n<p data-start=\"1817\" data-end=\"1850\"><strong data-start=\"1817\" data-end=\"1836\">Gamme de pression :<\/strong> 4\u201320 cm H\u2082O<\/p>\n<\/li>\n<li data-start=\"1851\" data-end=\"1885\">\n<p data-start=\"1853\" data-end=\"1885\"><strong data-start=\"1853\" data-end=\"1862\">Rampe :<\/strong> Auto ou 0\u201345 minutes<\/p>\n<\/li>\n<li data-start=\"1886\" data-end=\"1920\">\n<p data-start=\"1888\" data-end=\"1920\"><strong data-start=\"1888\" data-end=\"1899\">Poids :<\/strong> 2,75 livres (1,25 kg)<\/p>\n<\/li>\n<li data-start=\"1921\" data-end=\"1966\">\n<p data-start=\"1923\" data-end=\"1966\"><strong data-start=\"1923\" data-end=\"1938\">Dimensions :<\/strong> 10,0&Prime; L x 4,6&Prime; l x 5,9&Prime; H<\/p>\n<\/li>\n<li data-start=\"1967\" data-end=\"2012\">\n<p data-start=\"1969\" data-end=\"2012\"><strong data-start=\"1969\" data-end=\"1985\">Niveau sonore :<\/strong> 26,6 dBA (silencieux comme un murmure)<\/p>\n<\/li>\n<li data-start=\"2013\" data-end=\"2058\">\n<p data-start=\"2015\" data-end=\"2058\"><strong data-start=\"2015\" data-end=\"2032\">Alimentation \u00e9lectrique :<\/strong> 90W (tension universelle)<\/p>\n<\/li>\n<li data-start=\"2059\" data-end=\"2119\">\n<p data-start=\"2061\" data-end=\"2119\"><strong data-start=\"2061\" data-end=\"2078\">Connectivit\u00e9 :<\/strong> Modem cellulaire int\u00e9gr\u00e9 pour l&rsquo;application myAir\u2122<\/p>\n<\/li>\n<li data-start=\"2120\" data-end=\"2160\">\n<p data-start=\"2122\" data-end=\"2160\"><strong data-start=\"2122\" data-end=\"2144\">Compatibilit\u00e9 de l&rsquo;application :<\/strong> iOS &amp; Android<\/p>\n<\/li>\n<\/ul>\n<hr data-start=\"2162\" data-end=\"2165\">\n<h3 data-start=\"2167\" data-end=\"2182\">Id\u00e9al pour<\/h3>\n<ul data-start=\"2183\" data-end=\"2371\">\n<li data-start=\"2183\" data-end=\"2240\">\n<p data-start=\"2185\" data-end=\"2240\">Utilisateurs de CPAP souhaitant un <strong data-start=\"2205\" data-end=\"2227\">ajustement automatique de la pression<\/strong><\/p>\n<\/li>\n<li data-start=\"2241\" data-end=\"2297\">\n<p data-start=\"2243\" data-end=\"2297\">Personnes souffrant de <strong data-start=\"2270\" data-end=\"2295\">s\u00e9cheresse ou d&rsquo;inconfort<\/strong><\/p>\n<\/li>\n<li data-start=\"2298\" data-end=\"2371\">\n<p data-start=\"2300\" data-end=\"2371\">Toute personne accordant de l&rsquo;importance \u00e0 une <strong data-start=\"2318\" data-end=\"2349\">th\u00e9rapie silencieuse et personnalis\u00e9e<\/strong> avec un support mobile<\/p>\n<\/li>\n<\/ul>\n","protected":false},"excerpt":{"rendered":"<p data-start=\"140\" data-end=\"392\">Respirez plus facilement avec l&rsquo;AirSense 10\u2014un appareil CPAP avanc\u00e9 qui ajuste automatiquement la pression, inclut un humidificateur int\u00e9gr\u00e9 et suit vos donn\u00e9es de sommeil via l&rsquo;application myAir\u2122. Silencieux, fiable et facile \u00e0 utiliser. <\/p>\n","protected":false},"featured_media":37993,"template":"","meta":[],"product_brand":[368],"product_cat":[367],"product_tag":[],"class_list":{"0":"post-41616","1":"product","2":"type-product","3":"status-publish","4":"has-post-thumbnail","6":"product_brand-resmed","7":"product_cat-cpap","9":"first","10":"instock","11":"shipping-taxable","12":"purchasable","13":"product-type-simple"},"yoast_head":"<!-- This site is optimized with the Yoast SEO plugin v27.4 - https:\/\/yoast.com\/product\/yoast-seo-wordpress\/ -->\n<title>CPAP Airsense 10 autoset - Dorma Sleep Clinics<\/title>\n<meta name=\"robots\" content=\"index, follow, max-snippet:-1, max-image-preview:large, max-video-preview:-1\" \/>\n<link rel=\"canonical\" href=\"https:\/\/dormalab.com\/fr\/produit\/cpap-airsense-10-autoset\/\" \/>\n<meta property=\"og:locale\" content=\"fr_FR\" \/>\n<meta property=\"og:type\" content=\"article\" \/>\n<meta property=\"og:title\" content=\"CPAP Airsense 10 autoset - Dorma Sleep Clinics\" \/>\n<meta property=\"og:description\" content=\"Respirez plus facilement avec l&#039;AirSense 10\u2014un appareil CPAP avanc\u00e9 qui ajuste automatiquement la pression, inclut un humidificateur int\u00e9gr\u00e9 et suit vos donn\u00e9es de sommeil via l&#039;application myAir\u2122. Silencieux, fiable et facile \u00e0 utiliser.\" \/>\n<meta property=\"og:url\" content=\"https:\/\/dormalab.com\/fr\/produit\/cpap-airsense-10-autoset\/\" \/>\n<meta property=\"og:site_name\" content=\"Dorma Sleep Clinics\" \/>\n<meta property=\"article:modified_time\" content=\"2025-12-09T19:38:29+00:00\" \/>\n<meta property=\"og:image\" content=\"https:\/\/dormalab.com\/wp-content\/uploads\/2024\/10\/AirSense-10-S10-CPAP-machine.jpg\" \/>\n\t<meta property=\"og:image:width\" content=\"1200\" \/>\n\t<meta property=\"og:image:height\" content=\"1200\" \/>\n\t<meta property=\"og:image:type\" content=\"image\/jpeg\" \/>\n<meta name=\"twitter:card\" content=\"summary_large_image\" \/>\n<meta name=\"twitter:label1\" content=\"Dur\u00e9e de lecture estim\u00e9e\" \/>\n\t<meta name=\"twitter:data1\" content=\"2 minute\" \/>\n<script type=\"application\/ld+json\" class=\"yoast-schema-graph\">{\"@context\":\"https:\\\/\\\/schema.org\",\"@graph\":[{\"@type\":\"WebPage\",\"@id\":\"https:\\\/\\\/dormalab.com\\\/fr\\\/produit\\\/cpap-airsense-10-autoset\\\/\",\"url\":\"https:\\\/\\\/dormalab.com\\\/fr\\\/produit\\\/cpap-airsense-10-autoset\\\/\",\"name\":\"CPAP Airsense 10 autoset - Dorma Sleep Clinics\",\"isPartOf\":{\"@id\":\"https:\\\/\\\/dormalab.com\\\/fr\\\/#website\"},\"primaryImageOfPage\":{\"@id\":\"https:\\\/\\\/dormalab.com\\\/fr\\\/produit\\\/cpap-airsense-10-autoset\\\/#primaryimage\"},\"image\":{\"@id\":\"https:\\\/\\\/dormalab.com\\\/fr\\\/produit\\\/cpap-airsense-10-autoset\\\/#primaryimage\"},\"thumbnailUrl\":\"https:\\\/\\\/dormalab.com\\\/wp-content\\\/uploads\\\/2024\\\/10\\\/AirSense-10-S10-CPAP-machine.jpg\",\"datePublished\":\"2025-04-28T16:46:14+00:00\",\"dateModified\":\"2025-12-09T19:38:29+00:00\",\"breadcrumb\":{\"@id\":\"https:\\\/\\\/dormalab.com\\\/fr\\\/produit\\\/cpap-airsense-10-autoset\\\/#breadcrumb\"},\"inLanguage\":\"fr-FR\",\"potentialAction\":[{\"@type\":\"ReadAction\",\"target\":[\"https:\\\/\\\/dormalab.com\\\/fr\\\/produit\\\/cpap-airsense-10-autoset\\\/\"]}]},{\"@type\":\"ImageObject\",\"inLanguage\":\"fr-FR\",\"@id\":\"https:\\\/\\\/dormalab.com\\\/fr\\\/produit\\\/cpap-airsense-10-autoset\\\/#primaryimage\",\"url\":\"https:\\\/\\\/dormalab.com\\\/wp-content\\\/uploads\\\/2024\\\/10\\\/AirSense-10-S10-CPAP-machine.jpg\",\"contentUrl\":\"https:\\\/\\\/dormalab.com\\\/wp-content\\\/uploads\\\/2024\\\/10\\\/AirSense-10-S10-CPAP-machine.jpg\",\"width\":1200,\"height\":1200},{\"@type\":\"BreadcrumbList\",\"@id\":\"https:\\\/\\\/dormalab.com\\\/fr\\\/produit\\\/cpap-airsense-10-autoset\\\/#breadcrumb\",\"itemListElement\":[{\"@type\":\"ListItem\",\"position\":1,\"name\":\"Home\",\"item\":\"https:\\\/\\\/dormalab.com\\\/fr\\\/\"},{\"@type\":\"ListItem\",\"position\":2,\"name\":\"Boutique\",\"item\":\"https:\\\/\\\/dormalab.com\\\/fr\\\/boutique\\\/\"},{\"@type\":\"ListItem\",\"position\":3,\"name\":\"CPAP Airsense 10 autoset\"}]},{\"@type\":\"WebSite\",\"@id\":\"https:\\\/\\\/dormalab.com\\\/fr\\\/#website\",\"url\":\"https:\\\/\\\/dormalab.com\\\/fr\\\/\",\"name\":\"Dorma Sleep Clinics\",\"description\":\"Sleep Well Live Well\",\"publisher\":{\"@id\":\"https:\\\/\\\/dormalab.com\\\/fr\\\/#organization\"},\"potentialAction\":[{\"@type\":\"SearchAction\",\"target\":{\"@type\":\"EntryPoint\",\"urlTemplate\":\"https:\\\/\\\/dormalab.com\\\/fr\\\/?s={search_term_string}\"},\"query-input\":{\"@type\":\"PropertyValueSpecification\",\"valueRequired\":true,\"valueName\":\"search_term_string\"}}],\"inLanguage\":\"fr-FR\"},{\"@type\":\"Organization\",\"@id\":\"https:\\\/\\\/dormalab.com\\\/fr\\\/#organization\",\"name\":\"Dorma Clinique Du Sommeil\",\"url\":\"https:\\\/\\\/dormalab.com\\\/fr\\\/\",\"logo\":{\"@type\":\"ImageObject\",\"inLanguage\":\"fr-FR\",\"@id\":\"https:\\\/\\\/dormalab.com\\\/fr\\\/#\\\/schema\\\/logo\\\/image\\\/\",\"url\":\"https:\\\/\\\/dormalab.com\\\/wp-content\\\/uploads\\\/2019\\\/10\\\/Dorma-Logotype-RGB-Black-scaled-e1578787470924.png\",\"contentUrl\":\"https:\\\/\\\/dormalab.com\\\/wp-content\\\/uploads\\\/2019\\\/10\\\/Dorma-Logotype-RGB-Black-scaled-e1578787470924.png\",\"width\":120,\"height\":25,\"caption\":\"Dorma Clinique Du Sommeil\"},\"image\":{\"@id\":\"https:\\\/\\\/dormalab.com\\\/fr\\\/#\\\/schema\\\/logo\\\/image\\\/\"}}]}<\/script>\n<!-- \/ Yoast SEO plugin. -->","yoast_head_json":{"title":"CPAP Airsense 10 autoset - Dorma Sleep Clinics","robots":{"index":"index","follow":"follow","max-snippet":"max-snippet:-1","max-image-preview":"max-image-preview:large","max-video-preview":"max-video-preview:-1"},"canonical":"https:\/\/dormalab.com\/fr\/produit\/cpap-airsense-10-autoset\/","og_locale":"fr_FR","og_type":"article","og_title":"CPAP Airsense 10 autoset - Dorma Sleep Clinics","og_description":"Respirez plus facilement avec l'AirSense 10\u2014un appareil CPAP avanc\u00e9 qui ajuste automatiquement la pression, inclut un humidificateur int\u00e9gr\u00e9 et suit vos donn\u00e9es de sommeil via l'application myAir\u2122. Silencieux, fiable et facile \u00e0 utiliser.","og_url":"https:\/\/dormalab.com\/fr\/produit\/cpap-airsense-10-autoset\/","og_site_name":"Dorma Sleep Clinics","article_modified_time":"2025-12-09T19:38:29+00:00","og_image":[{"width":1200,"height":1200,"url":"https:\/\/dormalab.com\/wp-content\/uploads\/2024\/10\/AirSense-10-S10-CPAP-machine.jpg","type":"image\/jpeg"}],"twitter_card":"summary_large_image","twitter_misc":{"Dur\u00e9e de lecture estim\u00e9e":"2 minute"},"schema":{"@context":"https:\/\/schema.org","@graph":[{"@type":"WebPage","@id":"https:\/\/dormalab.com\/fr\/produit\/cpap-airsense-10-autoset\/","url":"https:\/\/dormalab.com\/fr\/produit\/cpap-airsense-10-autoset\/","name":"CPAP Airsense 10 autoset - Dorma Sleep Clinics","isPartOf":{"@id":"https:\/\/dormalab.com\/fr\/#website"},"primaryImageOfPage":{"@id":"https:\/\/dormalab.com\/fr\/produit\/cpap-airsense-10-autoset\/#primaryimage"},"image":{"@id":"https:\/\/dormalab.com\/fr\/produit\/cpap-airsense-10-autoset\/#primaryimage"},"thumbnailUrl":"https:\/\/dormalab.com\/wp-content\/uploads\/2024\/10\/AirSense-10-S10-CPAP-machine.jpg","datePublished":"2025-04-28T16:46:14+00:00","dateModified":"2025-12-09T19:38:29+00:00","breadcrumb":{"@id":"https:\/\/dormalab.com\/fr\/produit\/cpap-airsense-10-autoset\/#breadcrumb"},"inLanguage":"fr-FR","potentialAction":[{"@type":"ReadAction","target":["https:\/\/dormalab.com\/fr\/produit\/cpap-airsense-10-autoset\/"]}]},{"@type":"ImageObject","inLanguage":"fr-FR","@id":"https:\/\/dormalab.com\/fr\/produit\/cpap-airsense-10-autoset\/#primaryimage","url":"https:\/\/dormalab.com\/wp-content\/uploads\/2024\/10\/AirSense-10-S10-CPAP-machine.jpg","contentUrl":"https:\/\/dormalab.com\/wp-content\/uploads\/2024\/10\/AirSense-10-S10-CPAP-machine.jpg","width":1200,"height":1200},{"@type":"BreadcrumbList","@id":"https:\/\/dormalab.com\/fr\/produit\/cpap-airsense-10-autoset\/#breadcrumb","itemListElement":[{"@type":"ListItem","position":1,"name":"Home","item":"https:\/\/dormalab.com\/fr\/"},{"@type":"ListItem","position":2,"name":"Boutique","item":"https:\/\/dormalab.com\/fr\/boutique\/"},{"@type":"ListItem","position":3,"name":"CPAP Airsense 10 autoset"}]},{"@type":"WebSite","@id":"https:\/\/dormalab.com\/fr\/#website","url":"https:\/\/dormalab.com\/fr\/","name":"Dorma Sleep Clinics","description":"Sleep Well Live Well","publisher":{"@id":"https:\/\/dormalab.com\/fr\/#organization"},"potentialAction":[{"@type":"SearchAction","target":{"@type":"EntryPoint","urlTemplate":"https:\/\/dormalab.com\/fr\/?s={search_term_string}"},"query-input":{"@type":"PropertyValueSpecification","valueRequired":true,"valueName":"search_term_string"}}],"inLanguage":"fr-FR"},{"@type":"Organization","@id":"https:\/\/dormalab.com\/fr\/#organization","name":"Dorma Clinique Du Sommeil","url":"https:\/\/dormalab.com\/fr\/","logo":{"@type":"ImageObject","inLanguage":"fr-FR","@id":"https:\/\/dormalab.com\/fr\/#\/schema\/logo\/image\/","url":"https:\/\/dormalab.com\/wp-content\/uploads\/2019\/10\/Dorma-Logotype-RGB-Black-scaled-e1578787470924.png","contentUrl":"https:\/\/dormalab.com\/wp-content\/uploads\/2019\/10\/Dorma-Logotype-RGB-Black-scaled-e1578787470924.png","width":120,"height":25,"caption":"Dorma Clinique Du Sommeil"},"image":{"@id":"https:\/\/dormalab.com\/fr\/#\/schema\/logo\/image\/"}}]}},"_links":{"self":[{"href":"https:\/\/dormalab.com\/fr\/wp-json\/wp\/v2\/product\/41616","targetHints":{"allow":["GET"]}}],"collection":[{"href":"https:\/\/dormalab.com\/fr\/wp-json\/wp\/v2\/product"}],"about":[{"href":"https:\/\/dormalab.com\/fr\/wp-json\/wp\/v2\/types\/product"}],"version-history":[{"count":0,"href":"https:\/\/dormalab.com\/fr\/wp-json\/wp\/v2\/product\/41616\/revisions"}],"wp:featuredmedia":[{"embeddable":true,"href":"https:\/\/dormalab.com\/fr\/wp-json\/wp\/v2\/media\/37993"}],"wp:attachment":[{"href":"https:\/\/dormalab.com\/fr\/wp-json\/wp\/v2\/media?parent=41616"}],"wp:term":[{"taxonomy":"product_brand","embeddable":true,"href":"https:\/\/dormalab.com\/fr\/wp-json\/wp\/v2\/product_brand?post=41616"},{"taxonomy":"product_cat","embeddable":true,"href":"https:\/\/dormalab.com\/fr\/wp-json\/wp\/v2\/product_cat?post=41616"},{"taxonomy":"product_tag","embeddable":true,"href":"https:\/\/dormalab.com\/fr\/wp-json\/wp\/v2\/product_tag?post=41616"}],"curies":[{"name":"wp","href":"https:\/\/api.w.org\/{rel}","templated":true}]}}