{"id":41617,"date":"2025-04-28T12:46:19","date_gmt":"2025-04-28T16:46:19","guid":{"rendered":"https:\/\/dormalab.com\/product\/cpap-airmini-autoset\/"},"modified":"2025-12-09T14:38:31","modified_gmt":"2025-12-09T19:38:31","slug":"cpap-airmini-autoset","status":"publish","type":"product","link":"https:\/\/dormalab.com\/fr\/produit\/cpap-airmini-autoset\/","title":{"rendered":"CPAP AirMini Autoset"},"content":{"rendered":"<p data-start=\"390\" data-end=\"705\">Obtenez des performances <a href=\"https:\/\/dormalab.com\/continuous-positive-airflow-pressure-cpap\/\" data-internallinksmanager029f6b8e52c=\"1\" title=\"Continuous Positive Airflow Pressure (CPAP)\">CPAP<\/a> puissantes dans la paume de votre main avec le <strong data-start=\"454\" data-end=\"473\">ResMed AirMini\u2122<\/strong>, la plus petite machine CPAP au monde. Con\u00e7u pour voyager sans compromis, l&rsquo;AirMini offre le m\u00eame algorithme AutoSet\u2122 fiable que l&rsquo;on trouve dans les appareils grand format de ResMed, proposant une th\u00e9rapie efficace dans un design portable et l\u00e9ger. <\/p>\n<p data-start=\"707\" data-end=\"1036\">Ne pesant que 300 grammes, l&rsquo;AirMini est id\u00e9al pour les voyageurs et les grands voyageurs qui ne veulent pas sacrifier le confort ou l&rsquo;observance. Il offre une pression auto-ajustable, une <strong data-start=\"875\" data-end=\"912\">humidification sans eau optionnelle<\/strong> avec des <strong data-start=\"918\" data-end=\"940\">cartouches HumidX\u2122<\/strong>, et une connectivit\u00e9 Bluetooth \u00e0 l&rsquo;<strong data-start=\"976\" data-end=\"991\">application AirMini<\/strong> pour un suivi en temps r\u00e9el et un contr\u00f4le des param\u00e8tres. <\/p>\n<p data-start=\"1038\" data-end=\"1234\">Bien que compact, l&rsquo;AirMini est riche en fonctionnalit\u00e9s et compatible avec des versions sp\u00e9cialement con\u00e7ues des masques ResMed populaires, notamment les AirFit\u2122 P10, N20, N30 et F20 (kits de configuration de masque vendus s\u00e9par\u00e9ment).<\/p>\n<hr data-start=\"1236\" data-end=\"1239\">\n<h3 data-start=\"1241\" data-end=\"1261\"><strong data-start=\"1245\" data-end=\"1261\">Caract\u00e9ristiques principales<\/strong><\/h3>\n<ul data-start=\"1263\" data-end=\"1869\">\n<li data-start=\"1263\" data-end=\"1347\">\n<p data-start=\"1265\" data-end=\"1347\">La <strong data-start=\"1265\" data-end=\"1288\">technologie AutoSet\u2122<\/strong> ajuste automatiquement les niveaux de pression tout au long de la nuit<\/p>\n<\/li>\n<li data-start=\"1348\" data-end=\"1417\">\n<p data-start=\"1350\" data-end=\"1417\"><strong data-start=\"1350\" data-end=\"1387\">Ultra-compact et adapt\u00e9 aux voyages<\/strong>, pesant moins de 300 grammes<\/p>\n<\/li>\n<li data-start=\"1418\" data-end=\"1539\">\n<p data-start=\"1420\" data-end=\"1539\"><strong data-start=\"1420\" data-end=\"1458\">HumidX\u2122 et HumidX\u2122 Plus sans eau<\/strong> (pour certains masques) fournissent une humidification optionnelle sans r\u00e9servoir d&rsquo;eau encombrant<\/p>\n<\/li>\n<li data-start=\"1540\" data-end=\"1641\">\n<p data-start=\"1542\" data-end=\"1641\">L&rsquo;<strong data-start=\"1542\" data-end=\"1557\">application AirMini<\/strong> permet un appariement Bluetooth, un suivi du sommeil et des ajustements \u00e0 distance via smartphone<\/p>\n<\/li>\n<li data-start=\"1642\" data-end=\"1734\">\n<p data-start=\"1644\" data-end=\"1734\">Le <strong data-start=\"1644\" data-end=\"1673\">syst\u00e8me de ventilation ActiveAir\u2122<\/strong> maintient l&rsquo;appareil compact tout en assurant une th\u00e9rapie efficace<\/p>\n<\/li>\n<li data-start=\"1735\" data-end=\"1832\">\n<p data-start=\"1737\" data-end=\"1832\"><strong data-start=\"1737\" data-end=\"1776\">Compatible avec certains masques ResMed<\/strong> (s\u00e9ries P10, N20, N30, F20 \u2013 kits de configuration de masque requis)<\/p>\n<\/li>\n<li data-start=\"1833\" data-end=\"1869\">\n<p data-start=\"1835\" data-end=\"1869\"><strong data-start=\"1835\" data-end=\"1851\">Approuv\u00e9 par la FAA<\/strong> pour une utilisation en vol<\/p>\n<\/li>\n<\/ul>\n<hr data-start=\"1871\" data-end=\"1874\">\n<h3 data-start=\"1876\" data-end=\"1898\"><strong data-start=\"1880\" data-end=\"1898\">Sp\u00e9cifications<\/strong><\/h3>\n<ul data-start=\"1900\" data-end=\"2285\">\n<li data-start=\"1900\" data-end=\"1953\">\n<p data-start=\"1902\" data-end=\"1953\"><strong data-start=\"1902\" data-end=\"1920\">Modes de th\u00e9rapie :<\/strong> AutoSet, AutoSet for Her, PPC<\/p>\n<\/li>\n<li data-start=\"1954\" data-end=\"1989\">\n<p data-start=\"1956\" data-end=\"1989\"><strong data-start=\"1956\" data-end=\"1975\">Gamme de pression :<\/strong> 4\u201320 cm H\u2082O<\/p>\n<\/li>\n<li data-start=\"1990\" data-end=\"2021\">\n<p data-start=\"1992\" data-end=\"2021\"><strong data-start=\"1992\" data-end=\"2003\">Poids :<\/strong> 300 g<\/p>\n<\/li>\n<li data-start=\"2022\" data-end=\"2066\">\n<p data-start=\"2024\" data-end=\"2066\"><strong data-start=\"2024\" data-end=\"2039\">Dimensions :<\/strong> 13,7 cm L x 8,4 cm l x 5,3 cm H<\/p>\n<\/li>\n<li data-start=\"2067\" data-end=\"2094\">\n<p data-start=\"2069\" data-end=\"2094\"><strong data-start=\"2069\" data-end=\"2085\">Niveau sonore :<\/strong> 30 dBA<\/p>\n<\/li>\n<li data-start=\"2095\" data-end=\"2120\">\n<p data-start=\"2097\" data-end=\"2120\"><strong data-start=\"2097\" data-end=\"2114\">Alimentation \u00e9lectrique :<\/strong> 20 W<\/p>\n<\/li>\n<li data-start=\"2121\" data-end=\"2194\">\n<p data-start=\"2123\" data-end=\"2194\"><strong data-start=\"2123\" data-end=\"2142\">Humidification :<\/strong> Optionnelle (syst\u00e8me HumidX\u2122, pas de r\u00e9servoir d&rsquo;eau requis)<\/p>\n<\/li>\n<li data-start=\"2195\" data-end=\"2244\">\n<p data-start=\"2197\" data-end=\"2244\"><strong data-start=\"2197\" data-end=\"2214\">Connectivit\u00e9 :<\/strong> Bluetooth (pour l&rsquo;application AirMini)<\/p>\n<\/li>\n<li data-start=\"2245\" data-end=\"2285\">\n<p data-start=\"2247\" data-end=\"2285\"><strong data-start=\"2247\" data-end=\"2269\">Compatibilit\u00e9 de l&rsquo;application :<\/strong> iOS &amp; Android<\/p>\n<\/li>\n<\/ul>\n<hr data-start=\"2287\" data-end=\"2290\">\n<h3 data-start=\"2292\" data-end=\"2309\"><strong data-start=\"2296\" data-end=\"2309\">Id\u00e9al pour<\/strong><\/h3>\n<ul data-start=\"2311\" data-end=\"2642\">\n<li data-start=\"2311\" data-end=\"2411\">\n<p data-start=\"2313\" data-end=\"2411\"><strong data-start=\"2313\" data-end=\"2350\">Voyageurs fr\u00e9quents ou minimalistes<\/strong> qui souhaitent une th\u00e9rapie CPAP compl\u00e8te dans un petit format<\/p>\n<\/li>\n<li data-start=\"2412\" data-end=\"2483\">\n<p data-start=\"2414\" data-end=\"2483\">Utilisateurs qui <strong data-start=\"2424\" data-end=\"2458\">pr\u00e9f\u00e8rent une pression auto-ajustable<\/strong> sans appareil encombrant<\/p>\n<\/li>\n<li data-start=\"2484\" data-end=\"2574\">\n<p data-start=\"2486\" data-end=\"2574\">Personnes recherchant une <strong data-start=\"2506\" data-end=\"2534\">humidification sans eau<\/strong> sans les tracas de l&rsquo;eau distill\u00e9e<\/p>\n<\/li>\n<li data-start=\"2575\" data-end=\"2642\">\n<p data-start=\"2577\" data-end=\"2642\">Toute personne qui appr\u00e9cie un <strong data-start=\"2595\" data-end=\"2642\">contr\u00f4le par application smartphone et une portabilit\u00e9 facile<\/strong><\/p>\n<\/li>\n<\/ul>\n","protected":false},"excerpt":{"rendered":"<p>L&rsquo;appareil de PPC le plus compact au monde \u2014 compact, silencieux et puissant. L&rsquo;AirMini offre une th\u00e9rapie du sommeil compl\u00e8te o\u00f9 que la vie vous m\u00e8ne, avec une humidification sans eau et une connectivit\u00e9 pour smartphone. <\/p>\n","protected":false},"featured_media":37984,"template":"","meta":[],"product_brand":[368],"product_cat":[367],"product_tag":[],"class_list":{"0":"post-41617","1":"product","2":"type-product","3":"status-publish","4":"has-post-thumbnail","6":"product_brand-resmed","7":"product_cat-cpap","9":"first","10":"instock","11":"shipping-taxable","12":"purchasable","13":"product-type-simple"},"yoast_head":"<!-- This site is optimized with the Yoast SEO plugin v27.4 - https:\/\/yoast.com\/product\/yoast-seo-wordpress\/ -->\n<title>CPAP AirMini Autoset - Dorma Sleep Clinics<\/title>\n<meta name=\"robots\" content=\"index, follow, max-snippet:-1, max-image-preview:large, max-video-preview:-1\" \/>\n<link rel=\"canonical\" href=\"https:\/\/dormalab.com\/fr\/produit\/cpap-airmini-autoset\/\" \/>\n<meta property=\"og:locale\" content=\"fr_FR\" \/>\n<meta property=\"og:type\" content=\"article\" \/>\n<meta property=\"og:title\" content=\"CPAP AirMini Autoset - Dorma Sleep Clinics\" \/>\n<meta property=\"og:description\" content=\"L&#039;appareil de PPC le plus compact au monde \u2014 compact, silencieux et puissant. L&#039;AirMini offre une th\u00e9rapie du sommeil compl\u00e8te o\u00f9 que la vie vous m\u00e8ne, avec une humidification sans eau et une connectivit\u00e9 pour smartphone.\" \/>\n<meta property=\"og:url\" content=\"https:\/\/dormalab.com\/fr\/produit\/cpap-airmini-autoset\/\" \/>\n<meta property=\"og:site_name\" content=\"Dorma Sleep Clinics\" \/>\n<meta property=\"article:modified_time\" content=\"2025-12-09T19:38:31+00:00\" \/>\n<meta property=\"og:image\" content=\"https:\/\/dormalab.com\/wp-content\/uploads\/2024\/10\/AirMini-AutoSet-Travel-CPAP-Machine-2.png\" \/>\n\t<meta property=\"og:image:width\" content=\"1200\" \/>\n\t<meta property=\"og:image:height\" content=\"1200\" \/>\n\t<meta property=\"og:image:type\" content=\"image\/png\" \/>\n<meta name=\"twitter:card\" content=\"summary_large_image\" \/>\n<meta name=\"twitter:label1\" content=\"Dur\u00e9e de lecture estim\u00e9e\" \/>\n\t<meta name=\"twitter:data1\" content=\"2 minute\" \/>\n<script type=\"application\/ld+json\" class=\"yoast-schema-graph\">{\"@context\":\"https:\\\/\\\/schema.org\",\"@graph\":[{\"@type\":\"WebPage\",\"@id\":\"https:\\\/\\\/dormalab.com\\\/fr\\\/produit\\\/cpap-airmini-autoset\\\/\",\"url\":\"https:\\\/\\\/dormalab.com\\\/fr\\\/produit\\\/cpap-airmini-autoset\\\/\",\"name\":\"CPAP AirMini Autoset - Dorma Sleep Clinics\",\"isPartOf\":{\"@id\":\"https:\\\/\\\/dormalab.com\\\/fr\\\/#website\"},\"primaryImageOfPage\":{\"@id\":\"https:\\\/\\\/dormalab.com\\\/fr\\\/produit\\\/cpap-airmini-autoset\\\/#primaryimage\"},\"image\":{\"@id\":\"https:\\\/\\\/dormalab.com\\\/fr\\\/produit\\\/cpap-airmini-autoset\\\/#primaryimage\"},\"thumbnailUrl\":\"https:\\\/\\\/dormalab.com\\\/wp-content\\\/uploads\\\/2024\\\/10\\\/AirMini-AutoSet-Travel-CPAP-Machine-2.png\",\"datePublished\":\"2025-04-28T16:46:19+00:00\",\"dateModified\":\"2025-12-09T19:38:31+00:00\",\"breadcrumb\":{\"@id\":\"https:\\\/\\\/dormalab.com\\\/fr\\\/produit\\\/cpap-airmini-autoset\\\/#breadcrumb\"},\"inLanguage\":\"fr-FR\",\"potentialAction\":[{\"@type\":\"ReadAction\",\"target\":[\"https:\\\/\\\/dormalab.com\\\/fr\\\/produit\\\/cpap-airmini-autoset\\\/\"]}]},{\"@type\":\"ImageObject\",\"inLanguage\":\"fr-FR\",\"@id\":\"https:\\\/\\\/dormalab.com\\\/fr\\\/produit\\\/cpap-airmini-autoset\\\/#primaryimage\",\"url\":\"https:\\\/\\\/dormalab.com\\\/wp-content\\\/uploads\\\/2024\\\/10\\\/AirMini-AutoSet-Travel-CPAP-Machine-2.png\",\"contentUrl\":\"https:\\\/\\\/dormalab.com\\\/wp-content\\\/uploads\\\/2024\\\/10\\\/AirMini-AutoSet-Travel-CPAP-Machine-2.png\",\"width\":1200,\"height\":1200},{\"@type\":\"BreadcrumbList\",\"@id\":\"https:\\\/\\\/dormalab.com\\\/fr\\\/produit\\\/cpap-airmini-autoset\\\/#breadcrumb\",\"itemListElement\":[{\"@type\":\"ListItem\",\"position\":1,\"name\":\"Home\",\"item\":\"https:\\\/\\\/dormalab.com\\\/fr\\\/\"},{\"@type\":\"ListItem\",\"position\":2,\"name\":\"Boutique\",\"item\":\"https:\\\/\\\/dormalab.com\\\/fr\\\/boutique\\\/\"},{\"@type\":\"ListItem\",\"position\":3,\"name\":\"CPAP AirMini Autoset\"}]},{\"@type\":\"WebSite\",\"@id\":\"https:\\\/\\\/dormalab.com\\\/fr\\\/#website\",\"url\":\"https:\\\/\\\/dormalab.com\\\/fr\\\/\",\"name\":\"Dorma Sleep Clinics\",\"description\":\"Sleep Well Live Well\",\"publisher\":{\"@id\":\"https:\\\/\\\/dormalab.com\\\/fr\\\/#organization\"},\"potentialAction\":[{\"@type\":\"SearchAction\",\"target\":{\"@type\":\"EntryPoint\",\"urlTemplate\":\"https:\\\/\\\/dormalab.com\\\/fr\\\/?s={search_term_string}\"},\"query-input\":{\"@type\":\"PropertyValueSpecification\",\"valueRequired\":true,\"valueName\":\"search_term_string\"}}],\"inLanguage\":\"fr-FR\"},{\"@type\":\"Organization\",\"@id\":\"https:\\\/\\\/dormalab.com\\\/fr\\\/#organization\",\"name\":\"Dorma Clinique Du Sommeil\",\"url\":\"https:\\\/\\\/dormalab.com\\\/fr\\\/\",\"logo\":{\"@type\":\"ImageObject\",\"inLanguage\":\"fr-FR\",\"@id\":\"https:\\\/\\\/dormalab.com\\\/fr\\\/#\\\/schema\\\/logo\\\/image\\\/\",\"url\":\"https:\\\/\\\/dormalab.com\\\/wp-content\\\/uploads\\\/2019\\\/10\\\/Dorma-Logotype-RGB-Black-scaled-e1578787470924.png\",\"contentUrl\":\"https:\\\/\\\/dormalab.com\\\/wp-content\\\/uploads\\\/2019\\\/10\\\/Dorma-Logotype-RGB-Black-scaled-e1578787470924.png\",\"width\":120,\"height\":25,\"caption\":\"Dorma Clinique Du Sommeil\"},\"image\":{\"@id\":\"https:\\\/\\\/dormalab.com\\\/fr\\\/#\\\/schema\\\/logo\\\/image\\\/\"}}]}<\/script>\n<!-- \/ Yoast SEO plugin. -->","yoast_head_json":{"title":"CPAP AirMini Autoset - Dorma Sleep Clinics","robots":{"index":"index","follow":"follow","max-snippet":"max-snippet:-1","max-image-preview":"max-image-preview:large","max-video-preview":"max-video-preview:-1"},"canonical":"https:\/\/dormalab.com\/fr\/produit\/cpap-airmini-autoset\/","og_locale":"fr_FR","og_type":"article","og_title":"CPAP AirMini Autoset - Dorma Sleep Clinics","og_description":"L'appareil de PPC le plus compact au monde \u2014 compact, silencieux et puissant. L'AirMini offre une th\u00e9rapie du sommeil compl\u00e8te o\u00f9 que la vie vous m\u00e8ne, avec une humidification sans eau et une connectivit\u00e9 pour smartphone.","og_url":"https:\/\/dormalab.com\/fr\/produit\/cpap-airmini-autoset\/","og_site_name":"Dorma Sleep Clinics","article_modified_time":"2025-12-09T19:38:31+00:00","og_image":[{"width":1200,"height":1200,"url":"https:\/\/dormalab.com\/wp-content\/uploads\/2024\/10\/AirMini-AutoSet-Travel-CPAP-Machine-2.png","type":"image\/png"}],"twitter_card":"summary_large_image","twitter_misc":{"Dur\u00e9e de lecture estim\u00e9e":"2 minute"},"schema":{"@context":"https:\/\/schema.org","@graph":[{"@type":"WebPage","@id":"https:\/\/dormalab.com\/fr\/produit\/cpap-airmini-autoset\/","url":"https:\/\/dormalab.com\/fr\/produit\/cpap-airmini-autoset\/","name":"CPAP AirMini Autoset - Dorma Sleep Clinics","isPartOf":{"@id":"https:\/\/dormalab.com\/fr\/#website"},"primaryImageOfPage":{"@id":"https:\/\/dormalab.com\/fr\/produit\/cpap-airmini-autoset\/#primaryimage"},"image":{"@id":"https:\/\/dormalab.com\/fr\/produit\/cpap-airmini-autoset\/#primaryimage"},"thumbnailUrl":"https:\/\/dormalab.com\/wp-content\/uploads\/2024\/10\/AirMini-AutoSet-Travel-CPAP-Machine-2.png","datePublished":"2025-04-28T16:46:19+00:00","dateModified":"2025-12-09T19:38:31+00:00","breadcrumb":{"@id":"https:\/\/dormalab.com\/fr\/produit\/cpap-airmini-autoset\/#breadcrumb"},"inLanguage":"fr-FR","potentialAction":[{"@type":"ReadAction","target":["https:\/\/dormalab.com\/fr\/produit\/cpap-airmini-autoset\/"]}]},{"@type":"ImageObject","inLanguage":"fr-FR","@id":"https:\/\/dormalab.com\/fr\/produit\/cpap-airmini-autoset\/#primaryimage","url":"https:\/\/dormalab.com\/wp-content\/uploads\/2024\/10\/AirMini-AutoSet-Travel-CPAP-Machine-2.png","contentUrl":"https:\/\/dormalab.com\/wp-content\/uploads\/2024\/10\/AirMini-AutoSet-Travel-CPAP-Machine-2.png","width":1200,"height":1200},{"@type":"BreadcrumbList","@id":"https:\/\/dormalab.com\/fr\/produit\/cpap-airmini-autoset\/#breadcrumb","itemListElement":[{"@type":"ListItem","position":1,"name":"Home","item":"https:\/\/dormalab.com\/fr\/"},{"@type":"ListItem","position":2,"name":"Boutique","item":"https:\/\/dormalab.com\/fr\/boutique\/"},{"@type":"ListItem","position":3,"name":"CPAP AirMini Autoset"}]},{"@type":"WebSite","@id":"https:\/\/dormalab.com\/fr\/#website","url":"https:\/\/dormalab.com\/fr\/","name":"Dorma Sleep Clinics","description":"Sleep Well Live Well","publisher":{"@id":"https:\/\/dormalab.com\/fr\/#organization"},"potentialAction":[{"@type":"SearchAction","target":{"@type":"EntryPoint","urlTemplate":"https:\/\/dormalab.com\/fr\/?s={search_term_string}"},"query-input":{"@type":"PropertyValueSpecification","valueRequired":true,"valueName":"search_term_string"}}],"inLanguage":"fr-FR"},{"@type":"Organization","@id":"https:\/\/dormalab.com\/fr\/#organization","name":"Dorma Clinique Du Sommeil","url":"https:\/\/dormalab.com\/fr\/","logo":{"@type":"ImageObject","inLanguage":"fr-FR","@id":"https:\/\/dormalab.com\/fr\/#\/schema\/logo\/image\/","url":"https:\/\/dormalab.com\/wp-content\/uploads\/2019\/10\/Dorma-Logotype-RGB-Black-scaled-e1578787470924.png","contentUrl":"https:\/\/dormalab.com\/wp-content\/uploads\/2019\/10\/Dorma-Logotype-RGB-Black-scaled-e1578787470924.png","width":120,"height":25,"caption":"Dorma Clinique Du Sommeil"},"image":{"@id":"https:\/\/dormalab.com\/fr\/#\/schema\/logo\/image\/"}}]}},"_links":{"self":[{"href":"https:\/\/dormalab.com\/fr\/wp-json\/wp\/v2\/product\/41617","targetHints":{"allow":["GET"]}}],"collection":[{"href":"https:\/\/dormalab.com\/fr\/wp-json\/wp\/v2\/product"}],"about":[{"href":"https:\/\/dormalab.com\/fr\/wp-json\/wp\/v2\/types\/product"}],"version-history":[{"count":0,"href":"https:\/\/dormalab.com\/fr\/wp-json\/wp\/v2\/product\/41617\/revisions"}],"wp:featuredmedia":[{"embeddable":true,"href":"https:\/\/dormalab.com\/fr\/wp-json\/wp\/v2\/media\/37984"}],"wp:attachment":[{"href":"https:\/\/dormalab.com\/fr\/wp-json\/wp\/v2\/media?parent=41617"}],"wp:term":[{"taxonomy":"product_brand","embeddable":true,"href":"https:\/\/dormalab.com\/fr\/wp-json\/wp\/v2\/product_brand?post=41617"},{"taxonomy":"product_cat","embeddable":true,"href":"https:\/\/dormalab.com\/fr\/wp-json\/wp\/v2\/product_cat?post=41617"},{"taxonomy":"product_tag","embeddable":true,"href":"https:\/\/dormalab.com\/fr\/wp-json\/wp\/v2\/product_tag?post=41617"}],"curies":[{"name":"wp","href":"https:\/\/api.w.org\/{rel}","templated":true}]}}