{"id":41618,"date":"2025-04-28T12:46:46","date_gmt":"2025-04-28T16:46:46","guid":{"rendered":"https:\/\/dormalab.com\/product\/masque-simplus-grand\/"},"modified":"2025-12-09T14:38:31","modified_gmt":"2025-12-09T19:38:31","slug":"masque-simplus-grand","status":"publish","type":"product","link":"https:\/\/dormalab.com\/fr\/produit\/masque-simplus-grand\/","title":{"rendered":"Masque Simplus Grand"},"content":{"rendered":"<p data-start=\"515\" data-end=\"570\"><strong data-start=\"515\" data-end=\"570\">Masque <a href=\"https:\/\/dormalab.com\/continuous-positive-airflow-pressure-cpap\/\" data-internallinksmanager029f6b8e52c=\"1\" title=\"Continuous Positive Airflow Pressure (CPAP)\">CPAP<\/a> facial int\u00e9gral Fisher  Paykel Simplus \u2013 grand<\/strong><\/p>\n<p data-start=\"572\" data-end=\"828\">Le <strong data-start=\"576\" data-end=\"602\">masque facial int\u00e9gral Simplus<\/strong> de Fisher  Paykel est con\u00e7u pour la performance et le confort. Id\u00e9al pour les utilisateurs qui respirent par la bouche pendant leur sommeil, ce masque de grande taille offre une couverture faciale compl\u00e8te et une \u00e9tanch\u00e9it\u00e9 stable et s\u00e9curis\u00e9e pour une th\u00e9rapie CPAP constante. <\/p>\n<p data-start=\"830\" data-end=\"1184\">Ne comportant que trois composants essentiels \u2013 le <strong data-start=\"876\" data-end=\"893\">joint RollFit\u2122<\/strong>, le <strong data-start=\"895\" data-end=\"917\">harnais ErgoForm\u2122<\/strong> et le <strong data-start=\"923\" data-end=\"937\">cadre Easy<\/strong> \u2013 le Simplus est simple \u00e0 utiliser, \u00e0 nettoyer et \u00e0 entretenir. Le joint en silicone souple s&rsquo;adapte aux mouvements du visage tout au long de la nuit, contribuant \u00e0 r\u00e9duire les fuites et la pression sur l&rsquo;ar\u00eate du nez, tandis que le harnais respirant reste en place pour un ajustement stable. <\/p>\n<p data-start=\"1186\" data-end=\"1348\">Avec un champ de vision d\u00e9gag\u00e9 et une conception minimaliste, le masque Simplus Large convient parfaitement aux utilisateurs qui ont besoin d&rsquo;un ajustement plus grand sans sacrifier le confort ou la facilit\u00e9 d&rsquo;utilisation.<\/p>\n<hr data-start=\"1350\" data-end=\"1353\">\n<h3 data-start=\"1355\" data-end=\"1377\"><strong data-start=\"1359\" data-end=\"1375\">Caract\u00e9ristiques principales<\/strong><\/h3>\n<ul data-start=\"1378\" data-end=\"1763\">\n<li data-start=\"1378\" data-end=\"1468\">\n<p data-start=\"1380\" data-end=\"1468\">Le <strong data-start=\"1380\" data-end=\"1397\">joint RollFit\u2122<\/strong> \u00e9pouse les contours du visage pour r\u00e9duire les fuites et la pression sur l&rsquo;ar\u00eate du nez<\/p>\n<\/li>\n<li data-start=\"1469\" data-end=\"1553\">\n<p data-start=\"1471\" data-end=\"1553\">Le <strong data-start=\"1471\" data-end=\"1493\">harnais ErgoForm\u2122<\/strong> offre un ajustement s\u00fbr et respirant avec un minimum d&rsquo;ajustements<\/p>\n<\/li>\n<li data-start=\"1554\" data-end=\"1625\">\n<p data-start=\"1556\" data-end=\"1625\">Le <strong data-start=\"1556\" data-end=\"1570\">cadre Easy<\/strong> a un profil bas et est compatible avec toutes les tailles de coussins<\/p>\n<\/li>\n<li data-start=\"1626\" data-end=\"1693\">\n<p data-start=\"1628\" data-end=\"1693\">Le d\u00e9montage simple rend le nettoyage et le remontage rapides et faciles<\/p>\n<\/li>\n<li data-start=\"1694\" data-end=\"1763\">\n<p data-start=\"1696\" data-end=\"1763\">La conception ouverte permet une ligne de vue d\u00e9gag\u00e9e et une sensation de l\u00e9g\u00e8ret\u00e9<\/p>\n<\/li>\n<\/ul>\n<hr data-start=\"1765\" data-end=\"1768\">\n<h3 data-start=\"1770\" data-end=\"1794\"><strong data-start=\"1774\" data-end=\"1792\">Sp\u00e9cifications<\/strong><\/h3>\n<ul data-start=\"1795\" data-end=\"2102\">\n<li data-start=\"1795\" data-end=\"1814\">\n<p data-start=\"1797\" data-end=\"1814\"><strong data-start=\"1797\" data-end=\"1806\">Taille :<\/strong> grande<\/p>\n<\/li>\n<li data-start=\"1815\" data-end=\"1843\">\n<p data-start=\"1817\" data-end=\"1843\"><strong data-start=\"1817\" data-end=\"1831\">Type de masque :<\/strong> facial int\u00e9gral<\/p>\n<\/li>\n<li data-start=\"1844\" data-end=\"1897\">\n<p data-start=\"1846\" data-end=\"1897\"><strong data-start=\"1846\" data-end=\"1870\">Composants inclus :<\/strong> Cadre, coussin, harnais<\/p>\n<\/li>\n<li data-start=\"1898\" data-end=\"1969\">\n<p data-start=\"1900\" data-end=\"1969\"><strong data-start=\"1900\" data-end=\"1926\">Compatibilit\u00e9 avec les appareils :<\/strong> Fonctionne avec les appareils CPAP, APAP et BiPAP<\/p>\n<\/li>\n<li data-start=\"1970\" data-end=\"2009\">\n<p data-start=\"1972\" data-end=\"2009\"><strong data-start=\"1972\" data-end=\"1986\">Mat\u00e9riaux :<\/strong> Sans latex, sans BPA<\/p>\n<\/li>\n<li data-start=\"2010\" data-end=\"2044\">\n<p data-start=\"2012\" data-end=\"2044\"><strong data-start=\"2012\" data-end=\"2033\">Mat\u00e9riau du coussin :<\/strong> silicone<\/p>\n<\/li>\n<li data-start=\"2045\" data-end=\"2102\">\n<p data-start=\"2047\" data-end=\"2102\"><strong data-start=\"2047\" data-end=\"2066\">Style de harnais :<\/strong> Sangles sup\u00e9rieures avec support dorsal<\/p>\n<\/li>\n<\/ul>\n<hr data-start=\"2104\" data-end=\"2107\">\n<h3 data-start=\"2109\" data-end=\"2128\"><strong data-start=\"2113\" data-end=\"2126\">Id\u00e9al pour<\/strong><\/h3>\n<ul data-start=\"2129\" data-end=\"2393\">\n<li data-start=\"2129\" data-end=\"2186\">\n<p data-start=\"2131\" data-end=\"2186\">Utilisateurs de CPAP qui respirent par la bouche pendant leur sommeil<\/p>\n<\/li>\n<li data-start=\"2187\" data-end=\"2251\">\n<p data-start=\"2189\" data-end=\"2251\">Personnes n\u00e9cessitant un ajustement de grande taille avec une couverture faciale int\u00e9grale<\/p>\n<\/li>\n<li data-start=\"2252\" data-end=\"2322\">\n<p data-start=\"2254\" data-end=\"2322\">Utilisateurs recherchant le confort, la stabilit\u00e9 et une conception \u00e0 faible entretien<\/p>\n<\/li>\n<li data-start=\"2323\" data-end=\"2393\">\n<p data-start=\"2325\" data-end=\"2393\">Ceux qui souhaitent un masque s\u00fbr qui reste en place toute la nuit<\/p>\n<\/li>\n<\/ul>\n","protected":false},"excerpt":{"rendered":"<p>Con\u00e7u pour le confort et la simplicit\u00e9, le masque facial int\u00e9gral Simplus offre une \u00e9tanch\u00e9it\u00e9 fiable, un ajustement s\u00fbr et une conception facile \u00e0 utiliser \u2013 id\u00e9al pour une th\u00e9rapie CPAP efficace avec un minimum de tracas.<\/p>\n","protected":false},"featured_media":40781,"template":"","meta":[],"product_brand":[369],"product_cat":[365],"product_tag":[],"class_list":{"0":"post-41618","1":"product","2":"type-product","3":"status-publish","4":"has-post-thumbnail","6":"product_brand-fisher-paykel","7":"product_cat-masque","9":"first","10":"instock","11":"shipping-taxable","12":"purchasable","13":"product-type-simple"},"yoast_head":"<!-- This site is optimized with the Yoast SEO plugin v27.4 - https:\/\/yoast.com\/product\/yoast-seo-wordpress\/ -->\n<title>Masque Simplus Grand - Dorma Sleep Clinics<\/title>\n<meta name=\"robots\" content=\"index, follow, max-snippet:-1, max-image-preview:large, max-video-preview:-1\" \/>\n<link rel=\"canonical\" href=\"https:\/\/dormalab.com\/fr\/produit\/masque-simplus-grand\/\" \/>\n<meta property=\"og:locale\" content=\"fr_FR\" \/>\n<meta property=\"og:type\" content=\"article\" \/>\n<meta property=\"og:title\" content=\"Masque Simplus Grand - Dorma Sleep Clinics\" \/>\n<meta property=\"og:description\" content=\"Con\u00e7u pour le confort et la simplicit\u00e9, le masque facial int\u00e9gral Simplus offre une \u00e9tanch\u00e9it\u00e9 fiable, un ajustement s\u00fbr et une conception facile \u00e0 utiliser - id\u00e9al pour une th\u00e9rapie CPAP efficace avec un minimum de tracas.\" \/>\n<meta property=\"og:url\" content=\"https:\/\/dormalab.com\/fr\/produit\/masque-simplus-grand\/\" \/>\n<meta property=\"og:site_name\" content=\"Dorma Sleep Clinics\" \/>\n<meta property=\"article:modified_time\" content=\"2025-12-09T19:38:31+00:00\" \/>\n<meta property=\"og:image\" content=\"https:\/\/dormalab.com\/wp-content\/uploads\/2025\/04\/Simplus-Front-scaled-1.jpg\" \/>\n\t<meta property=\"og:image:width\" content=\"2270\" \/>\n\t<meta property=\"og:image:height\" content=\"2560\" \/>\n\t<meta property=\"og:image:type\" content=\"image\/jpeg\" \/>\n<meta name=\"twitter:card\" content=\"summary_large_image\" \/>\n<meta name=\"twitter:label1\" content=\"Dur\u00e9e de lecture estim\u00e9e\" \/>\n\t<meta name=\"twitter:data1\" content=\"2 minute\" \/>\n<script type=\"application\/ld+json\" class=\"yoast-schema-graph\">{\"@context\":\"https:\\\/\\\/schema.org\",\"@graph\":[{\"@type\":\"WebPage\",\"@id\":\"https:\\\/\\\/dormalab.com\\\/fr\\\/produit\\\/masque-simplus-grand\\\/\",\"url\":\"https:\\\/\\\/dormalab.com\\\/fr\\\/produit\\\/masque-simplus-grand\\\/\",\"name\":\"Masque Simplus Grand - Dorma Sleep Clinics\",\"isPartOf\":{\"@id\":\"https:\\\/\\\/dormalab.com\\\/fr\\\/#website\"},\"primaryImageOfPage\":{\"@id\":\"https:\\\/\\\/dormalab.com\\\/fr\\\/produit\\\/masque-simplus-grand\\\/#primaryimage\"},\"image\":{\"@id\":\"https:\\\/\\\/dormalab.com\\\/fr\\\/produit\\\/masque-simplus-grand\\\/#primaryimage\"},\"thumbnailUrl\":\"https:\\\/\\\/dormalab.com\\\/wp-content\\\/uploads\\\/2025\\\/04\\\/Simplus-Front-scaled-1.jpg\",\"datePublished\":\"2025-04-28T16:46:46+00:00\",\"dateModified\":\"2025-12-09T19:38:31+00:00\",\"breadcrumb\":{\"@id\":\"https:\\\/\\\/dormalab.com\\\/fr\\\/produit\\\/masque-simplus-grand\\\/#breadcrumb\"},\"inLanguage\":\"fr-FR\",\"potentialAction\":[{\"@type\":\"ReadAction\",\"target\":[\"https:\\\/\\\/dormalab.com\\\/fr\\\/produit\\\/masque-simplus-grand\\\/\"]}]},{\"@type\":\"ImageObject\",\"inLanguage\":\"fr-FR\",\"@id\":\"https:\\\/\\\/dormalab.com\\\/fr\\\/produit\\\/masque-simplus-grand\\\/#primaryimage\",\"url\":\"https:\\\/\\\/dormalab.com\\\/wp-content\\\/uploads\\\/2025\\\/04\\\/Simplus-Front-scaled-1.jpg\",\"contentUrl\":\"https:\\\/\\\/dormalab.com\\\/wp-content\\\/uploads\\\/2025\\\/04\\\/Simplus-Front-scaled-1.jpg\",\"width\":2270,\"height\":2560},{\"@type\":\"BreadcrumbList\",\"@id\":\"https:\\\/\\\/dormalab.com\\\/fr\\\/produit\\\/masque-simplus-grand\\\/#breadcrumb\",\"itemListElement\":[{\"@type\":\"ListItem\",\"position\":1,\"name\":\"Home\",\"item\":\"https:\\\/\\\/dormalab.com\\\/fr\\\/\"},{\"@type\":\"ListItem\",\"position\":2,\"name\":\"Boutique\",\"item\":\"https:\\\/\\\/dormalab.com\\\/fr\\\/boutique\\\/\"},{\"@type\":\"ListItem\",\"position\":3,\"name\":\"Masque Simplus Grand\"}]},{\"@type\":\"WebSite\",\"@id\":\"https:\\\/\\\/dormalab.com\\\/fr\\\/#website\",\"url\":\"https:\\\/\\\/dormalab.com\\\/fr\\\/\",\"name\":\"Dorma Sleep Clinics\",\"description\":\"Sleep Well Live Well\",\"publisher\":{\"@id\":\"https:\\\/\\\/dormalab.com\\\/fr\\\/#organization\"},\"potentialAction\":[{\"@type\":\"SearchAction\",\"target\":{\"@type\":\"EntryPoint\",\"urlTemplate\":\"https:\\\/\\\/dormalab.com\\\/fr\\\/?s={search_term_string}\"},\"query-input\":{\"@type\":\"PropertyValueSpecification\",\"valueRequired\":true,\"valueName\":\"search_term_string\"}}],\"inLanguage\":\"fr-FR\"},{\"@type\":\"Organization\",\"@id\":\"https:\\\/\\\/dormalab.com\\\/fr\\\/#organization\",\"name\":\"Dorma Clinique Du Sommeil\",\"url\":\"https:\\\/\\\/dormalab.com\\\/fr\\\/\",\"logo\":{\"@type\":\"ImageObject\",\"inLanguage\":\"fr-FR\",\"@id\":\"https:\\\/\\\/dormalab.com\\\/fr\\\/#\\\/schema\\\/logo\\\/image\\\/\",\"url\":\"https:\\\/\\\/dormalab.com\\\/wp-content\\\/uploads\\\/2019\\\/10\\\/Dorma-Logotype-RGB-Black-scaled-e1578787470924.png\",\"contentUrl\":\"https:\\\/\\\/dormalab.com\\\/wp-content\\\/uploads\\\/2019\\\/10\\\/Dorma-Logotype-RGB-Black-scaled-e1578787470924.png\",\"width\":120,\"height\":25,\"caption\":\"Dorma Clinique Du Sommeil\"},\"image\":{\"@id\":\"https:\\\/\\\/dormalab.com\\\/fr\\\/#\\\/schema\\\/logo\\\/image\\\/\"}}]}<\/script>\n<!-- \/ Yoast SEO plugin. -->","yoast_head_json":{"title":"Masque Simplus Grand - Dorma Sleep Clinics","robots":{"index":"index","follow":"follow","max-snippet":"max-snippet:-1","max-image-preview":"max-image-preview:large","max-video-preview":"max-video-preview:-1"},"canonical":"https:\/\/dormalab.com\/fr\/produit\/masque-simplus-grand\/","og_locale":"fr_FR","og_type":"article","og_title":"Masque Simplus Grand - Dorma Sleep Clinics","og_description":"Con\u00e7u pour le confort et la simplicit\u00e9, le masque facial int\u00e9gral Simplus offre une \u00e9tanch\u00e9it\u00e9 fiable, un ajustement s\u00fbr et une conception facile \u00e0 utiliser - id\u00e9al pour une th\u00e9rapie CPAP efficace avec un minimum de tracas.","og_url":"https:\/\/dormalab.com\/fr\/produit\/masque-simplus-grand\/","og_site_name":"Dorma Sleep Clinics","article_modified_time":"2025-12-09T19:38:31+00:00","og_image":[{"width":2270,"height":2560,"url":"https:\/\/dormalab.com\/wp-content\/uploads\/2025\/04\/Simplus-Front-scaled-1.jpg","type":"image\/jpeg"}],"twitter_card":"summary_large_image","twitter_misc":{"Dur\u00e9e de lecture estim\u00e9e":"2 minute"},"schema":{"@context":"https:\/\/schema.org","@graph":[{"@type":"WebPage","@id":"https:\/\/dormalab.com\/fr\/produit\/masque-simplus-grand\/","url":"https:\/\/dormalab.com\/fr\/produit\/masque-simplus-grand\/","name":"Masque Simplus Grand - Dorma Sleep Clinics","isPartOf":{"@id":"https:\/\/dormalab.com\/fr\/#website"},"primaryImageOfPage":{"@id":"https:\/\/dormalab.com\/fr\/produit\/masque-simplus-grand\/#primaryimage"},"image":{"@id":"https:\/\/dormalab.com\/fr\/produit\/masque-simplus-grand\/#primaryimage"},"thumbnailUrl":"https:\/\/dormalab.com\/wp-content\/uploads\/2025\/04\/Simplus-Front-scaled-1.jpg","datePublished":"2025-04-28T16:46:46+00:00","dateModified":"2025-12-09T19:38:31+00:00","breadcrumb":{"@id":"https:\/\/dormalab.com\/fr\/produit\/masque-simplus-grand\/#breadcrumb"},"inLanguage":"fr-FR","potentialAction":[{"@type":"ReadAction","target":["https:\/\/dormalab.com\/fr\/produit\/masque-simplus-grand\/"]}]},{"@type":"ImageObject","inLanguage":"fr-FR","@id":"https:\/\/dormalab.com\/fr\/produit\/masque-simplus-grand\/#primaryimage","url":"https:\/\/dormalab.com\/wp-content\/uploads\/2025\/04\/Simplus-Front-scaled-1.jpg","contentUrl":"https:\/\/dormalab.com\/wp-content\/uploads\/2025\/04\/Simplus-Front-scaled-1.jpg","width":2270,"height":2560},{"@type":"BreadcrumbList","@id":"https:\/\/dormalab.com\/fr\/produit\/masque-simplus-grand\/#breadcrumb","itemListElement":[{"@type":"ListItem","position":1,"name":"Home","item":"https:\/\/dormalab.com\/fr\/"},{"@type":"ListItem","position":2,"name":"Boutique","item":"https:\/\/dormalab.com\/fr\/boutique\/"},{"@type":"ListItem","position":3,"name":"Masque Simplus Grand"}]},{"@type":"WebSite","@id":"https:\/\/dormalab.com\/fr\/#website","url":"https:\/\/dormalab.com\/fr\/","name":"Dorma Sleep Clinics","description":"Sleep Well Live Well","publisher":{"@id":"https:\/\/dormalab.com\/fr\/#organization"},"potentialAction":[{"@type":"SearchAction","target":{"@type":"EntryPoint","urlTemplate":"https:\/\/dormalab.com\/fr\/?s={search_term_string}"},"query-input":{"@type":"PropertyValueSpecification","valueRequired":true,"valueName":"search_term_string"}}],"inLanguage":"fr-FR"},{"@type":"Organization","@id":"https:\/\/dormalab.com\/fr\/#organization","name":"Dorma Clinique Du Sommeil","url":"https:\/\/dormalab.com\/fr\/","logo":{"@type":"ImageObject","inLanguage":"fr-FR","@id":"https:\/\/dormalab.com\/fr\/#\/schema\/logo\/image\/","url":"https:\/\/dormalab.com\/wp-content\/uploads\/2019\/10\/Dorma-Logotype-RGB-Black-scaled-e1578787470924.png","contentUrl":"https:\/\/dormalab.com\/wp-content\/uploads\/2019\/10\/Dorma-Logotype-RGB-Black-scaled-e1578787470924.png","width":120,"height":25,"caption":"Dorma Clinique Du Sommeil"},"image":{"@id":"https:\/\/dormalab.com\/fr\/#\/schema\/logo\/image\/"}}]}},"_links":{"self":[{"href":"https:\/\/dormalab.com\/fr\/wp-json\/wp\/v2\/product\/41618","targetHints":{"allow":["GET"]}}],"collection":[{"href":"https:\/\/dormalab.com\/fr\/wp-json\/wp\/v2\/product"}],"about":[{"href":"https:\/\/dormalab.com\/fr\/wp-json\/wp\/v2\/types\/product"}],"version-history":[{"count":0,"href":"https:\/\/dormalab.com\/fr\/wp-json\/wp\/v2\/product\/41618\/revisions"}],"wp:featuredmedia":[{"embeddable":true,"href":"https:\/\/dormalab.com\/fr\/wp-json\/wp\/v2\/media\/40781"}],"wp:attachment":[{"href":"https:\/\/dormalab.com\/fr\/wp-json\/wp\/v2\/media?parent=41618"}],"wp:term":[{"taxonomy":"product_brand","embeddable":true,"href":"https:\/\/dormalab.com\/fr\/wp-json\/wp\/v2\/product_brand?post=41618"},{"taxonomy":"product_cat","embeddable":true,"href":"https:\/\/dormalab.com\/fr\/wp-json\/wp\/v2\/product_cat?post=41618"},{"taxonomy":"product_tag","embeddable":true,"href":"https:\/\/dormalab.com\/fr\/wp-json\/wp\/v2\/product_tag?post=41618"}],"curies":[{"name":"wp","href":"https:\/\/api.w.org\/{rel}","templated":true}]}}