{"id":41620,"date":"2025-04-28T12:46:56","date_gmt":"2025-04-28T16:46:56","guid":{"rendered":"https:\/\/dormalab.com\/product\/masque-airfit-p10-fit-pack-standard\/"},"modified":"2025-12-09T14:38:33","modified_gmt":"2025-12-09T19:38:33","slug":"masque-airfit-p10-fit-pack-standard","status":"publish","type":"product","link":"https:\/\/dormalab.com\/fr\/produit\/masque-airfit-p10-fit-pack-standard\/","title":{"rendered":"Masque AirFit P10 Fit Pack Standard"},"content":{"rendered":"<p data-start=\"171\" data-end=\"487\">L&rsquo;<strong data-start=\"175\" data-end=\"210\">AirFit\u2122 P10 Fit Pack (Standard)<\/strong> est un masque <a href=\"https:\/\/dormalab.com\/continuous-positive-airflow-pressure-cpap\/\" data-internallinksmanager029f6b8e52c=\"1\" title=\"Continuous Positive Airflow Pressure (CPAP)\">CPAP<\/a> \u00e0 coussins nasaux \u00e9l\u00e9gant et hautement efficace, con\u00e7u pour offrir confort, performance et simplicit\u00e9 \u00e0 une large gamme d&rsquo;utilisateurs. Il allie des mat\u00e9riaux ultra-l\u00e9gers, un design minimaliste et un fonctionnement silencieux pour garantir une exp\u00e9rience de th\u00e9rapie du sommeil reposante et discr\u00e8te. <\/p>\n<p data-start=\"489\" data-end=\"794\">Con\u00e7u dans un souci de facilit\u00e9 d&rsquo;utilisation, le masque est dot\u00e9 de <strong data-start=\"544\" data-end=\"571\">coussins nasaux \u00e0 double paroi<\/strong> qui offrent une \u00e9tanch\u00e9it\u00e9 fiable tout en permettant un mouvement naturel pendant le sommeil. Son profil \u00e9pur\u00e9 et son harnais souple aux accents gris assurent une stabilit\u00e9 sans encombrement, le rendant id\u00e9al pour les utilisateurs qui pr\u00e9f\u00e8rent un contact facial minimal. <\/p>\n<p data-start=\"796\" data-end=\"1138\">Ce <strong data-start=\"801\" data-end=\"872\">Fit Pack comprend trois tailles de coussins nasaux \u2013 Petit, Moyen et Grand<\/strong> \u2013 offrant aux utilisateurs la flexibilit\u00e9 de trouver l&rsquo;ajustement le plus confortable et efficace d\u00e8s la sortie de la bo\u00eete. La technologie innovante <strong data-start=\"986\" data-end=\"1015\">QuietAir\u2122<\/strong> r\u00e9duit significativement le bruit du flux d&rsquo;air, rendant le masque presque silencieux pendant l&rsquo;utilisation \u2013 parfait pour les dormeurs l\u00e9gers et les partenaires de lit. <\/p>\n<p data-start=\"1140\" data-end=\"1391\">La <strong data-start=\"1144\" data-end=\"1170\">conception \u00e0 contact minimal<\/strong> de l&rsquo;AirFit P10 aide \u00e0 r\u00e9duire les marques faciales et les points de pression, am\u00e9liorant le confort pour les dormeurs sur le c\u00f4t\u00e9 et les dormeurs actifs. Son <strong data-start=\"1298\" data-end=\"1318\">harnais \u00e0 glissi\u00e8re<\/strong> intuitif permet un ajustement et un retrait sans effort, m\u00eame dans des conditions de faible luminosit\u00e9. <\/p>\n<p data-start=\"1393\" data-end=\"1609\" data-is-last-node=\"\" data-is-only-node=\"\">Dans l&rsquo;ensemble, l&rsquo;<strong data-start=\"1406\" data-end=\"1441\">AirFit\u2122 P10 Fit Pack (Standard)<\/strong> offre un m\u00e9lange id\u00e9al de <strong data-start=\"1469\" data-end=\"1507\">confort, silence et efficacit\u00e9<\/strong>, en faisant un choix de premier plan pour les utilisateurs de CPAP \u00e0 la recherche d&rsquo;une solution \u00e0 coussins nasaux l\u00e9g\u00e8re et conviviale.<\/p>\n","protected":false},"excerpt":{"rendered":"<p>L&rsquo;<strong data-start=\"164\" data-end=\"199\">AirFit\u2122 P10 Fit Pack (Standard)<\/strong> est un masque CPAP \u00e0 coussins nasaux l\u00e9ger et ultra-silencieux, con\u00e7u pour le confort et la simplicit\u00e9. Il pr\u00e9sente un design minimaliste avec un harnais souple aux accents gris et inclut plusieurs tailles de coussins pour un ajustement personnalis\u00e9 et un confort optimal. <\/p>\n","protected":false},"featured_media":40864,"template":"","meta":[],"product_brand":[368],"product_cat":[365],"product_tag":[],"class_list":{"0":"post-41620","1":"product","2":"type-product","3":"status-publish","4":"has-post-thumbnail","6":"product_brand-resmed","7":"product_cat-masque","9":"first","10":"instock","11":"shipping-taxable","12":"purchasable","13":"product-type-simple"},"yoast_head":"<!-- This site is optimized with the Yoast SEO plugin v27.5 - https:\/\/yoast.com\/product\/yoast-seo-wordpress\/ -->\n<title>Masque AirFit P10 Fit Pack Standard - Dorma Sleep Clinics<\/title>\n<meta name=\"robots\" content=\"index, follow, max-snippet:-1, max-image-preview:large, max-video-preview:-1\" \/>\n<link rel=\"canonical\" href=\"https:\/\/dormalab.com\/fr\/produit\/masque-airfit-p10-fit-pack-standard\/\" \/>\n<meta property=\"og:locale\" content=\"fr_FR\" \/>\n<meta property=\"og:type\" content=\"article\" \/>\n<meta property=\"og:title\" content=\"Masque AirFit P10 Fit Pack Standard - Dorma Sleep Clinics\" \/>\n<meta property=\"og:description\" content=\"L&#039;AirFit\u2122 P10 Fit Pack (Standard) est un masque CPAP \u00e0 coussins nasaux l\u00e9ger et ultra-silencieux, con\u00e7u pour le confort et la simplicit\u00e9. Il pr\u00e9sente un design minimaliste avec un harnais souple aux accents gris et inclut plusieurs tailles de coussins pour un ajustement personnalis\u00e9 et un confort optimal.\" \/>\n<meta property=\"og:url\" content=\"https:\/\/dormalab.com\/fr\/produit\/masque-airfit-p10-fit-pack-standard\/\" \/>\n<meta property=\"og:site_name\" content=\"Dorma Sleep Clinics\" \/>\n<meta property=\"article:modified_time\" content=\"2025-12-09T19:38:33+00:00\" \/>\n<meta property=\"og:image\" content=\"https:\/\/dormalab.com\/wp-content\/uploads\/2025\/04\/Capture-5.png\" \/>\n\t<meta property=\"og:image:width\" content=\"399\" \/>\n\t<meta property=\"og:image:height\" content=\"412\" \/>\n\t<meta property=\"og:image:type\" content=\"image\/png\" \/>\n<meta name=\"twitter:card\" content=\"summary_large_image\" \/>\n<meta name=\"twitter:label1\" content=\"Dur\u00e9e de lecture estim\u00e9e\" \/>\n\t<meta name=\"twitter:data1\" content=\"1 minute\" \/>\n<script type=\"application\/ld+json\" class=\"yoast-schema-graph\">{\"@context\":\"https:\\\/\\\/schema.org\",\"@graph\":[{\"@type\":\"WebPage\",\"@id\":\"https:\\\/\\\/dormalab.com\\\/fr\\\/produit\\\/masque-airfit-p10-fit-pack-standard\\\/\",\"url\":\"https:\\\/\\\/dormalab.com\\\/fr\\\/produit\\\/masque-airfit-p10-fit-pack-standard\\\/\",\"name\":\"Masque AirFit P10 Fit Pack Standard - Dorma Sleep Clinics\",\"isPartOf\":{\"@id\":\"https:\\\/\\\/dormalab.com\\\/fr\\\/#website\"},\"primaryImageOfPage\":{\"@id\":\"https:\\\/\\\/dormalab.com\\\/fr\\\/produit\\\/masque-airfit-p10-fit-pack-standard\\\/#primaryimage\"},\"image\":{\"@id\":\"https:\\\/\\\/dormalab.com\\\/fr\\\/produit\\\/masque-airfit-p10-fit-pack-standard\\\/#primaryimage\"},\"thumbnailUrl\":\"https:\\\/\\\/dormalab.com\\\/wp-content\\\/uploads\\\/2025\\\/04\\\/Capture-5.png\",\"datePublished\":\"2025-04-28T16:46:56+00:00\",\"dateModified\":\"2025-12-09T19:38:33+00:00\",\"breadcrumb\":{\"@id\":\"https:\\\/\\\/dormalab.com\\\/fr\\\/produit\\\/masque-airfit-p10-fit-pack-standard\\\/#breadcrumb\"},\"inLanguage\":\"fr-FR\",\"potentialAction\":[{\"@type\":\"ReadAction\",\"target\":[\"https:\\\/\\\/dormalab.com\\\/fr\\\/produit\\\/masque-airfit-p10-fit-pack-standard\\\/\"]}]},{\"@type\":\"ImageObject\",\"inLanguage\":\"fr-FR\",\"@id\":\"https:\\\/\\\/dormalab.com\\\/fr\\\/produit\\\/masque-airfit-p10-fit-pack-standard\\\/#primaryimage\",\"url\":\"https:\\\/\\\/dormalab.com\\\/wp-content\\\/uploads\\\/2025\\\/04\\\/Capture-5.png\",\"contentUrl\":\"https:\\\/\\\/dormalab.com\\\/wp-content\\\/uploads\\\/2025\\\/04\\\/Capture-5.png\",\"width\":399,\"height\":412},{\"@type\":\"BreadcrumbList\",\"@id\":\"https:\\\/\\\/dormalab.com\\\/fr\\\/produit\\\/masque-airfit-p10-fit-pack-standard\\\/#breadcrumb\",\"itemListElement\":[{\"@type\":\"ListItem\",\"position\":1,\"name\":\"Home\",\"item\":\"https:\\\/\\\/dormalab.com\\\/fr\\\/\"},{\"@type\":\"ListItem\",\"position\":2,\"name\":\"Boutique\",\"item\":\"https:\\\/\\\/dormalab.com\\\/fr\\\/boutique\\\/\"},{\"@type\":\"ListItem\",\"position\":3,\"name\":\"Masque AirFit P10 Fit Pack Standard\"}]},{\"@type\":\"WebSite\",\"@id\":\"https:\\\/\\\/dormalab.com\\\/fr\\\/#website\",\"url\":\"https:\\\/\\\/dormalab.com\\\/fr\\\/\",\"name\":\"Dorma Sleep Clinics\",\"description\":\"Sleep Well Live Well\",\"publisher\":{\"@id\":\"https:\\\/\\\/dormalab.com\\\/fr\\\/#organization\"},\"potentialAction\":[{\"@type\":\"SearchAction\",\"target\":{\"@type\":\"EntryPoint\",\"urlTemplate\":\"https:\\\/\\\/dormalab.com\\\/fr\\\/?s={search_term_string}\"},\"query-input\":{\"@type\":\"PropertyValueSpecification\",\"valueRequired\":true,\"valueName\":\"search_term_string\"}}],\"inLanguage\":\"fr-FR\"},{\"@type\":\"Organization\",\"@id\":\"https:\\\/\\\/dormalab.com\\\/fr\\\/#organization\",\"name\":\"Dorma Clinique Du Sommeil\",\"url\":\"https:\\\/\\\/dormalab.com\\\/fr\\\/\",\"logo\":{\"@type\":\"ImageObject\",\"inLanguage\":\"fr-FR\",\"@id\":\"https:\\\/\\\/dormalab.com\\\/fr\\\/#\\\/schema\\\/logo\\\/image\\\/\",\"url\":\"https:\\\/\\\/dormalab.com\\\/wp-content\\\/uploads\\\/2019\\\/10\\\/Dorma-Logotype-RGB-Black-scaled-e1578787470924.png\",\"contentUrl\":\"https:\\\/\\\/dormalab.com\\\/wp-content\\\/uploads\\\/2019\\\/10\\\/Dorma-Logotype-RGB-Black-scaled-e1578787470924.png\",\"width\":120,\"height\":25,\"caption\":\"Dorma Clinique Du Sommeil\"},\"image\":{\"@id\":\"https:\\\/\\\/dormalab.com\\\/fr\\\/#\\\/schema\\\/logo\\\/image\\\/\"}}]}<\/script>\n<!-- \/ Yoast SEO plugin. -->","yoast_head_json":{"title":"Masque AirFit P10 Fit Pack Standard - Dorma Sleep Clinics","robots":{"index":"index","follow":"follow","max-snippet":"max-snippet:-1","max-image-preview":"max-image-preview:large","max-video-preview":"max-video-preview:-1"},"canonical":"https:\/\/dormalab.com\/fr\/produit\/masque-airfit-p10-fit-pack-standard\/","og_locale":"fr_FR","og_type":"article","og_title":"Masque AirFit P10 Fit Pack Standard - Dorma Sleep Clinics","og_description":"L'AirFit\u2122 P10 Fit Pack (Standard) est un masque CPAP \u00e0 coussins nasaux l\u00e9ger et ultra-silencieux, con\u00e7u pour le confort et la simplicit\u00e9. Il pr\u00e9sente un design minimaliste avec un harnais souple aux accents gris et inclut plusieurs tailles de coussins pour un ajustement personnalis\u00e9 et un confort optimal.","og_url":"https:\/\/dormalab.com\/fr\/produit\/masque-airfit-p10-fit-pack-standard\/","og_site_name":"Dorma Sleep Clinics","article_modified_time":"2025-12-09T19:38:33+00:00","og_image":[{"width":399,"height":412,"url":"https:\/\/dormalab.com\/wp-content\/uploads\/2025\/04\/Capture-5.png","type":"image\/png"}],"twitter_card":"summary_large_image","twitter_misc":{"Dur\u00e9e de lecture estim\u00e9e":"1 minute"},"schema":{"@context":"https:\/\/schema.org","@graph":[{"@type":"WebPage","@id":"https:\/\/dormalab.com\/fr\/produit\/masque-airfit-p10-fit-pack-standard\/","url":"https:\/\/dormalab.com\/fr\/produit\/masque-airfit-p10-fit-pack-standard\/","name":"Masque AirFit P10 Fit Pack Standard - Dorma Sleep Clinics","isPartOf":{"@id":"https:\/\/dormalab.com\/fr\/#website"},"primaryImageOfPage":{"@id":"https:\/\/dormalab.com\/fr\/produit\/masque-airfit-p10-fit-pack-standard\/#primaryimage"},"image":{"@id":"https:\/\/dormalab.com\/fr\/produit\/masque-airfit-p10-fit-pack-standard\/#primaryimage"},"thumbnailUrl":"https:\/\/dormalab.com\/wp-content\/uploads\/2025\/04\/Capture-5.png","datePublished":"2025-04-28T16:46:56+00:00","dateModified":"2025-12-09T19:38:33+00:00","breadcrumb":{"@id":"https:\/\/dormalab.com\/fr\/produit\/masque-airfit-p10-fit-pack-standard\/#breadcrumb"},"inLanguage":"fr-FR","potentialAction":[{"@type":"ReadAction","target":["https:\/\/dormalab.com\/fr\/produit\/masque-airfit-p10-fit-pack-standard\/"]}]},{"@type":"ImageObject","inLanguage":"fr-FR","@id":"https:\/\/dormalab.com\/fr\/produit\/masque-airfit-p10-fit-pack-standard\/#primaryimage","url":"https:\/\/dormalab.com\/wp-content\/uploads\/2025\/04\/Capture-5.png","contentUrl":"https:\/\/dormalab.com\/wp-content\/uploads\/2025\/04\/Capture-5.png","width":399,"height":412},{"@type":"BreadcrumbList","@id":"https:\/\/dormalab.com\/fr\/produit\/masque-airfit-p10-fit-pack-standard\/#breadcrumb","itemListElement":[{"@type":"ListItem","position":1,"name":"Home","item":"https:\/\/dormalab.com\/fr\/"},{"@type":"ListItem","position":2,"name":"Boutique","item":"https:\/\/dormalab.com\/fr\/boutique\/"},{"@type":"ListItem","position":3,"name":"Masque AirFit P10 Fit Pack Standard"}]},{"@type":"WebSite","@id":"https:\/\/dormalab.com\/fr\/#website","url":"https:\/\/dormalab.com\/fr\/","name":"Dorma Sleep Clinics","description":"Sleep Well Live Well","publisher":{"@id":"https:\/\/dormalab.com\/fr\/#organization"},"potentialAction":[{"@type":"SearchAction","target":{"@type":"EntryPoint","urlTemplate":"https:\/\/dormalab.com\/fr\/?s={search_term_string}"},"query-input":{"@type":"PropertyValueSpecification","valueRequired":true,"valueName":"search_term_string"}}],"inLanguage":"fr-FR"},{"@type":"Organization","@id":"https:\/\/dormalab.com\/fr\/#organization","name":"Dorma Clinique Du Sommeil","url":"https:\/\/dormalab.com\/fr\/","logo":{"@type":"ImageObject","inLanguage":"fr-FR","@id":"https:\/\/dormalab.com\/fr\/#\/schema\/logo\/image\/","url":"https:\/\/dormalab.com\/wp-content\/uploads\/2019\/10\/Dorma-Logotype-RGB-Black-scaled-e1578787470924.png","contentUrl":"https:\/\/dormalab.com\/wp-content\/uploads\/2019\/10\/Dorma-Logotype-RGB-Black-scaled-e1578787470924.png","width":120,"height":25,"caption":"Dorma Clinique Du Sommeil"},"image":{"@id":"https:\/\/dormalab.com\/fr\/#\/schema\/logo\/image\/"}}]}},"_links":{"self":[{"href":"https:\/\/dormalab.com\/fr\/wp-json\/wp\/v2\/product\/41620","targetHints":{"allow":["GET"]}}],"collection":[{"href":"https:\/\/dormalab.com\/fr\/wp-json\/wp\/v2\/product"}],"about":[{"href":"https:\/\/dormalab.com\/fr\/wp-json\/wp\/v2\/types\/product"}],"version-history":[{"count":0,"href":"https:\/\/dormalab.com\/fr\/wp-json\/wp\/v2\/product\/41620\/revisions"}],"wp:featuredmedia":[{"embeddable":true,"href":"https:\/\/dormalab.com\/fr\/wp-json\/wp\/v2\/media\/40864"}],"wp:attachment":[{"href":"https:\/\/dormalab.com\/fr\/wp-json\/wp\/v2\/media?parent=41620"}],"wp:term":[{"taxonomy":"product_brand","embeddable":true,"href":"https:\/\/dormalab.com\/fr\/wp-json\/wp\/v2\/product_brand?post=41620"},{"taxonomy":"product_cat","embeddable":true,"href":"https:\/\/dormalab.com\/fr\/wp-json\/wp\/v2\/product_cat?post=41620"},{"taxonomy":"product_tag","embeddable":true,"href":"https:\/\/dormalab.com\/fr\/wp-json\/wp\/v2\/product_tag?post=41620"}],"curies":[{"name":"wp","href":"https:\/\/api.w.org\/{rel}","templated":true}]}}