{"id":41621,"date":"2025-04-28T12:46:41","date_gmt":"2025-04-28T16:46:41","guid":{"rendered":"https:\/\/dormalab.com\/product\/masque-simplus-petit\/"},"modified":"2025-12-09T14:38:34","modified_gmt":"2025-12-09T19:38:34","slug":"masque-simplus-petit","status":"publish","type":"product","link":"https:\/\/dormalab.com\/fr\/produit\/masque-simplus-petit\/","title":{"rendered":"Masque Simplus Petit"},"content":{"rendered":"<p data-start=\"596\" data-end=\"909\">Le <strong data-start=\"600\" data-end=\"626\">masque facial int\u00e9gral Simplus<\/strong> de Fisher &amp; Paykel est con\u00e7u dans un souci de simplicit\u00e9, de confort et de performance, ce qui le rend id\u00e9al pour les utilisateurs de <a href=\"https:\/\/dormalab.com\/continuous-positive-airflow-pressure-cpap\/\" data-internallinksmanager029f6b8e52c=\"1\" title=\"Continuous Positive Airflow Pressure (CPAP)\">CPAP<\/a> qui respirent par la bouche ou n\u00e9cessitent une couverture faciale compl\u00e8te. Cette version de petite taille offre une \u00e9tanch\u00e9it\u00e9 efficace et un ajustement s\u00e9curis\u00e9 pour les utilisateurs ayant des traits faciaux plus petits. <\/p>\n<p data-start=\"911\" data-end=\"1214\">Construit avec seulement trois composants principaux \u2013 le <strong data-start=\"953\" data-end=\"970\">joint RollFit\u2122<\/strong>, le <strong data-start=\"972\" data-end=\"994\">harnais ErgoForm\u2122<\/strong> et le <strong data-start=\"1000\" data-end=\"1014\">cadre Easy Frame<\/strong> \u2013 le Simplus est facile \u00e0 assembler, \u00e0 nettoyer et \u00e0 ajuster. Son cadre \u00e0 profil bas offre un champ de vision d\u00e9gag\u00e9 tandis que le joint souple et flexible s&rsquo;adapte automatiquement aux mouvements du visage tout au long de la nuit. <\/p>\n<p data-start=\"1216\" data-end=\"1422\">Ce masque est con\u00e7u pour r\u00e9duire la pression sur l&rsquo;ar\u00eate nasale et rester en place, m\u00eame pour les dormeurs actifs. Sa conception l\u00e9g\u00e8re et ses pi\u00e8ces intuitives rendent la th\u00e9rapie nocturne simple, efficace et confortable. <\/p>\n<hr data-start=\"1424\" data-end=\"1427\">\n<h3 data-start=\"1429\" data-end=\"1451\"><strong data-start=\"1433\" data-end=\"1449\">Caract\u00e9ristiques principales<\/strong><\/h3>\n<ul data-start=\"1452\" data-end=\"1850\">\n<li data-start=\"1452\" data-end=\"1542\">\n<p data-start=\"1454\" data-end=\"1542\">Le <strong data-start=\"1454\" data-end=\"1471\">joint RollFit\u2122<\/strong> s&rsquo;adapte aux contours du visage pour minimiser les fuites et la pression sur l&rsquo;ar\u00eate nasale<\/p>\n<\/li>\n<li data-start=\"1543\" data-end=\"1626\">\n<p data-start=\"1545\" data-end=\"1626\">Le <strong data-start=\"1545\" data-end=\"1567\">harnais ErgoForm\u2122<\/strong> assure un ajustement s\u00fbr et respirant avec un minimum d&rsquo;ajustements<\/p>\n<\/li>\n<li data-start=\"1627\" data-end=\"1708\">\n<p data-start=\"1629\" data-end=\"1708\">Le <strong data-start=\"1629\" data-end=\"1643\">cadre Easy Frame<\/strong> est \u00e0 profil bas, durable et compatible avec toutes les tailles de coussins<\/p>\n<\/li>\n<li data-start=\"1709\" data-end=\"1775\">\n<p data-start=\"1711\" data-end=\"1775\">D\u00e9montage rapide et simple pour un nettoyage et un entretien rapides<\/p>\n<\/li>\n<li data-start=\"1776\" data-end=\"1850\">\n<p data-start=\"1778\" data-end=\"1850\">Con\u00e7u pour rester en place pour une performance constante tout au long de la nuit<\/p>\n<\/li>\n<\/ul>\n<hr data-start=\"1852\" data-end=\"1855\">\n<h3 data-start=\"1857\" data-end=\"1881\"><strong data-start=\"1861\" data-end=\"1879\">Sp\u00e9cifications<\/strong><\/h3>\n<ul data-start=\"1882\" data-end=\"2317\">\n<li data-start=\"1882\" data-end=\"1950\">\n<p data-start=\"1884\" data-end=\"1950\"><strong data-start=\"1884\" data-end=\"1893\">Taille :<\/strong> Petite (id\u00e9ale pour les utilisateurs ayant des dimensions faciales plus petites)<\/p>\n<\/li>\n<li data-start=\"1951\" data-end=\"1979\">\n<p data-start=\"1953\" data-end=\"1979\"><strong data-start=\"1953\" data-end=\"1967\">Type de masque :<\/strong> facial int\u00e9gral<\/p>\n<\/li>\n<li data-start=\"1980\" data-end=\"2024\">\n<p data-start=\"1982\" data-end=\"2024\"><strong data-start=\"1982\" data-end=\"1997\">Composants :<\/strong> Cadre, coussin, harnais<\/p>\n<\/li>\n<li data-start=\"2025\" data-end=\"2102\">\n<p data-start=\"2027\" data-end=\"2102\"><strong data-start=\"2027\" data-end=\"2045\">Compatibilit\u00e9 :<\/strong> Fonctionne avec tous les appareils CPAP, APAP et BiPAP standards<\/p>\n<\/li>\n<li data-start=\"2103\" data-end=\"2142\">\n<p data-start=\"2105\" data-end=\"2142\"><strong data-start=\"2105\" data-end=\"2119\">Mat\u00e9riaux :<\/strong> Sans latex, sans BPA<\/p>\n<\/li>\n<li data-start=\"2143\" data-end=\"2177\">\n<p data-start=\"2145\" data-end=\"2177\"><strong data-start=\"2145\" data-end=\"2166\">Mat\u00e9riau du coussin :<\/strong> silicone<\/p>\n<\/li>\n<li data-start=\"2178\" data-end=\"2235\">\n<p data-start=\"2180\" data-end=\"2235\"><strong data-start=\"2180\" data-end=\"2199\">Style de harnais :<\/strong> Sangles sup\u00e9rieures avec support dorsal<\/p>\n<\/li>\n<\/ul>\n<hr data-start=\"2319\" data-end=\"2322\">\n<h3 data-start=\"2324\" data-end=\"2343\"><strong data-start=\"2328\" data-end=\"2341\">Id\u00e9al pour<\/strong><\/h3>\n<ul data-start=\"2344\" data-end=\"2594\">\n<li data-start=\"2344\" data-end=\"2388\">\n<p data-start=\"2346\" data-end=\"2388\">Utilisateurs de CPAP qui respirent par la bouche<\/p>\n<\/li>\n<li data-start=\"2389\" data-end=\"2451\">\n<p data-start=\"2391\" data-end=\"2451\">Utilisateurs recherchant un masque facial int\u00e9gral avec un design minimal et ouvert<\/p>\n<\/li>\n<li data-start=\"2452\" data-end=\"2532\">\n<p data-start=\"2454\" data-end=\"2532\">Personnes ayant une structure faciale plus petite n\u00e9cessitant un ajustement s\u00fbr et confortable<\/p>\n<\/li>\n<li data-start=\"2533\" data-end=\"2594\">\n<p data-start=\"2535\" data-end=\"2594\">Toute personne souhaitant une \u00e9tanch\u00e9it\u00e9 fiable avec moins de pi\u00e8ces \u00e0 g\u00e9rer<\/p>\n<\/li>\n<\/ul>\n","protected":false},"excerpt":{"rendered":"<p>Compact, s\u00e9curis\u00e9 et con\u00e7u pour les structures faciales plus petites, le masque Simplus offre une couverture faciale compl\u00e8te, un minimum de pi\u00e8ces et une \u00e9tanch\u00e9it\u00e9 fiable pour une th\u00e9rapie CPAP efficace et confortable.<\/p>\n","protected":false},"featured_media":40781,"template":"","meta":[],"product_brand":[],"product_cat":[365],"product_tag":[],"class_list":{"0":"post-41621","1":"product","2":"type-product","3":"status-publish","4":"has-post-thumbnail","6":"product_cat-masque","8":"first","9":"instock","10":"shipping-taxable","11":"purchasable","12":"product-type-simple"},"yoast_head":"<!-- This site is optimized with the Yoast SEO plugin v27.3 - https:\/\/yoast.com\/product\/yoast-seo-wordpress\/ -->\n<title>Masque Simplus Petit - Dorma Sleep Clinics<\/title>\n<meta name=\"robots\" content=\"index, follow, max-snippet:-1, max-image-preview:large, max-video-preview:-1\" \/>\n<link rel=\"canonical\" href=\"https:\/\/dormalab.com\/fr\/produit\/masque-simplus-petit\/\" \/>\n<meta property=\"og:locale\" content=\"fr_FR\" \/>\n<meta property=\"og:type\" content=\"article\" \/>\n<meta property=\"og:title\" content=\"Masque Simplus Petit - Dorma Sleep Clinics\" \/>\n<meta property=\"og:description\" content=\"Compact, s\u00e9curis\u00e9 et con\u00e7u pour les structures faciales plus petites, le masque Simplus offre une couverture faciale compl\u00e8te, un minimum de pi\u00e8ces et une \u00e9tanch\u00e9it\u00e9 fiable pour une th\u00e9rapie CPAP efficace et confortable.\" \/>\n<meta property=\"og:url\" content=\"https:\/\/dormalab.com\/fr\/produit\/masque-simplus-petit\/\" \/>\n<meta property=\"og:site_name\" content=\"Dorma Sleep Clinics\" \/>\n<meta property=\"article:modified_time\" content=\"2025-12-09T19:38:34+00:00\" \/>\n<meta property=\"og:image\" content=\"https:\/\/dormalab.com\/wp-content\/uploads\/2025\/04\/Simplus-Front-scaled-1.jpg\" \/>\n\t<meta property=\"og:image:width\" content=\"2270\" \/>\n\t<meta property=\"og:image:height\" content=\"2560\" \/>\n\t<meta property=\"og:image:type\" content=\"image\/jpeg\" \/>\n<meta name=\"twitter:card\" content=\"summary_large_image\" \/>\n<meta name=\"twitter:label1\" content=\"Dur\u00e9e de lecture estim\u00e9e\" \/>\n\t<meta name=\"twitter:data1\" content=\"2 minute\" \/>\n<script type=\"application\/ld+json\" class=\"yoast-schema-graph\">{\"@context\":\"https:\\\/\\\/schema.org\",\"@graph\":[{\"@type\":\"WebPage\",\"@id\":\"https:\\\/\\\/dormalab.com\\\/fr\\\/produit\\\/masque-simplus-petit\\\/\",\"url\":\"https:\\\/\\\/dormalab.com\\\/fr\\\/produit\\\/masque-simplus-petit\\\/\",\"name\":\"Masque Simplus Petit - Dorma Sleep Clinics\",\"isPartOf\":{\"@id\":\"https:\\\/\\\/dormalab.com\\\/fr\\\/#website\"},\"primaryImageOfPage\":{\"@id\":\"https:\\\/\\\/dormalab.com\\\/fr\\\/produit\\\/masque-simplus-petit\\\/#primaryimage\"},\"image\":{\"@id\":\"https:\\\/\\\/dormalab.com\\\/fr\\\/produit\\\/masque-simplus-petit\\\/#primaryimage\"},\"thumbnailUrl\":\"https:\\\/\\\/dormalab.com\\\/wp-content\\\/uploads\\\/2025\\\/04\\\/Simplus-Front-scaled-1.jpg\",\"datePublished\":\"2025-04-28T16:46:41+00:00\",\"dateModified\":\"2025-12-09T19:38:34+00:00\",\"breadcrumb\":{\"@id\":\"https:\\\/\\\/dormalab.com\\\/fr\\\/produit\\\/masque-simplus-petit\\\/#breadcrumb\"},\"inLanguage\":\"fr-FR\",\"potentialAction\":[{\"@type\":\"ReadAction\",\"target\":[\"https:\\\/\\\/dormalab.com\\\/fr\\\/produit\\\/masque-simplus-petit\\\/\"]}]},{\"@type\":\"ImageObject\",\"inLanguage\":\"fr-FR\",\"@id\":\"https:\\\/\\\/dormalab.com\\\/fr\\\/produit\\\/masque-simplus-petit\\\/#primaryimage\",\"url\":\"https:\\\/\\\/dormalab.com\\\/wp-content\\\/uploads\\\/2025\\\/04\\\/Simplus-Front-scaled-1.jpg\",\"contentUrl\":\"https:\\\/\\\/dormalab.com\\\/wp-content\\\/uploads\\\/2025\\\/04\\\/Simplus-Front-scaled-1.jpg\",\"width\":2270,\"height\":2560},{\"@type\":\"BreadcrumbList\",\"@id\":\"https:\\\/\\\/dormalab.com\\\/fr\\\/produit\\\/masque-simplus-petit\\\/#breadcrumb\",\"itemListElement\":[{\"@type\":\"ListItem\",\"position\":1,\"name\":\"Home\",\"item\":\"https:\\\/\\\/dormalab.com\\\/fr\\\/\"},{\"@type\":\"ListItem\",\"position\":2,\"name\":\"Boutique\",\"item\":\"https:\\\/\\\/dormalab.com\\\/fr\\\/boutique\\\/\"},{\"@type\":\"ListItem\",\"position\":3,\"name\":\"Masque Simplus Petit\"}]},{\"@type\":\"WebSite\",\"@id\":\"https:\\\/\\\/dormalab.com\\\/fr\\\/#website\",\"url\":\"https:\\\/\\\/dormalab.com\\\/fr\\\/\",\"name\":\"Dorma Sleep Clinics\",\"description\":\"Sleep Well Live Well\",\"publisher\":{\"@id\":\"https:\\\/\\\/dormalab.com\\\/fr\\\/#organization\"},\"potentialAction\":[{\"@type\":\"SearchAction\",\"target\":{\"@type\":\"EntryPoint\",\"urlTemplate\":\"https:\\\/\\\/dormalab.com\\\/fr\\\/?s={search_term_string}\"},\"query-input\":{\"@type\":\"PropertyValueSpecification\",\"valueRequired\":true,\"valueName\":\"search_term_string\"}}],\"inLanguage\":\"fr-FR\"},{\"@type\":\"Organization\",\"@id\":\"https:\\\/\\\/dormalab.com\\\/fr\\\/#organization\",\"name\":\"Dorma Clinique Du Sommeil\",\"url\":\"https:\\\/\\\/dormalab.com\\\/fr\\\/\",\"logo\":{\"@type\":\"ImageObject\",\"inLanguage\":\"fr-FR\",\"@id\":\"https:\\\/\\\/dormalab.com\\\/fr\\\/#\\\/schema\\\/logo\\\/image\\\/\",\"url\":\"https:\\\/\\\/dormalab.com\\\/wp-content\\\/uploads\\\/2019\\\/10\\\/Dorma-Logotype-RGB-Black-scaled-e1578787470924.png\",\"contentUrl\":\"https:\\\/\\\/dormalab.com\\\/wp-content\\\/uploads\\\/2019\\\/10\\\/Dorma-Logotype-RGB-Black-scaled-e1578787470924.png\",\"width\":120,\"height\":25,\"caption\":\"Dorma Clinique Du Sommeil\"},\"image\":{\"@id\":\"https:\\\/\\\/dormalab.com\\\/fr\\\/#\\\/schema\\\/logo\\\/image\\\/\"}}]}<\/script>\n<!-- \/ Yoast SEO plugin. -->","yoast_head_json":{"title":"Masque Simplus Petit - Dorma Sleep Clinics","robots":{"index":"index","follow":"follow","max-snippet":"max-snippet:-1","max-image-preview":"max-image-preview:large","max-video-preview":"max-video-preview:-1"},"canonical":"https:\/\/dormalab.com\/fr\/produit\/masque-simplus-petit\/","og_locale":"fr_FR","og_type":"article","og_title":"Masque Simplus Petit - Dorma Sleep Clinics","og_description":"Compact, s\u00e9curis\u00e9 et con\u00e7u pour les structures faciales plus petites, le masque Simplus offre une couverture faciale compl\u00e8te, un minimum de pi\u00e8ces et une \u00e9tanch\u00e9it\u00e9 fiable pour une th\u00e9rapie CPAP efficace et confortable.","og_url":"https:\/\/dormalab.com\/fr\/produit\/masque-simplus-petit\/","og_site_name":"Dorma Sleep Clinics","article_modified_time":"2025-12-09T19:38:34+00:00","og_image":[{"width":2270,"height":2560,"url":"https:\/\/dormalab.com\/wp-content\/uploads\/2025\/04\/Simplus-Front-scaled-1.jpg","type":"image\/jpeg"}],"twitter_card":"summary_large_image","twitter_misc":{"Dur\u00e9e de lecture estim\u00e9e":"2 minute"},"schema":{"@context":"https:\/\/schema.org","@graph":[{"@type":"WebPage","@id":"https:\/\/dormalab.com\/fr\/produit\/masque-simplus-petit\/","url":"https:\/\/dormalab.com\/fr\/produit\/masque-simplus-petit\/","name":"Masque Simplus Petit - Dorma Sleep Clinics","isPartOf":{"@id":"https:\/\/dormalab.com\/fr\/#website"},"primaryImageOfPage":{"@id":"https:\/\/dormalab.com\/fr\/produit\/masque-simplus-petit\/#primaryimage"},"image":{"@id":"https:\/\/dormalab.com\/fr\/produit\/masque-simplus-petit\/#primaryimage"},"thumbnailUrl":"https:\/\/dormalab.com\/wp-content\/uploads\/2025\/04\/Simplus-Front-scaled-1.jpg","datePublished":"2025-04-28T16:46:41+00:00","dateModified":"2025-12-09T19:38:34+00:00","breadcrumb":{"@id":"https:\/\/dormalab.com\/fr\/produit\/masque-simplus-petit\/#breadcrumb"},"inLanguage":"fr-FR","potentialAction":[{"@type":"ReadAction","target":["https:\/\/dormalab.com\/fr\/produit\/masque-simplus-petit\/"]}]},{"@type":"ImageObject","inLanguage":"fr-FR","@id":"https:\/\/dormalab.com\/fr\/produit\/masque-simplus-petit\/#primaryimage","url":"https:\/\/dormalab.com\/wp-content\/uploads\/2025\/04\/Simplus-Front-scaled-1.jpg","contentUrl":"https:\/\/dormalab.com\/wp-content\/uploads\/2025\/04\/Simplus-Front-scaled-1.jpg","width":2270,"height":2560},{"@type":"BreadcrumbList","@id":"https:\/\/dormalab.com\/fr\/produit\/masque-simplus-petit\/#breadcrumb","itemListElement":[{"@type":"ListItem","position":1,"name":"Home","item":"https:\/\/dormalab.com\/fr\/"},{"@type":"ListItem","position":2,"name":"Boutique","item":"https:\/\/dormalab.com\/fr\/boutique\/"},{"@type":"ListItem","position":3,"name":"Masque Simplus Petit"}]},{"@type":"WebSite","@id":"https:\/\/dormalab.com\/fr\/#website","url":"https:\/\/dormalab.com\/fr\/","name":"Dorma Sleep Clinics","description":"Sleep Well Live Well","publisher":{"@id":"https:\/\/dormalab.com\/fr\/#organization"},"potentialAction":[{"@type":"SearchAction","target":{"@type":"EntryPoint","urlTemplate":"https:\/\/dormalab.com\/fr\/?s={search_term_string}"},"query-input":{"@type":"PropertyValueSpecification","valueRequired":true,"valueName":"search_term_string"}}],"inLanguage":"fr-FR"},{"@type":"Organization","@id":"https:\/\/dormalab.com\/fr\/#organization","name":"Dorma Clinique Du Sommeil","url":"https:\/\/dormalab.com\/fr\/","logo":{"@type":"ImageObject","inLanguage":"fr-FR","@id":"https:\/\/dormalab.com\/fr\/#\/schema\/logo\/image\/","url":"https:\/\/dormalab.com\/wp-content\/uploads\/2019\/10\/Dorma-Logotype-RGB-Black-scaled-e1578787470924.png","contentUrl":"https:\/\/dormalab.com\/wp-content\/uploads\/2019\/10\/Dorma-Logotype-RGB-Black-scaled-e1578787470924.png","width":120,"height":25,"caption":"Dorma Clinique Du Sommeil"},"image":{"@id":"https:\/\/dormalab.com\/fr\/#\/schema\/logo\/image\/"}}]}},"_links":{"self":[{"href":"https:\/\/dormalab.com\/fr\/wp-json\/wp\/v2\/product\/41621","targetHints":{"allow":["GET"]}}],"collection":[{"href":"https:\/\/dormalab.com\/fr\/wp-json\/wp\/v2\/product"}],"about":[{"href":"https:\/\/dormalab.com\/fr\/wp-json\/wp\/v2\/types\/product"}],"version-history":[{"count":0,"href":"https:\/\/dormalab.com\/fr\/wp-json\/wp\/v2\/product\/41621\/revisions"}],"wp:featuredmedia":[{"embeddable":true,"href":"https:\/\/dormalab.com\/fr\/wp-json\/wp\/v2\/media\/40781"}],"wp:attachment":[{"href":"https:\/\/dormalab.com\/fr\/wp-json\/wp\/v2\/media?parent=41621"}],"wp:term":[{"taxonomy":"product_brand","embeddable":true,"href":"https:\/\/dormalab.com\/fr\/wp-json\/wp\/v2\/product_brand?post=41621"},{"taxonomy":"product_cat","embeddable":true,"href":"https:\/\/dormalab.com\/fr\/wp-json\/wp\/v2\/product_cat?post=41621"},{"taxonomy":"product_tag","embeddable":true,"href":"https:\/\/dormalab.com\/fr\/wp-json\/wp\/v2\/product_tag?post=41621"}],"curies":[{"name":"wp","href":"https:\/\/api.w.org\/{rel}","templated":true}]}}