{"id":41622,"date":"2025-04-28T12:46:57","date_gmt":"2025-04-28T16:46:57","guid":{"rendered":"https:\/\/dormalab.com\/product\/masque-airfit-p10-fh-fit-pack-standard\/"},"modified":"2025-12-09T14:38:35","modified_gmt":"2025-12-09T19:38:35","slug":"masque-airfit-p10-fh-fit-pack-standard","status":"publish","type":"product","link":"https:\/\/dormalab.com\/fr\/produit\/masque-airfit-p10-fh-fit-pack-standard\/","title":{"rendered":"Masque AirFit P10 FH Fit Pack standard"},"content":{"rendered":"<p class=\"\" data-start=\"483\" data-end=\"748\">Le <strong data-start=\"487\" data-end=\"530\">AirFit\u2122 P10 for Her Fit Pack (Standard)<\/strong> est un masque <a href=\"https:\/\/dormalab.com\/continuous-positive-airflow-pressure-cpap\/\" data-internallinksmanager029f6b8e52c=\"1\" title=\"Continuous Positive Airflow Pressure (CPAP)\">CPAP<\/a> \u00e0 coussinets nasaux \u00e9l\u00e9gant et hautement efficace, con\u00e7u sp\u00e9cifiquement pour les femmes. Il combine des mat\u00e9riaux l\u00e9gers, un design discret et des performances silencieuses pour offrir une exp\u00e9rience de th\u00e9rapie du sommeil confortable et peu intrusive. <\/p>\n<p class=\"\" data-start=\"750\" data-end=\"1062\">Con\u00e7u dans un esprit de simplicit\u00e9 et d&rsquo;\u00e9l\u00e9gance, le masque comprend des <strong data-start=\"815\" data-end=\"842\">coussinets nasaux \u00e0 double paroi<\/strong> qui assurent une \u00e9tanch\u00e9it\u00e9 s\u00e9curis\u00e9e tout en maintenant la flexibilit\u00e9 pour un mouvement naturel pendant le sommeil. La <strong data-start=\"939\" data-end=\"960\">version \u00ab\u00a0For Her\u00a0\u00bb<\/strong> inclut un harnais r\u00e9glable aux accents roses et offre un ajustement optimis\u00e9 pour les structures faciales plus petites. <\/p>\n<p class=\"\" data-start=\"1064\" data-end=\"1354\">Ce Fit Pack comprend <strong data-start=\"1087\" data-end=\"1118\">plusieurs tailles de coussinets nasaux<\/strong> \u2014 g\u00e9n\u00e9ralement tr\u00e8s petit, petit et moyen \u2014 permettant aux utilisatrices de trouver leur ajustement id\u00e9al d\u00e8s la sortie de la bo\u00eete. La <strong data-start=\"1225\" data-end=\"1254\">technologie de ventilation QuietAir\u2122<\/strong> r\u00e9duit consid\u00e9rablement le bruit, rendant le masque presque silencieux en fonctionnement et id\u00e9al pour les partenaires de lit. <\/p>\n<p class=\"\" data-start=\"1356\" data-end=\"1591\">L&rsquo;AirFit P10 for Her est \u00e9galement reconnu pour son <strong data-start=\"1401\" data-end=\"1427\">design \u00e0 contact minimal<\/strong>, contribuant \u00e0 r\u00e9duire les marques faciales et \u00e0 am\u00e9liorer le confort pour les dormeurs sur le c\u00f4t\u00e9 ou les dormeurs actifs. Son style enfilable le rend facile \u00e0 mettre et \u00e0 enlever, m\u00eame dans l&rsquo;obscurit\u00e9. <\/p>\n<p class=\"\" data-start=\"1593\" data-end=\"1754\">Dans l&rsquo;ensemble, l&rsquo;AirFit P10 for Her Fit Pack offre un m\u00e9lange de confort, de commodit\u00e9 et d&rsquo;efficacit\u00e9 pour les femmes recherchant une option de th\u00e9rapie CPAP l\u00e9g\u00e8re et silencieuse.<\/p>\n","protected":false},"excerpt":{"rendered":"<p>L&rsquo;AirFit\u2122 P10 for Her Fit Pack (Standard) est un masque CPAP \u00e0 coussinets nasaux l\u00e9ger et ultra-silencieux, con\u00e7u sp\u00e9cifiquement pour les femmes. Il pr\u00e9sente un design minimaliste avec un harnais doux aux accents roses et inclut plusieurs tailles de coussins pour un ajustement personnalis\u00e9 et un confort optimal. <\/p>\n","protected":false},"featured_media":40580,"template":"","meta":[],"product_brand":[368],"product_cat":[365],"product_tag":[],"class_list":{"0":"post-41622","1":"product","2":"type-product","3":"status-publish","4":"has-post-thumbnail","6":"product_brand-resmed","7":"product_cat-masque","9":"first","10":"instock","11":"shipping-taxable","12":"purchasable","13":"product-type-simple"},"yoast_head":"<!-- This site is optimized with the Yoast SEO plugin v27.4 - https:\/\/yoast.com\/product\/yoast-seo-wordpress\/ -->\n<title>Masque AirFit P10 FH Fit Pack standard - Dorma Sleep Clinics<\/title>\n<meta name=\"robots\" content=\"index, follow, max-snippet:-1, max-image-preview:large, max-video-preview:-1\" \/>\n<link rel=\"canonical\" href=\"https:\/\/dormalab.com\/fr\/produit\/masque-airfit-p10-fh-fit-pack-standard\/\" \/>\n<meta property=\"og:locale\" content=\"fr_FR\" \/>\n<meta property=\"og:type\" content=\"article\" \/>\n<meta property=\"og:title\" content=\"Masque AirFit P10 FH Fit Pack standard - Dorma Sleep Clinics\" \/>\n<meta property=\"og:description\" content=\"L&#039;AirFit\u2122 P10 for Her Fit Pack (Standard) est un masque CPAP \u00e0 coussinets nasaux l\u00e9ger et ultra-silencieux, con\u00e7u sp\u00e9cifiquement pour les femmes. Il pr\u00e9sente un design minimaliste avec un harnais doux aux accents roses et inclut plusieurs tailles de coussins pour un ajustement personnalis\u00e9 et un confort optimal.\" \/>\n<meta property=\"og:url\" content=\"https:\/\/dormalab.com\/fr\/produit\/masque-airfit-p10-fh-fit-pack-standard\/\" \/>\n<meta property=\"og:site_name\" content=\"Dorma Sleep Clinics\" \/>\n<meta property=\"article:modified_time\" content=\"2025-12-09T19:38:35+00:00\" \/>\n<meta property=\"og:image\" content=\"https:\/\/dormalab.com\/wp-content\/uploads\/2025\/04\/Captura-de-Pantalla-2025-04-30-a-las-3.26.13-p.-m.png\" \/>\n\t<meta property=\"og:image:width\" content=\"1112\" \/>\n\t<meta property=\"og:image:height\" content=\"1124\" \/>\n\t<meta property=\"og:image:type\" content=\"image\/png\" \/>\n<meta name=\"twitter:card\" content=\"summary_large_image\" \/>\n<meta name=\"twitter:label1\" content=\"Dur\u00e9e de lecture estim\u00e9e\" \/>\n\t<meta name=\"twitter:data1\" content=\"1 minute\" \/>\n<script type=\"application\/ld+json\" class=\"yoast-schema-graph\">{\"@context\":\"https:\\\/\\\/schema.org\",\"@graph\":[{\"@type\":\"WebPage\",\"@id\":\"https:\\\/\\\/dormalab.com\\\/fr\\\/produit\\\/masque-airfit-p10-fh-fit-pack-standard\\\/\",\"url\":\"https:\\\/\\\/dormalab.com\\\/fr\\\/produit\\\/masque-airfit-p10-fh-fit-pack-standard\\\/\",\"name\":\"Masque AirFit P10 FH Fit Pack standard - Dorma Sleep Clinics\",\"isPartOf\":{\"@id\":\"https:\\\/\\\/dormalab.com\\\/fr\\\/#website\"},\"primaryImageOfPage\":{\"@id\":\"https:\\\/\\\/dormalab.com\\\/fr\\\/produit\\\/masque-airfit-p10-fh-fit-pack-standard\\\/#primaryimage\"},\"image\":{\"@id\":\"https:\\\/\\\/dormalab.com\\\/fr\\\/produit\\\/masque-airfit-p10-fh-fit-pack-standard\\\/#primaryimage\"},\"thumbnailUrl\":\"https:\\\/\\\/dormalab.com\\\/wp-content\\\/uploads\\\/2025\\\/04\\\/Captura-de-Pantalla-2025-04-30-a-las-3.26.13-p.-m.png\",\"datePublished\":\"2025-04-28T16:46:57+00:00\",\"dateModified\":\"2025-12-09T19:38:35+00:00\",\"breadcrumb\":{\"@id\":\"https:\\\/\\\/dormalab.com\\\/fr\\\/produit\\\/masque-airfit-p10-fh-fit-pack-standard\\\/#breadcrumb\"},\"inLanguage\":\"fr-FR\",\"potentialAction\":[{\"@type\":\"ReadAction\",\"target\":[\"https:\\\/\\\/dormalab.com\\\/fr\\\/produit\\\/masque-airfit-p10-fh-fit-pack-standard\\\/\"]}]},{\"@type\":\"ImageObject\",\"inLanguage\":\"fr-FR\",\"@id\":\"https:\\\/\\\/dormalab.com\\\/fr\\\/produit\\\/masque-airfit-p10-fh-fit-pack-standard\\\/#primaryimage\",\"url\":\"https:\\\/\\\/dormalab.com\\\/wp-content\\\/uploads\\\/2025\\\/04\\\/Captura-de-Pantalla-2025-04-30-a-las-3.26.13-p.-m.png\",\"contentUrl\":\"https:\\\/\\\/dormalab.com\\\/wp-content\\\/uploads\\\/2025\\\/04\\\/Captura-de-Pantalla-2025-04-30-a-las-3.26.13-p.-m.png\",\"width\":1112,\"height\":1124},{\"@type\":\"BreadcrumbList\",\"@id\":\"https:\\\/\\\/dormalab.com\\\/fr\\\/produit\\\/masque-airfit-p10-fh-fit-pack-standard\\\/#breadcrumb\",\"itemListElement\":[{\"@type\":\"ListItem\",\"position\":1,\"name\":\"Home\",\"item\":\"https:\\\/\\\/dormalab.com\\\/fr\\\/\"},{\"@type\":\"ListItem\",\"position\":2,\"name\":\"Boutique\",\"item\":\"https:\\\/\\\/dormalab.com\\\/fr\\\/boutique\\\/\"},{\"@type\":\"ListItem\",\"position\":3,\"name\":\"Masque AirFit P10 FH Fit Pack standard\"}]},{\"@type\":\"WebSite\",\"@id\":\"https:\\\/\\\/dormalab.com\\\/fr\\\/#website\",\"url\":\"https:\\\/\\\/dormalab.com\\\/fr\\\/\",\"name\":\"Dorma Sleep Clinics\",\"description\":\"Sleep Well Live Well\",\"publisher\":{\"@id\":\"https:\\\/\\\/dormalab.com\\\/fr\\\/#organization\"},\"potentialAction\":[{\"@type\":\"SearchAction\",\"target\":{\"@type\":\"EntryPoint\",\"urlTemplate\":\"https:\\\/\\\/dormalab.com\\\/fr\\\/?s={search_term_string}\"},\"query-input\":{\"@type\":\"PropertyValueSpecification\",\"valueRequired\":true,\"valueName\":\"search_term_string\"}}],\"inLanguage\":\"fr-FR\"},{\"@type\":\"Organization\",\"@id\":\"https:\\\/\\\/dormalab.com\\\/fr\\\/#organization\",\"name\":\"Dorma Clinique Du Sommeil\",\"url\":\"https:\\\/\\\/dormalab.com\\\/fr\\\/\",\"logo\":{\"@type\":\"ImageObject\",\"inLanguage\":\"fr-FR\",\"@id\":\"https:\\\/\\\/dormalab.com\\\/fr\\\/#\\\/schema\\\/logo\\\/image\\\/\",\"url\":\"https:\\\/\\\/dormalab.com\\\/wp-content\\\/uploads\\\/2019\\\/10\\\/Dorma-Logotype-RGB-Black-scaled-e1578787470924.png\",\"contentUrl\":\"https:\\\/\\\/dormalab.com\\\/wp-content\\\/uploads\\\/2019\\\/10\\\/Dorma-Logotype-RGB-Black-scaled-e1578787470924.png\",\"width\":120,\"height\":25,\"caption\":\"Dorma Clinique Du Sommeil\"},\"image\":{\"@id\":\"https:\\\/\\\/dormalab.com\\\/fr\\\/#\\\/schema\\\/logo\\\/image\\\/\"}}]}<\/script>\n<!-- \/ Yoast SEO plugin. -->","yoast_head_json":{"title":"Masque AirFit P10 FH Fit Pack standard - Dorma Sleep Clinics","robots":{"index":"index","follow":"follow","max-snippet":"max-snippet:-1","max-image-preview":"max-image-preview:large","max-video-preview":"max-video-preview:-1"},"canonical":"https:\/\/dormalab.com\/fr\/produit\/masque-airfit-p10-fh-fit-pack-standard\/","og_locale":"fr_FR","og_type":"article","og_title":"Masque AirFit P10 FH Fit Pack standard - Dorma Sleep Clinics","og_description":"L'AirFit\u2122 P10 for Her Fit Pack (Standard) est un masque CPAP \u00e0 coussinets nasaux l\u00e9ger et ultra-silencieux, con\u00e7u sp\u00e9cifiquement pour les femmes. Il pr\u00e9sente un design minimaliste avec un harnais doux aux accents roses et inclut plusieurs tailles de coussins pour un ajustement personnalis\u00e9 et un confort optimal.","og_url":"https:\/\/dormalab.com\/fr\/produit\/masque-airfit-p10-fh-fit-pack-standard\/","og_site_name":"Dorma Sleep Clinics","article_modified_time":"2025-12-09T19:38:35+00:00","og_image":[{"width":1112,"height":1124,"url":"https:\/\/dormalab.com\/wp-content\/uploads\/2025\/04\/Captura-de-Pantalla-2025-04-30-a-las-3.26.13-p.-m.png","type":"image\/png"}],"twitter_card":"summary_large_image","twitter_misc":{"Dur\u00e9e de lecture estim\u00e9e":"1 minute"},"schema":{"@context":"https:\/\/schema.org","@graph":[{"@type":"WebPage","@id":"https:\/\/dormalab.com\/fr\/produit\/masque-airfit-p10-fh-fit-pack-standard\/","url":"https:\/\/dormalab.com\/fr\/produit\/masque-airfit-p10-fh-fit-pack-standard\/","name":"Masque AirFit P10 FH Fit Pack standard - Dorma Sleep Clinics","isPartOf":{"@id":"https:\/\/dormalab.com\/fr\/#website"},"primaryImageOfPage":{"@id":"https:\/\/dormalab.com\/fr\/produit\/masque-airfit-p10-fh-fit-pack-standard\/#primaryimage"},"image":{"@id":"https:\/\/dormalab.com\/fr\/produit\/masque-airfit-p10-fh-fit-pack-standard\/#primaryimage"},"thumbnailUrl":"https:\/\/dormalab.com\/wp-content\/uploads\/2025\/04\/Captura-de-Pantalla-2025-04-30-a-las-3.26.13-p.-m.png","datePublished":"2025-04-28T16:46:57+00:00","dateModified":"2025-12-09T19:38:35+00:00","breadcrumb":{"@id":"https:\/\/dormalab.com\/fr\/produit\/masque-airfit-p10-fh-fit-pack-standard\/#breadcrumb"},"inLanguage":"fr-FR","potentialAction":[{"@type":"ReadAction","target":["https:\/\/dormalab.com\/fr\/produit\/masque-airfit-p10-fh-fit-pack-standard\/"]}]},{"@type":"ImageObject","inLanguage":"fr-FR","@id":"https:\/\/dormalab.com\/fr\/produit\/masque-airfit-p10-fh-fit-pack-standard\/#primaryimage","url":"https:\/\/dormalab.com\/wp-content\/uploads\/2025\/04\/Captura-de-Pantalla-2025-04-30-a-las-3.26.13-p.-m.png","contentUrl":"https:\/\/dormalab.com\/wp-content\/uploads\/2025\/04\/Captura-de-Pantalla-2025-04-30-a-las-3.26.13-p.-m.png","width":1112,"height":1124},{"@type":"BreadcrumbList","@id":"https:\/\/dormalab.com\/fr\/produit\/masque-airfit-p10-fh-fit-pack-standard\/#breadcrumb","itemListElement":[{"@type":"ListItem","position":1,"name":"Home","item":"https:\/\/dormalab.com\/fr\/"},{"@type":"ListItem","position":2,"name":"Boutique","item":"https:\/\/dormalab.com\/fr\/boutique\/"},{"@type":"ListItem","position":3,"name":"Masque AirFit P10 FH Fit Pack standard"}]},{"@type":"WebSite","@id":"https:\/\/dormalab.com\/fr\/#website","url":"https:\/\/dormalab.com\/fr\/","name":"Dorma Sleep Clinics","description":"Sleep Well Live Well","publisher":{"@id":"https:\/\/dormalab.com\/fr\/#organization"},"potentialAction":[{"@type":"SearchAction","target":{"@type":"EntryPoint","urlTemplate":"https:\/\/dormalab.com\/fr\/?s={search_term_string}"},"query-input":{"@type":"PropertyValueSpecification","valueRequired":true,"valueName":"search_term_string"}}],"inLanguage":"fr-FR"},{"@type":"Organization","@id":"https:\/\/dormalab.com\/fr\/#organization","name":"Dorma Clinique Du Sommeil","url":"https:\/\/dormalab.com\/fr\/","logo":{"@type":"ImageObject","inLanguage":"fr-FR","@id":"https:\/\/dormalab.com\/fr\/#\/schema\/logo\/image\/","url":"https:\/\/dormalab.com\/wp-content\/uploads\/2019\/10\/Dorma-Logotype-RGB-Black-scaled-e1578787470924.png","contentUrl":"https:\/\/dormalab.com\/wp-content\/uploads\/2019\/10\/Dorma-Logotype-RGB-Black-scaled-e1578787470924.png","width":120,"height":25,"caption":"Dorma Clinique Du Sommeil"},"image":{"@id":"https:\/\/dormalab.com\/fr\/#\/schema\/logo\/image\/"}}]}},"_links":{"self":[{"href":"https:\/\/dormalab.com\/fr\/wp-json\/wp\/v2\/product\/41622","targetHints":{"allow":["GET"]}}],"collection":[{"href":"https:\/\/dormalab.com\/fr\/wp-json\/wp\/v2\/product"}],"about":[{"href":"https:\/\/dormalab.com\/fr\/wp-json\/wp\/v2\/types\/product"}],"version-history":[{"count":0,"href":"https:\/\/dormalab.com\/fr\/wp-json\/wp\/v2\/product\/41622\/revisions"}],"wp:featuredmedia":[{"embeddable":true,"href":"https:\/\/dormalab.com\/fr\/wp-json\/wp\/v2\/media\/40580"}],"wp:attachment":[{"href":"https:\/\/dormalab.com\/fr\/wp-json\/wp\/v2\/media?parent=41622"}],"wp:term":[{"taxonomy":"product_brand","embeddable":true,"href":"https:\/\/dormalab.com\/fr\/wp-json\/wp\/v2\/product_brand?post=41622"},{"taxonomy":"product_cat","embeddable":true,"href":"https:\/\/dormalab.com\/fr\/wp-json\/wp\/v2\/product_cat?post=41622"},{"taxonomy":"product_tag","embeddable":true,"href":"https:\/\/dormalab.com\/fr\/wp-json\/wp\/v2\/product_tag?post=41622"}],"curies":[{"name":"wp","href":"https:\/\/api.w.org\/{rel}","templated":true}]}}