{"id":41623,"date":"2025-04-28T12:47:10","date_gmt":"2025-04-28T16:47:10","guid":{"rendered":"https:\/\/dormalab.com\/product\/masque-airfit-f30i-petit-std\/"},"modified":"2025-12-09T14:38:36","modified_gmt":"2025-12-09T19:38:36","slug":"masque-airfit-f30i-petit-std","status":"publish","type":"product","link":"https:\/\/dormalab.com\/fr\/produit\/masque-airfit-f30i-petit-std\/","title":{"rendered":"Masque AirFit F30i Petit\/STD"},"content":{"rendered":"<p data-start=\"587\" data-end=\"657\"><strong data-start=\"587\" data-end=\"657\">Masque facial int\u00e9gral ResMed AirFit\u2122 F30i \u2013 Armature standard, petit coussin<\/strong><\/p>\n<p data-start=\"659\" data-end=\"932\">Le ResMed AirFit\u2122 F30i avec armature standard et petit coussin est un masque de PPC facial int\u00e9gral compact, con\u00e7u pour le confort et le mouvement. Dot\u00e9 d&rsquo;un raccord de tube au sommet de la t\u00eate, il maintient le tube d&rsquo;air hors de vue et hors d&rsquo;atteinte, vous offrant ainsi la libert\u00e9 de dormir dans n&rsquo;importe quelle position. <\/p>\n<p data-start=\"934\" data-end=\"1292\">Le petit coussin ultracompact repose confortablement sous le nez, contribuant \u00e0 r\u00e9duire la pression, l&rsquo;irritation cutan\u00e9e et les marques rouges sur l&rsquo;ar\u00eate nasale. Associ\u00e9 \u00e0 une armature standard qui convient \u00e0 la plupart des utilisateurs, cette conception offre un ajustement s\u00fbr et confortable tout au long de la nuit. Son style \u00e0 visage ouvert permet \u00e9galement de lire, regarder TV ou porter des lunettes facilement avant le coucher.  <\/p>\n<p data-start=\"1294\" data-end=\"1311\"><strong data-start=\"1294\" data-end=\"1311\">Caract\u00e9ristiques Principales :<\/strong><\/p>\n<ul data-start=\"1313\" data-end=\"1863\">\n<li data-start=\"1313\" data-end=\"1402\">\n<p data-start=\"1315\" data-end=\"1402\"><strong data-start=\"1315\" data-end=\"1346\">Raccord de tuyau au sommet de la t\u00eate<\/strong> \u2013 Maintient le tube \u00e9loign\u00e9 de votre visage pour une libert\u00e9 de mouvement.<\/p>\n<\/li>\n<li data-start=\"1403\" data-end=\"1500\">\n<p data-start=\"1405\" data-end=\"1500\"><strong data-start=\"1405\" data-end=\"1435\">Petit coussin ultracompact<\/strong> \u2013 L&rsquo;ajustement sous le nez r\u00e9duit la pression sur l&rsquo;ar\u00eate nasale.<\/p>\n<\/li>\n<li data-start=\"1501\" data-end=\"1600\">\n<p data-start=\"1503\" data-end=\"1600\"><strong data-start=\"1503\" data-end=\"1531\">Armature standard (r\u00e9guli\u00e8re)<\/strong> \u2013 Un ajustement flexible et universel con\u00e7u pour la plupart des formes et tailles de visage.<\/p>\n<\/li>\n<li data-start=\"1601\" data-end=\"1694\">\n<p data-start=\"1603\" data-end=\"1694\"><strong data-start=\"1603\" data-end=\"1627\">Technologie QuietAir\u2122<\/strong> \u2013 Diffuse doucement l&rsquo;air expir\u00e9 pour une nuit de sommeil calme et paisible.<\/p>\n<\/li>\n<li data-start=\"1695\" data-end=\"1767\">\n<p data-start=\"1697\" data-end=\"1767\"><strong data-start=\"1697\" data-end=\"1717\">Conception \u00e0 vue d\u00e9gag\u00e9e<\/strong> \u2013 Profitez de votre routine du coucher sans obstruction.<\/p>\n<\/li>\n<li data-start=\"1768\" data-end=\"1863\">\n<p data-start=\"1770\" data-end=\"1863\"><strong data-start=\"1770\" data-end=\"1819\">Clips magn\u00e9tiques pour le harnais et coude \u00e0 lib\u00e9ration rapide<\/strong> \u2013 Facile \u00e0 utiliser et \u00e0 nettoyer, avec un retrait rapide.<\/p>\n<\/li>\n<\/ul>\n<p data-start=\"1865\" data-end=\"2073\" data-is-last-node=\"\" data-is-only-node=\"\">Id\u00e9al pour les utilisateurs de PPC qui souhaitent un masque facial int\u00e9gral discret, silencieux et confortable, le ResMed AirFit\u2122 F30i \u2013 Armature standard avec petit coussin offre une th\u00e9rapie efficace sans compromettre la libert\u00e9 ou le confort.<\/p>\n","protected":false},"excerpt":{"rendered":"<p><strong data-start=\"232\" data-end=\"302\">Masque facial int\u00e9gral ResMed AirFit\u2122 F30i \u2013 Cadre standard, petit coussin<\/strong><br \/>\nProfitez du confort et de la libert\u00e9 avec le ResMed AirFit\u2122 F30i. Dot\u00e9 d&rsquo;un raccord de tuyau au sommet de la t\u00eate et d&rsquo;un coussin ultra-compact, ce masque facial int\u00e9gral offre une vue d\u00e9gag\u00e9e, un contact minimal et la flexibilit\u00e9 de dormir dans n&rsquo;importe quelle position. <\/p>\n","protected":false},"featured_media":40822,"template":"","meta":[],"product_brand":[],"product_cat":[365],"product_tag":[],"class_list":{"0":"post-41623","1":"product","2":"type-product","3":"status-publish","4":"has-post-thumbnail","6":"product_cat-masque","8":"first","9":"instock","10":"shipping-taxable","11":"purchasable","12":"product-type-simple"},"yoast_head":"<!-- This site is optimized with the Yoast SEO plugin v27.3 - https:\/\/yoast.com\/product\/yoast-seo-wordpress\/ -->\n<title>Masque AirFit F30i Petit\/STD - Dorma Sleep Clinics<\/title>\n<meta name=\"robots\" content=\"index, follow, max-snippet:-1, max-image-preview:large, max-video-preview:-1\" \/>\n<link rel=\"canonical\" href=\"https:\/\/dormalab.com\/fr\/produit\/masque-airfit-f30i-petit-std\/\" \/>\n<meta property=\"og:locale\" content=\"fr_FR\" \/>\n<meta property=\"og:type\" content=\"article\" \/>\n<meta property=\"og:title\" content=\"Masque AirFit F30i Petit\/STD - Dorma Sleep Clinics\" \/>\n<meta property=\"og:description\" content=\"Masque facial int\u00e9gral ResMed AirFit\u2122 F30i \u2013 Cadre standard, petit coussin Profitez du confort et de la libert\u00e9 avec le ResMed AirFit\u2122 F30i. Dot\u00e9 d&#039;un raccord de tuyau au sommet de la t\u00eate et d&#039;un coussin ultra-compact, ce masque facial int\u00e9gral offre une vue d\u00e9gag\u00e9e, un contact minimal et la flexibilit\u00e9 de dormir dans n&#039;importe quelle position.\" \/>\n<meta property=\"og:url\" content=\"https:\/\/dormalab.com\/fr\/produit\/masque-airfit-f30i-petit-std\/\" \/>\n<meta property=\"og:site_name\" content=\"Dorma Sleep Clinics\" \/>\n<meta property=\"article:modified_time\" content=\"2025-12-09T19:38:36+00:00\" \/>\n<meta property=\"og:image\" content=\"https:\/\/dormalab.com\/wp-content\/uploads\/2025\/04\/mascarilla-facial-resmed-airfit-f30i-frente-lateral-a_1024x.webp\" \/>\n\t<meta property=\"og:image:width\" content=\"900\" \/>\n\t<meta property=\"og:image:height\" content=\"1036\" \/>\n\t<meta property=\"og:image:type\" content=\"image\/webp\" \/>\n<meta name=\"twitter:card\" content=\"summary_large_image\" \/>\n<meta name=\"twitter:label1\" content=\"Dur\u00e9e de lecture estim\u00e9e\" \/>\n\t<meta name=\"twitter:data1\" content=\"1 minute\" \/>\n<script type=\"application\/ld+json\" class=\"yoast-schema-graph\">{\"@context\":\"https:\\\/\\\/schema.org\",\"@graph\":[{\"@type\":\"WebPage\",\"@id\":\"https:\\\/\\\/dormalab.com\\\/fr\\\/produit\\\/masque-airfit-f30i-petit-std\\\/\",\"url\":\"https:\\\/\\\/dormalab.com\\\/fr\\\/produit\\\/masque-airfit-f30i-petit-std\\\/\",\"name\":\"Masque AirFit F30i Petit\\\/STD - Dorma Sleep Clinics\",\"isPartOf\":{\"@id\":\"https:\\\/\\\/dormalab.com\\\/fr\\\/#website\"},\"primaryImageOfPage\":{\"@id\":\"https:\\\/\\\/dormalab.com\\\/fr\\\/produit\\\/masque-airfit-f30i-petit-std\\\/#primaryimage\"},\"image\":{\"@id\":\"https:\\\/\\\/dormalab.com\\\/fr\\\/produit\\\/masque-airfit-f30i-petit-std\\\/#primaryimage\"},\"thumbnailUrl\":\"https:\\\/\\\/dormalab.com\\\/wp-content\\\/uploads\\\/2025\\\/04\\\/mascarilla-facial-resmed-airfit-f30i-frente-lateral-a_1024x.webp\",\"datePublished\":\"2025-04-28T16:47:10+00:00\",\"dateModified\":\"2025-12-09T19:38:36+00:00\",\"breadcrumb\":{\"@id\":\"https:\\\/\\\/dormalab.com\\\/fr\\\/produit\\\/masque-airfit-f30i-petit-std\\\/#breadcrumb\"},\"inLanguage\":\"fr-FR\",\"potentialAction\":[{\"@type\":\"ReadAction\",\"target\":[\"https:\\\/\\\/dormalab.com\\\/fr\\\/produit\\\/masque-airfit-f30i-petit-std\\\/\"]}]},{\"@type\":\"ImageObject\",\"inLanguage\":\"fr-FR\",\"@id\":\"https:\\\/\\\/dormalab.com\\\/fr\\\/produit\\\/masque-airfit-f30i-petit-std\\\/#primaryimage\",\"url\":\"https:\\\/\\\/dormalab.com\\\/wp-content\\\/uploads\\\/2025\\\/04\\\/mascarilla-facial-resmed-airfit-f30i-frente-lateral-a_1024x.webp\",\"contentUrl\":\"https:\\\/\\\/dormalab.com\\\/wp-content\\\/uploads\\\/2025\\\/04\\\/mascarilla-facial-resmed-airfit-f30i-frente-lateral-a_1024x.webp\",\"width\":900,\"height\":1036},{\"@type\":\"BreadcrumbList\",\"@id\":\"https:\\\/\\\/dormalab.com\\\/fr\\\/produit\\\/masque-airfit-f30i-petit-std\\\/#breadcrumb\",\"itemListElement\":[{\"@type\":\"ListItem\",\"position\":1,\"name\":\"Home\",\"item\":\"https:\\\/\\\/dormalab.com\\\/fr\\\/\"},{\"@type\":\"ListItem\",\"position\":2,\"name\":\"Boutique\",\"item\":\"https:\\\/\\\/dormalab.com\\\/fr\\\/boutique\\\/\"},{\"@type\":\"ListItem\",\"position\":3,\"name\":\"Masque AirFit F30i Petit\\\/STD\"}]},{\"@type\":\"WebSite\",\"@id\":\"https:\\\/\\\/dormalab.com\\\/fr\\\/#website\",\"url\":\"https:\\\/\\\/dormalab.com\\\/fr\\\/\",\"name\":\"Dorma Sleep Clinics\",\"description\":\"Sleep Well Live Well\",\"publisher\":{\"@id\":\"https:\\\/\\\/dormalab.com\\\/fr\\\/#organization\"},\"potentialAction\":[{\"@type\":\"SearchAction\",\"target\":{\"@type\":\"EntryPoint\",\"urlTemplate\":\"https:\\\/\\\/dormalab.com\\\/fr\\\/?s={search_term_string}\"},\"query-input\":{\"@type\":\"PropertyValueSpecification\",\"valueRequired\":true,\"valueName\":\"search_term_string\"}}],\"inLanguage\":\"fr-FR\"},{\"@type\":\"Organization\",\"@id\":\"https:\\\/\\\/dormalab.com\\\/fr\\\/#organization\",\"name\":\"Dorma Clinique Du Sommeil\",\"url\":\"https:\\\/\\\/dormalab.com\\\/fr\\\/\",\"logo\":{\"@type\":\"ImageObject\",\"inLanguage\":\"fr-FR\",\"@id\":\"https:\\\/\\\/dormalab.com\\\/fr\\\/#\\\/schema\\\/logo\\\/image\\\/\",\"url\":\"https:\\\/\\\/dormalab.com\\\/wp-content\\\/uploads\\\/2019\\\/10\\\/Dorma-Logotype-RGB-Black-scaled-e1578787470924.png\",\"contentUrl\":\"https:\\\/\\\/dormalab.com\\\/wp-content\\\/uploads\\\/2019\\\/10\\\/Dorma-Logotype-RGB-Black-scaled-e1578787470924.png\",\"width\":120,\"height\":25,\"caption\":\"Dorma Clinique Du Sommeil\"},\"image\":{\"@id\":\"https:\\\/\\\/dormalab.com\\\/fr\\\/#\\\/schema\\\/logo\\\/image\\\/\"}}]}<\/script>\n<!-- \/ Yoast SEO plugin. -->","yoast_head_json":{"title":"Masque AirFit F30i Petit\/STD - Dorma Sleep Clinics","robots":{"index":"index","follow":"follow","max-snippet":"max-snippet:-1","max-image-preview":"max-image-preview:large","max-video-preview":"max-video-preview:-1"},"canonical":"https:\/\/dormalab.com\/fr\/produit\/masque-airfit-f30i-petit-std\/","og_locale":"fr_FR","og_type":"article","og_title":"Masque AirFit F30i Petit\/STD - Dorma Sleep Clinics","og_description":"Masque facial int\u00e9gral ResMed AirFit\u2122 F30i \u2013 Cadre standard, petit coussin Profitez du confort et de la libert\u00e9 avec le ResMed AirFit\u2122 F30i. Dot\u00e9 d'un raccord de tuyau au sommet de la t\u00eate et d'un coussin ultra-compact, ce masque facial int\u00e9gral offre une vue d\u00e9gag\u00e9e, un contact minimal et la flexibilit\u00e9 de dormir dans n'importe quelle position.","og_url":"https:\/\/dormalab.com\/fr\/produit\/masque-airfit-f30i-petit-std\/","og_site_name":"Dorma Sleep Clinics","article_modified_time":"2025-12-09T19:38:36+00:00","og_image":[{"width":900,"height":1036,"url":"https:\/\/dormalab.com\/wp-content\/uploads\/2025\/04\/mascarilla-facial-resmed-airfit-f30i-frente-lateral-a_1024x.webp","type":"image\/webp"}],"twitter_card":"summary_large_image","twitter_misc":{"Dur\u00e9e de lecture estim\u00e9e":"1 minute"},"schema":{"@context":"https:\/\/schema.org","@graph":[{"@type":"WebPage","@id":"https:\/\/dormalab.com\/fr\/produit\/masque-airfit-f30i-petit-std\/","url":"https:\/\/dormalab.com\/fr\/produit\/masque-airfit-f30i-petit-std\/","name":"Masque AirFit F30i Petit\/STD - Dorma Sleep Clinics","isPartOf":{"@id":"https:\/\/dormalab.com\/fr\/#website"},"primaryImageOfPage":{"@id":"https:\/\/dormalab.com\/fr\/produit\/masque-airfit-f30i-petit-std\/#primaryimage"},"image":{"@id":"https:\/\/dormalab.com\/fr\/produit\/masque-airfit-f30i-petit-std\/#primaryimage"},"thumbnailUrl":"https:\/\/dormalab.com\/wp-content\/uploads\/2025\/04\/mascarilla-facial-resmed-airfit-f30i-frente-lateral-a_1024x.webp","datePublished":"2025-04-28T16:47:10+00:00","dateModified":"2025-12-09T19:38:36+00:00","breadcrumb":{"@id":"https:\/\/dormalab.com\/fr\/produit\/masque-airfit-f30i-petit-std\/#breadcrumb"},"inLanguage":"fr-FR","potentialAction":[{"@type":"ReadAction","target":["https:\/\/dormalab.com\/fr\/produit\/masque-airfit-f30i-petit-std\/"]}]},{"@type":"ImageObject","inLanguage":"fr-FR","@id":"https:\/\/dormalab.com\/fr\/produit\/masque-airfit-f30i-petit-std\/#primaryimage","url":"https:\/\/dormalab.com\/wp-content\/uploads\/2025\/04\/mascarilla-facial-resmed-airfit-f30i-frente-lateral-a_1024x.webp","contentUrl":"https:\/\/dormalab.com\/wp-content\/uploads\/2025\/04\/mascarilla-facial-resmed-airfit-f30i-frente-lateral-a_1024x.webp","width":900,"height":1036},{"@type":"BreadcrumbList","@id":"https:\/\/dormalab.com\/fr\/produit\/masque-airfit-f30i-petit-std\/#breadcrumb","itemListElement":[{"@type":"ListItem","position":1,"name":"Home","item":"https:\/\/dormalab.com\/fr\/"},{"@type":"ListItem","position":2,"name":"Boutique","item":"https:\/\/dormalab.com\/fr\/boutique\/"},{"@type":"ListItem","position":3,"name":"Masque AirFit F30i Petit\/STD"}]},{"@type":"WebSite","@id":"https:\/\/dormalab.com\/fr\/#website","url":"https:\/\/dormalab.com\/fr\/","name":"Dorma Sleep Clinics","description":"Sleep Well Live Well","publisher":{"@id":"https:\/\/dormalab.com\/fr\/#organization"},"potentialAction":[{"@type":"SearchAction","target":{"@type":"EntryPoint","urlTemplate":"https:\/\/dormalab.com\/fr\/?s={search_term_string}"},"query-input":{"@type":"PropertyValueSpecification","valueRequired":true,"valueName":"search_term_string"}}],"inLanguage":"fr-FR"},{"@type":"Organization","@id":"https:\/\/dormalab.com\/fr\/#organization","name":"Dorma Clinique Du Sommeil","url":"https:\/\/dormalab.com\/fr\/","logo":{"@type":"ImageObject","inLanguage":"fr-FR","@id":"https:\/\/dormalab.com\/fr\/#\/schema\/logo\/image\/","url":"https:\/\/dormalab.com\/wp-content\/uploads\/2019\/10\/Dorma-Logotype-RGB-Black-scaled-e1578787470924.png","contentUrl":"https:\/\/dormalab.com\/wp-content\/uploads\/2019\/10\/Dorma-Logotype-RGB-Black-scaled-e1578787470924.png","width":120,"height":25,"caption":"Dorma Clinique Du Sommeil"},"image":{"@id":"https:\/\/dormalab.com\/fr\/#\/schema\/logo\/image\/"}}]}},"_links":{"self":[{"href":"https:\/\/dormalab.com\/fr\/wp-json\/wp\/v2\/product\/41623","targetHints":{"allow":["GET"]}}],"collection":[{"href":"https:\/\/dormalab.com\/fr\/wp-json\/wp\/v2\/product"}],"about":[{"href":"https:\/\/dormalab.com\/fr\/wp-json\/wp\/v2\/types\/product"}],"version-history":[{"count":0,"href":"https:\/\/dormalab.com\/fr\/wp-json\/wp\/v2\/product\/41623\/revisions"}],"wp:featuredmedia":[{"embeddable":true,"href":"https:\/\/dormalab.com\/fr\/wp-json\/wp\/v2\/media\/40822"}],"wp:attachment":[{"href":"https:\/\/dormalab.com\/fr\/wp-json\/wp\/v2\/media?parent=41623"}],"wp:term":[{"taxonomy":"product_brand","embeddable":true,"href":"https:\/\/dormalab.com\/fr\/wp-json\/wp\/v2\/product_brand?post=41623"},{"taxonomy":"product_cat","embeddable":true,"href":"https:\/\/dormalab.com\/fr\/wp-json\/wp\/v2\/product_cat?post=41623"},{"taxonomy":"product_tag","embeddable":true,"href":"https:\/\/dormalab.com\/fr\/wp-json\/wp\/v2\/product_tag?post=41623"}],"curies":[{"name":"wp","href":"https:\/\/api.w.org\/{rel}","templated":true}]}}