{"id":41627,"date":"2025-04-28T12:47:57","date_gmt":"2025-04-28T16:47:57","guid":{"rendered":"https:\/\/dormalab.com\/product\/masque-brevida-m-l\/"},"modified":"2025-12-09T14:38:46","modified_gmt":"2025-12-09T19:38:46","slug":"masque-brevida-m-l","status":"publish","type":"product","link":"https:\/\/dormalab.com\/fr\/produit\/masque-brevida-m-l\/","title":{"rendered":"Masque Brevida M\/L"},"content":{"rendered":"<p data-start=\"553\" data-end=\"916\">Le masque nasal \u00e0 coussins Brevida de Fisher &amp; Paykel en taille <strong data-start=\"602\" data-end=\"624\">Moyenne\/Grande (M-L)<\/strong> est con\u00e7u pour les utilisateurs qui ont besoin d&rsquo;un masque <a href=\"https:\/\/dormalab.com\/continuous-positive-airflow-pressure-cpap\/\" data-internallinksmanager029f6b8e52c=\"1\" title=\"Continuous Positive Airflow Pressure (CPAP)\">CPAP<\/a> \u00e0 coussins nasaux stable et de grande taille sans compromettre le confort ou les performances. Dot\u00e9 de la technologie innovante AirPillow\u2122, le Brevida offre une \u00e9tanch\u00e9it\u00e9 douce \u00e0 l&rsquo;int\u00e9rieur et autour des narines, con\u00e7ue pour r\u00e9duire les fuites d&rsquo;air et les points de pression. <\/p>\n<p data-start=\"918\" data-end=\"1202\">Le coussin de taille M-L assure un ajustement s\u00fbr et personnalis\u00e9 pour les personnes ayant une structure faciale moyenne \u00e0 grande. Ce masque au profil bas favorise la facilit\u00e9 d&rsquo;utilisation, un fonctionnement silencieux et une libert\u00e9 de mouvement, ce qui en fait un choix populaire parmi les utilisateurs de CPAP qui privil\u00e9gient \u00e0 la fois le confort et la simplicit\u00e9. <\/p>\n<p data-start=\"1204\" data-end=\"1221\"><strong data-start=\"1204\" data-end=\"1221\">Caract\u00e9ristiques Principales :<\/strong><\/p>\n<ul data-start=\"1223\" data-end=\"1907\">\n<li data-start=\"1223\" data-end=\"1311\">\n<p data-start=\"1225\" data-end=\"1311\"><strong data-start=\"1225\" data-end=\"1267\">Comprend uniquement le coussin nasal M-L<\/strong>, con\u00e7u pour les tailles faciales moyennes \u00e0 grandes.<\/p>\n<\/li>\n<li data-start=\"1312\" data-end=\"1412\">\n<p data-start=\"1314\" data-end=\"1412\"><strong data-start=\"1314\" data-end=\"1342\">L&rsquo;\u00e9tanch\u00e9it\u00e9 AirPillow\u2122 se gonfle<\/strong> \u00e0 chaque respiration pour offrir un ajustement doux et s\u00fbr avec une pression minimale.<\/p>\n<\/li>\n<li data-start=\"1413\" data-end=\"1494\">\n<p data-start=\"1415\" data-end=\"1494\"><strong data-start=\"1415\" data-end=\"1446\">La conception du masque \u00e0 contact minimal<\/strong> aide \u00e0 pr\u00e9venir l&rsquo;irritation de la peau et les marques faciales.<\/p>\n<\/li>\n<li data-start=\"1495\" data-end=\"1580\">\n<p data-start=\"1497\" data-end=\"1580\"><strong data-start=\"1497\" data-end=\"1530\">Harnais ajustable et lavable<\/strong> avec languettes Velcro pour un ajustement stable et personnalis\u00e9.<\/p>\n<\/li>\n<li data-start=\"1581\" data-end=\"1669\">\n<p data-start=\"1583\" data-end=\"1669\"><strong data-start=\"1583\" data-end=\"1603\">Le diffuseur Q-cover<\/strong> r\u00e9duit le bruit et les courants d&rsquo;air pour une exp\u00e9rience de sommeil plus paisible.<\/p>\n<\/li>\n<li data-start=\"1670\" data-end=\"1760\">\n<p data-start=\"1672\" data-end=\"1760\"><strong data-start=\"1672\" data-end=\"1713\">La structure l\u00e9g\u00e8re et le tube flexible<\/strong> am\u00e9liorent le mouvement et le confort pendant la nuit.<\/p>\n<\/li>\n<li data-start=\"1761\" data-end=\"1827\">\n<p data-start=\"1763\" data-end=\"1827\"><strong data-start=\"1763\" data-end=\"1827\">Compatible avec toutes les machines CPAP, APAP et BiPAP standard.<\/strong><\/p>\n<\/li>\n<li data-start=\"1828\" data-end=\"1907\">\n<p data-start=\"1830\" data-end=\"1907\"><strong data-start=\"1830\" data-end=\"1862\">Simple \u00e0 assembler et \u00e0 nettoyer<\/strong>, ce qui le rend id\u00e9al pour un usage quotidien ou en voyage.<\/p>\n<\/li>\n<\/ul>\n<p data-start=\"1909\" data-end=\"2075\">Le masque Brevida M-L de Fisher  Paykel est un choix fiable pour les utilisateurs de CPAP qui ont besoin d&rsquo;un masque \u00e0 coussins nasaux confortable, de grande taille, avec des performances silencieuses et efficaces.<\/p>\n","protected":false},"excerpt":{"rendered":"<p data-start=\"257\" data-end=\"520\">Le masque nasal \u00e0 coussins Brevida de Fisher  Paykel en taille M-L offre un ajustement s\u00fbr et confortable pour les utilisateurs ayant des traits faciaux moyens \u00e0 grands. Avec un fonctionnement silencieux et un contact facial minimal, il assure une th\u00e9rapie CPAP efficace gr\u00e2ce \u00e0 la technologie avanc\u00e9e AirPillow\u2122. <\/p>\n<p>&nbsp;<\/p>\n","protected":false},"featured_media":40746,"template":"","meta":[],"product_brand":[369],"product_cat":[365],"product_tag":[],"class_list":{"0":"post-41627","1":"product","2":"type-product","3":"status-publish","4":"has-post-thumbnail","6":"product_brand-fisher-paykel","7":"product_cat-masque","9":"first","10":"instock","11":"shipping-taxable","12":"purchasable","13":"product-type-simple"},"yoast_head":"<!-- This site is optimized with the Yoast SEO plugin v27.4 - https:\/\/yoast.com\/product\/yoast-seo-wordpress\/ -->\n<title>Masque Brevida M\/L - Dorma Sleep Clinics<\/title>\n<meta name=\"robots\" content=\"index, follow, max-snippet:-1, max-image-preview:large, max-video-preview:-1\" \/>\n<link rel=\"canonical\" href=\"https:\/\/dormalab.com\/fr\/produit\/masque-brevida-m-l\/\" \/>\n<meta property=\"og:locale\" content=\"fr_FR\" \/>\n<meta property=\"og:type\" content=\"article\" \/>\n<meta property=\"og:title\" content=\"Masque Brevida M\/L - Dorma Sleep Clinics\" \/>\n<meta property=\"og:description\" content=\"Le masque nasal \u00e0 coussins Brevida de Fisher Paykel en taille M-L offre un ajustement s\u00fbr et confortable pour les utilisateurs ayant des traits faciaux moyens \u00e0 grands. Avec un fonctionnement silencieux et un contact facial minimal, il assure une th\u00e9rapie CPAP efficace gr\u00e2ce \u00e0 la technologie avanc\u00e9e AirPillow\u2122. &nbsp;\" \/>\n<meta property=\"og:url\" content=\"https:\/\/dormalab.com\/fr\/produit\/masque-brevida-m-l\/\" \/>\n<meta property=\"og:site_name\" content=\"Dorma Sleep Clinics\" \/>\n<meta property=\"article:modified_time\" content=\"2025-12-09T19:38:46+00:00\" \/>\n<meta property=\"og:image\" content=\"https:\/\/dormalab.com\/wp-content\/uploads\/2025\/04\/Captura-de-Pantalla-2025-05-15-a-las-4.30.28-p.-m.png\" \/>\n\t<meta property=\"og:image:width\" content=\"1\" \/>\n\t<meta property=\"og:image:height\" content=\"1\" \/>\n\t<meta property=\"og:image:type\" content=\"image\/png\" \/>\n<meta name=\"twitter:card\" content=\"summary_large_image\" \/>\n<meta name=\"twitter:label1\" content=\"Dur\u00e9e de lecture estim\u00e9e\" \/>\n\t<meta name=\"twitter:data1\" content=\"1 minute\" \/>\n<script type=\"application\/ld+json\" class=\"yoast-schema-graph\">{\"@context\":\"https:\\\/\\\/schema.org\",\"@graph\":[{\"@type\":\"WebPage\",\"@id\":\"https:\\\/\\\/dormalab.com\\\/fr\\\/produit\\\/masque-brevida-m-l\\\/\",\"url\":\"https:\\\/\\\/dormalab.com\\\/fr\\\/produit\\\/masque-brevida-m-l\\\/\",\"name\":\"Masque Brevida M\\\/L - Dorma Sleep Clinics\",\"isPartOf\":{\"@id\":\"https:\\\/\\\/dormalab.com\\\/fr\\\/#website\"},\"primaryImageOfPage\":{\"@id\":\"https:\\\/\\\/dormalab.com\\\/fr\\\/produit\\\/masque-brevida-m-l\\\/#primaryimage\"},\"image\":{\"@id\":\"https:\\\/\\\/dormalab.com\\\/fr\\\/produit\\\/masque-brevida-m-l\\\/#primaryimage\"},\"thumbnailUrl\":\"https:\\\/\\\/dormalab.com\\\/wp-content\\\/uploads\\\/2025\\\/04\\\/Captura-de-Pantalla-2025-05-15-a-las-4.30.28-p.-m.png\",\"datePublished\":\"2025-04-28T16:47:57+00:00\",\"dateModified\":\"2025-12-09T19:38:46+00:00\",\"breadcrumb\":{\"@id\":\"https:\\\/\\\/dormalab.com\\\/fr\\\/produit\\\/masque-brevida-m-l\\\/#breadcrumb\"},\"inLanguage\":\"fr-FR\",\"potentialAction\":[{\"@type\":\"ReadAction\",\"target\":[\"https:\\\/\\\/dormalab.com\\\/fr\\\/produit\\\/masque-brevida-m-l\\\/\"]}]},{\"@type\":\"ImageObject\",\"inLanguage\":\"fr-FR\",\"@id\":\"https:\\\/\\\/dormalab.com\\\/fr\\\/produit\\\/masque-brevida-m-l\\\/#primaryimage\",\"url\":\"https:\\\/\\\/dormalab.com\\\/wp-content\\\/uploads\\\/2025\\\/04\\\/Captura-de-Pantalla-2025-05-15-a-las-4.30.28-p.-m.png\",\"contentUrl\":\"https:\\\/\\\/dormalab.com\\\/wp-content\\\/uploads\\\/2025\\\/04\\\/Captura-de-Pantalla-2025-05-15-a-las-4.30.28-p.-m.png\"},{\"@type\":\"BreadcrumbList\",\"@id\":\"https:\\\/\\\/dormalab.com\\\/fr\\\/produit\\\/masque-brevida-m-l\\\/#breadcrumb\",\"itemListElement\":[{\"@type\":\"ListItem\",\"position\":1,\"name\":\"Home\",\"item\":\"https:\\\/\\\/dormalab.com\\\/fr\\\/\"},{\"@type\":\"ListItem\",\"position\":2,\"name\":\"Boutique\",\"item\":\"https:\\\/\\\/dormalab.com\\\/fr\\\/boutique\\\/\"},{\"@type\":\"ListItem\",\"position\":3,\"name\":\"Masque Brevida M\\\/L\"}]},{\"@type\":\"WebSite\",\"@id\":\"https:\\\/\\\/dormalab.com\\\/fr\\\/#website\",\"url\":\"https:\\\/\\\/dormalab.com\\\/fr\\\/\",\"name\":\"Dorma Sleep Clinics\",\"description\":\"Sleep Well Live Well\",\"publisher\":{\"@id\":\"https:\\\/\\\/dormalab.com\\\/fr\\\/#organization\"},\"potentialAction\":[{\"@type\":\"SearchAction\",\"target\":{\"@type\":\"EntryPoint\",\"urlTemplate\":\"https:\\\/\\\/dormalab.com\\\/fr\\\/?s={search_term_string}\"},\"query-input\":{\"@type\":\"PropertyValueSpecification\",\"valueRequired\":true,\"valueName\":\"search_term_string\"}}],\"inLanguage\":\"fr-FR\"},{\"@type\":\"Organization\",\"@id\":\"https:\\\/\\\/dormalab.com\\\/fr\\\/#organization\",\"name\":\"Dorma Clinique Du Sommeil\",\"url\":\"https:\\\/\\\/dormalab.com\\\/fr\\\/\",\"logo\":{\"@type\":\"ImageObject\",\"inLanguage\":\"fr-FR\",\"@id\":\"https:\\\/\\\/dormalab.com\\\/fr\\\/#\\\/schema\\\/logo\\\/image\\\/\",\"url\":\"https:\\\/\\\/dormalab.com\\\/wp-content\\\/uploads\\\/2019\\\/10\\\/Dorma-Logotype-RGB-Black-scaled-e1578787470924.png\",\"contentUrl\":\"https:\\\/\\\/dormalab.com\\\/wp-content\\\/uploads\\\/2019\\\/10\\\/Dorma-Logotype-RGB-Black-scaled-e1578787470924.png\",\"width\":120,\"height\":25,\"caption\":\"Dorma Clinique Du Sommeil\"},\"image\":{\"@id\":\"https:\\\/\\\/dormalab.com\\\/fr\\\/#\\\/schema\\\/logo\\\/image\\\/\"}}]}<\/script>\n<!-- \/ Yoast SEO plugin. -->","yoast_head_json":{"title":"Masque Brevida M\/L - Dorma Sleep Clinics","robots":{"index":"index","follow":"follow","max-snippet":"max-snippet:-1","max-image-preview":"max-image-preview:large","max-video-preview":"max-video-preview:-1"},"canonical":"https:\/\/dormalab.com\/fr\/produit\/masque-brevida-m-l\/","og_locale":"fr_FR","og_type":"article","og_title":"Masque Brevida M\/L - Dorma Sleep Clinics","og_description":"Le masque nasal \u00e0 coussins Brevida de Fisher Paykel en taille M-L offre un ajustement s\u00fbr et confortable pour les utilisateurs ayant des traits faciaux moyens \u00e0 grands. Avec un fonctionnement silencieux et un contact facial minimal, il assure une th\u00e9rapie CPAP efficace gr\u00e2ce \u00e0 la technologie avanc\u00e9e AirPillow\u2122. &nbsp;","og_url":"https:\/\/dormalab.com\/fr\/produit\/masque-brevida-m-l\/","og_site_name":"Dorma Sleep Clinics","article_modified_time":"2025-12-09T19:38:46+00:00","og_image":[{"url":"https:\/\/dormalab.com\/wp-content\/uploads\/2025\/04\/Captura-de-Pantalla-2025-05-15-a-las-4.30.28-p.-m.png","width":1,"height":1,"type":"image\/png"}],"twitter_card":"summary_large_image","twitter_misc":{"Dur\u00e9e de lecture estim\u00e9e":"1 minute"},"schema":{"@context":"https:\/\/schema.org","@graph":[{"@type":"WebPage","@id":"https:\/\/dormalab.com\/fr\/produit\/masque-brevida-m-l\/","url":"https:\/\/dormalab.com\/fr\/produit\/masque-brevida-m-l\/","name":"Masque Brevida M\/L - Dorma Sleep Clinics","isPartOf":{"@id":"https:\/\/dormalab.com\/fr\/#website"},"primaryImageOfPage":{"@id":"https:\/\/dormalab.com\/fr\/produit\/masque-brevida-m-l\/#primaryimage"},"image":{"@id":"https:\/\/dormalab.com\/fr\/produit\/masque-brevida-m-l\/#primaryimage"},"thumbnailUrl":"https:\/\/dormalab.com\/wp-content\/uploads\/2025\/04\/Captura-de-Pantalla-2025-05-15-a-las-4.30.28-p.-m.png","datePublished":"2025-04-28T16:47:57+00:00","dateModified":"2025-12-09T19:38:46+00:00","breadcrumb":{"@id":"https:\/\/dormalab.com\/fr\/produit\/masque-brevida-m-l\/#breadcrumb"},"inLanguage":"fr-FR","potentialAction":[{"@type":"ReadAction","target":["https:\/\/dormalab.com\/fr\/produit\/masque-brevida-m-l\/"]}]},{"@type":"ImageObject","inLanguage":"fr-FR","@id":"https:\/\/dormalab.com\/fr\/produit\/masque-brevida-m-l\/#primaryimage","url":"https:\/\/dormalab.com\/wp-content\/uploads\/2025\/04\/Captura-de-Pantalla-2025-05-15-a-las-4.30.28-p.-m.png","contentUrl":"https:\/\/dormalab.com\/wp-content\/uploads\/2025\/04\/Captura-de-Pantalla-2025-05-15-a-las-4.30.28-p.-m.png"},{"@type":"BreadcrumbList","@id":"https:\/\/dormalab.com\/fr\/produit\/masque-brevida-m-l\/#breadcrumb","itemListElement":[{"@type":"ListItem","position":1,"name":"Home","item":"https:\/\/dormalab.com\/fr\/"},{"@type":"ListItem","position":2,"name":"Boutique","item":"https:\/\/dormalab.com\/fr\/boutique\/"},{"@type":"ListItem","position":3,"name":"Masque Brevida M\/L"}]},{"@type":"WebSite","@id":"https:\/\/dormalab.com\/fr\/#website","url":"https:\/\/dormalab.com\/fr\/","name":"Dorma Sleep Clinics","description":"Sleep Well Live Well","publisher":{"@id":"https:\/\/dormalab.com\/fr\/#organization"},"potentialAction":[{"@type":"SearchAction","target":{"@type":"EntryPoint","urlTemplate":"https:\/\/dormalab.com\/fr\/?s={search_term_string}"},"query-input":{"@type":"PropertyValueSpecification","valueRequired":true,"valueName":"search_term_string"}}],"inLanguage":"fr-FR"},{"@type":"Organization","@id":"https:\/\/dormalab.com\/fr\/#organization","name":"Dorma Clinique Du Sommeil","url":"https:\/\/dormalab.com\/fr\/","logo":{"@type":"ImageObject","inLanguage":"fr-FR","@id":"https:\/\/dormalab.com\/fr\/#\/schema\/logo\/image\/","url":"https:\/\/dormalab.com\/wp-content\/uploads\/2019\/10\/Dorma-Logotype-RGB-Black-scaled-e1578787470924.png","contentUrl":"https:\/\/dormalab.com\/wp-content\/uploads\/2019\/10\/Dorma-Logotype-RGB-Black-scaled-e1578787470924.png","width":120,"height":25,"caption":"Dorma Clinique Du Sommeil"},"image":{"@id":"https:\/\/dormalab.com\/fr\/#\/schema\/logo\/image\/"}}]}},"_links":{"self":[{"href":"https:\/\/dormalab.com\/fr\/wp-json\/wp\/v2\/product\/41627","targetHints":{"allow":["GET"]}}],"collection":[{"href":"https:\/\/dormalab.com\/fr\/wp-json\/wp\/v2\/product"}],"about":[{"href":"https:\/\/dormalab.com\/fr\/wp-json\/wp\/v2\/types\/product"}],"version-history":[{"count":0,"href":"https:\/\/dormalab.com\/fr\/wp-json\/wp\/v2\/product\/41627\/revisions"}],"wp:featuredmedia":[{"embeddable":true,"href":"https:\/\/dormalab.com\/fr\/wp-json\/wp\/v2\/media\/40746"}],"wp:attachment":[{"href":"https:\/\/dormalab.com\/fr\/wp-json\/wp\/v2\/media?parent=41627"}],"wp:term":[{"taxonomy":"product_brand","embeddable":true,"href":"https:\/\/dormalab.com\/fr\/wp-json\/wp\/v2\/product_brand?post=41627"},{"taxonomy":"product_cat","embeddable":true,"href":"https:\/\/dormalab.com\/fr\/wp-json\/wp\/v2\/product_cat?post=41627"},{"taxonomy":"product_tag","embeddable":true,"href":"https:\/\/dormalab.com\/fr\/wp-json\/wp\/v2\/product_tag?post=41627"}],"curies":[{"name":"wp","href":"https:\/\/api.w.org\/{rel}","templated":true}]}}