{"id":41628,"date":"2025-04-28T12:47:36","date_gmt":"2025-04-28T16:47:36","guid":{"rendered":"https:\/\/dormalab.com\/product\/masque-airfit-p30i-petit-stpk\/"},"modified":"2025-12-09T14:38:47","modified_gmt":"2025-12-09T19:38:47","slug":"masque-airfit-p30i-petit-stpk","status":"publish","type":"product","link":"https:\/\/dormalab.com\/fr\/produit\/masque-airfit-p30i-petit-stpk\/","title":{"rendered":"Masque Airfit P30i petit\/stpk"},"content":{"rendered":"<p class=\"\" data-start=\"507\" data-end=\"832\">Le <strong data-start=\"511\" data-end=\"548\">AirFit P30i Small Starter Pack<\/strong> est con\u00e7u pour offrir confort, flexibilit\u00e9 et performance silencieuse aux utilisateurs suivant une th\u00e9rapie par <a href=\"https:\/\/dormalab.com\/continuous-positive-airflow-pressure-cpap\/\" data-internallinksmanager029f6b8e52c=\"1\" title=\"Continuous Positive Airflow Pressure (CPAP)\">CPAP<\/a>. Sa conception novatrice comprend une <strong data-start=\"686\" data-end=\"717\">connexion du tube au sommet de la t\u00eate<\/strong>, maintenant ainsi la tubulure hors de vue et hors du chemin, ce qui est id\u00e9al pour les dormeurs actifs qui bougent tout au long de la nuit. <\/p>\n<p class=\"\" data-start=\"834\" data-end=\"1114\">La <strong data-start=\"838\" data-end=\"857\">structure SpringFit<\/strong> offre un ajustement personnalis\u00e9 et s\u00e9curis\u00e9 tout en s&rsquo;adaptant aux diff\u00e9rentes formes de visage, et les mat\u00e9riaux souples et flexibles maximisent le confort. Ce masque comprend \u00e9galement la <strong data-start=\"1008\" data-end=\"1037\">technologie de ventilation QuietAir\u2122<\/strong>, r\u00e9duisant significativement le bruit et permettant un environnement de sommeil paisible. <\/p>\n<p class=\"\" data-start=\"1116\" data-end=\"1129\">Caract\u00e9ristiques principales :<\/p>\n<ul data-start=\"1130\" data-end=\"1401\">\n<li style=\"list-style-type: none;\">\n<ul data-start=\"1130\" data-end=\"1401\">\n<li class=\"\" data-start=\"1130\" data-end=\"1180\">\n<p class=\"\" data-start=\"1132\" data-end=\"1180\"><strong data-start=\"1132\" data-end=\"1159\">Conception du tube au sommet de la t\u00eate<\/strong> pour une plus grande mobilit\u00e9<\/p>\n<\/li>\n<li class=\"\" data-start=\"1181\" data-end=\"1233\">\n<p class=\"\" data-start=\"1183\" data-end=\"1233\"><strong data-start=\"1183\" data-end=\"1204\">Design minimaliste<\/strong> avec un champ de vision d\u00e9gag\u00e9<\/p>\n<\/li>\n<li class=\"\" data-start=\"1234\" data-end=\"1280\">\n<p class=\"\" data-start=\"1236\" data-end=\"1280\"><strong data-start=\"1236\" data-end=\"1254\">\u00c9vent QuietAir\u2122<\/strong> pour un fonctionnement ultra-silencieux<\/p>\n<\/li>\n<li class=\"\" data-start=\"1281\" data-end=\"1328\">\n<p class=\"\" data-start=\"1283\" data-end=\"1328\"><strong data-start=\"1283\" data-end=\"1307\">Structure souple et flexible<\/strong> pour un confort accru<\/p>\n<\/li>\n<\/ul>\n<\/li>\n<\/ul>\n<p class=\"\" data-start=\"598\" data-end=\"723\">\u200b<\/p>\n<p class=\"\" data-start=\"725\" data-end=\"850\"><span class=\"relative -mx-px my-[-0.2rem] rounded px-px py-[0.2rem] transition-colors duration-100 ease-in-out\">Ce kit de d\u00e9marrage Small comprend une structure de petite taille, un harnais et deux tailles de coussins nasaux (petit et moyen), vous assurant de trouver l&rsquo;ajustement le plus confortable.<\/span> <span class=\"relative -mx-px my-[-0.2rem] rounded px-px py-[0.2rem] transition-colors duration-100 ease-in-out\">Id\u00e9al pour ceux qui recherchent un design minimaliste sans sacrifier la performance, le kit de d\u00e9marrage AirFit P30i Small est un choix fiable pour une th\u00e9rapie efficace et confortable de l&rsquo;apn\u00e9e du sommeil.<\/span><\/p>\n","protected":false},"excerpt":{"rendered":"<p>Exp\u00e9rimentez la libert\u00e9 et le confort avec l&rsquo;AirFit P30i Small Starter Pack. Con\u00e7u pour les dormeurs actifs, ce masque nasal \u00e0 coussins pr\u00e9sente une connexion du tube au sommet de la t\u00eate, un contact facial minimal et une performance silencieuse pour des nuits reposantes. <\/p>\n","protected":false},"featured_media":40600,"template":"","meta":[],"product_brand":[368],"product_cat":[365],"product_tag":[],"class_list":{"0":"post-41628","1":"product","2":"type-product","3":"status-publish","4":"has-post-thumbnail","6":"product_brand-resmed","7":"product_cat-masque","9":"first","10":"instock","11":"shipping-taxable","12":"purchasable","13":"product-type-simple"},"yoast_head":"<!-- This site is optimized with the Yoast SEO plugin v27.5 - https:\/\/yoast.com\/product\/yoast-seo-wordpress\/ -->\n<title>Masque Airfit P30i petit\/stpk - Dorma Sleep Clinics<\/title>\n<meta name=\"robots\" content=\"index, follow, max-snippet:-1, max-image-preview:large, max-video-preview:-1\" \/>\n<link rel=\"canonical\" href=\"https:\/\/dormalab.com\/fr\/produit\/masque-airfit-p30i-petit-stpk\/\" \/>\n<meta property=\"og:locale\" content=\"fr_FR\" \/>\n<meta property=\"og:type\" content=\"article\" \/>\n<meta property=\"og:title\" content=\"Masque Airfit P30i petit\/stpk - Dorma Sleep Clinics\" \/>\n<meta property=\"og:description\" content=\"Exp\u00e9rimentez la libert\u00e9 et le confort avec l&#039;AirFit P30i Small Starter Pack. Con\u00e7u pour les dormeurs actifs, ce masque nasal \u00e0 coussins pr\u00e9sente une connexion du tube au sommet de la t\u00eate, un contact facial minimal et une performance silencieuse pour des nuits reposantes.\" \/>\n<meta property=\"og:url\" content=\"https:\/\/dormalab.com\/fr\/produit\/masque-airfit-p30i-petit-stpk\/\" \/>\n<meta property=\"og:site_name\" content=\"Dorma Sleep Clinics\" \/>\n<meta property=\"article:modified_time\" content=\"2025-12-09T19:38:47+00:00\" \/>\n<meta property=\"og:image\" content=\"https:\/\/dormalab.com\/wp-content\/uploads\/2025\/04\/p30i.png\" \/>\n\t<meta property=\"og:image:width\" content=\"755\" \/>\n\t<meta property=\"og:image:height\" content=\"644\" \/>\n\t<meta property=\"og:image:type\" content=\"image\/png\" \/>\n<meta name=\"twitter:card\" content=\"summary_large_image\" \/>\n<meta name=\"twitter:label1\" content=\"Dur\u00e9e de lecture estim\u00e9e\" \/>\n\t<meta name=\"twitter:data1\" content=\"1 minute\" \/>\n<script type=\"application\/ld+json\" class=\"yoast-schema-graph\">{\"@context\":\"https:\\\/\\\/schema.org\",\"@graph\":[{\"@type\":\"WebPage\",\"@id\":\"https:\\\/\\\/dormalab.com\\\/fr\\\/produit\\\/masque-airfit-p30i-petit-stpk\\\/\",\"url\":\"https:\\\/\\\/dormalab.com\\\/fr\\\/produit\\\/masque-airfit-p30i-petit-stpk\\\/\",\"name\":\"Masque Airfit P30i petit\\\/stpk - Dorma Sleep Clinics\",\"isPartOf\":{\"@id\":\"https:\\\/\\\/dormalab.com\\\/fr\\\/#website\"},\"primaryImageOfPage\":{\"@id\":\"https:\\\/\\\/dormalab.com\\\/fr\\\/produit\\\/masque-airfit-p30i-petit-stpk\\\/#primaryimage\"},\"image\":{\"@id\":\"https:\\\/\\\/dormalab.com\\\/fr\\\/produit\\\/masque-airfit-p30i-petit-stpk\\\/#primaryimage\"},\"thumbnailUrl\":\"https:\\\/\\\/dormalab.com\\\/wp-content\\\/uploads\\\/2025\\\/04\\\/p30i.png\",\"datePublished\":\"2025-04-28T16:47:36+00:00\",\"dateModified\":\"2025-12-09T19:38:47+00:00\",\"breadcrumb\":{\"@id\":\"https:\\\/\\\/dormalab.com\\\/fr\\\/produit\\\/masque-airfit-p30i-petit-stpk\\\/#breadcrumb\"},\"inLanguage\":\"fr-FR\",\"potentialAction\":[{\"@type\":\"ReadAction\",\"target\":[\"https:\\\/\\\/dormalab.com\\\/fr\\\/produit\\\/masque-airfit-p30i-petit-stpk\\\/\"]}]},{\"@type\":\"ImageObject\",\"inLanguage\":\"fr-FR\",\"@id\":\"https:\\\/\\\/dormalab.com\\\/fr\\\/produit\\\/masque-airfit-p30i-petit-stpk\\\/#primaryimage\",\"url\":\"https:\\\/\\\/dormalab.com\\\/wp-content\\\/uploads\\\/2025\\\/04\\\/p30i.png\",\"contentUrl\":\"https:\\\/\\\/dormalab.com\\\/wp-content\\\/uploads\\\/2025\\\/04\\\/p30i.png\",\"width\":755,\"height\":644},{\"@type\":\"BreadcrumbList\",\"@id\":\"https:\\\/\\\/dormalab.com\\\/fr\\\/produit\\\/masque-airfit-p30i-petit-stpk\\\/#breadcrumb\",\"itemListElement\":[{\"@type\":\"ListItem\",\"position\":1,\"name\":\"Home\",\"item\":\"https:\\\/\\\/dormalab.com\\\/fr\\\/\"},{\"@type\":\"ListItem\",\"position\":2,\"name\":\"Boutique\",\"item\":\"https:\\\/\\\/dormalab.com\\\/fr\\\/boutique\\\/\"},{\"@type\":\"ListItem\",\"position\":3,\"name\":\"Masque Airfit P30i petit\\\/stpk\"}]},{\"@type\":\"WebSite\",\"@id\":\"https:\\\/\\\/dormalab.com\\\/fr\\\/#website\",\"url\":\"https:\\\/\\\/dormalab.com\\\/fr\\\/\",\"name\":\"Dorma Sleep Clinics\",\"description\":\"Sleep Well Live Well\",\"publisher\":{\"@id\":\"https:\\\/\\\/dormalab.com\\\/fr\\\/#organization\"},\"potentialAction\":[{\"@type\":\"SearchAction\",\"target\":{\"@type\":\"EntryPoint\",\"urlTemplate\":\"https:\\\/\\\/dormalab.com\\\/fr\\\/?s={search_term_string}\"},\"query-input\":{\"@type\":\"PropertyValueSpecification\",\"valueRequired\":true,\"valueName\":\"search_term_string\"}}],\"inLanguage\":\"fr-FR\"},{\"@type\":\"Organization\",\"@id\":\"https:\\\/\\\/dormalab.com\\\/fr\\\/#organization\",\"name\":\"Dorma Clinique Du Sommeil\",\"url\":\"https:\\\/\\\/dormalab.com\\\/fr\\\/\",\"logo\":{\"@type\":\"ImageObject\",\"inLanguage\":\"fr-FR\",\"@id\":\"https:\\\/\\\/dormalab.com\\\/fr\\\/#\\\/schema\\\/logo\\\/image\\\/\",\"url\":\"https:\\\/\\\/dormalab.com\\\/wp-content\\\/uploads\\\/2019\\\/10\\\/Dorma-Logotype-RGB-Black-scaled-e1578787470924.png\",\"contentUrl\":\"https:\\\/\\\/dormalab.com\\\/wp-content\\\/uploads\\\/2019\\\/10\\\/Dorma-Logotype-RGB-Black-scaled-e1578787470924.png\",\"width\":120,\"height\":25,\"caption\":\"Dorma Clinique Du Sommeil\"},\"image\":{\"@id\":\"https:\\\/\\\/dormalab.com\\\/fr\\\/#\\\/schema\\\/logo\\\/image\\\/\"}}]}<\/script>\n<!-- \/ Yoast SEO plugin. -->","yoast_head_json":{"title":"Masque Airfit P30i petit\/stpk - Dorma Sleep Clinics","robots":{"index":"index","follow":"follow","max-snippet":"max-snippet:-1","max-image-preview":"max-image-preview:large","max-video-preview":"max-video-preview:-1"},"canonical":"https:\/\/dormalab.com\/fr\/produit\/masque-airfit-p30i-petit-stpk\/","og_locale":"fr_FR","og_type":"article","og_title":"Masque Airfit P30i petit\/stpk - Dorma Sleep Clinics","og_description":"Exp\u00e9rimentez la libert\u00e9 et le confort avec l'AirFit P30i Small Starter Pack. Con\u00e7u pour les dormeurs actifs, ce masque nasal \u00e0 coussins pr\u00e9sente une connexion du tube au sommet de la t\u00eate, un contact facial minimal et une performance silencieuse pour des nuits reposantes.","og_url":"https:\/\/dormalab.com\/fr\/produit\/masque-airfit-p30i-petit-stpk\/","og_site_name":"Dorma Sleep Clinics","article_modified_time":"2025-12-09T19:38:47+00:00","og_image":[{"width":755,"height":644,"url":"https:\/\/dormalab.com\/wp-content\/uploads\/2025\/04\/p30i.png","type":"image\/png"}],"twitter_card":"summary_large_image","twitter_misc":{"Dur\u00e9e de lecture estim\u00e9e":"1 minute"},"schema":{"@context":"https:\/\/schema.org","@graph":[{"@type":"WebPage","@id":"https:\/\/dormalab.com\/fr\/produit\/masque-airfit-p30i-petit-stpk\/","url":"https:\/\/dormalab.com\/fr\/produit\/masque-airfit-p30i-petit-stpk\/","name":"Masque Airfit P30i petit\/stpk - Dorma Sleep Clinics","isPartOf":{"@id":"https:\/\/dormalab.com\/fr\/#website"},"primaryImageOfPage":{"@id":"https:\/\/dormalab.com\/fr\/produit\/masque-airfit-p30i-petit-stpk\/#primaryimage"},"image":{"@id":"https:\/\/dormalab.com\/fr\/produit\/masque-airfit-p30i-petit-stpk\/#primaryimage"},"thumbnailUrl":"https:\/\/dormalab.com\/wp-content\/uploads\/2025\/04\/p30i.png","datePublished":"2025-04-28T16:47:36+00:00","dateModified":"2025-12-09T19:38:47+00:00","breadcrumb":{"@id":"https:\/\/dormalab.com\/fr\/produit\/masque-airfit-p30i-petit-stpk\/#breadcrumb"},"inLanguage":"fr-FR","potentialAction":[{"@type":"ReadAction","target":["https:\/\/dormalab.com\/fr\/produit\/masque-airfit-p30i-petit-stpk\/"]}]},{"@type":"ImageObject","inLanguage":"fr-FR","@id":"https:\/\/dormalab.com\/fr\/produit\/masque-airfit-p30i-petit-stpk\/#primaryimage","url":"https:\/\/dormalab.com\/wp-content\/uploads\/2025\/04\/p30i.png","contentUrl":"https:\/\/dormalab.com\/wp-content\/uploads\/2025\/04\/p30i.png","width":755,"height":644},{"@type":"BreadcrumbList","@id":"https:\/\/dormalab.com\/fr\/produit\/masque-airfit-p30i-petit-stpk\/#breadcrumb","itemListElement":[{"@type":"ListItem","position":1,"name":"Home","item":"https:\/\/dormalab.com\/fr\/"},{"@type":"ListItem","position":2,"name":"Boutique","item":"https:\/\/dormalab.com\/fr\/boutique\/"},{"@type":"ListItem","position":3,"name":"Masque Airfit P30i petit\/stpk"}]},{"@type":"WebSite","@id":"https:\/\/dormalab.com\/fr\/#website","url":"https:\/\/dormalab.com\/fr\/","name":"Dorma Sleep Clinics","description":"Sleep Well Live Well","publisher":{"@id":"https:\/\/dormalab.com\/fr\/#organization"},"potentialAction":[{"@type":"SearchAction","target":{"@type":"EntryPoint","urlTemplate":"https:\/\/dormalab.com\/fr\/?s={search_term_string}"},"query-input":{"@type":"PropertyValueSpecification","valueRequired":true,"valueName":"search_term_string"}}],"inLanguage":"fr-FR"},{"@type":"Organization","@id":"https:\/\/dormalab.com\/fr\/#organization","name":"Dorma Clinique Du Sommeil","url":"https:\/\/dormalab.com\/fr\/","logo":{"@type":"ImageObject","inLanguage":"fr-FR","@id":"https:\/\/dormalab.com\/fr\/#\/schema\/logo\/image\/","url":"https:\/\/dormalab.com\/wp-content\/uploads\/2019\/10\/Dorma-Logotype-RGB-Black-scaled-e1578787470924.png","contentUrl":"https:\/\/dormalab.com\/wp-content\/uploads\/2019\/10\/Dorma-Logotype-RGB-Black-scaled-e1578787470924.png","width":120,"height":25,"caption":"Dorma Clinique Du Sommeil"},"image":{"@id":"https:\/\/dormalab.com\/fr\/#\/schema\/logo\/image\/"}}]}},"_links":{"self":[{"href":"https:\/\/dormalab.com\/fr\/wp-json\/wp\/v2\/product\/41628","targetHints":{"allow":["GET"]}}],"collection":[{"href":"https:\/\/dormalab.com\/fr\/wp-json\/wp\/v2\/product"}],"about":[{"href":"https:\/\/dormalab.com\/fr\/wp-json\/wp\/v2\/types\/product"}],"version-history":[{"count":0,"href":"https:\/\/dormalab.com\/fr\/wp-json\/wp\/v2\/product\/41628\/revisions"}],"wp:featuredmedia":[{"embeddable":true,"href":"https:\/\/dormalab.com\/fr\/wp-json\/wp\/v2\/media\/40600"}],"wp:attachment":[{"href":"https:\/\/dormalab.com\/fr\/wp-json\/wp\/v2\/media?parent=41628"}],"wp:term":[{"taxonomy":"product_brand","embeddable":true,"href":"https:\/\/dormalab.com\/fr\/wp-json\/wp\/v2\/product_brand?post=41628"},{"taxonomy":"product_cat","embeddable":true,"href":"https:\/\/dormalab.com\/fr\/wp-json\/wp\/v2\/product_cat?post=41628"},{"taxonomy":"product_tag","embeddable":true,"href":"https:\/\/dormalab.com\/fr\/wp-json\/wp\/v2\/product_tag?post=41628"}],"curies":[{"name":"wp","href":"https:\/\/api.w.org\/{rel}","templated":true}]}}