{"id":41630,"date":"2025-04-28T12:47:43","date_gmt":"2025-04-28T16:47:43","guid":{"rendered":"https:\/\/dormalab.com\/product\/coussinet-airtouch-n20-taille-moyenne\/"},"modified":"2025-12-09T14:38:49","modified_gmt":"2025-12-09T19:38:49","slug":"coussinet-airtouch-n20-taille-moyenne","status":"publish","type":"product","link":"https:\/\/dormalab.com\/fr\/produit\/coussinet-airtouch-n20-taille-moyenne\/","title":{"rendered":"Coussinet AirTouch N20 taille moyenne"},"content":{"rendered":"<ul>\n<li data-start=\"425\" data-end=\"503\">\n<p data-start=\"427\" data-end=\"503\">Sp\u00e9cialement con\u00e7u pour une utilisation avec le <strong data-start=\"463\" data-end=\"502\">masque nasal <a href=\"https:\/\/dormalab.com\/continuous-positive-airflow-pressure-cpap\/\" data-internallinksmanager029f6b8e52c=\"1\" title=\"Continuous Positive Airflow Pressure (CPAP)\">CPAP<\/a> ResMed AirTouch N20<\/strong>.<\/p>\n<\/li>\n<li data-start=\"504\" data-end=\"583\">\n<p data-start=\"506\" data-end=\"583\">La <strong data-start=\"506\" data-end=\"521\">taille moyenne<\/strong> offre un ajustement id\u00e9al pour les utilisateurs ayant des dimensions faciales moyennes.<\/p>\n<\/li>\n<li data-start=\"584\" data-end=\"674\">\n<p data-start=\"586\" data-end=\"674\">Fabriqu\u00e9 avec une <strong data-start=\"603\" data-end=\"627\">mousse \u00e0 m\u00e9moire de forme adaptative<\/strong> pour r\u00e9duire les points de pression et l&rsquo;irritation cutan\u00e9e.<\/p>\n<\/li>\n<li data-start=\"675\" data-end=\"764\">\n<p data-start=\"677\" data-end=\"764\">Assure une <strong data-start=\"688\" data-end=\"715\">\u00e9tanch\u00e9it\u00e9 douce mais efficace<\/strong>, m\u00eame en cas de mouvements du visage pendant la nuit.<\/p>\n<\/li>\n<li data-start=\"765\" data-end=\"847\">\n<p data-start=\"767\" data-end=\"847\">Excellente option pour ceux qui trouvent les <strong data-start=\"811\" data-end=\"846\">coussins en silicone traditionnels inconfortables<\/strong>.<\/p>\n<\/li>\n<li data-start=\"848\" data-end=\"913\">\n<p data-start=\"850\" data-end=\"913\">Contribue \u00e0 <strong data-start=\"856\" data-end=\"878\">minimiser les marques rouges<\/strong> et am\u00e9liore le confort global du masque.<\/p>\n<\/li>\n<li data-start=\"1008\" data-end=\"1085\">\n<p data-start=\"1010\" data-end=\"1085\">Rapide et facile \u00e0 fixer aux cadres des masques <strong data-start=\"1042\" data-end=\"1072\">AirTouch N20 ou AirFit N20<\/strong>.<\/p>\n<\/li>\n<\/ul>\n","protected":false},"excerpt":{"rendered":"<p>Le coussin AirTouch N20 de taille moyenne pr\u00e9sente une mousse \u00e0 m\u00e9moire de forme ultra-douce qui s&rsquo;adapte d\u00e9licatement au visage, offrant une \u00e9tanch\u00e9it\u00e9 s\u00fbre et confortable pour les structures faciales de taille moyenne, compatible avec le masque nasal ResMed AirTouch N20.<\/p>\n","protected":false},"featured_media":40709,"template":"","meta":[],"product_brand":[368],"product_cat":[365],"product_tag":[],"class_list":{"0":"post-41630","1":"product","2":"type-product","3":"status-publish","4":"has-post-thumbnail","6":"product_brand-resmed","7":"product_cat-masque","9":"first","10":"instock","11":"shipping-taxable","12":"purchasable","13":"product-type-simple"},"yoast_head":"<!-- This site is optimized with the Yoast SEO plugin v27.3 - https:\/\/yoast.com\/product\/yoast-seo-wordpress\/ -->\n<title>Coussinet AirTouch N20 taille moyenne - Dorma Sleep Clinics<\/title>\n<meta name=\"robots\" content=\"index, follow, max-snippet:-1, max-image-preview:large, max-video-preview:-1\" \/>\n<link rel=\"canonical\" href=\"https:\/\/dormalab.com\/fr\/produit\/coussinet-airtouch-n20-taille-moyenne\/\" \/>\n<meta property=\"og:locale\" content=\"fr_FR\" \/>\n<meta property=\"og:type\" content=\"article\" \/>\n<meta property=\"og:title\" content=\"Coussinet AirTouch N20 taille moyenne - Dorma Sleep Clinics\" \/>\n<meta property=\"og:description\" content=\"Le coussin AirTouch N20 de taille moyenne pr\u00e9sente une mousse \u00e0 m\u00e9moire de forme ultra-douce qui s&#039;adapte d\u00e9licatement au visage, offrant une \u00e9tanch\u00e9it\u00e9 s\u00fbre et confortable pour les structures faciales de taille moyenne, compatible avec le masque nasal ResMed AirTouch N20.\" \/>\n<meta property=\"og:url\" content=\"https:\/\/dormalab.com\/fr\/produit\/coussinet-airtouch-n20-taille-moyenne\/\" \/>\n<meta property=\"og:site_name\" content=\"Dorma Sleep Clinics\" \/>\n<meta property=\"article:modified_time\" content=\"2025-12-09T19:38:49+00:00\" \/>\n<meta property=\"og:image\" content=\"https:\/\/dormalab.com\/wp-content\/uploads\/2025\/04\/Capture2-2.png\" \/>\n\t<meta property=\"og:image:width\" content=\"450\" \/>\n\t<meta property=\"og:image:height\" content=\"405\" \/>\n\t<meta property=\"og:image:type\" content=\"image\/png\" \/>\n<meta name=\"twitter:card\" content=\"summary_large_image\" \/>\n<meta name=\"twitter:label1\" content=\"Dur\u00e9e de lecture estim\u00e9e\" \/>\n\t<meta name=\"twitter:data1\" content=\"1 minute\" \/>\n<script type=\"application\/ld+json\" class=\"yoast-schema-graph\">{\"@context\":\"https:\\\/\\\/schema.org\",\"@graph\":[{\"@type\":\"WebPage\",\"@id\":\"https:\\\/\\\/dormalab.com\\\/fr\\\/produit\\\/coussinet-airtouch-n20-taille-moyenne\\\/\",\"url\":\"https:\\\/\\\/dormalab.com\\\/fr\\\/produit\\\/coussinet-airtouch-n20-taille-moyenne\\\/\",\"name\":\"Coussinet AirTouch N20 taille moyenne - Dorma Sleep Clinics\",\"isPartOf\":{\"@id\":\"https:\\\/\\\/dormalab.com\\\/fr\\\/#website\"},\"primaryImageOfPage\":{\"@id\":\"https:\\\/\\\/dormalab.com\\\/fr\\\/produit\\\/coussinet-airtouch-n20-taille-moyenne\\\/#primaryimage\"},\"image\":{\"@id\":\"https:\\\/\\\/dormalab.com\\\/fr\\\/produit\\\/coussinet-airtouch-n20-taille-moyenne\\\/#primaryimage\"},\"thumbnailUrl\":\"https:\\\/\\\/dormalab.com\\\/wp-content\\\/uploads\\\/2025\\\/04\\\/Capture2-2.png\",\"datePublished\":\"2025-04-28T16:47:43+00:00\",\"dateModified\":\"2025-12-09T19:38:49+00:00\",\"breadcrumb\":{\"@id\":\"https:\\\/\\\/dormalab.com\\\/fr\\\/produit\\\/coussinet-airtouch-n20-taille-moyenne\\\/#breadcrumb\"},\"inLanguage\":\"fr-FR\",\"potentialAction\":[{\"@type\":\"ReadAction\",\"target\":[\"https:\\\/\\\/dormalab.com\\\/fr\\\/produit\\\/coussinet-airtouch-n20-taille-moyenne\\\/\"]}]},{\"@type\":\"ImageObject\",\"inLanguage\":\"fr-FR\",\"@id\":\"https:\\\/\\\/dormalab.com\\\/fr\\\/produit\\\/coussinet-airtouch-n20-taille-moyenne\\\/#primaryimage\",\"url\":\"https:\\\/\\\/dormalab.com\\\/wp-content\\\/uploads\\\/2025\\\/04\\\/Capture2-2.png\",\"contentUrl\":\"https:\\\/\\\/dormalab.com\\\/wp-content\\\/uploads\\\/2025\\\/04\\\/Capture2-2.png\",\"width\":450,\"height\":405},{\"@type\":\"BreadcrumbList\",\"@id\":\"https:\\\/\\\/dormalab.com\\\/fr\\\/produit\\\/coussinet-airtouch-n20-taille-moyenne\\\/#breadcrumb\",\"itemListElement\":[{\"@type\":\"ListItem\",\"position\":1,\"name\":\"Home\",\"item\":\"https:\\\/\\\/dormalab.com\\\/fr\\\/\"},{\"@type\":\"ListItem\",\"position\":2,\"name\":\"Boutique\",\"item\":\"https:\\\/\\\/dormalab.com\\\/fr\\\/boutique\\\/\"},{\"@type\":\"ListItem\",\"position\":3,\"name\":\"Coussinet AirTouch N20 taille moyenne\"}]},{\"@type\":\"WebSite\",\"@id\":\"https:\\\/\\\/dormalab.com\\\/fr\\\/#website\",\"url\":\"https:\\\/\\\/dormalab.com\\\/fr\\\/\",\"name\":\"Dorma Sleep Clinics\",\"description\":\"Sleep Well Live Well\",\"publisher\":{\"@id\":\"https:\\\/\\\/dormalab.com\\\/fr\\\/#organization\"},\"potentialAction\":[{\"@type\":\"SearchAction\",\"target\":{\"@type\":\"EntryPoint\",\"urlTemplate\":\"https:\\\/\\\/dormalab.com\\\/fr\\\/?s={search_term_string}\"},\"query-input\":{\"@type\":\"PropertyValueSpecification\",\"valueRequired\":true,\"valueName\":\"search_term_string\"}}],\"inLanguage\":\"fr-FR\"},{\"@type\":\"Organization\",\"@id\":\"https:\\\/\\\/dormalab.com\\\/fr\\\/#organization\",\"name\":\"Dorma Clinique Du Sommeil\",\"url\":\"https:\\\/\\\/dormalab.com\\\/fr\\\/\",\"logo\":{\"@type\":\"ImageObject\",\"inLanguage\":\"fr-FR\",\"@id\":\"https:\\\/\\\/dormalab.com\\\/fr\\\/#\\\/schema\\\/logo\\\/image\\\/\",\"url\":\"https:\\\/\\\/dormalab.com\\\/wp-content\\\/uploads\\\/2019\\\/10\\\/Dorma-Logotype-RGB-Black-scaled-e1578787470924.png\",\"contentUrl\":\"https:\\\/\\\/dormalab.com\\\/wp-content\\\/uploads\\\/2019\\\/10\\\/Dorma-Logotype-RGB-Black-scaled-e1578787470924.png\",\"width\":120,\"height\":25,\"caption\":\"Dorma Clinique Du Sommeil\"},\"image\":{\"@id\":\"https:\\\/\\\/dormalab.com\\\/fr\\\/#\\\/schema\\\/logo\\\/image\\\/\"}}]}<\/script>\n<!-- \/ Yoast SEO plugin. -->","yoast_head_json":{"title":"Coussinet AirTouch N20 taille moyenne - Dorma Sleep Clinics","robots":{"index":"index","follow":"follow","max-snippet":"max-snippet:-1","max-image-preview":"max-image-preview:large","max-video-preview":"max-video-preview:-1"},"canonical":"https:\/\/dormalab.com\/fr\/produit\/coussinet-airtouch-n20-taille-moyenne\/","og_locale":"fr_FR","og_type":"article","og_title":"Coussinet AirTouch N20 taille moyenne - Dorma Sleep Clinics","og_description":"Le coussin AirTouch N20 de taille moyenne pr\u00e9sente une mousse \u00e0 m\u00e9moire de forme ultra-douce qui s'adapte d\u00e9licatement au visage, offrant une \u00e9tanch\u00e9it\u00e9 s\u00fbre et confortable pour les structures faciales de taille moyenne, compatible avec le masque nasal ResMed AirTouch N20.","og_url":"https:\/\/dormalab.com\/fr\/produit\/coussinet-airtouch-n20-taille-moyenne\/","og_site_name":"Dorma Sleep Clinics","article_modified_time":"2025-12-09T19:38:49+00:00","og_image":[{"width":450,"height":405,"url":"https:\/\/dormalab.com\/wp-content\/uploads\/2025\/04\/Capture2-2.png","type":"image\/png"}],"twitter_card":"summary_large_image","twitter_misc":{"Dur\u00e9e de lecture estim\u00e9e":"1 minute"},"schema":{"@context":"https:\/\/schema.org","@graph":[{"@type":"WebPage","@id":"https:\/\/dormalab.com\/fr\/produit\/coussinet-airtouch-n20-taille-moyenne\/","url":"https:\/\/dormalab.com\/fr\/produit\/coussinet-airtouch-n20-taille-moyenne\/","name":"Coussinet AirTouch N20 taille moyenne - Dorma Sleep Clinics","isPartOf":{"@id":"https:\/\/dormalab.com\/fr\/#website"},"primaryImageOfPage":{"@id":"https:\/\/dormalab.com\/fr\/produit\/coussinet-airtouch-n20-taille-moyenne\/#primaryimage"},"image":{"@id":"https:\/\/dormalab.com\/fr\/produit\/coussinet-airtouch-n20-taille-moyenne\/#primaryimage"},"thumbnailUrl":"https:\/\/dormalab.com\/wp-content\/uploads\/2025\/04\/Capture2-2.png","datePublished":"2025-04-28T16:47:43+00:00","dateModified":"2025-12-09T19:38:49+00:00","breadcrumb":{"@id":"https:\/\/dormalab.com\/fr\/produit\/coussinet-airtouch-n20-taille-moyenne\/#breadcrumb"},"inLanguage":"fr-FR","potentialAction":[{"@type":"ReadAction","target":["https:\/\/dormalab.com\/fr\/produit\/coussinet-airtouch-n20-taille-moyenne\/"]}]},{"@type":"ImageObject","inLanguage":"fr-FR","@id":"https:\/\/dormalab.com\/fr\/produit\/coussinet-airtouch-n20-taille-moyenne\/#primaryimage","url":"https:\/\/dormalab.com\/wp-content\/uploads\/2025\/04\/Capture2-2.png","contentUrl":"https:\/\/dormalab.com\/wp-content\/uploads\/2025\/04\/Capture2-2.png","width":450,"height":405},{"@type":"BreadcrumbList","@id":"https:\/\/dormalab.com\/fr\/produit\/coussinet-airtouch-n20-taille-moyenne\/#breadcrumb","itemListElement":[{"@type":"ListItem","position":1,"name":"Home","item":"https:\/\/dormalab.com\/fr\/"},{"@type":"ListItem","position":2,"name":"Boutique","item":"https:\/\/dormalab.com\/fr\/boutique\/"},{"@type":"ListItem","position":3,"name":"Coussinet AirTouch N20 taille moyenne"}]},{"@type":"WebSite","@id":"https:\/\/dormalab.com\/fr\/#website","url":"https:\/\/dormalab.com\/fr\/","name":"Dorma Sleep Clinics","description":"Sleep Well Live Well","publisher":{"@id":"https:\/\/dormalab.com\/fr\/#organization"},"potentialAction":[{"@type":"SearchAction","target":{"@type":"EntryPoint","urlTemplate":"https:\/\/dormalab.com\/fr\/?s={search_term_string}"},"query-input":{"@type":"PropertyValueSpecification","valueRequired":true,"valueName":"search_term_string"}}],"inLanguage":"fr-FR"},{"@type":"Organization","@id":"https:\/\/dormalab.com\/fr\/#organization","name":"Dorma Clinique Du Sommeil","url":"https:\/\/dormalab.com\/fr\/","logo":{"@type":"ImageObject","inLanguage":"fr-FR","@id":"https:\/\/dormalab.com\/fr\/#\/schema\/logo\/image\/","url":"https:\/\/dormalab.com\/wp-content\/uploads\/2019\/10\/Dorma-Logotype-RGB-Black-scaled-e1578787470924.png","contentUrl":"https:\/\/dormalab.com\/wp-content\/uploads\/2019\/10\/Dorma-Logotype-RGB-Black-scaled-e1578787470924.png","width":120,"height":25,"caption":"Dorma Clinique Du Sommeil"},"image":{"@id":"https:\/\/dormalab.com\/fr\/#\/schema\/logo\/image\/"}}]}},"_links":{"self":[{"href":"https:\/\/dormalab.com\/fr\/wp-json\/wp\/v2\/product\/41630","targetHints":{"allow":["GET"]}}],"collection":[{"href":"https:\/\/dormalab.com\/fr\/wp-json\/wp\/v2\/product"}],"about":[{"href":"https:\/\/dormalab.com\/fr\/wp-json\/wp\/v2\/types\/product"}],"version-history":[{"count":0,"href":"https:\/\/dormalab.com\/fr\/wp-json\/wp\/v2\/product\/41630\/revisions"}],"wp:featuredmedia":[{"embeddable":true,"href":"https:\/\/dormalab.com\/fr\/wp-json\/wp\/v2\/media\/40709"}],"wp:attachment":[{"href":"https:\/\/dormalab.com\/fr\/wp-json\/wp\/v2\/media?parent=41630"}],"wp:term":[{"taxonomy":"product_brand","embeddable":true,"href":"https:\/\/dormalab.com\/fr\/wp-json\/wp\/v2\/product_brand?post=41630"},{"taxonomy":"product_cat","embeddable":true,"href":"https:\/\/dormalab.com\/fr\/wp-json\/wp\/v2\/product_cat?post=41630"},{"taxonomy":"product_tag","embeddable":true,"href":"https:\/\/dormalab.com\/fr\/wp-json\/wp\/v2\/product_tag?post=41630"}],"curies":[{"name":"wp","href":"https:\/\/api.w.org\/{rel}","templated":true}]}}