{"id":41631,"date":"2025-04-28T12:47:01","date_gmt":"2025-04-28T16:47:01","guid":{"rendered":"https:\/\/dormalab.com\/product\/masque-airtouch-f20-petit\/"},"modified":"2025-12-09T14:39:05","modified_gmt":"2025-12-09T19:39:05","slug":"masque-airtouch-f20-petit","status":"publish","type":"product","link":"https:\/\/dormalab.com\/fr\/produit\/masque-airtouch-f20-petit\/","title":{"rendered":"Masque AirTouch F20 petit"},"content":{"rendered":"<p class=\"\" data-start=\"40\" data-end=\"87\"><strong data-start=\"40\" data-end=\"87\">Masque facial complet ResMed AirTouch F20 \u2013 Petit<\/strong><\/p>\n<p class=\"\" data-start=\"89\" data-end=\"208\"><span class=\"relative -mx-px my-[-0.2rem] rounded px-px py-[0.2rem] transition-colors duration-100 ease-in-out\">D\u00e9couvrez un confort et des performances in\u00e9gal\u00e9s avec le masque facial complet ResMed AirTouch F20 en taille S.<\/span> <span class=\"relative -mx-px my-[-0.2rem] rounded px-px py-[0.2rem] transition-colors duration-100 ease-in-out\">Con\u00e7u pour les utilisateurs <a title=\"Pression positive continue (PPC)\" href=\"https:\/\/dormalab.com\/fr\/pression-positive-continue-ppc\/\" data-internallinksmanager029f6b8e52c=\"1\">d&rsquo;appareils CPAP<\/a> qui respirent par la bouche ou qui souffrent de points de pression faciaux, ce masque allie technologie innovante et fonctionnalit\u00e9s conviviales.<\/span><\/p>\n<p class=\"\" data-start=\"210\" data-end=\"227\"><strong data-start=\"210\" data-end=\"227\">Caract\u00e9ristiques Principales :<\/strong><\/p>\n<ul data-start=\"229\" data-end=\"1017\">\n<li class=\"\" data-start=\"229\" data-end=\"386\">\n<p class=\"\" data-start=\"231\" data-end=\"386\"><strong data-start=\"231\" data-end=\"266\">Coussin en mousse \u00e0 m\u00e9moire de forme UltraSoft\u2122 :<\/strong> <span class=\"relative -mx-px my-[-0.2rem] rounded px-px py-[0.2rem] transition-colors duration-100 ease-in-out\">Le coussinet de l&rsquo;AirTouch F20 s&rsquo;adapte aux contours de votre visage, assurant une \u00e9tanch\u00e9it\u00e9 optimale tout en r\u00e9duisant les frottements et la pression de contact. Cette conception contribue \u00e0 minimiser les rougeurs et l&rsquo;inconfort, m\u00eame lors d&rsquo;une utilisation prolong\u00e9e. <\/span> \u200b<\/p>\n<\/li>\n<li class=\"\" data-start=\"388\" data-end=\"540\">\n<p class=\"\" data-start=\"390\" data-end=\"540\"><strong data-start=\"390\" data-end=\"420\">Technologie de ventilation QuietAir\u2122 :<\/strong> <span class=\"relative -mx-px my-[-0.2rem] rounded px-px py-[0.2rem] transition-colors duration-100 ease-in-out\">Int\u00e9gr\u00e9e au coude, cette technologie diffuse l&rsquo;air expir\u00e9, r\u00e9duisant le bruit et cr\u00e9ant un environnement de sommeil paisible.<\/span><\/p>\n<\/li>\n<li class=\"\" data-start=\"542\" data-end=\"711\">\n<p class=\"\" data-start=\"544\" data-end=\"711\"><strong data-start=\"544\" data-end=\"585\">Clips magn\u00e9tiques et coude \u00e0 d\u00e9gagement rapide&nbsp;:<\/strong> <span class=\"relative -mx-px my-[-0.2rem] rounded px-px py-[0.2rem] transition-colors duration-100 ease-in-out\">Simplifiez la mise en place et le retrait du masque. Les clips magn\u00e9tiques permettent une fixation et un retrait faciles, tandis que le coude \u00e0 d\u00e9gagement rapide vous permet de vous d\u00e9connecter du tuyau <a href=\"https:\/\/dormalab.com\/continuous-positive-airflow-pressure-cpap\/\" data-internallinksmanager029f6b8e52c=\"1\" title=\"Continuous Positive Airflow Pressure (CPAP)\">CPAP<\/a> sans retirer tout le masque. <\/span> \u200b<\/p>\n<\/li>\n<li class=\"\" data-start=\"713\" data-end=\"866\">\n<p class=\"\" data-start=\"715\" data-end=\"866\"><strong data-start=\"715\" data-end=\"740\">Conception modulaire du cadre&nbsp;:<\/strong> <span class=\"relative -mx-px my-[-0.2rem] rounded px-px py-[0.2rem] transition-colors duration-100 ease-in-out\">Compatible avec les coussins AirTouch et AirFit F20, offrant aux utilisateurs la possibilit\u00e9 d\u2019alterner entre coussins en mousse et en silicone selon leurs besoins.<\/span><\/p>\n<\/li>\n<li class=\"\" data-start=\"868\" data-end=\"1017\">\n<p class=\"\" data-start=\"870\" data-end=\"1017\"><strong data-start=\"870\" data-end=\"891\">Entretien facile&nbsp;:<\/strong> <span class=\"relative -mx-px my-[-0.2rem] rounded px-px py-[0.2rem] transition-colors duration-100 ease-in-out\">Le coussin en mousse \u00e0 m\u00e9moire de forme UltraSoft ne n\u00e9cessite pas de nettoyage quotidien&nbsp;; un simple coup de chiffon suffit. Son remplacement r\u00e9gulier garantit une hygi\u00e8ne optimale et des performances optimales. <\/span> \u200b<\/p>\n<\/li>\n<\/ul>\n<p class=\"\" data-start=\"1019\" data-end=\"1038\"><strong data-start=\"1019\" data-end=\"1038\">Sp\u00e9cifications :<\/strong><\/p>\n<ul data-start=\"1040\" data-end=\"1414\">\n<li class=\"\" data-start=\"1040\" data-end=\"1137\">\n<p class=\"\" data-start=\"1042\" data-end=\"1137\"><strong data-start=\"1042\" data-end=\"1051\">Taille :<\/strong> <span class=\"relative -mx-px my-[-0.2rem] rounded px-px py-[0.2rem] transition-colors duration-100 ease-in-out\">Petite<\/span><\/p>\n<\/li>\n<li class=\"\" data-start=\"1139\" data-end=\"1240\">\n<p class=\"\" data-start=\"1141\" data-end=\"1240\"><strong data-start=\"1141\" data-end=\"1154\">Comprend :<\/strong> <span class=\"relative -mx-px my-[-0.2rem] rounded px-px py-[0.2rem] transition-colors duration-100 ease-in-out\">Casque avec clips magn\u00e9tiques<\/span><\/p>\n<\/li>\n<li class=\"\" data-start=\"1242\" data-end=\"1309\">\n<p class=\"\" data-start=\"1244\" data-end=\"1309\"><strong data-start=\"1244\" data-end=\"1259\">Sans latex :<\/strong> Oui<\/p>\n<\/li>\n<li class=\"\" data-start=\"1311\" data-end=\"1414\">\n<p class=\"\" data-start=\"1313\" data-end=\"1414\"><strong data-start=\"1313\" data-end=\"1328\">Code HCPCS :<\/strong> <span class=\"relative -mx-px my-[-0.2rem] rounded px-px py-[0.2rem] transition-colors duration-100 ease-in-out\">A7030<\/span><\/p>\n<\/li>\n<\/ul>\n<p class=\"\" data-start=\"1416\" data-end=\"1430\"><strong data-start=\"1416\" data-end=\"1430\">Id\u00e9al pour :<\/strong><\/p>\n<ul data-start=\"1432\" data-end=\"1697\">\n<li class=\"\" data-start=\"1432\" data-end=\"1519\">\n<p class=\"\" data-start=\"1434\" data-end=\"1519\"><span class=\"relative -mx-px my-[-0.2rem] rounded px-px py-[0.2rem] transition-colors duration-100 ease-in-out\">Les personnes qui bougent pendant leur sommeil<\/span><\/p>\n<\/li>\n<li class=\"\" data-start=\"1521\" data-end=\"1608\">\n<p class=\"\" data-start=\"1523\" data-end=\"1608\"><span class=\"relative -mx-px my-[-0.2rem] rounded px-px py-[0.2rem] transition-colors duration-100 ease-in-out\">Pour ceux qui recherchent une exp\u00e9rience CPAP plus silencieuse<\/span><\/p>\n<\/li>\n<li class=\"\" data-start=\"1610\" data-end=\"1697\">\n<p class=\"\" data-start=\"1612\" data-end=\"1697\"><span class=\"relative -mx-px my-[-0.2rem] rounded px-px py-[0.2rem] transition-colors duration-100 ease-in-out\">Les utilisateurs souhaitant un masque qui minimise les marques faciales<\/span><\/p>\n<\/li>\n<\/ul>\n<p>&nbsp;<\/p>\n","protected":false},"excerpt":{"rendered":"<p>Le masque facial complet ResMed AirTouch F20 (taille S) est dot\u00e9 d&rsquo;un coussin en mousse \u00e0 m\u00e9moire de forme UltraSoft\u2122 pour un confort sup\u00e9rieur, une \u00e9tanch\u00e9it\u00e9 optimale et des marques minimales sur le visage. Id\u00e9al pour les utilisateurs d&rsquo;appareils CPAP recherchant un traitement silencieux, pratique et efficace, avec des clips magn\u00e9tiques faciles \u00e0 utiliser et la technologie de ventilation QuietAir\u2122. <\/p>\n","protected":false},"featured_media":40560,"template":"","meta":[],"product_brand":[],"product_cat":[365],"product_tag":[],"class_list":{"0":"post-41631","1":"product","2":"type-product","3":"status-publish","4":"has-post-thumbnail","6":"product_cat-masque","8":"first","9":"instock","10":"shipping-taxable","11":"purchasable","12":"product-type-simple"},"yoast_head":"<!-- This site is optimized with the Yoast SEO plugin v27.3 - https:\/\/yoast.com\/product\/yoast-seo-wordpress\/ -->\n<title>Masque AirTouch F20 petit - Dorma Sleep Clinics<\/title>\n<meta name=\"robots\" content=\"index, follow, max-snippet:-1, max-image-preview:large, max-video-preview:-1\" \/>\n<link rel=\"canonical\" href=\"https:\/\/dormalab.com\/fr\/produit\/masque-airtouch-f20-petit\/\" \/>\n<meta property=\"og:locale\" content=\"fr_FR\" \/>\n<meta property=\"og:type\" content=\"article\" \/>\n<meta property=\"og:title\" content=\"Masque AirTouch F20 petit - Dorma Sleep Clinics\" \/>\n<meta property=\"og:description\" content=\"Le masque facial complet ResMed AirTouch F20 (taille S) est dot\u00e9 d&#039;un coussin en mousse \u00e0 m\u00e9moire de forme UltraSoft\u2122 pour un confort sup\u00e9rieur, une \u00e9tanch\u00e9it\u00e9 optimale et des marques minimales sur le visage. Id\u00e9al pour les utilisateurs d&#039;appareils CPAP recherchant un traitement silencieux, pratique et efficace, avec des clips magn\u00e9tiques faciles \u00e0 utiliser et la technologie de ventilation QuietAir\u2122.\" \/>\n<meta property=\"og:url\" content=\"https:\/\/dormalab.com\/fr\/produit\/masque-airtouch-f20-petit\/\" \/>\n<meta property=\"og:site_name\" content=\"Dorma Sleep Clinics\" \/>\n<meta property=\"article:modified_time\" content=\"2025-12-09T19:39:05+00:00\" \/>\n<meta property=\"og:image\" content=\"https:\/\/dormalab.com\/wp-content\/uploads\/2025\/04\/w-6302x_resmed_airtouch_foam_f20_ffm_5.webp\" \/>\n\t<meta property=\"og:image:width\" content=\"700\" \/>\n\t<meta property=\"og:image:height\" content=\"700\" \/>\n\t<meta property=\"og:image:type\" content=\"image\/webp\" \/>\n<meta name=\"twitter:card\" content=\"summary_large_image\" \/>\n<meta name=\"twitter:label1\" content=\"Dur\u00e9e de lecture estim\u00e9e\" \/>\n\t<meta name=\"twitter:data1\" content=\"2 minute\" \/>\n<script type=\"application\/ld+json\" class=\"yoast-schema-graph\">{\"@context\":\"https:\\\/\\\/schema.org\",\"@graph\":[{\"@type\":\"WebPage\",\"@id\":\"https:\\\/\\\/dormalab.com\\\/fr\\\/produit\\\/masque-airtouch-f20-petit\\\/\",\"url\":\"https:\\\/\\\/dormalab.com\\\/fr\\\/produit\\\/masque-airtouch-f20-petit\\\/\",\"name\":\"Masque AirTouch F20 petit - Dorma Sleep Clinics\",\"isPartOf\":{\"@id\":\"https:\\\/\\\/dormalab.com\\\/fr\\\/#website\"},\"primaryImageOfPage\":{\"@id\":\"https:\\\/\\\/dormalab.com\\\/fr\\\/produit\\\/masque-airtouch-f20-petit\\\/#primaryimage\"},\"image\":{\"@id\":\"https:\\\/\\\/dormalab.com\\\/fr\\\/produit\\\/masque-airtouch-f20-petit\\\/#primaryimage\"},\"thumbnailUrl\":\"https:\\\/\\\/dormalab.com\\\/wp-content\\\/uploads\\\/2025\\\/04\\\/w-6302x_resmed_airtouch_foam_f20_ffm_5.webp\",\"datePublished\":\"2025-04-28T16:47:01+00:00\",\"dateModified\":\"2025-12-09T19:39:05+00:00\",\"breadcrumb\":{\"@id\":\"https:\\\/\\\/dormalab.com\\\/fr\\\/produit\\\/masque-airtouch-f20-petit\\\/#breadcrumb\"},\"inLanguage\":\"fr-FR\",\"potentialAction\":[{\"@type\":\"ReadAction\",\"target\":[\"https:\\\/\\\/dormalab.com\\\/fr\\\/produit\\\/masque-airtouch-f20-petit\\\/\"]}]},{\"@type\":\"ImageObject\",\"inLanguage\":\"fr-FR\",\"@id\":\"https:\\\/\\\/dormalab.com\\\/fr\\\/produit\\\/masque-airtouch-f20-petit\\\/#primaryimage\",\"url\":\"https:\\\/\\\/dormalab.com\\\/wp-content\\\/uploads\\\/2025\\\/04\\\/w-6302x_resmed_airtouch_foam_f20_ffm_5.webp\",\"contentUrl\":\"https:\\\/\\\/dormalab.com\\\/wp-content\\\/uploads\\\/2025\\\/04\\\/w-6302x_resmed_airtouch_foam_f20_ffm_5.webp\",\"width\":700,\"height\":700},{\"@type\":\"BreadcrumbList\",\"@id\":\"https:\\\/\\\/dormalab.com\\\/fr\\\/produit\\\/masque-airtouch-f20-petit\\\/#breadcrumb\",\"itemListElement\":[{\"@type\":\"ListItem\",\"position\":1,\"name\":\"Home\",\"item\":\"https:\\\/\\\/dormalab.com\\\/fr\\\/\"},{\"@type\":\"ListItem\",\"position\":2,\"name\":\"Boutique\",\"item\":\"https:\\\/\\\/dormalab.com\\\/fr\\\/boutique\\\/\"},{\"@type\":\"ListItem\",\"position\":3,\"name\":\"Masque AirTouch F20 petit\"}]},{\"@type\":\"WebSite\",\"@id\":\"https:\\\/\\\/dormalab.com\\\/fr\\\/#website\",\"url\":\"https:\\\/\\\/dormalab.com\\\/fr\\\/\",\"name\":\"Dorma Sleep Clinics\",\"description\":\"Sleep Well Live Well\",\"publisher\":{\"@id\":\"https:\\\/\\\/dormalab.com\\\/fr\\\/#organization\"},\"potentialAction\":[{\"@type\":\"SearchAction\",\"target\":{\"@type\":\"EntryPoint\",\"urlTemplate\":\"https:\\\/\\\/dormalab.com\\\/fr\\\/?s={search_term_string}\"},\"query-input\":{\"@type\":\"PropertyValueSpecification\",\"valueRequired\":true,\"valueName\":\"search_term_string\"}}],\"inLanguage\":\"fr-FR\"},{\"@type\":\"Organization\",\"@id\":\"https:\\\/\\\/dormalab.com\\\/fr\\\/#organization\",\"name\":\"Dorma Clinique Du Sommeil\",\"url\":\"https:\\\/\\\/dormalab.com\\\/fr\\\/\",\"logo\":{\"@type\":\"ImageObject\",\"inLanguage\":\"fr-FR\",\"@id\":\"https:\\\/\\\/dormalab.com\\\/fr\\\/#\\\/schema\\\/logo\\\/image\\\/\",\"url\":\"https:\\\/\\\/dormalab.com\\\/wp-content\\\/uploads\\\/2019\\\/10\\\/Dorma-Logotype-RGB-Black-scaled-e1578787470924.png\",\"contentUrl\":\"https:\\\/\\\/dormalab.com\\\/wp-content\\\/uploads\\\/2019\\\/10\\\/Dorma-Logotype-RGB-Black-scaled-e1578787470924.png\",\"width\":120,\"height\":25,\"caption\":\"Dorma Clinique Du Sommeil\"},\"image\":{\"@id\":\"https:\\\/\\\/dormalab.com\\\/fr\\\/#\\\/schema\\\/logo\\\/image\\\/\"}}]}<\/script>\n<!-- \/ Yoast SEO plugin. -->","yoast_head_json":{"title":"Masque AirTouch F20 petit - Dorma Sleep Clinics","robots":{"index":"index","follow":"follow","max-snippet":"max-snippet:-1","max-image-preview":"max-image-preview:large","max-video-preview":"max-video-preview:-1"},"canonical":"https:\/\/dormalab.com\/fr\/produit\/masque-airtouch-f20-petit\/","og_locale":"fr_FR","og_type":"article","og_title":"Masque AirTouch F20 petit - Dorma Sleep Clinics","og_description":"Le masque facial complet ResMed AirTouch F20 (taille S) est dot\u00e9 d'un coussin en mousse \u00e0 m\u00e9moire de forme UltraSoft\u2122 pour un confort sup\u00e9rieur, une \u00e9tanch\u00e9it\u00e9 optimale et des marques minimales sur le visage. Id\u00e9al pour les utilisateurs d'appareils CPAP recherchant un traitement silencieux, pratique et efficace, avec des clips magn\u00e9tiques faciles \u00e0 utiliser et la technologie de ventilation QuietAir\u2122.","og_url":"https:\/\/dormalab.com\/fr\/produit\/masque-airtouch-f20-petit\/","og_site_name":"Dorma Sleep Clinics","article_modified_time":"2025-12-09T19:39:05+00:00","og_image":[{"width":700,"height":700,"url":"https:\/\/dormalab.com\/wp-content\/uploads\/2025\/04\/w-6302x_resmed_airtouch_foam_f20_ffm_5.webp","type":"image\/webp"}],"twitter_card":"summary_large_image","twitter_misc":{"Dur\u00e9e de lecture estim\u00e9e":"2 minute"},"schema":{"@context":"https:\/\/schema.org","@graph":[{"@type":"WebPage","@id":"https:\/\/dormalab.com\/fr\/produit\/masque-airtouch-f20-petit\/","url":"https:\/\/dormalab.com\/fr\/produit\/masque-airtouch-f20-petit\/","name":"Masque AirTouch F20 petit - Dorma Sleep Clinics","isPartOf":{"@id":"https:\/\/dormalab.com\/fr\/#website"},"primaryImageOfPage":{"@id":"https:\/\/dormalab.com\/fr\/produit\/masque-airtouch-f20-petit\/#primaryimage"},"image":{"@id":"https:\/\/dormalab.com\/fr\/produit\/masque-airtouch-f20-petit\/#primaryimage"},"thumbnailUrl":"https:\/\/dormalab.com\/wp-content\/uploads\/2025\/04\/w-6302x_resmed_airtouch_foam_f20_ffm_5.webp","datePublished":"2025-04-28T16:47:01+00:00","dateModified":"2025-12-09T19:39:05+00:00","breadcrumb":{"@id":"https:\/\/dormalab.com\/fr\/produit\/masque-airtouch-f20-petit\/#breadcrumb"},"inLanguage":"fr-FR","potentialAction":[{"@type":"ReadAction","target":["https:\/\/dormalab.com\/fr\/produit\/masque-airtouch-f20-petit\/"]}]},{"@type":"ImageObject","inLanguage":"fr-FR","@id":"https:\/\/dormalab.com\/fr\/produit\/masque-airtouch-f20-petit\/#primaryimage","url":"https:\/\/dormalab.com\/wp-content\/uploads\/2025\/04\/w-6302x_resmed_airtouch_foam_f20_ffm_5.webp","contentUrl":"https:\/\/dormalab.com\/wp-content\/uploads\/2025\/04\/w-6302x_resmed_airtouch_foam_f20_ffm_5.webp","width":700,"height":700},{"@type":"BreadcrumbList","@id":"https:\/\/dormalab.com\/fr\/produit\/masque-airtouch-f20-petit\/#breadcrumb","itemListElement":[{"@type":"ListItem","position":1,"name":"Home","item":"https:\/\/dormalab.com\/fr\/"},{"@type":"ListItem","position":2,"name":"Boutique","item":"https:\/\/dormalab.com\/fr\/boutique\/"},{"@type":"ListItem","position":3,"name":"Masque AirTouch F20 petit"}]},{"@type":"WebSite","@id":"https:\/\/dormalab.com\/fr\/#website","url":"https:\/\/dormalab.com\/fr\/","name":"Dorma Sleep Clinics","description":"Sleep Well Live Well","publisher":{"@id":"https:\/\/dormalab.com\/fr\/#organization"},"potentialAction":[{"@type":"SearchAction","target":{"@type":"EntryPoint","urlTemplate":"https:\/\/dormalab.com\/fr\/?s={search_term_string}"},"query-input":{"@type":"PropertyValueSpecification","valueRequired":true,"valueName":"search_term_string"}}],"inLanguage":"fr-FR"},{"@type":"Organization","@id":"https:\/\/dormalab.com\/fr\/#organization","name":"Dorma Clinique Du Sommeil","url":"https:\/\/dormalab.com\/fr\/","logo":{"@type":"ImageObject","inLanguage":"fr-FR","@id":"https:\/\/dormalab.com\/fr\/#\/schema\/logo\/image\/","url":"https:\/\/dormalab.com\/wp-content\/uploads\/2019\/10\/Dorma-Logotype-RGB-Black-scaled-e1578787470924.png","contentUrl":"https:\/\/dormalab.com\/wp-content\/uploads\/2019\/10\/Dorma-Logotype-RGB-Black-scaled-e1578787470924.png","width":120,"height":25,"caption":"Dorma Clinique Du Sommeil"},"image":{"@id":"https:\/\/dormalab.com\/fr\/#\/schema\/logo\/image\/"}}]}},"_links":{"self":[{"href":"https:\/\/dormalab.com\/fr\/wp-json\/wp\/v2\/product\/41631","targetHints":{"allow":["GET"]}}],"collection":[{"href":"https:\/\/dormalab.com\/fr\/wp-json\/wp\/v2\/product"}],"about":[{"href":"https:\/\/dormalab.com\/fr\/wp-json\/wp\/v2\/types\/product"}],"version-history":[{"count":0,"href":"https:\/\/dormalab.com\/fr\/wp-json\/wp\/v2\/product\/41631\/revisions"}],"wp:featuredmedia":[{"embeddable":true,"href":"https:\/\/dormalab.com\/fr\/wp-json\/wp\/v2\/media\/40560"}],"wp:attachment":[{"href":"https:\/\/dormalab.com\/fr\/wp-json\/wp\/v2\/media?parent=41631"}],"wp:term":[{"taxonomy":"product_brand","embeddable":true,"href":"https:\/\/dormalab.com\/fr\/wp-json\/wp\/v2\/product_brand?post=41631"},{"taxonomy":"product_cat","embeddable":true,"href":"https:\/\/dormalab.com\/fr\/wp-json\/wp\/v2\/product_cat?post=41631"},{"taxonomy":"product_tag","embeddable":true,"href":"https:\/\/dormalab.com\/fr\/wp-json\/wp\/v2\/product_tag?post=41631"}],"curies":[{"name":"wp","href":"https:\/\/api.w.org\/{rel}","templated":true}]}}