{"id":41632,"date":"2025-04-28T12:47:35","date_gmt":"2025-04-28T16:47:35","guid":{"rendered":"https:\/\/dormalab.com\/product\/masque-airfit-p30i-standard-standard\/"},"modified":"2025-12-09T14:39:05","modified_gmt":"2025-12-09T19:39:05","slug":"masque-airfit-p30i-standard-standard","status":"publish","type":"product","link":"https:\/\/dormalab.com\/fr\/produit\/masque-airfit-p30i-standard-standard\/","title":{"rendered":"Masque Airfit P30i standard\/standard"},"content":{"rendered":"<p class=\"\" data-start=\"507\" data-end=\"832\">Le <strong data-start=\"511\" data-end=\"548\">kit de d\u00e9marrage AirFit P30i Standard<\/strong> est con\u00e7u pour offrir confort, flexibilit\u00e9 et fonctionnement silencieux aux utilisateurs sous traitement <a href=\"https:\/\/dormalab.com\/continuous-positive-airflow-pressure-cpap\/\" data-internallinksmanager029f6b8e52c=\"1\" title=\"Continuous Positive Airflow Pressure (CPAP)\">CPAP<\/a>. Son design innovant comprend un <strong data-start=\"686\" data-end=\"717\">raccordement du tube au sommet de la t\u00eate<\/strong> , dissimulant ainsi le tube et \u00e9vitant tout encombrement&nbsp;; un atout id\u00e9al pour les personnes qui bougent beaucoup pendant leur sommeil. <\/p>\n<p class=\"\" data-start=\"834\" data-end=\"1114\">La <strong data-start=\"838\" data-end=\"857\">structure SpringFit<\/strong> offre un ajustement personnalis\u00e9 et s\u00e9curis\u00e9 tout en s&rsquo;adaptant aux diff\u00e9rentes formes de visage, et les mat\u00e9riaux souples et flexibles maximisent le confort. Ce masque comprend \u00e9galement la <strong data-start=\"1008\" data-end=\"1037\">technologie de ventilation QuietAir\u2122<\/strong>, r\u00e9duisant significativement le bruit et permettant un environnement de sommeil paisible. <\/p>\n<p class=\"\" data-start=\"1116\" data-end=\"1129\">Caract\u00e9ristiques principales :<\/p>\n<ul data-start=\"1130\" data-end=\"1401\">\n<li class=\"\" data-start=\"1130\" data-end=\"1180\">\n<p class=\"\" data-start=\"1132\" data-end=\"1180\"><strong data-start=\"1132\" data-end=\"1159\">Conception du tube au sommet de la t\u00eate<\/strong> pour une plus grande mobilit\u00e9<\/p>\n<\/li>\n<li class=\"\" data-start=\"1181\" data-end=\"1233\">\n<p class=\"\" data-start=\"1183\" data-end=\"1233\"><strong data-start=\"1183\" data-end=\"1204\">Design minimaliste<\/strong> avec un champ de vision d\u00e9gag\u00e9<\/p>\n<\/li>\n<li class=\"\" data-start=\"1234\" data-end=\"1280\">\n<p class=\"\" data-start=\"1236\" data-end=\"1280\"><strong data-start=\"1236\" data-end=\"1254\">\u00c9vent QuietAir\u2122<\/strong> pour un fonctionnement ultra-silencieux<\/p>\n<\/li>\n<li class=\"\" data-start=\"1281\" data-end=\"1328\">\n<p class=\"\" data-start=\"1283\" data-end=\"1328\"><strong data-start=\"1283\" data-end=\"1307\">Structure souple et flexible<\/strong> pour un confort accru<\/p>\n<\/li>\n<li class=\"\" data-start=\"1329\" data-end=\"1401\">\n<p class=\"\" data-start=\"1331\" data-end=\"1401\"><strong data-start=\"1331\" data-end=\"1365\">Comprend plusieurs tailles d&rsquo;oreillers<\/strong> (petit, moyen, grand) pour un ajustement parfait.<\/p>\n<\/li>\n<\/ul>\n","protected":false},"excerpt":{"rendered":"<p>D\u00e9couvrez la libert\u00e9 et le confort avec le kit de d\u00e9marrage AirFit P30i Standard. Con\u00e7u pour les dormeurs actifs, ce masque \u00e0 embouts nasaux est dot\u00e9 d&rsquo;un raccord pour le tube situ\u00e9 sur le haut de la t\u00eate, d&rsquo;un contact minimal avec le visage et d&rsquo;un fonctionnement silencieux pour des nuits paisibles. <\/p>\n","protected":false},"featured_media":40600,"template":"","meta":[],"product_brand":[368],"product_cat":[365],"product_tag":[],"class_list":{"0":"post-41632","1":"product","2":"type-product","3":"status-publish","4":"has-post-thumbnail","6":"product_brand-resmed","7":"product_cat-masque","9":"first","10":"instock","11":"shipping-taxable","12":"purchasable","13":"product-type-simple"},"yoast_head":"<!-- This site is optimized with the Yoast SEO plugin v27.3 - https:\/\/yoast.com\/product\/yoast-seo-wordpress\/ -->\n<title>Masque Airfit P30i standard\/standard - Dorma Sleep Clinics<\/title>\n<meta name=\"robots\" content=\"index, follow, max-snippet:-1, max-image-preview:large, max-video-preview:-1\" \/>\n<link rel=\"canonical\" href=\"https:\/\/dormalab.com\/fr\/produit\/masque-airfit-p30i-standard-standard\/\" \/>\n<meta property=\"og:locale\" content=\"fr_FR\" \/>\n<meta property=\"og:type\" content=\"article\" \/>\n<meta property=\"og:title\" content=\"Masque Airfit P30i standard\/standard - Dorma Sleep Clinics\" \/>\n<meta property=\"og:description\" content=\"D\u00e9couvrez la libert\u00e9 et le confort avec le kit de d\u00e9marrage AirFit P30i Standard. Con\u00e7u pour les dormeurs actifs, ce masque \u00e0 embouts nasaux est dot\u00e9 d&#039;un raccord pour le tube situ\u00e9 sur le haut de la t\u00eate, d&#039;un contact minimal avec le visage et d&#039;un fonctionnement silencieux pour des nuits paisibles.\" \/>\n<meta property=\"og:url\" content=\"https:\/\/dormalab.com\/fr\/produit\/masque-airfit-p30i-standard-standard\/\" \/>\n<meta property=\"og:site_name\" content=\"Dorma Sleep Clinics\" \/>\n<meta property=\"article:modified_time\" content=\"2025-12-09T19:39:05+00:00\" \/>\n<meta property=\"og:image\" content=\"https:\/\/dormalab.com\/wp-content\/uploads\/2025\/04\/p30i.png\" \/>\n\t<meta property=\"og:image:width\" content=\"755\" \/>\n\t<meta property=\"og:image:height\" content=\"644\" \/>\n\t<meta property=\"og:image:type\" content=\"image\/png\" \/>\n<meta name=\"twitter:card\" content=\"summary_large_image\" \/>\n<meta name=\"twitter:label1\" content=\"Dur\u00e9e de lecture estim\u00e9e\" \/>\n\t<meta name=\"twitter:data1\" content=\"1 minute\" \/>\n<script type=\"application\/ld+json\" class=\"yoast-schema-graph\">{\"@context\":\"https:\\\/\\\/schema.org\",\"@graph\":[{\"@type\":\"WebPage\",\"@id\":\"https:\\\/\\\/dormalab.com\\\/fr\\\/produit\\\/masque-airfit-p30i-standard-standard\\\/\",\"url\":\"https:\\\/\\\/dormalab.com\\\/fr\\\/produit\\\/masque-airfit-p30i-standard-standard\\\/\",\"name\":\"Masque Airfit P30i standard\\\/standard - Dorma Sleep Clinics\",\"isPartOf\":{\"@id\":\"https:\\\/\\\/dormalab.com\\\/fr\\\/#website\"},\"primaryImageOfPage\":{\"@id\":\"https:\\\/\\\/dormalab.com\\\/fr\\\/produit\\\/masque-airfit-p30i-standard-standard\\\/#primaryimage\"},\"image\":{\"@id\":\"https:\\\/\\\/dormalab.com\\\/fr\\\/produit\\\/masque-airfit-p30i-standard-standard\\\/#primaryimage\"},\"thumbnailUrl\":\"https:\\\/\\\/dormalab.com\\\/wp-content\\\/uploads\\\/2025\\\/04\\\/p30i.png\",\"datePublished\":\"2025-04-28T16:47:35+00:00\",\"dateModified\":\"2025-12-09T19:39:05+00:00\",\"breadcrumb\":{\"@id\":\"https:\\\/\\\/dormalab.com\\\/fr\\\/produit\\\/masque-airfit-p30i-standard-standard\\\/#breadcrumb\"},\"inLanguage\":\"fr-FR\",\"potentialAction\":[{\"@type\":\"ReadAction\",\"target\":[\"https:\\\/\\\/dormalab.com\\\/fr\\\/produit\\\/masque-airfit-p30i-standard-standard\\\/\"]}]},{\"@type\":\"ImageObject\",\"inLanguage\":\"fr-FR\",\"@id\":\"https:\\\/\\\/dormalab.com\\\/fr\\\/produit\\\/masque-airfit-p30i-standard-standard\\\/#primaryimage\",\"url\":\"https:\\\/\\\/dormalab.com\\\/wp-content\\\/uploads\\\/2025\\\/04\\\/p30i.png\",\"contentUrl\":\"https:\\\/\\\/dormalab.com\\\/wp-content\\\/uploads\\\/2025\\\/04\\\/p30i.png\",\"width\":755,\"height\":644},{\"@type\":\"BreadcrumbList\",\"@id\":\"https:\\\/\\\/dormalab.com\\\/fr\\\/produit\\\/masque-airfit-p30i-standard-standard\\\/#breadcrumb\",\"itemListElement\":[{\"@type\":\"ListItem\",\"position\":1,\"name\":\"Home\",\"item\":\"https:\\\/\\\/dormalab.com\\\/fr\\\/\"},{\"@type\":\"ListItem\",\"position\":2,\"name\":\"Boutique\",\"item\":\"https:\\\/\\\/dormalab.com\\\/fr\\\/boutique\\\/\"},{\"@type\":\"ListItem\",\"position\":3,\"name\":\"Masque Airfit P30i standard\\\/standard\"}]},{\"@type\":\"WebSite\",\"@id\":\"https:\\\/\\\/dormalab.com\\\/fr\\\/#website\",\"url\":\"https:\\\/\\\/dormalab.com\\\/fr\\\/\",\"name\":\"Dorma Sleep Clinics\",\"description\":\"Sleep Well Live Well\",\"publisher\":{\"@id\":\"https:\\\/\\\/dormalab.com\\\/fr\\\/#organization\"},\"potentialAction\":[{\"@type\":\"SearchAction\",\"target\":{\"@type\":\"EntryPoint\",\"urlTemplate\":\"https:\\\/\\\/dormalab.com\\\/fr\\\/?s={search_term_string}\"},\"query-input\":{\"@type\":\"PropertyValueSpecification\",\"valueRequired\":true,\"valueName\":\"search_term_string\"}}],\"inLanguage\":\"fr-FR\"},{\"@type\":\"Organization\",\"@id\":\"https:\\\/\\\/dormalab.com\\\/fr\\\/#organization\",\"name\":\"Dorma Clinique Du Sommeil\",\"url\":\"https:\\\/\\\/dormalab.com\\\/fr\\\/\",\"logo\":{\"@type\":\"ImageObject\",\"inLanguage\":\"fr-FR\",\"@id\":\"https:\\\/\\\/dormalab.com\\\/fr\\\/#\\\/schema\\\/logo\\\/image\\\/\",\"url\":\"https:\\\/\\\/dormalab.com\\\/wp-content\\\/uploads\\\/2019\\\/10\\\/Dorma-Logotype-RGB-Black-scaled-e1578787470924.png\",\"contentUrl\":\"https:\\\/\\\/dormalab.com\\\/wp-content\\\/uploads\\\/2019\\\/10\\\/Dorma-Logotype-RGB-Black-scaled-e1578787470924.png\",\"width\":120,\"height\":25,\"caption\":\"Dorma Clinique Du Sommeil\"},\"image\":{\"@id\":\"https:\\\/\\\/dormalab.com\\\/fr\\\/#\\\/schema\\\/logo\\\/image\\\/\"}}]}<\/script>\n<!-- \/ Yoast SEO plugin. -->","yoast_head_json":{"title":"Masque Airfit P30i standard\/standard - Dorma Sleep Clinics","robots":{"index":"index","follow":"follow","max-snippet":"max-snippet:-1","max-image-preview":"max-image-preview:large","max-video-preview":"max-video-preview:-1"},"canonical":"https:\/\/dormalab.com\/fr\/produit\/masque-airfit-p30i-standard-standard\/","og_locale":"fr_FR","og_type":"article","og_title":"Masque Airfit P30i standard\/standard - Dorma Sleep Clinics","og_description":"D\u00e9couvrez la libert\u00e9 et le confort avec le kit de d\u00e9marrage AirFit P30i Standard. Con\u00e7u pour les dormeurs actifs, ce masque \u00e0 embouts nasaux est dot\u00e9 d'un raccord pour le tube situ\u00e9 sur le haut de la t\u00eate, d'un contact minimal avec le visage et d'un fonctionnement silencieux pour des nuits paisibles.","og_url":"https:\/\/dormalab.com\/fr\/produit\/masque-airfit-p30i-standard-standard\/","og_site_name":"Dorma Sleep Clinics","article_modified_time":"2025-12-09T19:39:05+00:00","og_image":[{"width":755,"height":644,"url":"https:\/\/dormalab.com\/wp-content\/uploads\/2025\/04\/p30i.png","type":"image\/png"}],"twitter_card":"summary_large_image","twitter_misc":{"Dur\u00e9e de lecture estim\u00e9e":"1 minute"},"schema":{"@context":"https:\/\/schema.org","@graph":[{"@type":"WebPage","@id":"https:\/\/dormalab.com\/fr\/produit\/masque-airfit-p30i-standard-standard\/","url":"https:\/\/dormalab.com\/fr\/produit\/masque-airfit-p30i-standard-standard\/","name":"Masque Airfit P30i standard\/standard - Dorma Sleep Clinics","isPartOf":{"@id":"https:\/\/dormalab.com\/fr\/#website"},"primaryImageOfPage":{"@id":"https:\/\/dormalab.com\/fr\/produit\/masque-airfit-p30i-standard-standard\/#primaryimage"},"image":{"@id":"https:\/\/dormalab.com\/fr\/produit\/masque-airfit-p30i-standard-standard\/#primaryimage"},"thumbnailUrl":"https:\/\/dormalab.com\/wp-content\/uploads\/2025\/04\/p30i.png","datePublished":"2025-04-28T16:47:35+00:00","dateModified":"2025-12-09T19:39:05+00:00","breadcrumb":{"@id":"https:\/\/dormalab.com\/fr\/produit\/masque-airfit-p30i-standard-standard\/#breadcrumb"},"inLanguage":"fr-FR","potentialAction":[{"@type":"ReadAction","target":["https:\/\/dormalab.com\/fr\/produit\/masque-airfit-p30i-standard-standard\/"]}]},{"@type":"ImageObject","inLanguage":"fr-FR","@id":"https:\/\/dormalab.com\/fr\/produit\/masque-airfit-p30i-standard-standard\/#primaryimage","url":"https:\/\/dormalab.com\/wp-content\/uploads\/2025\/04\/p30i.png","contentUrl":"https:\/\/dormalab.com\/wp-content\/uploads\/2025\/04\/p30i.png","width":755,"height":644},{"@type":"BreadcrumbList","@id":"https:\/\/dormalab.com\/fr\/produit\/masque-airfit-p30i-standard-standard\/#breadcrumb","itemListElement":[{"@type":"ListItem","position":1,"name":"Home","item":"https:\/\/dormalab.com\/fr\/"},{"@type":"ListItem","position":2,"name":"Boutique","item":"https:\/\/dormalab.com\/fr\/boutique\/"},{"@type":"ListItem","position":3,"name":"Masque Airfit P30i standard\/standard"}]},{"@type":"WebSite","@id":"https:\/\/dormalab.com\/fr\/#website","url":"https:\/\/dormalab.com\/fr\/","name":"Dorma Sleep Clinics","description":"Sleep Well Live Well","publisher":{"@id":"https:\/\/dormalab.com\/fr\/#organization"},"potentialAction":[{"@type":"SearchAction","target":{"@type":"EntryPoint","urlTemplate":"https:\/\/dormalab.com\/fr\/?s={search_term_string}"},"query-input":{"@type":"PropertyValueSpecification","valueRequired":true,"valueName":"search_term_string"}}],"inLanguage":"fr-FR"},{"@type":"Organization","@id":"https:\/\/dormalab.com\/fr\/#organization","name":"Dorma Clinique Du Sommeil","url":"https:\/\/dormalab.com\/fr\/","logo":{"@type":"ImageObject","inLanguage":"fr-FR","@id":"https:\/\/dormalab.com\/fr\/#\/schema\/logo\/image\/","url":"https:\/\/dormalab.com\/wp-content\/uploads\/2019\/10\/Dorma-Logotype-RGB-Black-scaled-e1578787470924.png","contentUrl":"https:\/\/dormalab.com\/wp-content\/uploads\/2019\/10\/Dorma-Logotype-RGB-Black-scaled-e1578787470924.png","width":120,"height":25,"caption":"Dorma Clinique Du Sommeil"},"image":{"@id":"https:\/\/dormalab.com\/fr\/#\/schema\/logo\/image\/"}}]}},"_links":{"self":[{"href":"https:\/\/dormalab.com\/fr\/wp-json\/wp\/v2\/product\/41632","targetHints":{"allow":["GET"]}}],"collection":[{"href":"https:\/\/dormalab.com\/fr\/wp-json\/wp\/v2\/product"}],"about":[{"href":"https:\/\/dormalab.com\/fr\/wp-json\/wp\/v2\/types\/product"}],"version-history":[{"count":0,"href":"https:\/\/dormalab.com\/fr\/wp-json\/wp\/v2\/product\/41632\/revisions"}],"wp:featuredmedia":[{"embeddable":true,"href":"https:\/\/dormalab.com\/fr\/wp-json\/wp\/v2\/media\/40600"}],"wp:attachment":[{"href":"https:\/\/dormalab.com\/fr\/wp-json\/wp\/v2\/media?parent=41632"}],"wp:term":[{"taxonomy":"product_brand","embeddable":true,"href":"https:\/\/dormalab.com\/fr\/wp-json\/wp\/v2\/product_brand?post=41632"},{"taxonomy":"product_cat","embeddable":true,"href":"https:\/\/dormalab.com\/fr\/wp-json\/wp\/v2\/product_cat?post=41632"},{"taxonomy":"product_tag","embeddable":true,"href":"https:\/\/dormalab.com\/fr\/wp-json\/wp\/v2\/product_tag?post=41632"}],"curies":[{"name":"wp","href":"https:\/\/api.w.org\/{rel}","templated":true}]}}