{"id":41633,"date":"2025-04-28T12:47:39","date_gmt":"2025-04-28T16:47:39","guid":{"rendered":"https:\/\/dormalab.com\/product\/masque-airtouch-n20-moyen\/"},"modified":"2026-03-23T13:21:26","modified_gmt":"2026-03-23T17:21:26","slug":"masque-airtouch-n20-moyen","status":"publish","type":"product","link":"https:\/\/dormalab.com\/fr\/produit\/masque-airtouch-n20-moyen\/","title":{"rendered":"Masque AirTouch N20 Moyen"},"content":{"rendered":"<p class=\"\" data-start=\"474\" data-end=\"762\">Le masque nasal <a href=\"https:\/\/dormalab.com\/continuous-positive-airflow-pressure-cpap\/\" data-internallinksmanager029f6b8e52c=\"1\" title=\"Continuous Positive Airflow Pressure (CPAP)\">CPAP<\/a> ResMed AirTouch N20, en taille moyenne, allie un design innovant \u00e0 un confort exceptionnel, ce qui en fait un choix de pr\u00e9dilection pour les utilisateurs de CPAP nasal. Il est con\u00e7u pour les personnes recherchant un coussin plus doux et respirant, tout en assurant une \u00e9tanch\u00e9it\u00e9 fiable toute la nuit. <\/p>\n<hr class=\"\" data-start=\"764\" data-end=\"767\">\n<p class=\"\" data-start=\"769\" data-end=\"786\"><strong data-start=\"769\" data-end=\"786\">Caract\u00e9ristiques Principales :<\/strong><\/p>\n<p class=\"\" data-start=\"788\" data-end=\"824\"><strong data-start=\"788\" data-end=\"822\">Coussin en mousse \u00e0 m\u00e9moire de forme UltraSoft\u2122<\/strong><\/p>\n<ul data-start=\"825\" data-end=\"1031\">\n<li class=\"\" data-start=\"825\" data-end=\"877\">\n<p class=\"\" data-start=\"827\" data-end=\"877\">S&rsquo;adapte aux contours du visage pour un ajustement personnalis\u00e9<\/p>\n<\/li>\n<li class=\"\" data-start=\"878\" data-end=\"926\">\n<p class=\"\" data-start=\"880\" data-end=\"926\">R\u00e9duit la pression de contact et l&rsquo;irritation cutan\u00e9e<\/p>\n<\/li>\n<li class=\"\" data-start=\"927\" data-end=\"979\">\n<p class=\"\" data-start=\"929\" data-end=\"979\">Contribue \u00e0 minimiser les marques rouges, m\u00eame en cas d&rsquo;utilisation prolong\u00e9e.<\/p>\n<\/li>\n<li class=\"\" data-start=\"980\" data-end=\"1031\">\n<p class=\"\" data-start=\"982\" data-end=\"1031\">Aucun nettoyage quotidien n\u00e9cessaire&nbsp;: un simple coup de chiffon suffit.<\/p>\n<\/li>\n<\/ul>\n<p class=\"\" data-start=\"1196\" data-end=\"1247\"><strong data-start=\"1196\" data-end=\"1245\">Clips magn\u00e9tiques pour casque et coude \u00e0 d\u00e9gagement rapide<\/strong><\/p>\n<ul data-start=\"1248\" data-end=\"1380\">\n<li class=\"\" data-start=\"1248\" data-end=\"1295\">\n<p class=\"\" data-start=\"1250\" data-end=\"1295\">Faciles \u00e0 mettre et \u00e0 enlever, m\u00eame dans le noir.<\/p>\n<\/li>\n<li class=\"\" data-start=\"1296\" data-end=\"1380\">\n<p class=\"\" data-start=\"1298\" data-end=\"1380\">Le coude \u00e0 d\u00e9gagement rapide permet de se d\u00e9connecter du tube sans retirer le masque.<\/p>\n<\/li>\n<\/ul>\n<p class=\"\" data-start=\"1382\" data-end=\"1408\"><strong data-start=\"1382\" data-end=\"1406\">Conception de cadre modulaire<\/strong><\/p>\n<ul data-start=\"1409\" data-end=\"1545\">\n<li class=\"\" data-start=\"1409\" data-end=\"1470\">\n<p class=\"\" data-start=\"1411\" data-end=\"1470\">Compatible avec les coussins AirTouch N20 et AirFit N20<\/p>\n<\/li>\n<li class=\"\" data-start=\"1471\" data-end=\"1545\">\n<p class=\"\" data-start=\"1473\" data-end=\"1545\">Permet de passer de la mousse \u00e0 m\u00e9moire de forme au silicone pour un confort personnalis\u00e9<\/p>\n<\/li>\n<\/ul>\n<p class=\"\" data-start=\"1547\" data-end=\"1569\"><strong data-start=\"1547\" data-end=\"1567\">Entretien facile<\/strong><\/p>\n<ul data-start=\"1570\" data-end=\"1697\">\n<li class=\"\" data-start=\"1570\" data-end=\"1635\">\n<p class=\"\" data-start=\"1572\" data-end=\"1635\">Le coussin ne n\u00e9cessite pas de lavage quotidien, un simple coup de chiffon suffit.<\/p>\n<\/li>\n<li class=\"\" data-start=\"1636\" data-end=\"1697\">\n<p class=\"\" data-start=\"1638\" data-end=\"1697\">Remplacement r\u00e9gulier recommand\u00e9 pour des raisons d&rsquo;hygi\u00e8ne et de performance<\/p>\n<\/li>\n<\/ul>\n<hr class=\"\" data-start=\"1699\" data-end=\"1702\">\n<p class=\"\" data-start=\"1704\" data-end=\"1723\"><strong data-start=\"1704\" data-end=\"1723\">Sp\u00e9cifications :<\/strong><\/p>\n<ul data-start=\"1725\" data-end=\"1824\">\n<li class=\"\" data-start=\"1725\" data-end=\"1741\">\n<p class=\"\" data-start=\"1727\" data-end=\"1741\">Taille : Moyenne<\/p>\n<\/li>\n<li class=\"\" data-start=\"1742\" data-end=\"1784\">\n<p class=\"\" data-start=\"1744\" data-end=\"1784\">Comprend : un couvre-chef avec clips magn\u00e9tiques<\/p>\n<\/li>\n<li class=\"\" data-start=\"1785\" data-end=\"1804\">\n<p class=\"\" data-start=\"1787\" data-end=\"1804\">Sans latex : Oui<\/p>\n<\/li>\n<li class=\"\" data-start=\"1805\" data-end=\"1824\">\n<p class=\"\" data-start=\"1807\" data-end=\"1824\">Code HCPCS : A7034<\/p>\n<\/li>\n<\/ul>\n<hr class=\"\" data-start=\"1826\" data-end=\"1829\">\n<p class=\"\" data-start=\"1831\" data-end=\"1845\"><strong data-start=\"1831\" data-end=\"1845\">Id\u00e9al pour :<\/strong><\/p>\n<ul data-start=\"1847\" data-end=\"2042\">\n<li class=\"\" data-start=\"1847\" data-end=\"1892\">\n<p class=\"\" data-start=\"1849\" data-end=\"1892\">Les utilisateurs de CPAP qui respirent par le nez<\/p>\n<\/li>\n<li class=\"\" data-start=\"1893\" data-end=\"1955\">\n<p class=\"\" data-start=\"1895\" data-end=\"1955\">Les personnes ayant la peau sensible ou sujettes aux marques de pression<\/p>\n<\/li>\n<li class=\"\" data-start=\"1956\" data-end=\"2000\">\n<p class=\"\" data-start=\"1958\" data-end=\"2000\">Les utilisateurs qui souhaitent une exp\u00e9rience de masque plus silencieuse<\/p>\n<\/li>\n<li class=\"\" data-start=\"2001\" data-end=\"2042\">\n<p class=\"\" data-start=\"2003\" data-end=\"2042\">Les personnes qui bougent fr\u00e9quemment pendant leur sommeil<\/p>\n<\/li>\n<\/ul>\n","protected":false},"excerpt":{"rendered":"<p>Le masque nasal CPAP ResMed AirTouch N20 de taille moyenne offre un confort exceptionnel gr\u00e2ce \u00e0 son coussin en mousse \u00e0 m\u00e9moire de forme UltraSoft\u2122 et \u00e0 ses clips magn\u00e9tiques faciles \u00e0 utiliser, id\u00e9al pour les utilisateurs recherchant une exp\u00e9rience de th\u00e9rapie du sommeil l\u00e9g\u00e8re et silencieuse.<\/p>\n","protected":false},"featured_media":40619,"template":"","meta":[],"product_brand":[],"product_cat":[365],"product_tag":[],"class_list":{"0":"post-41633","1":"product","2":"type-product","3":"status-publish","4":"has-post-thumbnail","6":"product_cat-masque","8":"first","9":"instock","10":"shipping-taxable","11":"purchasable","12":"product-type-simple"},"yoast_head":"<!-- This site is optimized with the Yoast SEO plugin v27.3 - https:\/\/yoast.com\/product\/yoast-seo-wordpress\/ -->\n<title>Masque AirTouch N20 Moyen - Dorma Sleep Clinics<\/title>\n<meta name=\"robots\" content=\"index, follow, max-snippet:-1, max-image-preview:large, max-video-preview:-1\" \/>\n<link rel=\"canonical\" href=\"https:\/\/dormalab.com\/fr\/produit\/masque-airtouch-n20-moyen\/\" \/>\n<meta property=\"og:locale\" content=\"fr_FR\" \/>\n<meta property=\"og:type\" content=\"article\" \/>\n<meta property=\"og:title\" content=\"Masque AirTouch N20 Moyen - Dorma Sleep Clinics\" \/>\n<meta property=\"og:description\" content=\"Le masque nasal CPAP ResMed AirTouch N20 de taille moyenne offre un confort exceptionnel gr\u00e2ce \u00e0 son coussin en mousse \u00e0 m\u00e9moire de forme UltraSoft\u2122 et \u00e0 ses clips magn\u00e9tiques faciles \u00e0 utiliser, id\u00e9al pour les utilisateurs recherchant une exp\u00e9rience de th\u00e9rapie du sommeil l\u00e9g\u00e8re et silencieuse.\" \/>\n<meta property=\"og:url\" content=\"https:\/\/dormalab.com\/fr\/produit\/masque-airtouch-n20-moyen\/\" \/>\n<meta property=\"og:site_name\" content=\"Dorma Sleep Clinics\" \/>\n<meta property=\"article:modified_time\" content=\"2026-03-23T17:21:26+00:00\" \/>\n<meta property=\"og:image\" content=\"https:\/\/dormalab.com\/wp-content\/uploads\/2025\/04\/Masque-nasal-AirTouch-N20-1.png\" \/>\n\t<meta property=\"og:image:width\" content=\"1200\" \/>\n\t<meta property=\"og:image:height\" content=\"1200\" \/>\n\t<meta property=\"og:image:type\" content=\"image\/png\" \/>\n<meta name=\"twitter:card\" content=\"summary_large_image\" \/>\n<meta name=\"twitter:label1\" content=\"Dur\u00e9e de lecture estim\u00e9e\" \/>\n\t<meta name=\"twitter:data1\" content=\"1 minute\" \/>\n<script type=\"application\/ld+json\" class=\"yoast-schema-graph\">{\"@context\":\"https:\\\/\\\/schema.org\",\"@graph\":[{\"@type\":\"WebPage\",\"@id\":\"https:\\\/\\\/dormalab.com\\\/fr\\\/produit\\\/masque-airtouch-n20-moyen\\\/\",\"url\":\"https:\\\/\\\/dormalab.com\\\/fr\\\/produit\\\/masque-airtouch-n20-moyen\\\/\",\"name\":\"Masque AirTouch N20 Moyen - Dorma Sleep Clinics\",\"isPartOf\":{\"@id\":\"https:\\\/\\\/dormalab.com\\\/fr\\\/#website\"},\"primaryImageOfPage\":{\"@id\":\"https:\\\/\\\/dormalab.com\\\/fr\\\/produit\\\/masque-airtouch-n20-moyen\\\/#primaryimage\"},\"image\":{\"@id\":\"https:\\\/\\\/dormalab.com\\\/fr\\\/produit\\\/masque-airtouch-n20-moyen\\\/#primaryimage\"},\"thumbnailUrl\":\"https:\\\/\\\/dormalab.com\\\/wp-content\\\/uploads\\\/2025\\\/04\\\/Masque-nasal-AirTouch-N20-1.png\",\"datePublished\":\"2025-04-28T16:47:39+00:00\",\"dateModified\":\"2026-03-23T17:21:26+00:00\",\"breadcrumb\":{\"@id\":\"https:\\\/\\\/dormalab.com\\\/fr\\\/produit\\\/masque-airtouch-n20-moyen\\\/#breadcrumb\"},\"inLanguage\":\"fr-FR\",\"potentialAction\":[{\"@type\":\"ReadAction\",\"target\":[\"https:\\\/\\\/dormalab.com\\\/fr\\\/produit\\\/masque-airtouch-n20-moyen\\\/\"]}]},{\"@type\":\"ImageObject\",\"inLanguage\":\"fr-FR\",\"@id\":\"https:\\\/\\\/dormalab.com\\\/fr\\\/produit\\\/masque-airtouch-n20-moyen\\\/#primaryimage\",\"url\":\"https:\\\/\\\/dormalab.com\\\/wp-content\\\/uploads\\\/2025\\\/04\\\/Masque-nasal-AirTouch-N20-1.png\",\"contentUrl\":\"https:\\\/\\\/dormalab.com\\\/wp-content\\\/uploads\\\/2025\\\/04\\\/Masque-nasal-AirTouch-N20-1.png\",\"width\":1200,\"height\":1200},{\"@type\":\"BreadcrumbList\",\"@id\":\"https:\\\/\\\/dormalab.com\\\/fr\\\/produit\\\/masque-airtouch-n20-moyen\\\/#breadcrumb\",\"itemListElement\":[{\"@type\":\"ListItem\",\"position\":1,\"name\":\"Home\",\"item\":\"https:\\\/\\\/dormalab.com\\\/fr\\\/\"},{\"@type\":\"ListItem\",\"position\":2,\"name\":\"Boutique\",\"item\":\"https:\\\/\\\/dormalab.com\\\/fr\\\/boutique\\\/\"},{\"@type\":\"ListItem\",\"position\":3,\"name\":\"Masque AirTouch N20 Moyen\"}]},{\"@type\":\"WebSite\",\"@id\":\"https:\\\/\\\/dormalab.com\\\/fr\\\/#website\",\"url\":\"https:\\\/\\\/dormalab.com\\\/fr\\\/\",\"name\":\"Dorma Sleep Clinics\",\"description\":\"Sleep Well Live Well\",\"publisher\":{\"@id\":\"https:\\\/\\\/dormalab.com\\\/fr\\\/#organization\"},\"potentialAction\":[{\"@type\":\"SearchAction\",\"target\":{\"@type\":\"EntryPoint\",\"urlTemplate\":\"https:\\\/\\\/dormalab.com\\\/fr\\\/?s={search_term_string}\"},\"query-input\":{\"@type\":\"PropertyValueSpecification\",\"valueRequired\":true,\"valueName\":\"search_term_string\"}}],\"inLanguage\":\"fr-FR\"},{\"@type\":\"Organization\",\"@id\":\"https:\\\/\\\/dormalab.com\\\/fr\\\/#organization\",\"name\":\"Dorma Clinique Du Sommeil\",\"url\":\"https:\\\/\\\/dormalab.com\\\/fr\\\/\",\"logo\":{\"@type\":\"ImageObject\",\"inLanguage\":\"fr-FR\",\"@id\":\"https:\\\/\\\/dormalab.com\\\/fr\\\/#\\\/schema\\\/logo\\\/image\\\/\",\"url\":\"https:\\\/\\\/dormalab.com\\\/wp-content\\\/uploads\\\/2019\\\/10\\\/Dorma-Logotype-RGB-Black-scaled-e1578787470924.png\",\"contentUrl\":\"https:\\\/\\\/dormalab.com\\\/wp-content\\\/uploads\\\/2019\\\/10\\\/Dorma-Logotype-RGB-Black-scaled-e1578787470924.png\",\"width\":120,\"height\":25,\"caption\":\"Dorma Clinique Du Sommeil\"},\"image\":{\"@id\":\"https:\\\/\\\/dormalab.com\\\/fr\\\/#\\\/schema\\\/logo\\\/image\\\/\"}}]}<\/script>\n<!-- \/ Yoast SEO plugin. -->","yoast_head_json":{"title":"Masque AirTouch N20 Moyen - Dorma Sleep Clinics","robots":{"index":"index","follow":"follow","max-snippet":"max-snippet:-1","max-image-preview":"max-image-preview:large","max-video-preview":"max-video-preview:-1"},"canonical":"https:\/\/dormalab.com\/fr\/produit\/masque-airtouch-n20-moyen\/","og_locale":"fr_FR","og_type":"article","og_title":"Masque AirTouch N20 Moyen - Dorma Sleep Clinics","og_description":"Le masque nasal CPAP ResMed AirTouch N20 de taille moyenne offre un confort exceptionnel gr\u00e2ce \u00e0 son coussin en mousse \u00e0 m\u00e9moire de forme UltraSoft\u2122 et \u00e0 ses clips magn\u00e9tiques faciles \u00e0 utiliser, id\u00e9al pour les utilisateurs recherchant une exp\u00e9rience de th\u00e9rapie du sommeil l\u00e9g\u00e8re et silencieuse.","og_url":"https:\/\/dormalab.com\/fr\/produit\/masque-airtouch-n20-moyen\/","og_site_name":"Dorma Sleep Clinics","article_modified_time":"2026-03-23T17:21:26+00:00","og_image":[{"width":1200,"height":1200,"url":"https:\/\/dormalab.com\/wp-content\/uploads\/2025\/04\/Masque-nasal-AirTouch-N20-1.png","type":"image\/png"}],"twitter_card":"summary_large_image","twitter_misc":{"Dur\u00e9e de lecture estim\u00e9e":"1 minute"},"schema":{"@context":"https:\/\/schema.org","@graph":[{"@type":"WebPage","@id":"https:\/\/dormalab.com\/fr\/produit\/masque-airtouch-n20-moyen\/","url":"https:\/\/dormalab.com\/fr\/produit\/masque-airtouch-n20-moyen\/","name":"Masque AirTouch N20 Moyen - Dorma Sleep Clinics","isPartOf":{"@id":"https:\/\/dormalab.com\/fr\/#website"},"primaryImageOfPage":{"@id":"https:\/\/dormalab.com\/fr\/produit\/masque-airtouch-n20-moyen\/#primaryimage"},"image":{"@id":"https:\/\/dormalab.com\/fr\/produit\/masque-airtouch-n20-moyen\/#primaryimage"},"thumbnailUrl":"https:\/\/dormalab.com\/wp-content\/uploads\/2025\/04\/Masque-nasal-AirTouch-N20-1.png","datePublished":"2025-04-28T16:47:39+00:00","dateModified":"2026-03-23T17:21:26+00:00","breadcrumb":{"@id":"https:\/\/dormalab.com\/fr\/produit\/masque-airtouch-n20-moyen\/#breadcrumb"},"inLanguage":"fr-FR","potentialAction":[{"@type":"ReadAction","target":["https:\/\/dormalab.com\/fr\/produit\/masque-airtouch-n20-moyen\/"]}]},{"@type":"ImageObject","inLanguage":"fr-FR","@id":"https:\/\/dormalab.com\/fr\/produit\/masque-airtouch-n20-moyen\/#primaryimage","url":"https:\/\/dormalab.com\/wp-content\/uploads\/2025\/04\/Masque-nasal-AirTouch-N20-1.png","contentUrl":"https:\/\/dormalab.com\/wp-content\/uploads\/2025\/04\/Masque-nasal-AirTouch-N20-1.png","width":1200,"height":1200},{"@type":"BreadcrumbList","@id":"https:\/\/dormalab.com\/fr\/produit\/masque-airtouch-n20-moyen\/#breadcrumb","itemListElement":[{"@type":"ListItem","position":1,"name":"Home","item":"https:\/\/dormalab.com\/fr\/"},{"@type":"ListItem","position":2,"name":"Boutique","item":"https:\/\/dormalab.com\/fr\/boutique\/"},{"@type":"ListItem","position":3,"name":"Masque AirTouch N20 Moyen"}]},{"@type":"WebSite","@id":"https:\/\/dormalab.com\/fr\/#website","url":"https:\/\/dormalab.com\/fr\/","name":"Dorma Sleep Clinics","description":"Sleep Well Live Well","publisher":{"@id":"https:\/\/dormalab.com\/fr\/#organization"},"potentialAction":[{"@type":"SearchAction","target":{"@type":"EntryPoint","urlTemplate":"https:\/\/dormalab.com\/fr\/?s={search_term_string}"},"query-input":{"@type":"PropertyValueSpecification","valueRequired":true,"valueName":"search_term_string"}}],"inLanguage":"fr-FR"},{"@type":"Organization","@id":"https:\/\/dormalab.com\/fr\/#organization","name":"Dorma Clinique Du Sommeil","url":"https:\/\/dormalab.com\/fr\/","logo":{"@type":"ImageObject","inLanguage":"fr-FR","@id":"https:\/\/dormalab.com\/fr\/#\/schema\/logo\/image\/","url":"https:\/\/dormalab.com\/wp-content\/uploads\/2019\/10\/Dorma-Logotype-RGB-Black-scaled-e1578787470924.png","contentUrl":"https:\/\/dormalab.com\/wp-content\/uploads\/2019\/10\/Dorma-Logotype-RGB-Black-scaled-e1578787470924.png","width":120,"height":25,"caption":"Dorma Clinique Du Sommeil"},"image":{"@id":"https:\/\/dormalab.com\/fr\/#\/schema\/logo\/image\/"}}]}},"_links":{"self":[{"href":"https:\/\/dormalab.com\/fr\/wp-json\/wp\/v2\/product\/41633","targetHints":{"allow":["GET"]}}],"collection":[{"href":"https:\/\/dormalab.com\/fr\/wp-json\/wp\/v2\/product"}],"about":[{"href":"https:\/\/dormalab.com\/fr\/wp-json\/wp\/v2\/types\/product"}],"version-history":[{"count":1,"href":"https:\/\/dormalab.com\/fr\/wp-json\/wp\/v2\/product\/41633\/revisions"}],"predecessor-version":[{"id":42679,"href":"https:\/\/dormalab.com\/fr\/wp-json\/wp\/v2\/product\/41633\/revisions\/42679"}],"wp:featuredmedia":[{"embeddable":true,"href":"https:\/\/dormalab.com\/fr\/wp-json\/wp\/v2\/media\/40619"}],"wp:attachment":[{"href":"https:\/\/dormalab.com\/fr\/wp-json\/wp\/v2\/media?parent=41633"}],"wp:term":[{"taxonomy":"product_brand","embeddable":true,"href":"https:\/\/dormalab.com\/fr\/wp-json\/wp\/v2\/product_brand?post=41633"},{"taxonomy":"product_cat","embeddable":true,"href":"https:\/\/dormalab.com\/fr\/wp-json\/wp\/v2\/product_cat?post=41633"},{"taxonomy":"product_tag","embeddable":true,"href":"https:\/\/dormalab.com\/fr\/wp-json\/wp\/v2\/product_tag?post=41633"}],"curies":[{"name":"wp","href":"https:\/\/api.w.org\/{rel}","templated":true}]}}