{"id":41636,"date":"2025-04-28T12:47:03","date_gmt":"2025-04-28T16:47:03","guid":{"rendered":"https:\/\/dormalab.com\/product\/masque-airtouch-f20-grand\/"},"modified":"2025-12-09T14:39:09","modified_gmt":"2025-12-09T19:39:09","slug":"masque-airtouch-f20-grand","status":"publish","type":"product","link":"https:\/\/dormalab.com\/fr\/produit\/masque-airtouch-f20-grand\/","title":{"rendered":"Masque AirTouch F20 Grand"},"content":{"rendered":"<p class=\"\" data-start=\"436\" data-end=\"752\"><strong data-start=\"436\" data-end=\"555\">B\u00e9n\u00e9ficiez d&rsquo;un confort sup\u00e9rieur, d&rsquo;un fonctionnement silencieux et d&rsquo;un maintien s\u00fbr avec le masque facial complet ResMed AirTouch F20 \u2013 Grande taille.<\/strong>  Con\u00e7u sur mesure pour les utilisateurs d&rsquo;appareils <a href=\"https:\/\/dormalab.com\/continuous-positive-airflow-pressure-cpap\/\" data-internallinksmanager029f6b8e52c=\"1\" title=\"Continuous Positive Airflow Pressure (CPAP)\">CPAP<\/a> qui respirent par la bouche ou qui sont sujets aux irritations cutan\u00e9es dues aux masques traditionnels, l&rsquo;AirTouch F20 allie design innovant et praticit\u00e9 pour un sommeil plus r\u00e9parateur.<\/p>\n<hr class=\"\" data-start=\"754\" data-end=\"757\">\n<p class=\"\" data-start=\"759\" data-end=\"776\"><strong data-start=\"759\" data-end=\"776\">Caract\u00e9ristiques Principales :<\/strong><\/p>\n<p class=\"\" data-start=\"778\" data-end=\"814\"><strong data-start=\"778\" data-end=\"812\">Coussin en mousse \u00e0 m\u00e9moire de forme UltraSoft\u2122<\/strong><\/p>\n<ul data-start=\"815\" data-end=\"972\">\n<li class=\"\" data-start=\"815\" data-end=\"869\">\n<p class=\"\" data-start=\"817\" data-end=\"869\">S&rsquo;adapte aux contours du visage pour un ajustement personnalis\u00e9<\/p>\n<\/li>\n<li class=\"\" data-start=\"870\" data-end=\"918\">\n<p class=\"\" data-start=\"872\" data-end=\"918\">R\u00e9duit la pression de contact et l&rsquo;irritation cutan\u00e9e<\/p>\n<\/li>\n<li class=\"\" data-start=\"919\" data-end=\"972\">\n<p class=\"\" data-start=\"921\" data-end=\"972\">Contribue \u00e0 minimiser les marques rouges, m\u00eame apr\u00e8s une utilisation nocturne.<\/p>\n<\/li>\n<\/ul>\n<p class=\"\" data-start=\"974\" data-end=\"1005\"><strong data-start=\"974\" data-end=\"1003\">Technologie de ventilation QuietAir\u2122<\/strong><\/p>\n<ul data-start=\"1006\" data-end=\"1125\">\n<li class=\"\" data-start=\"1006\" data-end=\"1058\">\n<p class=\"\" data-start=\"1008\" data-end=\"1058\">Int\u00e9gr\u00e9e au coude du masque pour diffuser l&rsquo;air expir\u00e9<\/p>\n<\/li>\n<li class=\"\" data-start=\"1059\" data-end=\"1125\">\n<p class=\"\" data-start=\"1061\" data-end=\"1125\">R\u00e9duit consid\u00e9rablement le bruit \u2013 id\u00e9al pour vous et votre partenaire.<\/p>\n<\/li>\n<\/ul>\n<p class=\"\" data-start=\"1127\" data-end=\"1178\"><strong data-start=\"1127\" data-end=\"1176\">Clips magn\u00e9tiques pour casque et coude \u00e0 d\u00e9gagement rapide<\/strong><\/p>\n<ul data-start=\"1179\" data-end=\"1329\">\n<li class=\"\" data-start=\"1179\" data-end=\"1242\">\n<p class=\"\" data-start=\"1181\" data-end=\"1242\">Permet de mettre et de retirer le masque facilement et intuitivement.<\/p>\n<\/li>\n<li class=\"\" data-start=\"1243\" data-end=\"1329\">\n<p class=\"\" data-start=\"1245\" data-end=\"1329\">Le coude \u00e0 d\u00e9gagement rapide permet de se d\u00e9connecter du tube sans retirer le masque.<\/p>\n<\/li>\n<\/ul>\n<p class=\"\" data-start=\"1331\" data-end=\"1357\"><strong data-start=\"1331\" data-end=\"1355\">Conception de cadre modulaire<\/strong><\/p>\n<ul data-start=\"1358\" data-end=\"1495\">\n<li class=\"\" data-start=\"1358\" data-end=\"1415\">\n<p class=\"\" data-start=\"1360\" data-end=\"1415\">Interchangeable avec les coussins AirTouch et AirFit F20<\/p>\n<\/li>\n<li class=\"\" data-start=\"1416\" data-end=\"1495\">\n<p class=\"\" data-start=\"1418\" data-end=\"1495\">Vous permet de passer de la mousse \u00e0 m\u00e9moire de forme au silicone selon vos besoins de confort.<\/p>\n<\/li>\n<\/ul>\n<p class=\"\" data-start=\"1497\" data-end=\"1519\"><strong data-start=\"1497\" data-end=\"1517\">Entretien facile<\/strong><\/p>\n<ul data-start=\"1520\" data-end=\"1647\">\n<li class=\"\" data-start=\"1520\" data-end=\"1585\">\n<p class=\"\" data-start=\"1522\" data-end=\"1585\">Le coussin ne n\u00e9cessite pas de lavage quotidien, un simple coup de chiffon suffit.<\/p>\n<\/li>\n<li class=\"\" data-start=\"1586\" data-end=\"1647\">\n<p class=\"\" data-start=\"1588\" data-end=\"1647\">Remplacement r\u00e9gulier recommand\u00e9 pour des raisons d&rsquo;hygi\u00e8ne et de performance<\/p>\n<\/li>\n<\/ul>\n<hr class=\"\" data-start=\"1649\" data-end=\"1652\">\n<p class=\"\" data-start=\"1654\" data-end=\"1673\"><strong data-start=\"1654\" data-end=\"1673\">Sp\u00e9cifications :<\/strong><\/p>\n<ul data-start=\"1675\" data-end=\"1775\">\n<li class=\"\" data-start=\"1675\" data-end=\"1690\">\n<p class=\"\" data-start=\"1677\" data-end=\"1690\">Taille : Grande<\/p>\n<\/li>\n<li class=\"\" data-start=\"1691\" data-end=\"1733\">\n<p class=\"\" data-start=\"1693\" data-end=\"1733\">Comprend : un couvre-chef avec clips magn\u00e9tiques<\/p>\n<\/li>\n<li class=\"\" data-start=\"1734\" data-end=\"1753\">\n<p class=\"\" data-start=\"1736\" data-end=\"1753\">Sans latex : Oui<\/p>\n<\/li>\n<li class=\"\" data-start=\"1754\" data-end=\"1775\">\n<p class=\"\" data-start=\"1756\" data-end=\"1775\">Code HCPCS : A7030<\/p>\n<\/li>\n<\/ul>\n<hr class=\"\" data-start=\"1777\" data-end=\"1780\">\n<p class=\"\" data-start=\"1782\" data-end=\"1796\"><strong data-start=\"1782\" data-end=\"1796\">Id\u00e9al pour :<\/strong><\/p>\n<ul data-start=\"1798\" data-end=\"2014\">\n<li class=\"\" data-start=\"1798\" data-end=\"1844\">\n<p class=\"\" data-start=\"1800\" data-end=\"1844\">Les utilisateurs de CPAP qui respirent par la bouche<\/p>\n<\/li>\n<li class=\"\" data-start=\"1845\" data-end=\"1911\">\n<p class=\"\" data-start=\"1847\" data-end=\"1911\">Personnes sujettes \u00e0 la sensibilit\u00e9 cutan\u00e9e ou aux marques de pression faciales<\/p>\n<\/li>\n<li class=\"\" data-start=\"1912\" data-end=\"1954\">\n<p class=\"\" data-start=\"1914\" data-end=\"1954\">Ceux qui bougent fr\u00e9quemment pendant leur sommeil<\/p>\n<\/li>\n<li class=\"\" data-start=\"1955\" data-end=\"2014\">\n<p class=\"\" data-start=\"1957\" data-end=\"2014\">Toute personne recherchant une exp\u00e9rience CPAP plus silencieuse et plus flexible<\/p>\n<\/li>\n<\/ul>\n","protected":false},"excerpt":{"rendered":"<p class=\"\" data-start=\"141\" data-end=\"361\">Le masque facial complet ResMed AirTouch F20 \u2013 Large offre un confort optimal gr\u00e2ce \u00e0 son coussin en mousse \u00e0 m\u00e9moire de forme UltraSoft\u2122, sa ventilation QuietAir\u2122 et ses clips magn\u00e9tiques faciles \u00e0 utiliser \u2013 parfait pour les personnes qui respirent par la bouche ou les utilisateurs de CPAP \u00e0 la peau sensible.<\/p>\n","protected":false},"featured_media":40560,"template":"","meta":[],"product_brand":[],"product_cat":[365],"product_tag":[],"class_list":{"0":"post-41636","1":"product","2":"type-product","3":"status-publish","4":"has-post-thumbnail","6":"product_cat-masque","8":"first","9":"instock","10":"shipping-taxable","11":"purchasable","12":"product-type-simple"},"yoast_head":"<!-- This site is optimized with the Yoast SEO plugin v27.4 - https:\/\/yoast.com\/product\/yoast-seo-wordpress\/ -->\n<title>Masque AirTouch F20 Grand - Dorma Sleep Clinics<\/title>\n<meta name=\"robots\" content=\"index, follow, max-snippet:-1, max-image-preview:large, max-video-preview:-1\" \/>\n<link rel=\"canonical\" href=\"https:\/\/dormalab.com\/fr\/produit\/masque-airtouch-f20-grand\/\" \/>\n<meta property=\"og:locale\" content=\"fr_FR\" \/>\n<meta property=\"og:type\" content=\"article\" \/>\n<meta property=\"og:title\" content=\"Masque AirTouch F20 Grand - Dorma Sleep Clinics\" \/>\n<meta property=\"og:description\" content=\"Le masque facial complet ResMed AirTouch F20 \u2013 Large offre un confort optimal gr\u00e2ce \u00e0 son coussin en mousse \u00e0 m\u00e9moire de forme UltraSoft\u2122, sa ventilation QuietAir\u2122 et ses clips magn\u00e9tiques faciles \u00e0 utiliser \u2013 parfait pour les personnes qui respirent par la bouche ou les utilisateurs de CPAP \u00e0 la peau sensible.\" \/>\n<meta property=\"og:url\" content=\"https:\/\/dormalab.com\/fr\/produit\/masque-airtouch-f20-grand\/\" \/>\n<meta property=\"og:site_name\" content=\"Dorma Sleep Clinics\" \/>\n<meta property=\"article:modified_time\" content=\"2025-12-09T19:39:09+00:00\" \/>\n<meta property=\"og:image\" content=\"https:\/\/dormalab.com\/wp-content\/uploads\/2025\/04\/w-6302x_resmed_airtouch_foam_f20_ffm_5.webp\" \/>\n\t<meta property=\"og:image:width\" content=\"700\" \/>\n\t<meta property=\"og:image:height\" content=\"700\" \/>\n\t<meta property=\"og:image:type\" content=\"image\/webp\" \/>\n<meta name=\"twitter:card\" content=\"summary_large_image\" \/>\n<meta name=\"twitter:label1\" content=\"Dur\u00e9e de lecture estim\u00e9e\" \/>\n\t<meta name=\"twitter:data1\" content=\"1 minute\" \/>\n<script type=\"application\/ld+json\" class=\"yoast-schema-graph\">{\"@context\":\"https:\\\/\\\/schema.org\",\"@graph\":[{\"@type\":\"WebPage\",\"@id\":\"https:\\\/\\\/dormalab.com\\\/fr\\\/produit\\\/masque-airtouch-f20-grand\\\/\",\"url\":\"https:\\\/\\\/dormalab.com\\\/fr\\\/produit\\\/masque-airtouch-f20-grand\\\/\",\"name\":\"Masque AirTouch F20 Grand - Dorma Sleep Clinics\",\"isPartOf\":{\"@id\":\"https:\\\/\\\/dormalab.com\\\/fr\\\/#website\"},\"primaryImageOfPage\":{\"@id\":\"https:\\\/\\\/dormalab.com\\\/fr\\\/produit\\\/masque-airtouch-f20-grand\\\/#primaryimage\"},\"image\":{\"@id\":\"https:\\\/\\\/dormalab.com\\\/fr\\\/produit\\\/masque-airtouch-f20-grand\\\/#primaryimage\"},\"thumbnailUrl\":\"https:\\\/\\\/dormalab.com\\\/wp-content\\\/uploads\\\/2025\\\/04\\\/w-6302x_resmed_airtouch_foam_f20_ffm_5.webp\",\"datePublished\":\"2025-04-28T16:47:03+00:00\",\"dateModified\":\"2025-12-09T19:39:09+00:00\",\"breadcrumb\":{\"@id\":\"https:\\\/\\\/dormalab.com\\\/fr\\\/produit\\\/masque-airtouch-f20-grand\\\/#breadcrumb\"},\"inLanguage\":\"fr-FR\",\"potentialAction\":[{\"@type\":\"ReadAction\",\"target\":[\"https:\\\/\\\/dormalab.com\\\/fr\\\/produit\\\/masque-airtouch-f20-grand\\\/\"]}]},{\"@type\":\"ImageObject\",\"inLanguage\":\"fr-FR\",\"@id\":\"https:\\\/\\\/dormalab.com\\\/fr\\\/produit\\\/masque-airtouch-f20-grand\\\/#primaryimage\",\"url\":\"https:\\\/\\\/dormalab.com\\\/wp-content\\\/uploads\\\/2025\\\/04\\\/w-6302x_resmed_airtouch_foam_f20_ffm_5.webp\",\"contentUrl\":\"https:\\\/\\\/dormalab.com\\\/wp-content\\\/uploads\\\/2025\\\/04\\\/w-6302x_resmed_airtouch_foam_f20_ffm_5.webp\",\"width\":700,\"height\":700},{\"@type\":\"BreadcrumbList\",\"@id\":\"https:\\\/\\\/dormalab.com\\\/fr\\\/produit\\\/masque-airtouch-f20-grand\\\/#breadcrumb\",\"itemListElement\":[{\"@type\":\"ListItem\",\"position\":1,\"name\":\"Home\",\"item\":\"https:\\\/\\\/dormalab.com\\\/fr\\\/\"},{\"@type\":\"ListItem\",\"position\":2,\"name\":\"Boutique\",\"item\":\"https:\\\/\\\/dormalab.com\\\/fr\\\/boutique\\\/\"},{\"@type\":\"ListItem\",\"position\":3,\"name\":\"Masque AirTouch F20 Grand\"}]},{\"@type\":\"WebSite\",\"@id\":\"https:\\\/\\\/dormalab.com\\\/fr\\\/#website\",\"url\":\"https:\\\/\\\/dormalab.com\\\/fr\\\/\",\"name\":\"Dorma Sleep Clinics\",\"description\":\"Sleep Well Live Well\",\"publisher\":{\"@id\":\"https:\\\/\\\/dormalab.com\\\/fr\\\/#organization\"},\"potentialAction\":[{\"@type\":\"SearchAction\",\"target\":{\"@type\":\"EntryPoint\",\"urlTemplate\":\"https:\\\/\\\/dormalab.com\\\/fr\\\/?s={search_term_string}\"},\"query-input\":{\"@type\":\"PropertyValueSpecification\",\"valueRequired\":true,\"valueName\":\"search_term_string\"}}],\"inLanguage\":\"fr-FR\"},{\"@type\":\"Organization\",\"@id\":\"https:\\\/\\\/dormalab.com\\\/fr\\\/#organization\",\"name\":\"Dorma Clinique Du Sommeil\",\"url\":\"https:\\\/\\\/dormalab.com\\\/fr\\\/\",\"logo\":{\"@type\":\"ImageObject\",\"inLanguage\":\"fr-FR\",\"@id\":\"https:\\\/\\\/dormalab.com\\\/fr\\\/#\\\/schema\\\/logo\\\/image\\\/\",\"url\":\"https:\\\/\\\/dormalab.com\\\/wp-content\\\/uploads\\\/2019\\\/10\\\/Dorma-Logotype-RGB-Black-scaled-e1578787470924.png\",\"contentUrl\":\"https:\\\/\\\/dormalab.com\\\/wp-content\\\/uploads\\\/2019\\\/10\\\/Dorma-Logotype-RGB-Black-scaled-e1578787470924.png\",\"width\":120,\"height\":25,\"caption\":\"Dorma Clinique Du Sommeil\"},\"image\":{\"@id\":\"https:\\\/\\\/dormalab.com\\\/fr\\\/#\\\/schema\\\/logo\\\/image\\\/\"}}]}<\/script>\n<!-- \/ Yoast SEO plugin. -->","yoast_head_json":{"title":"Masque AirTouch F20 Grand - Dorma Sleep Clinics","robots":{"index":"index","follow":"follow","max-snippet":"max-snippet:-1","max-image-preview":"max-image-preview:large","max-video-preview":"max-video-preview:-1"},"canonical":"https:\/\/dormalab.com\/fr\/produit\/masque-airtouch-f20-grand\/","og_locale":"fr_FR","og_type":"article","og_title":"Masque AirTouch F20 Grand - Dorma Sleep Clinics","og_description":"Le masque facial complet ResMed AirTouch F20 \u2013 Large offre un confort optimal gr\u00e2ce \u00e0 son coussin en mousse \u00e0 m\u00e9moire de forme UltraSoft\u2122, sa ventilation QuietAir\u2122 et ses clips magn\u00e9tiques faciles \u00e0 utiliser \u2013 parfait pour les personnes qui respirent par la bouche ou les utilisateurs de CPAP \u00e0 la peau sensible.","og_url":"https:\/\/dormalab.com\/fr\/produit\/masque-airtouch-f20-grand\/","og_site_name":"Dorma Sleep Clinics","article_modified_time":"2025-12-09T19:39:09+00:00","og_image":[{"width":700,"height":700,"url":"https:\/\/dormalab.com\/wp-content\/uploads\/2025\/04\/w-6302x_resmed_airtouch_foam_f20_ffm_5.webp","type":"image\/webp"}],"twitter_card":"summary_large_image","twitter_misc":{"Dur\u00e9e de lecture estim\u00e9e":"1 minute"},"schema":{"@context":"https:\/\/schema.org","@graph":[{"@type":"WebPage","@id":"https:\/\/dormalab.com\/fr\/produit\/masque-airtouch-f20-grand\/","url":"https:\/\/dormalab.com\/fr\/produit\/masque-airtouch-f20-grand\/","name":"Masque AirTouch F20 Grand - Dorma Sleep Clinics","isPartOf":{"@id":"https:\/\/dormalab.com\/fr\/#website"},"primaryImageOfPage":{"@id":"https:\/\/dormalab.com\/fr\/produit\/masque-airtouch-f20-grand\/#primaryimage"},"image":{"@id":"https:\/\/dormalab.com\/fr\/produit\/masque-airtouch-f20-grand\/#primaryimage"},"thumbnailUrl":"https:\/\/dormalab.com\/wp-content\/uploads\/2025\/04\/w-6302x_resmed_airtouch_foam_f20_ffm_5.webp","datePublished":"2025-04-28T16:47:03+00:00","dateModified":"2025-12-09T19:39:09+00:00","breadcrumb":{"@id":"https:\/\/dormalab.com\/fr\/produit\/masque-airtouch-f20-grand\/#breadcrumb"},"inLanguage":"fr-FR","potentialAction":[{"@type":"ReadAction","target":["https:\/\/dormalab.com\/fr\/produit\/masque-airtouch-f20-grand\/"]}]},{"@type":"ImageObject","inLanguage":"fr-FR","@id":"https:\/\/dormalab.com\/fr\/produit\/masque-airtouch-f20-grand\/#primaryimage","url":"https:\/\/dormalab.com\/wp-content\/uploads\/2025\/04\/w-6302x_resmed_airtouch_foam_f20_ffm_5.webp","contentUrl":"https:\/\/dormalab.com\/wp-content\/uploads\/2025\/04\/w-6302x_resmed_airtouch_foam_f20_ffm_5.webp","width":700,"height":700},{"@type":"BreadcrumbList","@id":"https:\/\/dormalab.com\/fr\/produit\/masque-airtouch-f20-grand\/#breadcrumb","itemListElement":[{"@type":"ListItem","position":1,"name":"Home","item":"https:\/\/dormalab.com\/fr\/"},{"@type":"ListItem","position":2,"name":"Boutique","item":"https:\/\/dormalab.com\/fr\/boutique\/"},{"@type":"ListItem","position":3,"name":"Masque AirTouch F20 Grand"}]},{"@type":"WebSite","@id":"https:\/\/dormalab.com\/fr\/#website","url":"https:\/\/dormalab.com\/fr\/","name":"Dorma Sleep Clinics","description":"Sleep Well Live Well","publisher":{"@id":"https:\/\/dormalab.com\/fr\/#organization"},"potentialAction":[{"@type":"SearchAction","target":{"@type":"EntryPoint","urlTemplate":"https:\/\/dormalab.com\/fr\/?s={search_term_string}"},"query-input":{"@type":"PropertyValueSpecification","valueRequired":true,"valueName":"search_term_string"}}],"inLanguage":"fr-FR"},{"@type":"Organization","@id":"https:\/\/dormalab.com\/fr\/#organization","name":"Dorma Clinique Du Sommeil","url":"https:\/\/dormalab.com\/fr\/","logo":{"@type":"ImageObject","inLanguage":"fr-FR","@id":"https:\/\/dormalab.com\/fr\/#\/schema\/logo\/image\/","url":"https:\/\/dormalab.com\/wp-content\/uploads\/2019\/10\/Dorma-Logotype-RGB-Black-scaled-e1578787470924.png","contentUrl":"https:\/\/dormalab.com\/wp-content\/uploads\/2019\/10\/Dorma-Logotype-RGB-Black-scaled-e1578787470924.png","width":120,"height":25,"caption":"Dorma Clinique Du Sommeil"},"image":{"@id":"https:\/\/dormalab.com\/fr\/#\/schema\/logo\/image\/"}}]}},"_links":{"self":[{"href":"https:\/\/dormalab.com\/fr\/wp-json\/wp\/v2\/product\/41636","targetHints":{"allow":["GET"]}}],"collection":[{"href":"https:\/\/dormalab.com\/fr\/wp-json\/wp\/v2\/product"}],"about":[{"href":"https:\/\/dormalab.com\/fr\/wp-json\/wp\/v2\/types\/product"}],"version-history":[{"count":0,"href":"https:\/\/dormalab.com\/fr\/wp-json\/wp\/v2\/product\/41636\/revisions"}],"wp:featuredmedia":[{"embeddable":true,"href":"https:\/\/dormalab.com\/fr\/wp-json\/wp\/v2\/media\/40560"}],"wp:attachment":[{"href":"https:\/\/dormalab.com\/fr\/wp-json\/wp\/v2\/media?parent=41636"}],"wp:term":[{"taxonomy":"product_brand","embeddable":true,"href":"https:\/\/dormalab.com\/fr\/wp-json\/wp\/v2\/product_brand?post=41636"},{"taxonomy":"product_cat","embeddable":true,"href":"https:\/\/dormalab.com\/fr\/wp-json\/wp\/v2\/product_cat?post=41636"},{"taxonomy":"product_tag","embeddable":true,"href":"https:\/\/dormalab.com\/fr\/wp-json\/wp\/v2\/product_tag?post=41636"}],"curies":[{"name":"wp","href":"https:\/\/api.w.org\/{rel}","templated":true}]}}