{"id":41637,"date":"2025-04-28T12:47:13","date_gmt":"2025-04-28T16:47:13","guid":{"rendered":"https:\/\/dormalab.com\/product\/masque-airfit-f20-petit\/"},"modified":"2025-12-09T14:39:10","modified_gmt":"2025-12-09T19:39:10","slug":"masque-airfit-f20-petit","status":"publish","type":"product","link":"https:\/\/dormalab.com\/fr\/produit\/masque-airfit-f20-petit\/","title":{"rendered":"Masque Airfit F20 Petit"},"content":{"rendered":"<p class=\"\" data-start=\"434\" data-end=\"745\">Le masque facial complet ResMed AirFit F20, en taille S, offre un maintien s\u00fbr, une th\u00e9rapie efficace et un confort moderne aux utilisateurs n\u00e9cessitant un masque couvrant tout le visage. Con\u00e7u pour s&rsquo;adapter \u00e0 une grande vari\u00e9t\u00e9 de formes et de tailles de visage, l&rsquo;AirFit F20 allie performance et confort pour favoriser un sommeil r\u00e9parateur. <\/p>\n<hr class=\"\" data-start=\"747\" data-end=\"750\">\n<p class=\"\" data-start=\"752\" data-end=\"769\"><strong data-start=\"752\" data-end=\"769\">Caract\u00e9ristiques Principales :<\/strong><\/p>\n<p class=\"\" data-start=\"771\" data-end=\"807\"><strong data-start=\"771\" data-end=\"805\">Coussin en silicone InfinitySeal\u2122<\/strong><\/p>\n<ul data-start=\"808\" data-end=\"992\">\n<li class=\"\" data-start=\"808\" data-end=\"876\">\n<p class=\"\" data-start=\"810\" data-end=\"876\">S&rsquo;adapte aux mouvements pendant le sommeil tout en conservant une \u00e9tanch\u00e9it\u00e9 parfaite.<\/p>\n<\/li>\n<li class=\"\" data-start=\"877\" data-end=\"939\">\n<p class=\"\" data-start=\"879\" data-end=\"939\">Con\u00e7u pour r\u00e9duire les fuites et supporter des conditions de haute pression<\/p>\n<\/li>\n<li class=\"\" data-start=\"940\" data-end=\"992\">\n<p class=\"\" data-start=\"942\" data-end=\"992\">Sensation douce et flexible qui minimise les points de pression<\/p>\n<\/li>\n<\/ul>\n<p class=\"\" data-start=\"994\" data-end=\"1025\"><strong data-start=\"994\" data-end=\"1023\">Technologie de ventilation QuietAir\u2122<\/strong><\/p>\n<ul data-start=\"1026\" data-end=\"1133\">\n<li class=\"\" data-start=\"1026\" data-end=\"1066\">\n<p class=\"\" data-start=\"1028\" data-end=\"1066\">Diffuse l&rsquo;air expir\u00e9 pour r\u00e9duire le bruit<\/p>\n<\/li>\n<li class=\"\" data-start=\"1067\" data-end=\"1133\">\n<p class=\"\" data-start=\"1069\" data-end=\"1133\">Cr\u00e9e un environnement plus paisible pour l&rsquo;utilisateur et son partenaire de lit.<\/p>\n<\/li>\n<\/ul>\n<p class=\"\" data-start=\"1135\" data-end=\"1186\"><strong data-start=\"1135\" data-end=\"1184\">Clips magn\u00e9tiques pour casque et coude \u00e0 d\u00e9gagement rapide<\/strong><\/p>\n<ul data-start=\"1187\" data-end=\"1314\">\n<li class=\"\" data-start=\"1187\" data-end=\"1242\">\n<p class=\"\" data-start=\"1189\" data-end=\"1242\">Permet de retirer et de remettre le masque sans effort.<\/p>\n<\/li>\n<li class=\"\" data-start=\"1243\" data-end=\"1314\">\n<p class=\"\" data-start=\"1245\" data-end=\"1314\">Permet de se d\u00e9connecter facilement du tube sans retirer le masque<\/p>\n<\/li>\n<\/ul>\n<p class=\"\" data-start=\"1316\" data-end=\"1360\"><strong data-start=\"1316\" data-end=\"1358\">Cadre flexible avec rembourrage int\u00e9gr\u00e9<\/strong><\/p>\n<ul data-start=\"1361\" data-end=\"1444\">\n<li class=\"\" data-start=\"1361\" data-end=\"1397\">\n<p class=\"\" data-start=\"1363\" data-end=\"1397\">\u00c9pouse confortablement les contours du visage<\/p>\n<\/li>\n<li class=\"\" data-start=\"1398\" data-end=\"1444\">\n<p class=\"\" data-start=\"1400\" data-end=\"1444\">Assure la stabilit\u00e9 sans provoquer d&rsquo;irritation<\/p>\n<\/li>\n<\/ul>\n<p class=\"\" data-start=\"1446\" data-end=\"1465\"><strong data-start=\"1446\" data-end=\"1463\">Taille universelle<\/strong><\/p>\n<ul data-start=\"1466\" data-end=\"1601\">\n<li class=\"\" data-start=\"1466\" data-end=\"1538\">\n<p class=\"\" data-start=\"1468\" data-end=\"1538\">Con\u00e7u pour s&rsquo;adapter \u00e0 97 % des patients, quelle que soit la forme ou la taille de leur visage.<\/p>\n<\/li>\n<li class=\"\" data-start=\"1539\" data-end=\"1601\">\n<p class=\"\" data-start=\"1541\" data-end=\"1601\">Id\u00e9al pour les utilisateurs qui respirent par la bouche, le nez ou les deux.<\/p>\n<\/li>\n<\/ul>\n<hr class=\"\" data-start=\"1603\" data-end=\"1606\">\n<p class=\"\" data-start=\"1608\" data-end=\"1627\"><strong data-start=\"1608\" data-end=\"1627\">Sp\u00e9cifications :<\/strong><\/p>\n<ul data-start=\"1629\" data-end=\"1789\">\n<li class=\"\" data-start=\"1629\" data-end=\"1644\">\n<p class=\"\" data-start=\"1631\" data-end=\"1644\">Taille : Petite<\/p>\n<\/li>\n<li class=\"\" data-start=\"1645\" data-end=\"1708\">\n<p class=\"\" data-start=\"1647\" data-end=\"1708\">Comprend : Syst\u00e8me de masque complet avec harnais et clips magn\u00e9tiques<\/p>\n<\/li>\n<li class=\"\" data-start=\"1709\" data-end=\"1749\">\n<p class=\"\" data-start=\"1711\" data-end=\"1749\">Type de coussin : Silicone InfinitySeal\u2122<\/p>\n<\/li>\n<li class=\"\" data-start=\"1750\" data-end=\"1769\">\n<p class=\"\" data-start=\"1752\" data-end=\"1769\">Sans latex : Oui<\/p>\n<\/li>\n<li class=\"\" data-start=\"1770\" data-end=\"1789\">\n<p class=\"\" data-start=\"1772\" data-end=\"1789\">Code HCPCS : A7030<\/p>\n<\/li>\n<\/ul>\n<hr class=\"\" data-start=\"1791\" data-end=\"1794\">\n<p class=\"\" data-start=\"1796\" data-end=\"1810\"><strong data-start=\"1796\" data-end=\"1810\">Id\u00e9al pour :<\/strong><\/p>\n<ul data-start=\"1812\" data-end=\"2009\">\n<li class=\"\" data-start=\"1812\" data-end=\"1840\">\n<p class=\"\" data-start=\"1814\" data-end=\"1840\">Respirateurs buccaux et nasaux<\/p>\n<\/li>\n<li class=\"\" data-start=\"1841\" data-end=\"1907\">\n<p class=\"\" data-start=\"1843\" data-end=\"1907\">Les utilisateurs de <a href=\"https:\/\/dormalab.com\/continuous-positive-airflow-pressure-cpap\/\" data-internallinksmanager029f6b8e52c=\"1\" title=\"Continuous Positive Airflow Pressure (CPAP)\">CPAP<\/a> qui souhaitent une option faciale compl\u00e8te fiable et bien \u00e9tanche<\/p>\n<\/li>\n<li class=\"\" data-start=\"1908\" data-end=\"1945\">\n<p class=\"\" data-start=\"1910\" data-end=\"1945\">Personnes qui bougent pendant leur sommeil<\/p>\n<\/li>\n<li class=\"\" data-start=\"1946\" data-end=\"2009\">\n<p class=\"\" data-start=\"1948\" data-end=\"2009\">Utilisateurs ayant besoin d&rsquo;un masque compatible avec des r\u00e9glages de pression plus \u00e9lev\u00e9s<\/p>\n<\/li>\n<\/ul>\n","protected":false},"excerpt":{"rendered":"<p>Le masque CPAP facial complet ResMed AirFit F20 \u2013 Taille S offre une \u00e9tanch\u00e9it\u00e9 fiable, un confort respirant et des fonctionnalit\u00e9s conviviales comme la ventilation QuietAir\u2122 et les clips magn\u00e9tiques pour harnais, ce qui en fait un choix de premier ordre pour les utilisateurs de CPAP \u00e0 masque facial complet.<\/p>\n","protected":false},"featured_media":40634,"template":"","meta":[],"product_brand":[],"product_cat":[365],"product_tag":[],"class_list":{"0":"post-41637","1":"product","2":"type-product","3":"status-publish","4":"has-post-thumbnail","6":"product_cat-masque","8":"first","9":"instock","10":"shipping-taxable","11":"purchasable","12":"product-type-simple"},"yoast_head":"<!-- This site is optimized with the Yoast SEO plugin v27.4 - https:\/\/yoast.com\/product\/yoast-seo-wordpress\/ -->\n<title>Masque Airfit F20 Petit - Dorma Sleep Clinics<\/title>\n<meta name=\"robots\" content=\"index, follow, max-snippet:-1, max-image-preview:large, max-video-preview:-1\" \/>\n<link rel=\"canonical\" href=\"https:\/\/dormalab.com\/fr\/produit\/masque-airfit-f20-petit\/\" \/>\n<meta property=\"og:locale\" content=\"fr_FR\" \/>\n<meta property=\"og:type\" content=\"article\" \/>\n<meta property=\"og:title\" content=\"Masque Airfit F20 Petit - Dorma Sleep Clinics\" \/>\n<meta property=\"og:description\" content=\"Le masque CPAP facial complet ResMed AirFit F20 \u2013 Taille S offre une \u00e9tanch\u00e9it\u00e9 fiable, un confort respirant et des fonctionnalit\u00e9s conviviales comme la ventilation QuietAir\u2122 et les clips magn\u00e9tiques pour harnais, ce qui en fait un choix de premier ordre pour les utilisateurs de CPAP \u00e0 masque facial complet.\" \/>\n<meta property=\"og:url\" content=\"https:\/\/dormalab.com\/fr\/produit\/masque-airfit-f20-petit\/\" \/>\n<meta property=\"og:site_name\" content=\"Dorma Sleep Clinics\" \/>\n<meta property=\"article:modified_time\" content=\"2025-12-09T19:39:10+00:00\" \/>\n<meta property=\"og:image\" content=\"https:\/\/dormalab.com\/wp-content\/uploads\/2025\/04\/AirFit_F20FullFaceCPAPMaskthecpapstore_1.webp\" \/>\n\t<meta property=\"og:image:width\" content=\"1000\" \/>\n\t<meta property=\"og:image:height\" content=\"1000\" \/>\n\t<meta property=\"og:image:type\" content=\"image\/webp\" \/>\n<meta name=\"twitter:card\" content=\"summary_large_image\" \/>\n<meta name=\"twitter:label1\" content=\"Dur\u00e9e de lecture estim\u00e9e\" \/>\n\t<meta name=\"twitter:data1\" content=\"1 minute\" \/>\n<script type=\"application\/ld+json\" class=\"yoast-schema-graph\">{\"@context\":\"https:\\\/\\\/schema.org\",\"@graph\":[{\"@type\":\"WebPage\",\"@id\":\"https:\\\/\\\/dormalab.com\\\/fr\\\/produit\\\/masque-airfit-f20-petit\\\/\",\"url\":\"https:\\\/\\\/dormalab.com\\\/fr\\\/produit\\\/masque-airfit-f20-petit\\\/\",\"name\":\"Masque Airfit F20 Petit - Dorma Sleep Clinics\",\"isPartOf\":{\"@id\":\"https:\\\/\\\/dormalab.com\\\/fr\\\/#website\"},\"primaryImageOfPage\":{\"@id\":\"https:\\\/\\\/dormalab.com\\\/fr\\\/produit\\\/masque-airfit-f20-petit\\\/#primaryimage\"},\"image\":{\"@id\":\"https:\\\/\\\/dormalab.com\\\/fr\\\/produit\\\/masque-airfit-f20-petit\\\/#primaryimage\"},\"thumbnailUrl\":\"https:\\\/\\\/dormalab.com\\\/wp-content\\\/uploads\\\/2025\\\/04\\\/AirFit_F20FullFaceCPAPMaskthecpapstore_1.webp\",\"datePublished\":\"2025-04-28T16:47:13+00:00\",\"dateModified\":\"2025-12-09T19:39:10+00:00\",\"breadcrumb\":{\"@id\":\"https:\\\/\\\/dormalab.com\\\/fr\\\/produit\\\/masque-airfit-f20-petit\\\/#breadcrumb\"},\"inLanguage\":\"fr-FR\",\"potentialAction\":[{\"@type\":\"ReadAction\",\"target\":[\"https:\\\/\\\/dormalab.com\\\/fr\\\/produit\\\/masque-airfit-f20-petit\\\/\"]}]},{\"@type\":\"ImageObject\",\"inLanguage\":\"fr-FR\",\"@id\":\"https:\\\/\\\/dormalab.com\\\/fr\\\/produit\\\/masque-airfit-f20-petit\\\/#primaryimage\",\"url\":\"https:\\\/\\\/dormalab.com\\\/wp-content\\\/uploads\\\/2025\\\/04\\\/AirFit_F20FullFaceCPAPMaskthecpapstore_1.webp\",\"contentUrl\":\"https:\\\/\\\/dormalab.com\\\/wp-content\\\/uploads\\\/2025\\\/04\\\/AirFit_F20FullFaceCPAPMaskthecpapstore_1.webp\",\"width\":1000,\"height\":1000},{\"@type\":\"BreadcrumbList\",\"@id\":\"https:\\\/\\\/dormalab.com\\\/fr\\\/produit\\\/masque-airfit-f20-petit\\\/#breadcrumb\",\"itemListElement\":[{\"@type\":\"ListItem\",\"position\":1,\"name\":\"Home\",\"item\":\"https:\\\/\\\/dormalab.com\\\/fr\\\/\"},{\"@type\":\"ListItem\",\"position\":2,\"name\":\"Boutique\",\"item\":\"https:\\\/\\\/dormalab.com\\\/fr\\\/boutique\\\/\"},{\"@type\":\"ListItem\",\"position\":3,\"name\":\"Masque Airfit F20 Petit\"}]},{\"@type\":\"WebSite\",\"@id\":\"https:\\\/\\\/dormalab.com\\\/fr\\\/#website\",\"url\":\"https:\\\/\\\/dormalab.com\\\/fr\\\/\",\"name\":\"Dorma Sleep Clinics\",\"description\":\"Sleep Well Live Well\",\"publisher\":{\"@id\":\"https:\\\/\\\/dormalab.com\\\/fr\\\/#organization\"},\"potentialAction\":[{\"@type\":\"SearchAction\",\"target\":{\"@type\":\"EntryPoint\",\"urlTemplate\":\"https:\\\/\\\/dormalab.com\\\/fr\\\/?s={search_term_string}\"},\"query-input\":{\"@type\":\"PropertyValueSpecification\",\"valueRequired\":true,\"valueName\":\"search_term_string\"}}],\"inLanguage\":\"fr-FR\"},{\"@type\":\"Organization\",\"@id\":\"https:\\\/\\\/dormalab.com\\\/fr\\\/#organization\",\"name\":\"Dorma Clinique Du Sommeil\",\"url\":\"https:\\\/\\\/dormalab.com\\\/fr\\\/\",\"logo\":{\"@type\":\"ImageObject\",\"inLanguage\":\"fr-FR\",\"@id\":\"https:\\\/\\\/dormalab.com\\\/fr\\\/#\\\/schema\\\/logo\\\/image\\\/\",\"url\":\"https:\\\/\\\/dormalab.com\\\/wp-content\\\/uploads\\\/2019\\\/10\\\/Dorma-Logotype-RGB-Black-scaled-e1578787470924.png\",\"contentUrl\":\"https:\\\/\\\/dormalab.com\\\/wp-content\\\/uploads\\\/2019\\\/10\\\/Dorma-Logotype-RGB-Black-scaled-e1578787470924.png\",\"width\":120,\"height\":25,\"caption\":\"Dorma Clinique Du Sommeil\"},\"image\":{\"@id\":\"https:\\\/\\\/dormalab.com\\\/fr\\\/#\\\/schema\\\/logo\\\/image\\\/\"}}]}<\/script>\n<!-- \/ Yoast SEO plugin. -->","yoast_head_json":{"title":"Masque Airfit F20 Petit - Dorma Sleep Clinics","robots":{"index":"index","follow":"follow","max-snippet":"max-snippet:-1","max-image-preview":"max-image-preview:large","max-video-preview":"max-video-preview:-1"},"canonical":"https:\/\/dormalab.com\/fr\/produit\/masque-airfit-f20-petit\/","og_locale":"fr_FR","og_type":"article","og_title":"Masque Airfit F20 Petit - Dorma Sleep Clinics","og_description":"Le masque CPAP facial complet ResMed AirFit F20 \u2013 Taille S offre une \u00e9tanch\u00e9it\u00e9 fiable, un confort respirant et des fonctionnalit\u00e9s conviviales comme la ventilation QuietAir\u2122 et les clips magn\u00e9tiques pour harnais, ce qui en fait un choix de premier ordre pour les utilisateurs de CPAP \u00e0 masque facial complet.","og_url":"https:\/\/dormalab.com\/fr\/produit\/masque-airfit-f20-petit\/","og_site_name":"Dorma Sleep Clinics","article_modified_time":"2025-12-09T19:39:10+00:00","og_image":[{"width":1000,"height":1000,"url":"https:\/\/dormalab.com\/wp-content\/uploads\/2025\/04\/AirFit_F20FullFaceCPAPMaskthecpapstore_1.webp","type":"image\/webp"}],"twitter_card":"summary_large_image","twitter_misc":{"Dur\u00e9e de lecture estim\u00e9e":"1 minute"},"schema":{"@context":"https:\/\/schema.org","@graph":[{"@type":"WebPage","@id":"https:\/\/dormalab.com\/fr\/produit\/masque-airfit-f20-petit\/","url":"https:\/\/dormalab.com\/fr\/produit\/masque-airfit-f20-petit\/","name":"Masque Airfit F20 Petit - Dorma Sleep Clinics","isPartOf":{"@id":"https:\/\/dormalab.com\/fr\/#website"},"primaryImageOfPage":{"@id":"https:\/\/dormalab.com\/fr\/produit\/masque-airfit-f20-petit\/#primaryimage"},"image":{"@id":"https:\/\/dormalab.com\/fr\/produit\/masque-airfit-f20-petit\/#primaryimage"},"thumbnailUrl":"https:\/\/dormalab.com\/wp-content\/uploads\/2025\/04\/AirFit_F20FullFaceCPAPMaskthecpapstore_1.webp","datePublished":"2025-04-28T16:47:13+00:00","dateModified":"2025-12-09T19:39:10+00:00","breadcrumb":{"@id":"https:\/\/dormalab.com\/fr\/produit\/masque-airfit-f20-petit\/#breadcrumb"},"inLanguage":"fr-FR","potentialAction":[{"@type":"ReadAction","target":["https:\/\/dormalab.com\/fr\/produit\/masque-airfit-f20-petit\/"]}]},{"@type":"ImageObject","inLanguage":"fr-FR","@id":"https:\/\/dormalab.com\/fr\/produit\/masque-airfit-f20-petit\/#primaryimage","url":"https:\/\/dormalab.com\/wp-content\/uploads\/2025\/04\/AirFit_F20FullFaceCPAPMaskthecpapstore_1.webp","contentUrl":"https:\/\/dormalab.com\/wp-content\/uploads\/2025\/04\/AirFit_F20FullFaceCPAPMaskthecpapstore_1.webp","width":1000,"height":1000},{"@type":"BreadcrumbList","@id":"https:\/\/dormalab.com\/fr\/produit\/masque-airfit-f20-petit\/#breadcrumb","itemListElement":[{"@type":"ListItem","position":1,"name":"Home","item":"https:\/\/dormalab.com\/fr\/"},{"@type":"ListItem","position":2,"name":"Boutique","item":"https:\/\/dormalab.com\/fr\/boutique\/"},{"@type":"ListItem","position":3,"name":"Masque Airfit F20 Petit"}]},{"@type":"WebSite","@id":"https:\/\/dormalab.com\/fr\/#website","url":"https:\/\/dormalab.com\/fr\/","name":"Dorma Sleep Clinics","description":"Sleep Well Live Well","publisher":{"@id":"https:\/\/dormalab.com\/fr\/#organization"},"potentialAction":[{"@type":"SearchAction","target":{"@type":"EntryPoint","urlTemplate":"https:\/\/dormalab.com\/fr\/?s={search_term_string}"},"query-input":{"@type":"PropertyValueSpecification","valueRequired":true,"valueName":"search_term_string"}}],"inLanguage":"fr-FR"},{"@type":"Organization","@id":"https:\/\/dormalab.com\/fr\/#organization","name":"Dorma Clinique Du Sommeil","url":"https:\/\/dormalab.com\/fr\/","logo":{"@type":"ImageObject","inLanguage":"fr-FR","@id":"https:\/\/dormalab.com\/fr\/#\/schema\/logo\/image\/","url":"https:\/\/dormalab.com\/wp-content\/uploads\/2019\/10\/Dorma-Logotype-RGB-Black-scaled-e1578787470924.png","contentUrl":"https:\/\/dormalab.com\/wp-content\/uploads\/2019\/10\/Dorma-Logotype-RGB-Black-scaled-e1578787470924.png","width":120,"height":25,"caption":"Dorma Clinique Du Sommeil"},"image":{"@id":"https:\/\/dormalab.com\/fr\/#\/schema\/logo\/image\/"}}]}},"_links":{"self":[{"href":"https:\/\/dormalab.com\/fr\/wp-json\/wp\/v2\/product\/41637","targetHints":{"allow":["GET"]}}],"collection":[{"href":"https:\/\/dormalab.com\/fr\/wp-json\/wp\/v2\/product"}],"about":[{"href":"https:\/\/dormalab.com\/fr\/wp-json\/wp\/v2\/types\/product"}],"version-history":[{"count":0,"href":"https:\/\/dormalab.com\/fr\/wp-json\/wp\/v2\/product\/41637\/revisions"}],"wp:featuredmedia":[{"embeddable":true,"href":"https:\/\/dormalab.com\/fr\/wp-json\/wp\/v2\/media\/40634"}],"wp:attachment":[{"href":"https:\/\/dormalab.com\/fr\/wp-json\/wp\/v2\/media?parent=41637"}],"wp:term":[{"taxonomy":"product_brand","embeddable":true,"href":"https:\/\/dormalab.com\/fr\/wp-json\/wp\/v2\/product_brand?post=41637"},{"taxonomy":"product_cat","embeddable":true,"href":"https:\/\/dormalab.com\/fr\/wp-json\/wp\/v2\/product_cat?post=41637"},{"taxonomy":"product_tag","embeddable":true,"href":"https:\/\/dormalab.com\/fr\/wp-json\/wp\/v2\/product_tag?post=41637"}],"curies":[{"name":"wp","href":"https:\/\/api.w.org\/{rel}","templated":true}]}}