{"id":41638,"date":"2025-04-28T12:47:17","date_gmt":"2025-04-28T16:47:17","guid":{"rendered":"https:\/\/dormalab.com\/product\/masque-airfit-f20-fh-taille-moyenne\/"},"modified":"2025-12-09T14:39:12","modified_gmt":"2025-12-09T19:39:12","slug":"masque-airfit-f20-fh-taille-moyenne","status":"publish","type":"product","link":"https:\/\/dormalab.com\/fr\/produit\/masque-airfit-f20-fh-taille-moyenne\/","title":{"rendered":"Masque Airfit F20 FH taille moyenne"},"content":{"rendered":"<p data-start=\"164\" data-end=\"303\">Con\u00e7u par ResMed comme un masque <a href=\"https:\/\/dormalab.com\/continuous-positive-airflow-pressure-cpap\/\" data-internallinksmanager029f6b8e52c=\"1\" title=\"Continuous Positive Airflow Pressure (CPAP)\">CPAP<\/a> facial complet pour les respirateurs buccaux et nasaux, la taille moyenne est id\u00e9ale pour les utilisateurs ayant une structure faciale moyenne.<\/p>\n<p data-start=\"305\" data-end=\"318\"><strong data-start=\"305\" data-end=\"318\">Caract\u00e9ristiques :<\/strong><\/p>\n<ul data-start=\"320\" data-end=\"911\">\n<li data-start=\"320\" data-end=\"430\">\n<p data-start=\"322\" data-end=\"430\"><strong data-start=\"322\" data-end=\"356\">Coussin en silicone InfinitySeal\u2122<\/strong><br data-start=\"356\" data-end=\"359\">Offre une \u00e9tanch\u00e9it\u00e9 fiable et adaptative, m\u00eame \u00e0 des pressions th\u00e9rapeutiques \u00e9lev\u00e9es.<\/p>\n<\/li>\n<li data-start=\"432\" data-end=\"554\">\n<p data-start=\"434\" data-end=\"554\"><strong data-start=\"434\" data-end=\"458\">Cadre souple et flexible<\/strong><br data-start=\"458\" data-end=\"461\">Se place confortablement sous les yeux et s&rsquo;adapte \u00e0 diverses formes de visage pour un ajustement personnalis\u00e9.<\/p>\n<\/li>\n<li data-start=\"556\" data-end=\"640\">\n<p data-start=\"558\" data-end=\"640\"><strong data-start=\"558\" data-end=\"585\">Clips magn\u00e9tiques pour le harnais<\/strong><br data-start=\"585\" data-end=\"588\">Permettent un ajustement et un retrait rapides et faciles du masque.<\/p>\n<\/li>\n<li data-start=\"642\" data-end=\"728\">\n<p data-start=\"644\" data-end=\"728\"><strong data-start=\"644\" data-end=\"663\">Harnais rembourr\u00e9<\/strong><br data-start=\"663\" data-end=\"666\">Assure un confort suppl\u00e9mentaire et un ajustement s\u00fbr tout au long de la nuit.<\/p>\n<\/li>\n<li data-start=\"730\" data-end=\"811\">\n<p data-start=\"732\" data-end=\"811\"><strong data-start=\"732\" data-end=\"757\">Champ de vision d\u00e9gag\u00e9<\/strong><br data-start=\"757\" data-end=\"760\">Permet aux utilisateurs de lire ou de regarder TV avant de dormir.<\/p>\n<\/li>\n<li data-start=\"813\" data-end=\"911\">\n<p data-start=\"815\" data-end=\"911\"><strong data-start=\"815\" data-end=\"845\">Facile \u00e0 nettoyer et \u00e0 assembler<\/strong><br data-start=\"845\" data-end=\"848\">Fait de ce masque un choix convivial pour une th\u00e9rapie \u00e0 long terme.<\/p>\n<\/li>\n<\/ul>\n<p data-start=\"913\" data-end=\"1153\">\n<p data-start=\"1043\" data-end=\"1208\">Note de s\u00e9curit\u00e9 : Ce masque contient des aimants qui peuvent interf\u00e9rer avec certains dispositifs m\u00e9dicaux. Consultez le guide d&rsquo;utilisation pour plus d&rsquo;informations. <\/p>\n","protected":false},"excerpt":{"rendered":"<p>Le masque <a title=\"Pression positive continue (PPC)\" href=\"https:\/\/dormalab.com\/fr\/pression-positive-continue-ppc\/\" data-internallinksmanager029f6b8e52c=\"1\">CPAP<\/a> facial complet ResMed AirFit\u2122 F20 pour femmes, de taille moyenne, offre un ajustement s\u00fbr, une th\u00e9rapie efficace et des fonctionnalit\u00e9s conviviales sp\u00e9cialement con\u00e7ues pour les femmes.<\/p>\n","protected":false},"featured_media":40919,"template":"","meta":[],"product_brand":[368],"product_cat":[365],"product_tag":[],"class_list":{"0":"post-41638","1":"product","2":"type-product","3":"status-publish","4":"has-post-thumbnail","6":"product_brand-resmed","7":"product_cat-masque","9":"first","10":"instock","11":"shipping-taxable","12":"purchasable","13":"product-type-simple"},"yoast_head":"<!-- This site is optimized with the Yoast SEO plugin v27.3 - https:\/\/yoast.com\/product\/yoast-seo-wordpress\/ -->\n<title>Masque Airfit F20 FH taille moyenne - Dorma Sleep Clinics<\/title>\n<meta name=\"robots\" content=\"index, follow, max-snippet:-1, max-image-preview:large, max-video-preview:-1\" \/>\n<link rel=\"canonical\" href=\"https:\/\/dormalab.com\/fr\/produit\/masque-airfit-f20-fh-taille-moyenne\/\" \/>\n<meta property=\"og:locale\" content=\"fr_FR\" \/>\n<meta property=\"og:type\" content=\"article\" \/>\n<meta property=\"og:title\" content=\"Masque Airfit F20 FH taille moyenne - Dorma Sleep Clinics\" \/>\n<meta property=\"og:description\" content=\"Le masque CPAP facial complet ResMed AirFit\u2122 F20 pour femmes, de taille moyenne, offre un ajustement s\u00fbr, une th\u00e9rapie efficace et des fonctionnalit\u00e9s conviviales sp\u00e9cialement con\u00e7ues pour les femmes.\" \/>\n<meta property=\"og:url\" content=\"https:\/\/dormalab.com\/fr\/produit\/masque-airfit-f20-fh-taille-moyenne\/\" \/>\n<meta property=\"og:site_name\" content=\"Dorma Sleep Clinics\" \/>\n<meta property=\"article:modified_time\" content=\"2025-12-09T19:39:12+00:00\" \/>\n<meta property=\"og:image\" content=\"https:\/\/dormalab.com\/wp-content\/uploads\/2025\/04\/resmed-airfit-f20-for-her-full-face-cpap-mask-front.png\" \/>\n\t<meta property=\"og:image:width\" content=\"800\" \/>\n\t<meta property=\"og:image:height\" content=\"800\" \/>\n\t<meta property=\"og:image:type\" content=\"image\/png\" \/>\n<meta name=\"twitter:card\" content=\"summary_large_image\" \/>\n<meta name=\"twitter:label1\" content=\"Dur\u00e9e de lecture estim\u00e9e\" \/>\n\t<meta name=\"twitter:data1\" content=\"1 minute\" \/>\n<script type=\"application\/ld+json\" class=\"yoast-schema-graph\">{\"@context\":\"https:\\\/\\\/schema.org\",\"@graph\":[{\"@type\":\"WebPage\",\"@id\":\"https:\\\/\\\/dormalab.com\\\/fr\\\/produit\\\/masque-airfit-f20-fh-taille-moyenne\\\/\",\"url\":\"https:\\\/\\\/dormalab.com\\\/fr\\\/produit\\\/masque-airfit-f20-fh-taille-moyenne\\\/\",\"name\":\"Masque Airfit F20 FH taille moyenne - Dorma Sleep Clinics\",\"isPartOf\":{\"@id\":\"https:\\\/\\\/dormalab.com\\\/fr\\\/#website\"},\"primaryImageOfPage\":{\"@id\":\"https:\\\/\\\/dormalab.com\\\/fr\\\/produit\\\/masque-airfit-f20-fh-taille-moyenne\\\/#primaryimage\"},\"image\":{\"@id\":\"https:\\\/\\\/dormalab.com\\\/fr\\\/produit\\\/masque-airfit-f20-fh-taille-moyenne\\\/#primaryimage\"},\"thumbnailUrl\":\"https:\\\/\\\/dormalab.com\\\/wp-content\\\/uploads\\\/2025\\\/04\\\/resmed-airfit-f20-for-her-full-face-cpap-mask-front.png\",\"datePublished\":\"2025-04-28T16:47:17+00:00\",\"dateModified\":\"2025-12-09T19:39:12+00:00\",\"breadcrumb\":{\"@id\":\"https:\\\/\\\/dormalab.com\\\/fr\\\/produit\\\/masque-airfit-f20-fh-taille-moyenne\\\/#breadcrumb\"},\"inLanguage\":\"fr-FR\",\"potentialAction\":[{\"@type\":\"ReadAction\",\"target\":[\"https:\\\/\\\/dormalab.com\\\/fr\\\/produit\\\/masque-airfit-f20-fh-taille-moyenne\\\/\"]}]},{\"@type\":\"ImageObject\",\"inLanguage\":\"fr-FR\",\"@id\":\"https:\\\/\\\/dormalab.com\\\/fr\\\/produit\\\/masque-airfit-f20-fh-taille-moyenne\\\/#primaryimage\",\"url\":\"https:\\\/\\\/dormalab.com\\\/wp-content\\\/uploads\\\/2025\\\/04\\\/resmed-airfit-f20-for-her-full-face-cpap-mask-front.png\",\"contentUrl\":\"https:\\\/\\\/dormalab.com\\\/wp-content\\\/uploads\\\/2025\\\/04\\\/resmed-airfit-f20-for-her-full-face-cpap-mask-front.png\",\"width\":800,\"height\":800},{\"@type\":\"BreadcrumbList\",\"@id\":\"https:\\\/\\\/dormalab.com\\\/fr\\\/produit\\\/masque-airfit-f20-fh-taille-moyenne\\\/#breadcrumb\",\"itemListElement\":[{\"@type\":\"ListItem\",\"position\":1,\"name\":\"Home\",\"item\":\"https:\\\/\\\/dormalab.com\\\/fr\\\/\"},{\"@type\":\"ListItem\",\"position\":2,\"name\":\"Boutique\",\"item\":\"https:\\\/\\\/dormalab.com\\\/fr\\\/boutique\\\/\"},{\"@type\":\"ListItem\",\"position\":3,\"name\":\"Masque Airfit F20 FH taille moyenne\"}]},{\"@type\":\"WebSite\",\"@id\":\"https:\\\/\\\/dormalab.com\\\/fr\\\/#website\",\"url\":\"https:\\\/\\\/dormalab.com\\\/fr\\\/\",\"name\":\"Dorma Sleep Clinics\",\"description\":\"Sleep Well Live Well\",\"publisher\":{\"@id\":\"https:\\\/\\\/dormalab.com\\\/fr\\\/#organization\"},\"potentialAction\":[{\"@type\":\"SearchAction\",\"target\":{\"@type\":\"EntryPoint\",\"urlTemplate\":\"https:\\\/\\\/dormalab.com\\\/fr\\\/?s={search_term_string}\"},\"query-input\":{\"@type\":\"PropertyValueSpecification\",\"valueRequired\":true,\"valueName\":\"search_term_string\"}}],\"inLanguage\":\"fr-FR\"},{\"@type\":\"Organization\",\"@id\":\"https:\\\/\\\/dormalab.com\\\/fr\\\/#organization\",\"name\":\"Dorma Clinique Du Sommeil\",\"url\":\"https:\\\/\\\/dormalab.com\\\/fr\\\/\",\"logo\":{\"@type\":\"ImageObject\",\"inLanguage\":\"fr-FR\",\"@id\":\"https:\\\/\\\/dormalab.com\\\/fr\\\/#\\\/schema\\\/logo\\\/image\\\/\",\"url\":\"https:\\\/\\\/dormalab.com\\\/wp-content\\\/uploads\\\/2019\\\/10\\\/Dorma-Logotype-RGB-Black-scaled-e1578787470924.png\",\"contentUrl\":\"https:\\\/\\\/dormalab.com\\\/wp-content\\\/uploads\\\/2019\\\/10\\\/Dorma-Logotype-RGB-Black-scaled-e1578787470924.png\",\"width\":120,\"height\":25,\"caption\":\"Dorma Clinique Du Sommeil\"},\"image\":{\"@id\":\"https:\\\/\\\/dormalab.com\\\/fr\\\/#\\\/schema\\\/logo\\\/image\\\/\"}}]}<\/script>\n<!-- \/ Yoast SEO plugin. -->","yoast_head_json":{"title":"Masque Airfit F20 FH taille moyenne - Dorma Sleep Clinics","robots":{"index":"index","follow":"follow","max-snippet":"max-snippet:-1","max-image-preview":"max-image-preview:large","max-video-preview":"max-video-preview:-1"},"canonical":"https:\/\/dormalab.com\/fr\/produit\/masque-airfit-f20-fh-taille-moyenne\/","og_locale":"fr_FR","og_type":"article","og_title":"Masque Airfit F20 FH taille moyenne - Dorma Sleep Clinics","og_description":"Le masque CPAP facial complet ResMed AirFit\u2122 F20 pour femmes, de taille moyenne, offre un ajustement s\u00fbr, une th\u00e9rapie efficace et des fonctionnalit\u00e9s conviviales sp\u00e9cialement con\u00e7ues pour les femmes.","og_url":"https:\/\/dormalab.com\/fr\/produit\/masque-airfit-f20-fh-taille-moyenne\/","og_site_name":"Dorma Sleep Clinics","article_modified_time":"2025-12-09T19:39:12+00:00","og_image":[{"width":800,"height":800,"url":"https:\/\/dormalab.com\/wp-content\/uploads\/2025\/04\/resmed-airfit-f20-for-her-full-face-cpap-mask-front.png","type":"image\/png"}],"twitter_card":"summary_large_image","twitter_misc":{"Dur\u00e9e de lecture estim\u00e9e":"1 minute"},"schema":{"@context":"https:\/\/schema.org","@graph":[{"@type":"WebPage","@id":"https:\/\/dormalab.com\/fr\/produit\/masque-airfit-f20-fh-taille-moyenne\/","url":"https:\/\/dormalab.com\/fr\/produit\/masque-airfit-f20-fh-taille-moyenne\/","name":"Masque Airfit F20 FH taille moyenne - Dorma Sleep Clinics","isPartOf":{"@id":"https:\/\/dormalab.com\/fr\/#website"},"primaryImageOfPage":{"@id":"https:\/\/dormalab.com\/fr\/produit\/masque-airfit-f20-fh-taille-moyenne\/#primaryimage"},"image":{"@id":"https:\/\/dormalab.com\/fr\/produit\/masque-airfit-f20-fh-taille-moyenne\/#primaryimage"},"thumbnailUrl":"https:\/\/dormalab.com\/wp-content\/uploads\/2025\/04\/resmed-airfit-f20-for-her-full-face-cpap-mask-front.png","datePublished":"2025-04-28T16:47:17+00:00","dateModified":"2025-12-09T19:39:12+00:00","breadcrumb":{"@id":"https:\/\/dormalab.com\/fr\/produit\/masque-airfit-f20-fh-taille-moyenne\/#breadcrumb"},"inLanguage":"fr-FR","potentialAction":[{"@type":"ReadAction","target":["https:\/\/dormalab.com\/fr\/produit\/masque-airfit-f20-fh-taille-moyenne\/"]}]},{"@type":"ImageObject","inLanguage":"fr-FR","@id":"https:\/\/dormalab.com\/fr\/produit\/masque-airfit-f20-fh-taille-moyenne\/#primaryimage","url":"https:\/\/dormalab.com\/wp-content\/uploads\/2025\/04\/resmed-airfit-f20-for-her-full-face-cpap-mask-front.png","contentUrl":"https:\/\/dormalab.com\/wp-content\/uploads\/2025\/04\/resmed-airfit-f20-for-her-full-face-cpap-mask-front.png","width":800,"height":800},{"@type":"BreadcrumbList","@id":"https:\/\/dormalab.com\/fr\/produit\/masque-airfit-f20-fh-taille-moyenne\/#breadcrumb","itemListElement":[{"@type":"ListItem","position":1,"name":"Home","item":"https:\/\/dormalab.com\/fr\/"},{"@type":"ListItem","position":2,"name":"Boutique","item":"https:\/\/dormalab.com\/fr\/boutique\/"},{"@type":"ListItem","position":3,"name":"Masque Airfit F20 FH taille moyenne"}]},{"@type":"WebSite","@id":"https:\/\/dormalab.com\/fr\/#website","url":"https:\/\/dormalab.com\/fr\/","name":"Dorma Sleep Clinics","description":"Sleep Well Live Well","publisher":{"@id":"https:\/\/dormalab.com\/fr\/#organization"},"potentialAction":[{"@type":"SearchAction","target":{"@type":"EntryPoint","urlTemplate":"https:\/\/dormalab.com\/fr\/?s={search_term_string}"},"query-input":{"@type":"PropertyValueSpecification","valueRequired":true,"valueName":"search_term_string"}}],"inLanguage":"fr-FR"},{"@type":"Organization","@id":"https:\/\/dormalab.com\/fr\/#organization","name":"Dorma Clinique Du Sommeil","url":"https:\/\/dormalab.com\/fr\/","logo":{"@type":"ImageObject","inLanguage":"fr-FR","@id":"https:\/\/dormalab.com\/fr\/#\/schema\/logo\/image\/","url":"https:\/\/dormalab.com\/wp-content\/uploads\/2019\/10\/Dorma-Logotype-RGB-Black-scaled-e1578787470924.png","contentUrl":"https:\/\/dormalab.com\/wp-content\/uploads\/2019\/10\/Dorma-Logotype-RGB-Black-scaled-e1578787470924.png","width":120,"height":25,"caption":"Dorma Clinique Du Sommeil"},"image":{"@id":"https:\/\/dormalab.com\/fr\/#\/schema\/logo\/image\/"}}]}},"_links":{"self":[{"href":"https:\/\/dormalab.com\/fr\/wp-json\/wp\/v2\/product\/41638","targetHints":{"allow":["GET"]}}],"collection":[{"href":"https:\/\/dormalab.com\/fr\/wp-json\/wp\/v2\/product"}],"about":[{"href":"https:\/\/dormalab.com\/fr\/wp-json\/wp\/v2\/types\/product"}],"version-history":[{"count":0,"href":"https:\/\/dormalab.com\/fr\/wp-json\/wp\/v2\/product\/41638\/revisions"}],"wp:featuredmedia":[{"embeddable":true,"href":"https:\/\/dormalab.com\/fr\/wp-json\/wp\/v2\/media\/40919"}],"wp:attachment":[{"href":"https:\/\/dormalab.com\/fr\/wp-json\/wp\/v2\/media?parent=41638"}],"wp:term":[{"taxonomy":"product_brand","embeddable":true,"href":"https:\/\/dormalab.com\/fr\/wp-json\/wp\/v2\/product_brand?post=41638"},{"taxonomy":"product_cat","embeddable":true,"href":"https:\/\/dormalab.com\/fr\/wp-json\/wp\/v2\/product_cat?post=41638"},{"taxonomy":"product_tag","embeddable":true,"href":"https:\/\/dormalab.com\/fr\/wp-json\/wp\/v2\/product_tag?post=41638"}],"curies":[{"name":"wp","href":"https:\/\/api.w.org\/{rel}","templated":true}]}}