{"id":41747,"date":"2025-12-10T20:38:18","date_gmt":"2025-12-11T01:38:18","guid":{"rendered":"https:\/\/dormalab.com\/product\/tube-chauffant-airsense-10\/"},"modified":"2025-12-17T16:29:33","modified_gmt":"2025-12-17T21:29:33","slug":"tube-chauffant-airsense-10","status":"publish","type":"product","link":"https:\/\/dormalab.com\/fr\/produit\/tube-chauffant-airsense-10\/","title":{"rendered":"Tube chauffant Airsense 10"},"content":{"rendered":"<p>Am\u00e9liorez votre confort lors de votre traitement par PPC gr\u00e2ce au <strong data-start=\"166\" data-end=\"195\">tuyau chauffant AirSense 10.<\/strong> Con\u00e7u sp\u00e9cifiquement pour les appareils ResMed AirSense 10 et AirCurve 10, ce tuyau chauffant maintient une temp\u00e9rature chaude et constante toute la nuit afin de r\u00e9duire la condensation et la s\u00e9cheresse. L\u00e9ger et flexible, il fonctionne parfaitement avec votre humidificateur pour diffuser un air chaud et humide, contribuant ainsi \u00e0 pr\u00e9venir les irritations et \u00e0 am\u00e9liorer la qualit\u00e9 du sommeil. Facile \u00e0 installer et \u00e0 nettoyer, c&rsquo;est l&rsquo;accessoire id\u00e9al pour une exp\u00e9rience de traitement plus confortable et efficace.   <\/p>\n","protected":false},"excerpt":{"rendered":"<p>Tuyau CPAP chauffant pour ResMed AirSense 10 qui d\u00e9livre de l&rsquo;air chaud et humidifi\u00e9 pour r\u00e9duire la s\u00e9cheresse et la condensation et ainsi am\u00e9liorer le confort.<\/p>\n","protected":false},"featured_media":42045,"template":"","meta":[],"product_brand":[368],"product_cat":[371],"product_tag":[],"class_list":{"0":"post-41747","1":"product","2":"type-product","3":"status-publish","4":"has-post-thumbnail","6":"product_brand-resmed","7":"product_cat-tubulure-cpap","9":"first","10":"instock","11":"shipping-taxable","12":"purchasable","13":"product-type-simple"},"yoast_head":"<!-- This site is optimized with the Yoast SEO plugin v27.3 - https:\/\/yoast.com\/product\/yoast-seo-wordpress\/ -->\n<title>Tube chauffant Airsense 10 - Dorma Sleep Clinics<\/title>\n<meta name=\"robots\" content=\"index, follow, max-snippet:-1, max-image-preview:large, max-video-preview:-1\" \/>\n<link rel=\"canonical\" href=\"https:\/\/dormalab.com\/fr\/produit\/tube-chauffant-airsense-10\/\" \/>\n<meta property=\"og:locale\" content=\"fr_FR\" \/>\n<meta property=\"og:type\" content=\"article\" \/>\n<meta property=\"og:title\" content=\"Tube chauffant Airsense 10 - Dorma Sleep Clinics\" \/>\n<meta property=\"og:description\" content=\"Tuyau CPAP chauffant pour ResMed AirSense 10 qui d\u00e9livre de l&#039;air chaud et humidifi\u00e9 pour r\u00e9duire la s\u00e9cheresse et la condensation et ainsi am\u00e9liorer le confort.\" \/>\n<meta property=\"og:url\" content=\"https:\/\/dormalab.com\/fr\/produit\/tube-chauffant-airsense-10\/\" \/>\n<meta property=\"og:site_name\" content=\"Dorma Sleep Clinics\" \/>\n<meta property=\"article:modified_time\" content=\"2025-12-17T21:29:33+00:00\" \/>\n<meta property=\"og:image\" content=\"https:\/\/dormalab.com\/wp-content\/uploads\/2025\/12\/Captura-de-pantalla-2025-12-17-a-las-4.28.20-p.m.png\" \/>\n\t<meta property=\"og:image:width\" content=\"1118\" \/>\n\t<meta property=\"og:image:height\" content=\"658\" \/>\n\t<meta property=\"og:image:type\" content=\"image\/png\" \/>\n<meta name=\"twitter:card\" content=\"summary_large_image\" \/>\n<script type=\"application\/ld+json\" class=\"yoast-schema-graph\">{\"@context\":\"https:\\\/\\\/schema.org\",\"@graph\":[{\"@type\":\"WebPage\",\"@id\":\"https:\\\/\\\/dormalab.com\\\/fr\\\/produit\\\/tube-chauffant-airsense-10\\\/\",\"url\":\"https:\\\/\\\/dormalab.com\\\/fr\\\/produit\\\/tube-chauffant-airsense-10\\\/\",\"name\":\"Tube chauffant Airsense 10 - Dorma Sleep Clinics\",\"isPartOf\":{\"@id\":\"https:\\\/\\\/dormalab.com\\\/fr\\\/#website\"},\"primaryImageOfPage\":{\"@id\":\"https:\\\/\\\/dormalab.com\\\/fr\\\/produit\\\/tube-chauffant-airsense-10\\\/#primaryimage\"},\"image\":{\"@id\":\"https:\\\/\\\/dormalab.com\\\/fr\\\/produit\\\/tube-chauffant-airsense-10\\\/#primaryimage\"},\"thumbnailUrl\":\"https:\\\/\\\/dormalab.com\\\/wp-content\\\/uploads\\\/2025\\\/12\\\/Captura-de-pantalla-2025-12-17-a-las-4.28.20-p.m.png\",\"datePublished\":\"2025-12-11T01:38:18+00:00\",\"dateModified\":\"2025-12-17T21:29:33+00:00\",\"breadcrumb\":{\"@id\":\"https:\\\/\\\/dormalab.com\\\/fr\\\/produit\\\/tube-chauffant-airsense-10\\\/#breadcrumb\"},\"inLanguage\":\"fr-FR\",\"potentialAction\":[{\"@type\":\"ReadAction\",\"target\":[\"https:\\\/\\\/dormalab.com\\\/fr\\\/produit\\\/tube-chauffant-airsense-10\\\/\"]}]},{\"@type\":\"ImageObject\",\"inLanguage\":\"fr-FR\",\"@id\":\"https:\\\/\\\/dormalab.com\\\/fr\\\/produit\\\/tube-chauffant-airsense-10\\\/#primaryimage\",\"url\":\"https:\\\/\\\/dormalab.com\\\/wp-content\\\/uploads\\\/2025\\\/12\\\/Captura-de-pantalla-2025-12-17-a-las-4.28.20-p.m.png\",\"contentUrl\":\"https:\\\/\\\/dormalab.com\\\/wp-content\\\/uploads\\\/2025\\\/12\\\/Captura-de-pantalla-2025-12-17-a-las-4.28.20-p.m.png\",\"width\":1118,\"height\":658},{\"@type\":\"BreadcrumbList\",\"@id\":\"https:\\\/\\\/dormalab.com\\\/fr\\\/produit\\\/tube-chauffant-airsense-10\\\/#breadcrumb\",\"itemListElement\":[{\"@type\":\"ListItem\",\"position\":1,\"name\":\"Home\",\"item\":\"https:\\\/\\\/dormalab.com\\\/fr\\\/\"},{\"@type\":\"ListItem\",\"position\":2,\"name\":\"Boutique\",\"item\":\"https:\\\/\\\/dormalab.com\\\/fr\\\/boutique\\\/\"},{\"@type\":\"ListItem\",\"position\":3,\"name\":\"Tube chauffant Airsense 10\"}]},{\"@type\":\"WebSite\",\"@id\":\"https:\\\/\\\/dormalab.com\\\/fr\\\/#website\",\"url\":\"https:\\\/\\\/dormalab.com\\\/fr\\\/\",\"name\":\"Dorma Sleep Clinics\",\"description\":\"Sleep Well Live Well\",\"publisher\":{\"@id\":\"https:\\\/\\\/dormalab.com\\\/fr\\\/#organization\"},\"potentialAction\":[{\"@type\":\"SearchAction\",\"target\":{\"@type\":\"EntryPoint\",\"urlTemplate\":\"https:\\\/\\\/dormalab.com\\\/fr\\\/?s={search_term_string}\"},\"query-input\":{\"@type\":\"PropertyValueSpecification\",\"valueRequired\":true,\"valueName\":\"search_term_string\"}}],\"inLanguage\":\"fr-FR\"},{\"@type\":\"Organization\",\"@id\":\"https:\\\/\\\/dormalab.com\\\/fr\\\/#organization\",\"name\":\"Dorma Clinique Du Sommeil\",\"url\":\"https:\\\/\\\/dormalab.com\\\/fr\\\/\",\"logo\":{\"@type\":\"ImageObject\",\"inLanguage\":\"fr-FR\",\"@id\":\"https:\\\/\\\/dormalab.com\\\/fr\\\/#\\\/schema\\\/logo\\\/image\\\/\",\"url\":\"https:\\\/\\\/dormalab.com\\\/wp-content\\\/uploads\\\/2019\\\/10\\\/Dorma-Logotype-RGB-Black-scaled-e1578787470924.png\",\"contentUrl\":\"https:\\\/\\\/dormalab.com\\\/wp-content\\\/uploads\\\/2019\\\/10\\\/Dorma-Logotype-RGB-Black-scaled-e1578787470924.png\",\"width\":120,\"height\":25,\"caption\":\"Dorma Clinique Du Sommeil\"},\"image\":{\"@id\":\"https:\\\/\\\/dormalab.com\\\/fr\\\/#\\\/schema\\\/logo\\\/image\\\/\"}}]}<\/script>\n<!-- \/ Yoast SEO plugin. -->","yoast_head_json":{"title":"Tube chauffant Airsense 10 - Dorma Sleep Clinics","robots":{"index":"index","follow":"follow","max-snippet":"max-snippet:-1","max-image-preview":"max-image-preview:large","max-video-preview":"max-video-preview:-1"},"canonical":"https:\/\/dormalab.com\/fr\/produit\/tube-chauffant-airsense-10\/","og_locale":"fr_FR","og_type":"article","og_title":"Tube chauffant Airsense 10 - Dorma Sleep Clinics","og_description":"Tuyau CPAP chauffant pour ResMed AirSense 10 qui d\u00e9livre de l'air chaud et humidifi\u00e9 pour r\u00e9duire la s\u00e9cheresse et la condensation et ainsi am\u00e9liorer le confort.","og_url":"https:\/\/dormalab.com\/fr\/produit\/tube-chauffant-airsense-10\/","og_site_name":"Dorma Sleep Clinics","article_modified_time":"2025-12-17T21:29:33+00:00","og_image":[{"width":1118,"height":658,"url":"https:\/\/dormalab.com\/wp-content\/uploads\/2025\/12\/Captura-de-pantalla-2025-12-17-a-las-4.28.20-p.m.png","type":"image\/png"}],"twitter_card":"summary_large_image","schema":{"@context":"https:\/\/schema.org","@graph":[{"@type":"WebPage","@id":"https:\/\/dormalab.com\/fr\/produit\/tube-chauffant-airsense-10\/","url":"https:\/\/dormalab.com\/fr\/produit\/tube-chauffant-airsense-10\/","name":"Tube chauffant Airsense 10 - Dorma Sleep Clinics","isPartOf":{"@id":"https:\/\/dormalab.com\/fr\/#website"},"primaryImageOfPage":{"@id":"https:\/\/dormalab.com\/fr\/produit\/tube-chauffant-airsense-10\/#primaryimage"},"image":{"@id":"https:\/\/dormalab.com\/fr\/produit\/tube-chauffant-airsense-10\/#primaryimage"},"thumbnailUrl":"https:\/\/dormalab.com\/wp-content\/uploads\/2025\/12\/Captura-de-pantalla-2025-12-17-a-las-4.28.20-p.m.png","datePublished":"2025-12-11T01:38:18+00:00","dateModified":"2025-12-17T21:29:33+00:00","breadcrumb":{"@id":"https:\/\/dormalab.com\/fr\/produit\/tube-chauffant-airsense-10\/#breadcrumb"},"inLanguage":"fr-FR","potentialAction":[{"@type":"ReadAction","target":["https:\/\/dormalab.com\/fr\/produit\/tube-chauffant-airsense-10\/"]}]},{"@type":"ImageObject","inLanguage":"fr-FR","@id":"https:\/\/dormalab.com\/fr\/produit\/tube-chauffant-airsense-10\/#primaryimage","url":"https:\/\/dormalab.com\/wp-content\/uploads\/2025\/12\/Captura-de-pantalla-2025-12-17-a-las-4.28.20-p.m.png","contentUrl":"https:\/\/dormalab.com\/wp-content\/uploads\/2025\/12\/Captura-de-pantalla-2025-12-17-a-las-4.28.20-p.m.png","width":1118,"height":658},{"@type":"BreadcrumbList","@id":"https:\/\/dormalab.com\/fr\/produit\/tube-chauffant-airsense-10\/#breadcrumb","itemListElement":[{"@type":"ListItem","position":1,"name":"Home","item":"https:\/\/dormalab.com\/fr\/"},{"@type":"ListItem","position":2,"name":"Boutique","item":"https:\/\/dormalab.com\/fr\/boutique\/"},{"@type":"ListItem","position":3,"name":"Tube chauffant Airsense 10"}]},{"@type":"WebSite","@id":"https:\/\/dormalab.com\/fr\/#website","url":"https:\/\/dormalab.com\/fr\/","name":"Dorma Sleep Clinics","description":"Sleep Well Live Well","publisher":{"@id":"https:\/\/dormalab.com\/fr\/#organization"},"potentialAction":[{"@type":"SearchAction","target":{"@type":"EntryPoint","urlTemplate":"https:\/\/dormalab.com\/fr\/?s={search_term_string}"},"query-input":{"@type":"PropertyValueSpecification","valueRequired":true,"valueName":"search_term_string"}}],"inLanguage":"fr-FR"},{"@type":"Organization","@id":"https:\/\/dormalab.com\/fr\/#organization","name":"Dorma Clinique Du Sommeil","url":"https:\/\/dormalab.com\/fr\/","logo":{"@type":"ImageObject","inLanguage":"fr-FR","@id":"https:\/\/dormalab.com\/fr\/#\/schema\/logo\/image\/","url":"https:\/\/dormalab.com\/wp-content\/uploads\/2019\/10\/Dorma-Logotype-RGB-Black-scaled-e1578787470924.png","contentUrl":"https:\/\/dormalab.com\/wp-content\/uploads\/2019\/10\/Dorma-Logotype-RGB-Black-scaled-e1578787470924.png","width":120,"height":25,"caption":"Dorma Clinique Du Sommeil"},"image":{"@id":"https:\/\/dormalab.com\/fr\/#\/schema\/logo\/image\/"}}]}},"_links":{"self":[{"href":"https:\/\/dormalab.com\/fr\/wp-json\/wp\/v2\/product\/41747","targetHints":{"allow":["GET"]}}],"collection":[{"href":"https:\/\/dormalab.com\/fr\/wp-json\/wp\/v2\/product"}],"about":[{"href":"https:\/\/dormalab.com\/fr\/wp-json\/wp\/v2\/types\/product"}],"version-history":[{"count":1,"href":"https:\/\/dormalab.com\/fr\/wp-json\/wp\/v2\/product\/41747\/revisions"}],"predecessor-version":[{"id":42049,"href":"https:\/\/dormalab.com\/fr\/wp-json\/wp\/v2\/product\/41747\/revisions\/42049"}],"wp:featuredmedia":[{"embeddable":true,"href":"https:\/\/dormalab.com\/fr\/wp-json\/wp\/v2\/media\/42045"}],"wp:attachment":[{"href":"https:\/\/dormalab.com\/fr\/wp-json\/wp\/v2\/media?parent=41747"}],"wp:term":[{"taxonomy":"product_brand","embeddable":true,"href":"https:\/\/dormalab.com\/fr\/wp-json\/wp\/v2\/product_brand?post=41747"},{"taxonomy":"product_cat","embeddable":true,"href":"https:\/\/dormalab.com\/fr\/wp-json\/wp\/v2\/product_cat?post=41747"},{"taxonomy":"product_tag","embeddable":true,"href":"https:\/\/dormalab.com\/fr\/wp-json\/wp\/v2\/product_tag?post=41747"}],"curies":[{"name":"wp","href":"https:\/\/api.w.org\/{rel}","templated":true}]}}