{"id":42017,"date":"2025-12-16T09:34:46","date_gmt":"2025-12-16T14:34:46","guid":{"rendered":"https:\/\/dormalab.com\/product\/chambre-dhumidite-standard-as-11-resmed\/"},"modified":"2025-12-16T09:39:04","modified_gmt":"2025-12-16T14:39:04","slug":"chambre-dhumidite-standard-as-11-resmed","status":"publish","type":"product","link":"https:\/\/dormalab.com\/fr\/produit\/chambre-dhumidite-standard-as-11-resmed\/","title":{"rendered":"Chambre d&rsquo;humidit\u00e9 standard AS 11 Resmed"},"content":{"rendered":"<p class=\"p1\">R\u00e9servoir d&rsquo;eau de rechange pour l&rsquo;appareil ResMed AirSense 11. Assure une humidification constante pour r\u00e9duire la s\u00e9cheresse et am\u00e9liorer le confort pendant le traitement par PPC. Facile \u00e0 retirer, \u00e0 remplir et \u00e0 nettoyer. Compatible uniquement avec les appareils AirSense 11.   <\/p>\n","protected":false},"excerpt":{"rendered":"<p class=\"p1\">La chambre d&rsquo;humidification standard du ResMed AirSense 11 est con\u00e7ue pour assurer une humidification constante et confortable tout au long de votre traitement par PPC. En humidifiant l&rsquo;air ambiant, elle contribue \u00e0 r\u00e9duire la s\u00e9cheresse, les irritations et la congestion, rendant ainsi le traitement nocturne plus confortable et mieux tol\u00e9r\u00e9. <\/p>\n<p class=\"p1\">Con\u00e7ue selon les normes de qualit\u00e9 de ResMed, cette chambre \u00e0 eau s&rsquo;int\u00e8gre parfaitement \u00e0 l&rsquo;appareil AirSense 11 et se retire, se remplit et se nettoie facilement. Elle est id\u00e9ale comme chambre de rechange ou comme pi\u00e8ce de rechange \u00e0 avoir sous la main. <\/p>\n<p class=\"p3\"><b>Caract\u00e9ristiques principales<\/b><b><\/b><\/p>\n<ul>\n<li>\n<p class=\"p1\">Compatible avec les appareils CPAP ResMed AirSense 11<\/p>\n<\/li>\n<li>\n<p class=\"p1\">Assure une humidification fiable pour am\u00e9liorer le confort pendant le traitement<\/p>\n<\/li>\n<li>\n<p class=\"p1\">Contribue \u00e0 r\u00e9duire la s\u00e9cheresse buccale, la s\u00e9cheresse nasale et l&rsquo;irritation de la gorge<\/p>\n<\/li>\n<li>\n<p class=\"p1\">Facile \u00e0 retirer, \u00e0 remplir et \u00e0 nettoyer<\/p>\n<\/li>\n<li>\n<p class=\"p1\">Conception durable pour une utilisation quotidienne<\/p>\n<\/li>\n<\/ul>\n<p class=\"p1\">Une chambre d&rsquo;humidification fonctionnant correctement est un \u00e9l\u00e9ment important d&rsquo;une th\u00e9rapie CPAP efficace, contribuant \u00e0 assurer le confort et une utilisation constante nuit apr\u00e8s nuit.<\/p>\n","protected":false},"featured_media":42015,"template":"","meta":[],"product_brand":[368],"product_cat":[374],"product_tag":[],"class_list":{"0":"post-42017","1":"product","2":"type-product","3":"status-publish","4":"has-post-thumbnail","6":"product_brand-resmed","7":"product_cat-chambres-dhumidite","9":"first","10":"instock","11":"shipping-taxable","12":"purchasable","13":"product-type-simple"},"yoast_head":"<!-- This site is optimized with the Yoast SEO plugin v27.3 - https:\/\/yoast.com\/product\/yoast-seo-wordpress\/ -->\n<title>Chambre d&#039;humidit\u00e9 standard AS 11 Resmed - Dorma Sleep Clinics<\/title>\n<meta name=\"robots\" content=\"index, follow, max-snippet:-1, max-image-preview:large, max-video-preview:-1\" \/>\n<link rel=\"canonical\" href=\"https:\/\/dormalab.com\/fr\/produit\/chambre-dhumidite-standard-as-11-resmed\/\" \/>\n<meta property=\"og:locale\" content=\"fr_FR\" \/>\n<meta property=\"og:type\" content=\"article\" \/>\n<meta property=\"og:title\" content=\"Chambre d&#039;humidit\u00e9 standard AS 11 Resmed - Dorma Sleep Clinics\" \/>\n<meta property=\"og:description\" content=\"La chambre d&#039;humidification standard du ResMed AirSense 11 est con\u00e7ue pour assurer une humidification constante et confortable tout au long de votre traitement par PPC. En humidifiant l&#039;air ambiant, elle contribue \u00e0 r\u00e9duire la s\u00e9cheresse, les irritations et la congestion, rendant ainsi le traitement nocturne plus confortable et mieux tol\u00e9r\u00e9. Con\u00e7ue selon les normes de qualit\u00e9 de ResMed, cette chambre \u00e0 eau s&#039;int\u00e8gre parfaitement \u00e0 l&#039;appareil AirSense 11 et se retire, se remplit et se nettoie facilement. Elle est id\u00e9ale comme chambre de rechange ou comme pi\u00e8ce de rechange \u00e0 avoir sous la main. Caract\u00e9ristiques principales   Compatible avec les appareils CPAP ResMed AirSense 11   Assure une humidification fiable pour am\u00e9liorer le confort pendant le traitement   Contribue \u00e0 r\u00e9duire la s\u00e9cheresse buccale, la s\u00e9cheresse nasale et l&#039;irritation de la gorge   Facile \u00e0 retirer, \u00e0 remplir et \u00e0 nettoyer   Conception durable pour une utilisation quotidienne  Une chambre d&#039;humidification fonctionnant correctement est un \u00e9l\u00e9ment important d&#039;une th\u00e9rapie CPAP efficace, contribuant \u00e0 assurer le confort et une utilisation constante nuit apr\u00e8s nuit.\" \/>\n<meta property=\"og:url\" content=\"https:\/\/dormalab.com\/fr\/produit\/chambre-dhumidite-standard-as-11-resmed\/\" \/>\n<meta property=\"og:site_name\" content=\"Dorma Sleep Clinics\" \/>\n<meta property=\"article:modified_time\" content=\"2025-12-16T14:39:04+00:00\" \/>\n<meta property=\"og:image\" content=\"https:\/\/dormalab.com\/wp-content\/uploads\/2025\/12\/CleanShot-2025-12-16-at-09.37.53@2x.png\" \/>\n\t<meta property=\"og:image:width\" content=\"1442\" \/>\n\t<meta property=\"og:image:height\" content=\"1144\" \/>\n\t<meta property=\"og:image:type\" content=\"image\/png\" \/>\n<meta name=\"twitter:card\" content=\"summary_large_image\" \/>\n<script type=\"application\/ld+json\" class=\"yoast-schema-graph\">{\"@context\":\"https:\\\/\\\/schema.org\",\"@graph\":[{\"@type\":\"WebPage\",\"@id\":\"https:\\\/\\\/dormalab.com\\\/fr\\\/produit\\\/chambre-dhumidite-standard-as-11-resmed\\\/\",\"url\":\"https:\\\/\\\/dormalab.com\\\/fr\\\/produit\\\/chambre-dhumidite-standard-as-11-resmed\\\/\",\"name\":\"Chambre d'humidit\u00e9 standard AS 11 Resmed - Dorma Sleep Clinics\",\"isPartOf\":{\"@id\":\"https:\\\/\\\/dormalab.com\\\/fr\\\/#website\"},\"primaryImageOfPage\":{\"@id\":\"https:\\\/\\\/dormalab.com\\\/fr\\\/produit\\\/chambre-dhumidite-standard-as-11-resmed\\\/#primaryimage\"},\"image\":{\"@id\":\"https:\\\/\\\/dormalab.com\\\/fr\\\/produit\\\/chambre-dhumidite-standard-as-11-resmed\\\/#primaryimage\"},\"thumbnailUrl\":\"https:\\\/\\\/dormalab.com\\\/wp-content\\\/uploads\\\/2025\\\/12\\\/CleanShot-2025-12-16-at-09.37.53@2x.png\",\"datePublished\":\"2025-12-16T14:34:46+00:00\",\"dateModified\":\"2025-12-16T14:39:04+00:00\",\"breadcrumb\":{\"@id\":\"https:\\\/\\\/dormalab.com\\\/fr\\\/produit\\\/chambre-dhumidite-standard-as-11-resmed\\\/#breadcrumb\"},\"inLanguage\":\"fr-FR\",\"potentialAction\":[{\"@type\":\"ReadAction\",\"target\":[\"https:\\\/\\\/dormalab.com\\\/fr\\\/produit\\\/chambre-dhumidite-standard-as-11-resmed\\\/\"]}]},{\"@type\":\"ImageObject\",\"inLanguage\":\"fr-FR\",\"@id\":\"https:\\\/\\\/dormalab.com\\\/fr\\\/produit\\\/chambre-dhumidite-standard-as-11-resmed\\\/#primaryimage\",\"url\":\"https:\\\/\\\/dormalab.com\\\/wp-content\\\/uploads\\\/2025\\\/12\\\/CleanShot-2025-12-16-at-09.37.53@2x.png\",\"contentUrl\":\"https:\\\/\\\/dormalab.com\\\/wp-content\\\/uploads\\\/2025\\\/12\\\/CleanShot-2025-12-16-at-09.37.53@2x.png\",\"width\":1442,\"height\":1144},{\"@type\":\"BreadcrumbList\",\"@id\":\"https:\\\/\\\/dormalab.com\\\/fr\\\/produit\\\/chambre-dhumidite-standard-as-11-resmed\\\/#breadcrumb\",\"itemListElement\":[{\"@type\":\"ListItem\",\"position\":1,\"name\":\"Home\",\"item\":\"https:\\\/\\\/dormalab.com\\\/fr\\\/\"},{\"@type\":\"ListItem\",\"position\":2,\"name\":\"Boutique\",\"item\":\"https:\\\/\\\/dormalab.com\\\/fr\\\/boutique\\\/\"},{\"@type\":\"ListItem\",\"position\":3,\"name\":\"Chambre d&rsquo;humidit\u00e9 standard AS 11 Resmed\"}]},{\"@type\":\"WebSite\",\"@id\":\"https:\\\/\\\/dormalab.com\\\/fr\\\/#website\",\"url\":\"https:\\\/\\\/dormalab.com\\\/fr\\\/\",\"name\":\"Dorma Sleep Clinics\",\"description\":\"Sleep Well Live Well\",\"publisher\":{\"@id\":\"https:\\\/\\\/dormalab.com\\\/fr\\\/#organization\"},\"potentialAction\":[{\"@type\":\"SearchAction\",\"target\":{\"@type\":\"EntryPoint\",\"urlTemplate\":\"https:\\\/\\\/dormalab.com\\\/fr\\\/?s={search_term_string}\"},\"query-input\":{\"@type\":\"PropertyValueSpecification\",\"valueRequired\":true,\"valueName\":\"search_term_string\"}}],\"inLanguage\":\"fr-FR\"},{\"@type\":\"Organization\",\"@id\":\"https:\\\/\\\/dormalab.com\\\/fr\\\/#organization\",\"name\":\"Dorma Clinique Du Sommeil\",\"url\":\"https:\\\/\\\/dormalab.com\\\/fr\\\/\",\"logo\":{\"@type\":\"ImageObject\",\"inLanguage\":\"fr-FR\",\"@id\":\"https:\\\/\\\/dormalab.com\\\/fr\\\/#\\\/schema\\\/logo\\\/image\\\/\",\"url\":\"https:\\\/\\\/dormalab.com\\\/wp-content\\\/uploads\\\/2019\\\/10\\\/Dorma-Logotype-RGB-Black-scaled-e1578787470924.png\",\"contentUrl\":\"https:\\\/\\\/dormalab.com\\\/wp-content\\\/uploads\\\/2019\\\/10\\\/Dorma-Logotype-RGB-Black-scaled-e1578787470924.png\",\"width\":120,\"height\":25,\"caption\":\"Dorma Clinique Du Sommeil\"},\"image\":{\"@id\":\"https:\\\/\\\/dormalab.com\\\/fr\\\/#\\\/schema\\\/logo\\\/image\\\/\"}}]}<\/script>\n<!-- \/ Yoast SEO plugin. -->","yoast_head_json":{"title":"Chambre d'humidit\u00e9 standard AS 11 Resmed - Dorma Sleep Clinics","robots":{"index":"index","follow":"follow","max-snippet":"max-snippet:-1","max-image-preview":"max-image-preview:large","max-video-preview":"max-video-preview:-1"},"canonical":"https:\/\/dormalab.com\/fr\/produit\/chambre-dhumidite-standard-as-11-resmed\/","og_locale":"fr_FR","og_type":"article","og_title":"Chambre d'humidit\u00e9 standard AS 11 Resmed - Dorma Sleep Clinics","og_description":"La chambre d'humidification standard du ResMed AirSense 11 est con\u00e7ue pour assurer une humidification constante et confortable tout au long de votre traitement par PPC. En humidifiant l'air ambiant, elle contribue \u00e0 r\u00e9duire la s\u00e9cheresse, les irritations et la congestion, rendant ainsi le traitement nocturne plus confortable et mieux tol\u00e9r\u00e9. Con\u00e7ue selon les normes de qualit\u00e9 de ResMed, cette chambre \u00e0 eau s'int\u00e8gre parfaitement \u00e0 l'appareil AirSense 11 et se retire, se remplit et se nettoie facilement. Elle est id\u00e9ale comme chambre de rechange ou comme pi\u00e8ce de rechange \u00e0 avoir sous la main. Caract\u00e9ristiques principales   Compatible avec les appareils CPAP ResMed AirSense 11   Assure une humidification fiable pour am\u00e9liorer le confort pendant le traitement   Contribue \u00e0 r\u00e9duire la s\u00e9cheresse buccale, la s\u00e9cheresse nasale et l'irritation de la gorge   Facile \u00e0 retirer, \u00e0 remplir et \u00e0 nettoyer   Conception durable pour une utilisation quotidienne  Une chambre d'humidification fonctionnant correctement est un \u00e9l\u00e9ment important d'une th\u00e9rapie CPAP efficace, contribuant \u00e0 assurer le confort et une utilisation constante nuit apr\u00e8s nuit.","og_url":"https:\/\/dormalab.com\/fr\/produit\/chambre-dhumidite-standard-as-11-resmed\/","og_site_name":"Dorma Sleep Clinics","article_modified_time":"2025-12-16T14:39:04+00:00","og_image":[{"width":1442,"height":1144,"url":"https:\/\/dormalab.com\/wp-content\/uploads\/2025\/12\/CleanShot-2025-12-16-at-09.37.53@2x.png","type":"image\/png"}],"twitter_card":"summary_large_image","schema":{"@context":"https:\/\/schema.org","@graph":[{"@type":"WebPage","@id":"https:\/\/dormalab.com\/fr\/produit\/chambre-dhumidite-standard-as-11-resmed\/","url":"https:\/\/dormalab.com\/fr\/produit\/chambre-dhumidite-standard-as-11-resmed\/","name":"Chambre d'humidit\u00e9 standard AS 11 Resmed - Dorma Sleep Clinics","isPartOf":{"@id":"https:\/\/dormalab.com\/fr\/#website"},"primaryImageOfPage":{"@id":"https:\/\/dormalab.com\/fr\/produit\/chambre-dhumidite-standard-as-11-resmed\/#primaryimage"},"image":{"@id":"https:\/\/dormalab.com\/fr\/produit\/chambre-dhumidite-standard-as-11-resmed\/#primaryimage"},"thumbnailUrl":"https:\/\/dormalab.com\/wp-content\/uploads\/2025\/12\/CleanShot-2025-12-16-at-09.37.53@2x.png","datePublished":"2025-12-16T14:34:46+00:00","dateModified":"2025-12-16T14:39:04+00:00","breadcrumb":{"@id":"https:\/\/dormalab.com\/fr\/produit\/chambre-dhumidite-standard-as-11-resmed\/#breadcrumb"},"inLanguage":"fr-FR","potentialAction":[{"@type":"ReadAction","target":["https:\/\/dormalab.com\/fr\/produit\/chambre-dhumidite-standard-as-11-resmed\/"]}]},{"@type":"ImageObject","inLanguage":"fr-FR","@id":"https:\/\/dormalab.com\/fr\/produit\/chambre-dhumidite-standard-as-11-resmed\/#primaryimage","url":"https:\/\/dormalab.com\/wp-content\/uploads\/2025\/12\/CleanShot-2025-12-16-at-09.37.53@2x.png","contentUrl":"https:\/\/dormalab.com\/wp-content\/uploads\/2025\/12\/CleanShot-2025-12-16-at-09.37.53@2x.png","width":1442,"height":1144},{"@type":"BreadcrumbList","@id":"https:\/\/dormalab.com\/fr\/produit\/chambre-dhumidite-standard-as-11-resmed\/#breadcrumb","itemListElement":[{"@type":"ListItem","position":1,"name":"Home","item":"https:\/\/dormalab.com\/fr\/"},{"@type":"ListItem","position":2,"name":"Boutique","item":"https:\/\/dormalab.com\/fr\/boutique\/"},{"@type":"ListItem","position":3,"name":"Chambre d&rsquo;humidit\u00e9 standard AS 11 Resmed"}]},{"@type":"WebSite","@id":"https:\/\/dormalab.com\/fr\/#website","url":"https:\/\/dormalab.com\/fr\/","name":"Dorma Sleep Clinics","description":"Sleep Well Live Well","publisher":{"@id":"https:\/\/dormalab.com\/fr\/#organization"},"potentialAction":[{"@type":"SearchAction","target":{"@type":"EntryPoint","urlTemplate":"https:\/\/dormalab.com\/fr\/?s={search_term_string}"},"query-input":{"@type":"PropertyValueSpecification","valueRequired":true,"valueName":"search_term_string"}}],"inLanguage":"fr-FR"},{"@type":"Organization","@id":"https:\/\/dormalab.com\/fr\/#organization","name":"Dorma Clinique Du Sommeil","url":"https:\/\/dormalab.com\/fr\/","logo":{"@type":"ImageObject","inLanguage":"fr-FR","@id":"https:\/\/dormalab.com\/fr\/#\/schema\/logo\/image\/","url":"https:\/\/dormalab.com\/wp-content\/uploads\/2019\/10\/Dorma-Logotype-RGB-Black-scaled-e1578787470924.png","contentUrl":"https:\/\/dormalab.com\/wp-content\/uploads\/2019\/10\/Dorma-Logotype-RGB-Black-scaled-e1578787470924.png","width":120,"height":25,"caption":"Dorma Clinique Du Sommeil"},"image":{"@id":"https:\/\/dormalab.com\/fr\/#\/schema\/logo\/image\/"}}]}},"_links":{"self":[{"href":"https:\/\/dormalab.com\/fr\/wp-json\/wp\/v2\/product\/42017","targetHints":{"allow":["GET"]}}],"collection":[{"href":"https:\/\/dormalab.com\/fr\/wp-json\/wp\/v2\/product"}],"about":[{"href":"https:\/\/dormalab.com\/fr\/wp-json\/wp\/v2\/types\/product"}],"version-history":[{"count":0,"href":"https:\/\/dormalab.com\/fr\/wp-json\/wp\/v2\/product\/42017\/revisions"}],"wp:featuredmedia":[{"embeddable":true,"href":"https:\/\/dormalab.com\/fr\/wp-json\/wp\/v2\/media\/42015"}],"wp:attachment":[{"href":"https:\/\/dormalab.com\/fr\/wp-json\/wp\/v2\/media?parent=42017"}],"wp:term":[{"taxonomy":"product_brand","embeddable":true,"href":"https:\/\/dormalab.com\/fr\/wp-json\/wp\/v2\/product_brand?post=42017"},{"taxonomy":"product_cat","embeddable":true,"href":"https:\/\/dormalab.com\/fr\/wp-json\/wp\/v2\/product_cat?post=42017"},{"taxonomy":"product_tag","embeddable":true,"href":"https:\/\/dormalab.com\/fr\/wp-json\/wp\/v2\/product_tag?post=42017"}],"curies":[{"name":"wp","href":"https:\/\/api.w.org\/{rel}","templated":true}]}}