{"id":42025,"date":"2025-12-10T20:46:08","date_gmt":"2025-12-11T01:46:08","guid":{"rendered":"https:\/\/dormalab.com\/product\/tube-chauffant-airsense-11\/"},"modified":"2025-12-17T14:03:22","modified_gmt":"2025-12-17T19:03:22","slug":"tube-chauffant-airsense-11","status":"publish","type":"product","link":"https:\/\/dormalab.com\/fr\/produit\/tube-chauffant-airsense-11\/","title":{"rendered":"Tube chauffant Airsense 11"},"content":{"rendered":"<p>Am\u00e9liorez votre confort avec le <strong data-start=\"127\" data-end=\"158\">tuyau chauffant pour AirSense 11.<\/strong> Con\u00e7u pour fonctionner parfaitement avec les appareils ResMed AirSense 11 et AirCurve 11, ce tuyau chauffant maintient une temp\u00e9rature et une humidit\u00e9 constantes toute la nuit. Il contribue \u00e0 r\u00e9duire la condensation, la s\u00e9cheresse buccale et l&rsquo;irritation nasale, pour un traitement plus confortable et efficace. L\u00e9ger, flexible et facile \u00e0 installer, c&rsquo;est un accessoire indispensable pour optimiser votre exp\u00e9rience de PPC.   <\/p>\n","protected":false},"excerpt":{"rendered":"<p>Tuyau CPAP chauffant pour AirSense 11 qui d\u00e9livre de l&rsquo;air chaud et humidifi\u00e9 pour r\u00e9duire la s\u00e9cheresse et la condensation et ainsi am\u00e9liorer le confort.<\/p>\n","protected":false},"featured_media":42021,"template":"","meta":[],"product_brand":[368],"product_cat":[371],"product_tag":[],"class_list":{"0":"post-42025","1":"product","2":"type-product","3":"status-publish","4":"has-post-thumbnail","6":"product_brand-resmed","7":"product_cat-tubulure-cpap","9":"first","10":"instock","11":"shipping-taxable","12":"purchasable","13":"product-type-simple"},"yoast_head":"<!-- This site is optimized with the Yoast SEO plugin v27.3 - https:\/\/yoast.com\/product\/yoast-seo-wordpress\/ -->\n<title>Tube chauffant Airsense 11 - Dorma Sleep Clinics<\/title>\n<meta name=\"robots\" content=\"index, follow, max-snippet:-1, max-image-preview:large, max-video-preview:-1\" \/>\n<link rel=\"canonical\" href=\"https:\/\/dormalab.com\/fr\/produit\/tube-chauffant-airsense-11\/\" \/>\n<meta property=\"og:locale\" content=\"fr_FR\" \/>\n<meta property=\"og:type\" content=\"article\" \/>\n<meta property=\"og:title\" content=\"Tube chauffant Airsense 11 - Dorma Sleep Clinics\" \/>\n<meta property=\"og:description\" content=\"Tuyau CPAP chauffant pour AirSense 11 qui d\u00e9livre de l&#039;air chaud et humidifi\u00e9 pour r\u00e9duire la s\u00e9cheresse et la condensation et ainsi am\u00e9liorer le confort.\" \/>\n<meta property=\"og:url\" content=\"https:\/\/dormalab.com\/fr\/produit\/tube-chauffant-airsense-11\/\" \/>\n<meta property=\"og:site_name\" content=\"Dorma Sleep Clinics\" \/>\n<meta property=\"article:modified_time\" content=\"2025-12-17T19:03:22+00:00\" \/>\n<meta property=\"og:image\" content=\"https:\/\/dormalab.com\/wp-content\/uploads\/2025\/12\/Captura-de-pantalla-2025-12-17-a-las-2.00.29-p.m.png\" \/>\n\t<meta property=\"og:image:width\" content=\"834\" \/>\n\t<meta property=\"og:image:height\" content=\"842\" \/>\n\t<meta property=\"og:image:type\" content=\"image\/png\" \/>\n<meta name=\"twitter:card\" content=\"summary_large_image\" \/>\n<script type=\"application\/ld+json\" class=\"yoast-schema-graph\">{\"@context\":\"https:\\\/\\\/schema.org\",\"@graph\":[{\"@type\":\"WebPage\",\"@id\":\"https:\\\/\\\/dormalab.com\\\/fr\\\/produit\\\/tube-chauffant-airsense-11\\\/\",\"url\":\"https:\\\/\\\/dormalab.com\\\/fr\\\/produit\\\/tube-chauffant-airsense-11\\\/\",\"name\":\"Tube chauffant Airsense 11 - Dorma Sleep Clinics\",\"isPartOf\":{\"@id\":\"https:\\\/\\\/dormalab.com\\\/fr\\\/#website\"},\"primaryImageOfPage\":{\"@id\":\"https:\\\/\\\/dormalab.com\\\/fr\\\/produit\\\/tube-chauffant-airsense-11\\\/#primaryimage\"},\"image\":{\"@id\":\"https:\\\/\\\/dormalab.com\\\/fr\\\/produit\\\/tube-chauffant-airsense-11\\\/#primaryimage\"},\"thumbnailUrl\":\"https:\\\/\\\/dormalab.com\\\/wp-content\\\/uploads\\\/2025\\\/12\\\/Captura-de-pantalla-2025-12-17-a-las-2.00.29-p.m.png\",\"datePublished\":\"2025-12-11T01:46:08+00:00\",\"dateModified\":\"2025-12-17T19:03:22+00:00\",\"breadcrumb\":{\"@id\":\"https:\\\/\\\/dormalab.com\\\/fr\\\/produit\\\/tube-chauffant-airsense-11\\\/#breadcrumb\"},\"inLanguage\":\"fr-FR\",\"potentialAction\":[{\"@type\":\"ReadAction\",\"target\":[\"https:\\\/\\\/dormalab.com\\\/fr\\\/produit\\\/tube-chauffant-airsense-11\\\/\"]}]},{\"@type\":\"ImageObject\",\"inLanguage\":\"fr-FR\",\"@id\":\"https:\\\/\\\/dormalab.com\\\/fr\\\/produit\\\/tube-chauffant-airsense-11\\\/#primaryimage\",\"url\":\"https:\\\/\\\/dormalab.com\\\/wp-content\\\/uploads\\\/2025\\\/12\\\/Captura-de-pantalla-2025-12-17-a-las-2.00.29-p.m.png\",\"contentUrl\":\"https:\\\/\\\/dormalab.com\\\/wp-content\\\/uploads\\\/2025\\\/12\\\/Captura-de-pantalla-2025-12-17-a-las-2.00.29-p.m.png\",\"width\":834,\"height\":842},{\"@type\":\"BreadcrumbList\",\"@id\":\"https:\\\/\\\/dormalab.com\\\/fr\\\/produit\\\/tube-chauffant-airsense-11\\\/#breadcrumb\",\"itemListElement\":[{\"@type\":\"ListItem\",\"position\":1,\"name\":\"Home\",\"item\":\"https:\\\/\\\/dormalab.com\\\/fr\\\/\"},{\"@type\":\"ListItem\",\"position\":2,\"name\":\"Boutique\",\"item\":\"https:\\\/\\\/dormalab.com\\\/fr\\\/boutique\\\/\"},{\"@type\":\"ListItem\",\"position\":3,\"name\":\"Tube chauffant Airsense 11\"}]},{\"@type\":\"WebSite\",\"@id\":\"https:\\\/\\\/dormalab.com\\\/fr\\\/#website\",\"url\":\"https:\\\/\\\/dormalab.com\\\/fr\\\/\",\"name\":\"Dorma Sleep Clinics\",\"description\":\"Sleep Well Live Well\",\"publisher\":{\"@id\":\"https:\\\/\\\/dormalab.com\\\/fr\\\/#organization\"},\"potentialAction\":[{\"@type\":\"SearchAction\",\"target\":{\"@type\":\"EntryPoint\",\"urlTemplate\":\"https:\\\/\\\/dormalab.com\\\/fr\\\/?s={search_term_string}\"},\"query-input\":{\"@type\":\"PropertyValueSpecification\",\"valueRequired\":true,\"valueName\":\"search_term_string\"}}],\"inLanguage\":\"fr-FR\"},{\"@type\":\"Organization\",\"@id\":\"https:\\\/\\\/dormalab.com\\\/fr\\\/#organization\",\"name\":\"Dorma Clinique Du Sommeil\",\"url\":\"https:\\\/\\\/dormalab.com\\\/fr\\\/\",\"logo\":{\"@type\":\"ImageObject\",\"inLanguage\":\"fr-FR\",\"@id\":\"https:\\\/\\\/dormalab.com\\\/fr\\\/#\\\/schema\\\/logo\\\/image\\\/\",\"url\":\"https:\\\/\\\/dormalab.com\\\/wp-content\\\/uploads\\\/2019\\\/10\\\/Dorma-Logotype-RGB-Black-scaled-e1578787470924.png\",\"contentUrl\":\"https:\\\/\\\/dormalab.com\\\/wp-content\\\/uploads\\\/2019\\\/10\\\/Dorma-Logotype-RGB-Black-scaled-e1578787470924.png\",\"width\":120,\"height\":25,\"caption\":\"Dorma Clinique Du Sommeil\"},\"image\":{\"@id\":\"https:\\\/\\\/dormalab.com\\\/fr\\\/#\\\/schema\\\/logo\\\/image\\\/\"}}]}<\/script>\n<!-- \/ Yoast SEO plugin. -->","yoast_head_json":{"title":"Tube chauffant Airsense 11 - Dorma Sleep Clinics","robots":{"index":"index","follow":"follow","max-snippet":"max-snippet:-1","max-image-preview":"max-image-preview:large","max-video-preview":"max-video-preview:-1"},"canonical":"https:\/\/dormalab.com\/fr\/produit\/tube-chauffant-airsense-11\/","og_locale":"fr_FR","og_type":"article","og_title":"Tube chauffant Airsense 11 - Dorma Sleep Clinics","og_description":"Tuyau CPAP chauffant pour AirSense 11 qui d\u00e9livre de l'air chaud et humidifi\u00e9 pour r\u00e9duire la s\u00e9cheresse et la condensation et ainsi am\u00e9liorer le confort.","og_url":"https:\/\/dormalab.com\/fr\/produit\/tube-chauffant-airsense-11\/","og_site_name":"Dorma Sleep Clinics","article_modified_time":"2025-12-17T19:03:22+00:00","og_image":[{"width":834,"height":842,"url":"https:\/\/dormalab.com\/wp-content\/uploads\/2025\/12\/Captura-de-pantalla-2025-12-17-a-las-2.00.29-p.m.png","type":"image\/png"}],"twitter_card":"summary_large_image","schema":{"@context":"https:\/\/schema.org","@graph":[{"@type":"WebPage","@id":"https:\/\/dormalab.com\/fr\/produit\/tube-chauffant-airsense-11\/","url":"https:\/\/dormalab.com\/fr\/produit\/tube-chauffant-airsense-11\/","name":"Tube chauffant Airsense 11 - Dorma Sleep Clinics","isPartOf":{"@id":"https:\/\/dormalab.com\/fr\/#website"},"primaryImageOfPage":{"@id":"https:\/\/dormalab.com\/fr\/produit\/tube-chauffant-airsense-11\/#primaryimage"},"image":{"@id":"https:\/\/dormalab.com\/fr\/produit\/tube-chauffant-airsense-11\/#primaryimage"},"thumbnailUrl":"https:\/\/dormalab.com\/wp-content\/uploads\/2025\/12\/Captura-de-pantalla-2025-12-17-a-las-2.00.29-p.m.png","datePublished":"2025-12-11T01:46:08+00:00","dateModified":"2025-12-17T19:03:22+00:00","breadcrumb":{"@id":"https:\/\/dormalab.com\/fr\/produit\/tube-chauffant-airsense-11\/#breadcrumb"},"inLanguage":"fr-FR","potentialAction":[{"@type":"ReadAction","target":["https:\/\/dormalab.com\/fr\/produit\/tube-chauffant-airsense-11\/"]}]},{"@type":"ImageObject","inLanguage":"fr-FR","@id":"https:\/\/dormalab.com\/fr\/produit\/tube-chauffant-airsense-11\/#primaryimage","url":"https:\/\/dormalab.com\/wp-content\/uploads\/2025\/12\/Captura-de-pantalla-2025-12-17-a-las-2.00.29-p.m.png","contentUrl":"https:\/\/dormalab.com\/wp-content\/uploads\/2025\/12\/Captura-de-pantalla-2025-12-17-a-las-2.00.29-p.m.png","width":834,"height":842},{"@type":"BreadcrumbList","@id":"https:\/\/dormalab.com\/fr\/produit\/tube-chauffant-airsense-11\/#breadcrumb","itemListElement":[{"@type":"ListItem","position":1,"name":"Home","item":"https:\/\/dormalab.com\/fr\/"},{"@type":"ListItem","position":2,"name":"Boutique","item":"https:\/\/dormalab.com\/fr\/boutique\/"},{"@type":"ListItem","position":3,"name":"Tube chauffant Airsense 11"}]},{"@type":"WebSite","@id":"https:\/\/dormalab.com\/fr\/#website","url":"https:\/\/dormalab.com\/fr\/","name":"Dorma Sleep Clinics","description":"Sleep Well Live Well","publisher":{"@id":"https:\/\/dormalab.com\/fr\/#organization"},"potentialAction":[{"@type":"SearchAction","target":{"@type":"EntryPoint","urlTemplate":"https:\/\/dormalab.com\/fr\/?s={search_term_string}"},"query-input":{"@type":"PropertyValueSpecification","valueRequired":true,"valueName":"search_term_string"}}],"inLanguage":"fr-FR"},{"@type":"Organization","@id":"https:\/\/dormalab.com\/fr\/#organization","name":"Dorma Clinique Du Sommeil","url":"https:\/\/dormalab.com\/fr\/","logo":{"@type":"ImageObject","inLanguage":"fr-FR","@id":"https:\/\/dormalab.com\/fr\/#\/schema\/logo\/image\/","url":"https:\/\/dormalab.com\/wp-content\/uploads\/2019\/10\/Dorma-Logotype-RGB-Black-scaled-e1578787470924.png","contentUrl":"https:\/\/dormalab.com\/wp-content\/uploads\/2019\/10\/Dorma-Logotype-RGB-Black-scaled-e1578787470924.png","width":120,"height":25,"caption":"Dorma Clinique Du Sommeil"},"image":{"@id":"https:\/\/dormalab.com\/fr\/#\/schema\/logo\/image\/"}}]}},"_links":{"self":[{"href":"https:\/\/dormalab.com\/fr\/wp-json\/wp\/v2\/product\/42025","targetHints":{"allow":["GET"]}}],"collection":[{"href":"https:\/\/dormalab.com\/fr\/wp-json\/wp\/v2\/product"}],"about":[{"href":"https:\/\/dormalab.com\/fr\/wp-json\/wp\/v2\/types\/product"}],"version-history":[{"count":0,"href":"https:\/\/dormalab.com\/fr\/wp-json\/wp\/v2\/product\/42025\/revisions"}],"wp:featuredmedia":[{"embeddable":true,"href":"https:\/\/dormalab.com\/fr\/wp-json\/wp\/v2\/media\/42021"}],"wp:attachment":[{"href":"https:\/\/dormalab.com\/fr\/wp-json\/wp\/v2\/media?parent=42025"}],"wp:term":[{"taxonomy":"product_brand","embeddable":true,"href":"https:\/\/dormalab.com\/fr\/wp-json\/wp\/v2\/product_brand?post=42025"},{"taxonomy":"product_cat","embeddable":true,"href":"https:\/\/dormalab.com\/fr\/wp-json\/wp\/v2\/product_cat?post=42025"},{"taxonomy":"product_tag","embeddable":true,"href":"https:\/\/dormalab.com\/fr\/wp-json\/wp\/v2\/product_tag?post=42025"}],"curies":[{"name":"wp","href":"https:\/\/api.w.org\/{rel}","templated":true}]}}