{"id":42033,"date":"2025-12-17T14:12:43","date_gmt":"2025-12-17T19:12:43","guid":{"rendered":"https:\/\/dormalab.com\/product\/chambre-dhumidite-standard-as-10-resmed\/"},"modified":"2025-12-17T14:19:20","modified_gmt":"2025-12-17T19:19:20","slug":"chambre-dhumidite-standard-as-10-resmed","status":"publish","type":"product","link":"https:\/\/dormalab.com\/fr\/produit\/chambre-dhumidite-standard-as-10-resmed\/","title":{"rendered":"Chambre d&rsquo;humidit\u00e9 standard AS 10 Resmed"},"content":{"rendered":"<p>La <strong data-start=\"98\" data-end=\"152\">chambre d&rsquo;humidit\u00e9 standard pour AirSense 10 (ResMed)<\/strong> assure une humidification fiable pour votre traitement <a href=\"https:\/\/dormalab.com\/continuous-positive-airflow-pressure-cpap\/\" data-internallinksmanager029f6b8e52c=\"1\" title=\"Continuous Positive Airflow Pressure (CPAP)\">CPAP<\/a>. Con\u00e7ue pour s&rsquo;adapter aux appareils ResMed AirSense 10 et AirCurve 10, cette chambre \u00e0 eau rempla\u00e7able fournit une humidit\u00e9 optimale au flux d&rsquo;air, contribuant \u00e0 r\u00e9duire la s\u00e9cheresse des voies respiratoires, du nez et de la gorge. Facile \u00e0 remplir, \u00e0 nettoyer et \u00e0 installer, il am\u00e9liore le confort tout au long de la nuit et favorise une respiration plus douce et plus confortable. Un accessoire simple et essentiel pour un traitement efficace de l&rsquo;apn\u00e9e du sommeil.<\/p>\n","protected":false},"excerpt":{"rendered":"<p>Chambre d&rsquo;humidification rempla\u00e7able pour appareils CPAP ResMed AirSense 10, qui procure une humidit\u00e9 apaisante pour une th\u00e9rapie du sommeil plus confortable.<\/p>\n","protected":false},"featured_media":42029,"template":"","meta":[],"product_brand":[368],"product_cat":[374],"product_tag":[],"class_list":{"0":"post-42033","1":"product","2":"type-product","3":"status-publish","4":"has-post-thumbnail","6":"product_brand-resmed","7":"product_cat-chambres-dhumidite","9":"first","10":"instock","11":"shipping-taxable","12":"purchasable","13":"product-type-simple"},"yoast_head":"<!-- This site is optimized with the Yoast SEO plugin v27.3 - https:\/\/yoast.com\/product\/yoast-seo-wordpress\/ -->\n<title>Chambre d&#039;humidit\u00e9 standard AS 10 Resmed - Dorma Sleep Clinics<\/title>\n<meta name=\"robots\" content=\"index, follow, max-snippet:-1, max-image-preview:large, max-video-preview:-1\" \/>\n<link rel=\"canonical\" href=\"https:\/\/dormalab.com\/fr\/produit\/chambre-dhumidite-standard-as-10-resmed\/\" \/>\n<meta property=\"og:locale\" content=\"fr_FR\" \/>\n<meta property=\"og:type\" content=\"article\" \/>\n<meta property=\"og:title\" content=\"Chambre d&#039;humidit\u00e9 standard AS 10 Resmed - Dorma Sleep Clinics\" \/>\n<meta property=\"og:description\" content=\"Chambre d&#039;humidification rempla\u00e7able pour appareils CPAP ResMed AirSense 10, qui procure une humidit\u00e9 apaisante pour une th\u00e9rapie du sommeil plus confortable.\" \/>\n<meta property=\"og:url\" content=\"https:\/\/dormalab.com\/fr\/produit\/chambre-dhumidite-standard-as-10-resmed\/\" \/>\n<meta property=\"og:site_name\" content=\"Dorma Sleep Clinics\" \/>\n<meta property=\"article:modified_time\" content=\"2025-12-17T19:19:20+00:00\" \/>\n<meta property=\"og:image\" content=\"https:\/\/dormalab.com\/wp-content\/uploads\/2025\/12\/Captura-de-pantalla-2025-12-17-a-las-2.14.56-p.m.png\" \/>\n\t<meta property=\"og:image:width\" content=\"944\" \/>\n\t<meta property=\"og:image:height\" content=\"774\" \/>\n\t<meta property=\"og:image:type\" content=\"image\/png\" \/>\n<meta name=\"twitter:card\" content=\"summary_large_image\" \/>\n<script type=\"application\/ld+json\" class=\"yoast-schema-graph\">{\"@context\":\"https:\\\/\\\/schema.org\",\"@graph\":[{\"@type\":\"WebPage\",\"@id\":\"https:\\\/\\\/dormalab.com\\\/fr\\\/produit\\\/chambre-dhumidite-standard-as-10-resmed\\\/\",\"url\":\"https:\\\/\\\/dormalab.com\\\/fr\\\/produit\\\/chambre-dhumidite-standard-as-10-resmed\\\/\",\"name\":\"Chambre d'humidit\u00e9 standard AS 10 Resmed - Dorma Sleep Clinics\",\"isPartOf\":{\"@id\":\"https:\\\/\\\/dormalab.com\\\/fr\\\/#website\"},\"primaryImageOfPage\":{\"@id\":\"https:\\\/\\\/dormalab.com\\\/fr\\\/produit\\\/chambre-dhumidite-standard-as-10-resmed\\\/#primaryimage\"},\"image\":{\"@id\":\"https:\\\/\\\/dormalab.com\\\/fr\\\/produit\\\/chambre-dhumidite-standard-as-10-resmed\\\/#primaryimage\"},\"thumbnailUrl\":\"https:\\\/\\\/dormalab.com\\\/wp-content\\\/uploads\\\/2025\\\/12\\\/Captura-de-pantalla-2025-12-17-a-las-2.14.56-p.m.png\",\"datePublished\":\"2025-12-17T19:12:43+00:00\",\"dateModified\":\"2025-12-17T19:19:20+00:00\",\"breadcrumb\":{\"@id\":\"https:\\\/\\\/dormalab.com\\\/fr\\\/produit\\\/chambre-dhumidite-standard-as-10-resmed\\\/#breadcrumb\"},\"inLanguage\":\"fr-FR\",\"potentialAction\":[{\"@type\":\"ReadAction\",\"target\":[\"https:\\\/\\\/dormalab.com\\\/fr\\\/produit\\\/chambre-dhumidite-standard-as-10-resmed\\\/\"]}]},{\"@type\":\"ImageObject\",\"inLanguage\":\"fr-FR\",\"@id\":\"https:\\\/\\\/dormalab.com\\\/fr\\\/produit\\\/chambre-dhumidite-standard-as-10-resmed\\\/#primaryimage\",\"url\":\"https:\\\/\\\/dormalab.com\\\/wp-content\\\/uploads\\\/2025\\\/12\\\/Captura-de-pantalla-2025-12-17-a-las-2.14.56-p.m.png\",\"contentUrl\":\"https:\\\/\\\/dormalab.com\\\/wp-content\\\/uploads\\\/2025\\\/12\\\/Captura-de-pantalla-2025-12-17-a-las-2.14.56-p.m.png\",\"width\":944,\"height\":774},{\"@type\":\"BreadcrumbList\",\"@id\":\"https:\\\/\\\/dormalab.com\\\/fr\\\/produit\\\/chambre-dhumidite-standard-as-10-resmed\\\/#breadcrumb\",\"itemListElement\":[{\"@type\":\"ListItem\",\"position\":1,\"name\":\"Home\",\"item\":\"https:\\\/\\\/dormalab.com\\\/fr\\\/\"},{\"@type\":\"ListItem\",\"position\":2,\"name\":\"Boutique\",\"item\":\"https:\\\/\\\/dormalab.com\\\/fr\\\/boutique\\\/\"},{\"@type\":\"ListItem\",\"position\":3,\"name\":\"Chambre d&rsquo;humidit\u00e9 standard AS 10 Resmed\"}]},{\"@type\":\"WebSite\",\"@id\":\"https:\\\/\\\/dormalab.com\\\/fr\\\/#website\",\"url\":\"https:\\\/\\\/dormalab.com\\\/fr\\\/\",\"name\":\"Dorma Sleep Clinics\",\"description\":\"Sleep Well Live Well\",\"publisher\":{\"@id\":\"https:\\\/\\\/dormalab.com\\\/fr\\\/#organization\"},\"potentialAction\":[{\"@type\":\"SearchAction\",\"target\":{\"@type\":\"EntryPoint\",\"urlTemplate\":\"https:\\\/\\\/dormalab.com\\\/fr\\\/?s={search_term_string}\"},\"query-input\":{\"@type\":\"PropertyValueSpecification\",\"valueRequired\":true,\"valueName\":\"search_term_string\"}}],\"inLanguage\":\"fr-FR\"},{\"@type\":\"Organization\",\"@id\":\"https:\\\/\\\/dormalab.com\\\/fr\\\/#organization\",\"name\":\"Dorma Clinique Du Sommeil\",\"url\":\"https:\\\/\\\/dormalab.com\\\/fr\\\/\",\"logo\":{\"@type\":\"ImageObject\",\"inLanguage\":\"fr-FR\",\"@id\":\"https:\\\/\\\/dormalab.com\\\/fr\\\/#\\\/schema\\\/logo\\\/image\\\/\",\"url\":\"https:\\\/\\\/dormalab.com\\\/wp-content\\\/uploads\\\/2019\\\/10\\\/Dorma-Logotype-RGB-Black-scaled-e1578787470924.png\",\"contentUrl\":\"https:\\\/\\\/dormalab.com\\\/wp-content\\\/uploads\\\/2019\\\/10\\\/Dorma-Logotype-RGB-Black-scaled-e1578787470924.png\",\"width\":120,\"height\":25,\"caption\":\"Dorma Clinique Du Sommeil\"},\"image\":{\"@id\":\"https:\\\/\\\/dormalab.com\\\/fr\\\/#\\\/schema\\\/logo\\\/image\\\/\"}}]}<\/script>\n<!-- \/ Yoast SEO plugin. -->","yoast_head_json":{"title":"Chambre d'humidit\u00e9 standard AS 10 Resmed - Dorma Sleep Clinics","robots":{"index":"index","follow":"follow","max-snippet":"max-snippet:-1","max-image-preview":"max-image-preview:large","max-video-preview":"max-video-preview:-1"},"canonical":"https:\/\/dormalab.com\/fr\/produit\/chambre-dhumidite-standard-as-10-resmed\/","og_locale":"fr_FR","og_type":"article","og_title":"Chambre d'humidit\u00e9 standard AS 10 Resmed - Dorma Sleep Clinics","og_description":"Chambre d'humidification rempla\u00e7able pour appareils CPAP ResMed AirSense 10, qui procure une humidit\u00e9 apaisante pour une th\u00e9rapie du sommeil plus confortable.","og_url":"https:\/\/dormalab.com\/fr\/produit\/chambre-dhumidite-standard-as-10-resmed\/","og_site_name":"Dorma Sleep Clinics","article_modified_time":"2025-12-17T19:19:20+00:00","og_image":[{"width":944,"height":774,"url":"https:\/\/dormalab.com\/wp-content\/uploads\/2025\/12\/Captura-de-pantalla-2025-12-17-a-las-2.14.56-p.m.png","type":"image\/png"}],"twitter_card":"summary_large_image","schema":{"@context":"https:\/\/schema.org","@graph":[{"@type":"WebPage","@id":"https:\/\/dormalab.com\/fr\/produit\/chambre-dhumidite-standard-as-10-resmed\/","url":"https:\/\/dormalab.com\/fr\/produit\/chambre-dhumidite-standard-as-10-resmed\/","name":"Chambre d'humidit\u00e9 standard AS 10 Resmed - Dorma Sleep Clinics","isPartOf":{"@id":"https:\/\/dormalab.com\/fr\/#website"},"primaryImageOfPage":{"@id":"https:\/\/dormalab.com\/fr\/produit\/chambre-dhumidite-standard-as-10-resmed\/#primaryimage"},"image":{"@id":"https:\/\/dormalab.com\/fr\/produit\/chambre-dhumidite-standard-as-10-resmed\/#primaryimage"},"thumbnailUrl":"https:\/\/dormalab.com\/wp-content\/uploads\/2025\/12\/Captura-de-pantalla-2025-12-17-a-las-2.14.56-p.m.png","datePublished":"2025-12-17T19:12:43+00:00","dateModified":"2025-12-17T19:19:20+00:00","breadcrumb":{"@id":"https:\/\/dormalab.com\/fr\/produit\/chambre-dhumidite-standard-as-10-resmed\/#breadcrumb"},"inLanguage":"fr-FR","potentialAction":[{"@type":"ReadAction","target":["https:\/\/dormalab.com\/fr\/produit\/chambre-dhumidite-standard-as-10-resmed\/"]}]},{"@type":"ImageObject","inLanguage":"fr-FR","@id":"https:\/\/dormalab.com\/fr\/produit\/chambre-dhumidite-standard-as-10-resmed\/#primaryimage","url":"https:\/\/dormalab.com\/wp-content\/uploads\/2025\/12\/Captura-de-pantalla-2025-12-17-a-las-2.14.56-p.m.png","contentUrl":"https:\/\/dormalab.com\/wp-content\/uploads\/2025\/12\/Captura-de-pantalla-2025-12-17-a-las-2.14.56-p.m.png","width":944,"height":774},{"@type":"BreadcrumbList","@id":"https:\/\/dormalab.com\/fr\/produit\/chambre-dhumidite-standard-as-10-resmed\/#breadcrumb","itemListElement":[{"@type":"ListItem","position":1,"name":"Home","item":"https:\/\/dormalab.com\/fr\/"},{"@type":"ListItem","position":2,"name":"Boutique","item":"https:\/\/dormalab.com\/fr\/boutique\/"},{"@type":"ListItem","position":3,"name":"Chambre d&rsquo;humidit\u00e9 standard AS 10 Resmed"}]},{"@type":"WebSite","@id":"https:\/\/dormalab.com\/fr\/#website","url":"https:\/\/dormalab.com\/fr\/","name":"Dorma Sleep Clinics","description":"Sleep Well Live Well","publisher":{"@id":"https:\/\/dormalab.com\/fr\/#organization"},"potentialAction":[{"@type":"SearchAction","target":{"@type":"EntryPoint","urlTemplate":"https:\/\/dormalab.com\/fr\/?s={search_term_string}"},"query-input":{"@type":"PropertyValueSpecification","valueRequired":true,"valueName":"search_term_string"}}],"inLanguage":"fr-FR"},{"@type":"Organization","@id":"https:\/\/dormalab.com\/fr\/#organization","name":"Dorma Clinique Du Sommeil","url":"https:\/\/dormalab.com\/fr\/","logo":{"@type":"ImageObject","inLanguage":"fr-FR","@id":"https:\/\/dormalab.com\/fr\/#\/schema\/logo\/image\/","url":"https:\/\/dormalab.com\/wp-content\/uploads\/2019\/10\/Dorma-Logotype-RGB-Black-scaled-e1578787470924.png","contentUrl":"https:\/\/dormalab.com\/wp-content\/uploads\/2019\/10\/Dorma-Logotype-RGB-Black-scaled-e1578787470924.png","width":120,"height":25,"caption":"Dorma Clinique Du Sommeil"},"image":{"@id":"https:\/\/dormalab.com\/fr\/#\/schema\/logo\/image\/"}}]}},"_links":{"self":[{"href":"https:\/\/dormalab.com\/fr\/wp-json\/wp\/v2\/product\/42033","targetHints":{"allow":["GET"]}}],"collection":[{"href":"https:\/\/dormalab.com\/fr\/wp-json\/wp\/v2\/product"}],"about":[{"href":"https:\/\/dormalab.com\/fr\/wp-json\/wp\/v2\/types\/product"}],"version-history":[{"count":1,"href":"https:\/\/dormalab.com\/fr\/wp-json\/wp\/v2\/product\/42033\/revisions"}],"predecessor-version":[{"id":42034,"href":"https:\/\/dormalab.com\/fr\/wp-json\/wp\/v2\/product\/42033\/revisions\/42034"}],"wp:featuredmedia":[{"embeddable":true,"href":"https:\/\/dormalab.com\/fr\/wp-json\/wp\/v2\/media\/42029"}],"wp:attachment":[{"href":"https:\/\/dormalab.com\/fr\/wp-json\/wp\/v2\/media?parent=42033"}],"wp:term":[{"taxonomy":"product_brand","embeddable":true,"href":"https:\/\/dormalab.com\/fr\/wp-json\/wp\/v2\/product_brand?post=42033"},{"taxonomy":"product_cat","embeddable":true,"href":"https:\/\/dormalab.com\/fr\/wp-json\/wp\/v2\/product_cat?post=42033"},{"taxonomy":"product_tag","embeddable":true,"href":"https:\/\/dormalab.com\/fr\/wp-json\/wp\/v2\/product_tag?post=42033"}],"curies":[{"name":"wp","href":"https:\/\/api.w.org\/{rel}","templated":true}]}}