{"id":42042,"date":"2025-12-17T14:25:47","date_gmt":"2025-12-17T19:25:47","guid":{"rendered":"https:\/\/dormalab.com\/product\/filtres-standard-as-11-paquet-de-12\/"},"modified":"2025-12-17T14:39:46","modified_gmt":"2025-12-17T19:39:46","slug":"filtres-standard-as-11-paquet-de-12","status":"publish","type":"product","link":"https:\/\/dormalab.com\/fr\/produit\/filtres-standard-as-11-paquet-de-12\/","title":{"rendered":"Filtres standard AS 11 (paquet de 12)"},"content":{"rendered":"<p>Assurez le bon fonctionnement de votre appareil <a href=\"https:\/\/dormalab.com\/continuous-positive-airflow-pressure-cpap\/\" data-internallinksmanager029f6b8e52c=\"1\" title=\"Continuous Positive Airflow Pressure (CPAP)\">CPAP<\/a> ResMed AirSense 11 ou AirCurve 11 gr\u00e2ce aux <strong data-start=\"208\" data-end=\"247\">filtres standard AS 11 (lot de 12)<\/strong> . Ces filtres de rechange d&rsquo;origine bloquent la poussi\u00e8re, les salet\u00e9s et autres particules en suspension dans l&rsquo;air, prot\u00e9geant ainsi votre appareil et l&rsquo;air que vous respirez. Con\u00e7u pour une installation facile et un remplacement mensuel, ce lot de 12 filtres vous offre une ann\u00e9e compl\u00e8te de traitement, pour des nuits saines et confortables.  <\/p>\n","protected":false},"excerpt":{"rendered":"<p>Lot de 12 filtres de rechange standard pour appareils CPAP ResMed AirSense 11 et AirCurve 11, qui contribuent \u00e0 maintenir un air pur et \u00e0 prot\u00e9ger les appareils.<\/p>\n","protected":false},"featured_media":42038,"template":"","meta":[],"product_brand":[368],"product_cat":[375],"product_tag":[],"class_list":{"0":"post-42042","1":"product","2":"type-product","3":"status-publish","4":"has-post-thumbnail","6":"product_brand-resmed","7":"product_cat-filtres","9":"first","10":"instock","11":"shipping-taxable","12":"purchasable","13":"product-type-simple"},"yoast_head":"<!-- This site is optimized with the Yoast SEO plugin v27.3 - https:\/\/yoast.com\/product\/yoast-seo-wordpress\/ -->\n<title>Filtres standard AS 11 (paquet de 12) - Dorma Sleep Clinics<\/title>\n<meta name=\"robots\" content=\"index, follow, max-snippet:-1, max-image-preview:large, max-video-preview:-1\" \/>\n<link rel=\"canonical\" href=\"https:\/\/dormalab.com\/fr\/produit\/filtres-standard-as-11-paquet-de-12\/\" \/>\n<meta property=\"og:locale\" content=\"fr_FR\" \/>\n<meta property=\"og:type\" content=\"article\" \/>\n<meta property=\"og:title\" content=\"Filtres standard AS 11 (paquet de 12) - Dorma Sleep Clinics\" \/>\n<meta property=\"og:description\" content=\"Lot de 12 filtres de rechange standard pour appareils CPAP ResMed AirSense 11 et AirCurve 11, qui contribuent \u00e0 maintenir un air pur et \u00e0 prot\u00e9ger les appareils.\" \/>\n<meta property=\"og:url\" content=\"https:\/\/dormalab.com\/fr\/produit\/filtres-standard-as-11-paquet-de-12\/\" \/>\n<meta property=\"og:site_name\" content=\"Dorma Sleep Clinics\" \/>\n<meta property=\"article:modified_time\" content=\"2025-12-17T19:39:46+00:00\" \/>\n<meta property=\"og:image\" content=\"https:\/\/dormalab.com\/wp-content\/uploads\/2025\/12\/Captura-de-pantalla-2025-12-17-a-las-2.29.14-p.m.png\" \/>\n\t<meta property=\"og:image:width\" content=\"786\" \/>\n\t<meta property=\"og:image:height\" content=\"814\" \/>\n\t<meta property=\"og:image:type\" content=\"image\/png\" \/>\n<meta name=\"twitter:card\" content=\"summary_large_image\" \/>\n<script type=\"application\/ld+json\" class=\"yoast-schema-graph\">{\"@context\":\"https:\\\/\\\/schema.org\",\"@graph\":[{\"@type\":\"WebPage\",\"@id\":\"https:\\\/\\\/dormalab.com\\\/fr\\\/produit\\\/filtres-standard-as-11-paquet-de-12\\\/\",\"url\":\"https:\\\/\\\/dormalab.com\\\/fr\\\/produit\\\/filtres-standard-as-11-paquet-de-12\\\/\",\"name\":\"Filtres standard AS 11 (paquet de 12) - Dorma Sleep Clinics\",\"isPartOf\":{\"@id\":\"https:\\\/\\\/dormalab.com\\\/fr\\\/#website\"},\"primaryImageOfPage\":{\"@id\":\"https:\\\/\\\/dormalab.com\\\/fr\\\/produit\\\/filtres-standard-as-11-paquet-de-12\\\/#primaryimage\"},\"image\":{\"@id\":\"https:\\\/\\\/dormalab.com\\\/fr\\\/produit\\\/filtres-standard-as-11-paquet-de-12\\\/#primaryimage\"},\"thumbnailUrl\":\"https:\\\/\\\/dormalab.com\\\/wp-content\\\/uploads\\\/2025\\\/12\\\/Captura-de-pantalla-2025-12-17-a-las-2.29.14-p.m.png\",\"datePublished\":\"2025-12-17T19:25:47+00:00\",\"dateModified\":\"2025-12-17T19:39:46+00:00\",\"breadcrumb\":{\"@id\":\"https:\\\/\\\/dormalab.com\\\/fr\\\/produit\\\/filtres-standard-as-11-paquet-de-12\\\/#breadcrumb\"},\"inLanguage\":\"fr-FR\",\"potentialAction\":[{\"@type\":\"ReadAction\",\"target\":[\"https:\\\/\\\/dormalab.com\\\/fr\\\/produit\\\/filtres-standard-as-11-paquet-de-12\\\/\"]}]},{\"@type\":\"ImageObject\",\"inLanguage\":\"fr-FR\",\"@id\":\"https:\\\/\\\/dormalab.com\\\/fr\\\/produit\\\/filtres-standard-as-11-paquet-de-12\\\/#primaryimage\",\"url\":\"https:\\\/\\\/dormalab.com\\\/wp-content\\\/uploads\\\/2025\\\/12\\\/Captura-de-pantalla-2025-12-17-a-las-2.29.14-p.m.png\",\"contentUrl\":\"https:\\\/\\\/dormalab.com\\\/wp-content\\\/uploads\\\/2025\\\/12\\\/Captura-de-pantalla-2025-12-17-a-las-2.29.14-p.m.png\",\"width\":786,\"height\":814},{\"@type\":\"BreadcrumbList\",\"@id\":\"https:\\\/\\\/dormalab.com\\\/fr\\\/produit\\\/filtres-standard-as-11-paquet-de-12\\\/#breadcrumb\",\"itemListElement\":[{\"@type\":\"ListItem\",\"position\":1,\"name\":\"Home\",\"item\":\"https:\\\/\\\/dormalab.com\\\/fr\\\/\"},{\"@type\":\"ListItem\",\"position\":2,\"name\":\"Boutique\",\"item\":\"https:\\\/\\\/dormalab.com\\\/fr\\\/boutique\\\/\"},{\"@type\":\"ListItem\",\"position\":3,\"name\":\"Filtres standard AS 11 (paquet de 12)\"}]},{\"@type\":\"WebSite\",\"@id\":\"https:\\\/\\\/dormalab.com\\\/fr\\\/#website\",\"url\":\"https:\\\/\\\/dormalab.com\\\/fr\\\/\",\"name\":\"Dorma Sleep Clinics\",\"description\":\"Sleep Well Live Well\",\"publisher\":{\"@id\":\"https:\\\/\\\/dormalab.com\\\/fr\\\/#organization\"},\"potentialAction\":[{\"@type\":\"SearchAction\",\"target\":{\"@type\":\"EntryPoint\",\"urlTemplate\":\"https:\\\/\\\/dormalab.com\\\/fr\\\/?s={search_term_string}\"},\"query-input\":{\"@type\":\"PropertyValueSpecification\",\"valueRequired\":true,\"valueName\":\"search_term_string\"}}],\"inLanguage\":\"fr-FR\"},{\"@type\":\"Organization\",\"@id\":\"https:\\\/\\\/dormalab.com\\\/fr\\\/#organization\",\"name\":\"Dorma Clinique Du Sommeil\",\"url\":\"https:\\\/\\\/dormalab.com\\\/fr\\\/\",\"logo\":{\"@type\":\"ImageObject\",\"inLanguage\":\"fr-FR\",\"@id\":\"https:\\\/\\\/dormalab.com\\\/fr\\\/#\\\/schema\\\/logo\\\/image\\\/\",\"url\":\"https:\\\/\\\/dormalab.com\\\/wp-content\\\/uploads\\\/2019\\\/10\\\/Dorma-Logotype-RGB-Black-scaled-e1578787470924.png\",\"contentUrl\":\"https:\\\/\\\/dormalab.com\\\/wp-content\\\/uploads\\\/2019\\\/10\\\/Dorma-Logotype-RGB-Black-scaled-e1578787470924.png\",\"width\":120,\"height\":25,\"caption\":\"Dorma Clinique Du Sommeil\"},\"image\":{\"@id\":\"https:\\\/\\\/dormalab.com\\\/fr\\\/#\\\/schema\\\/logo\\\/image\\\/\"}}]}<\/script>\n<!-- \/ Yoast SEO plugin. -->","yoast_head_json":{"title":"Filtres standard AS 11 (paquet de 12) - Dorma Sleep Clinics","robots":{"index":"index","follow":"follow","max-snippet":"max-snippet:-1","max-image-preview":"max-image-preview:large","max-video-preview":"max-video-preview:-1"},"canonical":"https:\/\/dormalab.com\/fr\/produit\/filtres-standard-as-11-paquet-de-12\/","og_locale":"fr_FR","og_type":"article","og_title":"Filtres standard AS 11 (paquet de 12) - Dorma Sleep Clinics","og_description":"Lot de 12 filtres de rechange standard pour appareils CPAP ResMed AirSense 11 et AirCurve 11, qui contribuent \u00e0 maintenir un air pur et \u00e0 prot\u00e9ger les appareils.","og_url":"https:\/\/dormalab.com\/fr\/produit\/filtres-standard-as-11-paquet-de-12\/","og_site_name":"Dorma Sleep Clinics","article_modified_time":"2025-12-17T19:39:46+00:00","og_image":[{"width":786,"height":814,"url":"https:\/\/dormalab.com\/wp-content\/uploads\/2025\/12\/Captura-de-pantalla-2025-12-17-a-las-2.29.14-p.m.png","type":"image\/png"}],"twitter_card":"summary_large_image","schema":{"@context":"https:\/\/schema.org","@graph":[{"@type":"WebPage","@id":"https:\/\/dormalab.com\/fr\/produit\/filtres-standard-as-11-paquet-de-12\/","url":"https:\/\/dormalab.com\/fr\/produit\/filtres-standard-as-11-paquet-de-12\/","name":"Filtres standard AS 11 (paquet de 12) - Dorma Sleep Clinics","isPartOf":{"@id":"https:\/\/dormalab.com\/fr\/#website"},"primaryImageOfPage":{"@id":"https:\/\/dormalab.com\/fr\/produit\/filtres-standard-as-11-paquet-de-12\/#primaryimage"},"image":{"@id":"https:\/\/dormalab.com\/fr\/produit\/filtres-standard-as-11-paquet-de-12\/#primaryimage"},"thumbnailUrl":"https:\/\/dormalab.com\/wp-content\/uploads\/2025\/12\/Captura-de-pantalla-2025-12-17-a-las-2.29.14-p.m.png","datePublished":"2025-12-17T19:25:47+00:00","dateModified":"2025-12-17T19:39:46+00:00","breadcrumb":{"@id":"https:\/\/dormalab.com\/fr\/produit\/filtres-standard-as-11-paquet-de-12\/#breadcrumb"},"inLanguage":"fr-FR","potentialAction":[{"@type":"ReadAction","target":["https:\/\/dormalab.com\/fr\/produit\/filtres-standard-as-11-paquet-de-12\/"]}]},{"@type":"ImageObject","inLanguage":"fr-FR","@id":"https:\/\/dormalab.com\/fr\/produit\/filtres-standard-as-11-paquet-de-12\/#primaryimage","url":"https:\/\/dormalab.com\/wp-content\/uploads\/2025\/12\/Captura-de-pantalla-2025-12-17-a-las-2.29.14-p.m.png","contentUrl":"https:\/\/dormalab.com\/wp-content\/uploads\/2025\/12\/Captura-de-pantalla-2025-12-17-a-las-2.29.14-p.m.png","width":786,"height":814},{"@type":"BreadcrumbList","@id":"https:\/\/dormalab.com\/fr\/produit\/filtres-standard-as-11-paquet-de-12\/#breadcrumb","itemListElement":[{"@type":"ListItem","position":1,"name":"Home","item":"https:\/\/dormalab.com\/fr\/"},{"@type":"ListItem","position":2,"name":"Boutique","item":"https:\/\/dormalab.com\/fr\/boutique\/"},{"@type":"ListItem","position":3,"name":"Filtres standard AS 11 (paquet de 12)"}]},{"@type":"WebSite","@id":"https:\/\/dormalab.com\/fr\/#website","url":"https:\/\/dormalab.com\/fr\/","name":"Dorma Sleep Clinics","description":"Sleep Well Live Well","publisher":{"@id":"https:\/\/dormalab.com\/fr\/#organization"},"potentialAction":[{"@type":"SearchAction","target":{"@type":"EntryPoint","urlTemplate":"https:\/\/dormalab.com\/fr\/?s={search_term_string}"},"query-input":{"@type":"PropertyValueSpecification","valueRequired":true,"valueName":"search_term_string"}}],"inLanguage":"fr-FR"},{"@type":"Organization","@id":"https:\/\/dormalab.com\/fr\/#organization","name":"Dorma Clinique Du Sommeil","url":"https:\/\/dormalab.com\/fr\/","logo":{"@type":"ImageObject","inLanguage":"fr-FR","@id":"https:\/\/dormalab.com\/fr\/#\/schema\/logo\/image\/","url":"https:\/\/dormalab.com\/wp-content\/uploads\/2019\/10\/Dorma-Logotype-RGB-Black-scaled-e1578787470924.png","contentUrl":"https:\/\/dormalab.com\/wp-content\/uploads\/2019\/10\/Dorma-Logotype-RGB-Black-scaled-e1578787470924.png","width":120,"height":25,"caption":"Dorma Clinique Du Sommeil"},"image":{"@id":"https:\/\/dormalab.com\/fr\/#\/schema\/logo\/image\/"}}]}},"_links":{"self":[{"href":"https:\/\/dormalab.com\/fr\/wp-json\/wp\/v2\/product\/42042","targetHints":{"allow":["GET"]}}],"collection":[{"href":"https:\/\/dormalab.com\/fr\/wp-json\/wp\/v2\/product"}],"about":[{"href":"https:\/\/dormalab.com\/fr\/wp-json\/wp\/v2\/types\/product"}],"version-history":[{"count":0,"href":"https:\/\/dormalab.com\/fr\/wp-json\/wp\/v2\/product\/42042\/revisions"}],"wp:featuredmedia":[{"embeddable":true,"href":"https:\/\/dormalab.com\/fr\/wp-json\/wp\/v2\/media\/42038"}],"wp:attachment":[{"href":"https:\/\/dormalab.com\/fr\/wp-json\/wp\/v2\/media?parent=42042"}],"wp:term":[{"taxonomy":"product_brand","embeddable":true,"href":"https:\/\/dormalab.com\/fr\/wp-json\/wp\/v2\/product_brand?post=42042"},{"taxonomy":"product_cat","embeddable":true,"href":"https:\/\/dormalab.com\/fr\/wp-json\/wp\/v2\/product_cat?post=42042"},{"taxonomy":"product_tag","embeddable":true,"href":"https:\/\/dormalab.com\/fr\/wp-json\/wp\/v2\/product_tag?post=42042"}],"curies":[{"name":"wp","href":"https:\/\/api.w.org\/{rel}","templated":true}]}}