{"id":42057,"date":"2025-12-17T16:33:39","date_gmt":"2025-12-17T21:33:39","guid":{"rendered":"https:\/\/dormalab.com\/product\/filtres-reguliers-as10-paquet-de-2\/"},"modified":"2025-12-17T16:40:54","modified_gmt":"2025-12-17T21:40:54","slug":"filtres-reguliers-as10-paquet-de-2","status":"publish","type":"product","link":"https:\/\/dormalab.com\/fr\/produit\/filtres-reguliers-as10-paquet-de-2\/","title":{"rendered":"Filtres r\u00e9guliers AS10 (paquet de 2)"},"content":{"rendered":"<p>Maintenez une th\u00e9rapie <a href=\"https:\/\/dormalab.com\/continuous-positive-airflow-pressure-cpap\/\" data-internallinksmanager029f6b8e52c=\"1\" title=\"Continuous Positive Airflow Pressure (CPAP)\">CPAP<\/a> propre et efficace gr\u00e2ce aux <strong data-start=\"176\" data-end=\"212\">filtres AS10 (lot de 2)<\/strong> . Con\u00e7us pour les appareils ResMed AirSense 10 et AirCurve 10, ces filtres de rechange retiennent la poussi\u00e8re, le pollen et autres particules en suspension dans l&rsquo;air. Faciles \u00e0 installer et \u00e0 remplacer, ils prot\u00e8gent votre appareil et garantissent un flux d&rsquo;air propre pour un confort optimal durant la nuit. Id\u00e9aux pour l&rsquo;entretien courant, ces filtres contribuent au bon fonctionnement de votre appareil CPAP.   <\/p>\n","protected":false},"excerpt":{"rendered":"<p>Lot de deux filtres de rechange pour appareils CPAP ResMed AirSense 10, qui contribuent \u00e0 maintenir un flux d&rsquo;air propre et \u00e0 prot\u00e9ger les appareils.<\/p>\n","protected":false},"featured_media":42053,"template":"","meta":[],"product_brand":[368],"product_cat":[375],"product_tag":[],"class_list":{"0":"post-42057","1":"product","2":"type-product","3":"status-publish","4":"has-post-thumbnail","6":"product_brand-resmed","7":"product_cat-filtres","9":"first","10":"instock","11":"shipping-taxable","12":"purchasable","13":"product-type-simple"},"yoast_head":"<!-- This site is optimized with the Yoast SEO plugin v27.5 - https:\/\/yoast.com\/product\/yoast-seo-wordpress\/ -->\n<title>Filtres r\u00e9guliers AS10 (paquet de 2) - Dorma Sleep Clinics<\/title>\n<meta name=\"robots\" content=\"index, follow, max-snippet:-1, max-image-preview:large, max-video-preview:-1\" \/>\n<link rel=\"canonical\" href=\"https:\/\/dormalab.com\/fr\/produit\/filtres-reguliers-as10-paquet-de-2\/\" \/>\n<meta property=\"og:locale\" content=\"fr_FR\" \/>\n<meta property=\"og:type\" content=\"article\" \/>\n<meta property=\"og:title\" content=\"Filtres r\u00e9guliers AS10 (paquet de 2) - Dorma Sleep Clinics\" \/>\n<meta property=\"og:description\" content=\"Lot de deux filtres de rechange pour appareils CPAP ResMed AirSense 10, qui contribuent \u00e0 maintenir un flux d&#039;air propre et \u00e0 prot\u00e9ger les appareils.\" \/>\n<meta property=\"og:url\" content=\"https:\/\/dormalab.com\/fr\/produit\/filtres-reguliers-as10-paquet-de-2\/\" \/>\n<meta property=\"og:site_name\" content=\"Dorma Sleep Clinics\" \/>\n<meta property=\"article:modified_time\" content=\"2025-12-17T21:40:54+00:00\" \/>\n<meta property=\"og:image\" content=\"https:\/\/dormalab.com\/wp-content\/uploads\/2025\/12\/Captura-de-pantalla-2025-12-17-a-las-4.38.37-p.m.png\" \/>\n\t<meta property=\"og:image:width\" content=\"682\" \/>\n\t<meta property=\"og:image:height\" content=\"668\" \/>\n\t<meta property=\"og:image:type\" content=\"image\/png\" \/>\n<meta name=\"twitter:card\" content=\"summary_large_image\" \/>\n<script type=\"application\/ld+json\" class=\"yoast-schema-graph\">{\"@context\":\"https:\\\/\\\/schema.org\",\"@graph\":[{\"@type\":\"WebPage\",\"@id\":\"https:\\\/\\\/dormalab.com\\\/fr\\\/produit\\\/filtres-reguliers-as10-paquet-de-2\\\/\",\"url\":\"https:\\\/\\\/dormalab.com\\\/fr\\\/produit\\\/filtres-reguliers-as10-paquet-de-2\\\/\",\"name\":\"Filtres r\u00e9guliers AS10 (paquet de 2) - Dorma Sleep Clinics\",\"isPartOf\":{\"@id\":\"https:\\\/\\\/dormalab.com\\\/fr\\\/#website\"},\"primaryImageOfPage\":{\"@id\":\"https:\\\/\\\/dormalab.com\\\/fr\\\/produit\\\/filtres-reguliers-as10-paquet-de-2\\\/#primaryimage\"},\"image\":{\"@id\":\"https:\\\/\\\/dormalab.com\\\/fr\\\/produit\\\/filtres-reguliers-as10-paquet-de-2\\\/#primaryimage\"},\"thumbnailUrl\":\"https:\\\/\\\/dormalab.com\\\/wp-content\\\/uploads\\\/2025\\\/12\\\/Captura-de-pantalla-2025-12-17-a-las-4.38.37-p.m.png\",\"datePublished\":\"2025-12-17T21:33:39+00:00\",\"dateModified\":\"2025-12-17T21:40:54+00:00\",\"breadcrumb\":{\"@id\":\"https:\\\/\\\/dormalab.com\\\/fr\\\/produit\\\/filtres-reguliers-as10-paquet-de-2\\\/#breadcrumb\"},\"inLanguage\":\"fr-FR\",\"potentialAction\":[{\"@type\":\"ReadAction\",\"target\":[\"https:\\\/\\\/dormalab.com\\\/fr\\\/produit\\\/filtres-reguliers-as10-paquet-de-2\\\/\"]}]},{\"@type\":\"ImageObject\",\"inLanguage\":\"fr-FR\",\"@id\":\"https:\\\/\\\/dormalab.com\\\/fr\\\/produit\\\/filtres-reguliers-as10-paquet-de-2\\\/#primaryimage\",\"url\":\"https:\\\/\\\/dormalab.com\\\/wp-content\\\/uploads\\\/2025\\\/12\\\/Captura-de-pantalla-2025-12-17-a-las-4.38.37-p.m.png\",\"contentUrl\":\"https:\\\/\\\/dormalab.com\\\/wp-content\\\/uploads\\\/2025\\\/12\\\/Captura-de-pantalla-2025-12-17-a-las-4.38.37-p.m.png\",\"width\":682,\"height\":668},{\"@type\":\"BreadcrumbList\",\"@id\":\"https:\\\/\\\/dormalab.com\\\/fr\\\/produit\\\/filtres-reguliers-as10-paquet-de-2\\\/#breadcrumb\",\"itemListElement\":[{\"@type\":\"ListItem\",\"position\":1,\"name\":\"Home\",\"item\":\"https:\\\/\\\/dormalab.com\\\/fr\\\/\"},{\"@type\":\"ListItem\",\"position\":2,\"name\":\"Boutique\",\"item\":\"https:\\\/\\\/dormalab.com\\\/fr\\\/boutique\\\/\"},{\"@type\":\"ListItem\",\"position\":3,\"name\":\"Filtres r\u00e9guliers AS10 (paquet de 2)\"}]},{\"@type\":\"WebSite\",\"@id\":\"https:\\\/\\\/dormalab.com\\\/fr\\\/#website\",\"url\":\"https:\\\/\\\/dormalab.com\\\/fr\\\/\",\"name\":\"Dorma Sleep Clinics\",\"description\":\"Sleep Well Live Well\",\"publisher\":{\"@id\":\"https:\\\/\\\/dormalab.com\\\/fr\\\/#organization\"},\"potentialAction\":[{\"@type\":\"SearchAction\",\"target\":{\"@type\":\"EntryPoint\",\"urlTemplate\":\"https:\\\/\\\/dormalab.com\\\/fr\\\/?s={search_term_string}\"},\"query-input\":{\"@type\":\"PropertyValueSpecification\",\"valueRequired\":true,\"valueName\":\"search_term_string\"}}],\"inLanguage\":\"fr-FR\"},{\"@type\":\"Organization\",\"@id\":\"https:\\\/\\\/dormalab.com\\\/fr\\\/#organization\",\"name\":\"Dorma Clinique Du Sommeil\",\"url\":\"https:\\\/\\\/dormalab.com\\\/fr\\\/\",\"logo\":{\"@type\":\"ImageObject\",\"inLanguage\":\"fr-FR\",\"@id\":\"https:\\\/\\\/dormalab.com\\\/fr\\\/#\\\/schema\\\/logo\\\/image\\\/\",\"url\":\"https:\\\/\\\/dormalab.com\\\/wp-content\\\/uploads\\\/2019\\\/10\\\/Dorma-Logotype-RGB-Black-scaled-e1578787470924.png\",\"contentUrl\":\"https:\\\/\\\/dormalab.com\\\/wp-content\\\/uploads\\\/2019\\\/10\\\/Dorma-Logotype-RGB-Black-scaled-e1578787470924.png\",\"width\":120,\"height\":25,\"caption\":\"Dorma Clinique Du Sommeil\"},\"image\":{\"@id\":\"https:\\\/\\\/dormalab.com\\\/fr\\\/#\\\/schema\\\/logo\\\/image\\\/\"}}]}<\/script>\n<!-- \/ Yoast SEO plugin. -->","yoast_head_json":{"title":"Filtres r\u00e9guliers AS10 (paquet de 2) - Dorma Sleep Clinics","robots":{"index":"index","follow":"follow","max-snippet":"max-snippet:-1","max-image-preview":"max-image-preview:large","max-video-preview":"max-video-preview:-1"},"canonical":"https:\/\/dormalab.com\/fr\/produit\/filtres-reguliers-as10-paquet-de-2\/","og_locale":"fr_FR","og_type":"article","og_title":"Filtres r\u00e9guliers AS10 (paquet de 2) - Dorma Sleep Clinics","og_description":"Lot de deux filtres de rechange pour appareils CPAP ResMed AirSense 10, qui contribuent \u00e0 maintenir un flux d'air propre et \u00e0 prot\u00e9ger les appareils.","og_url":"https:\/\/dormalab.com\/fr\/produit\/filtres-reguliers-as10-paquet-de-2\/","og_site_name":"Dorma Sleep Clinics","article_modified_time":"2025-12-17T21:40:54+00:00","og_image":[{"width":682,"height":668,"url":"https:\/\/dormalab.com\/wp-content\/uploads\/2025\/12\/Captura-de-pantalla-2025-12-17-a-las-4.38.37-p.m.png","type":"image\/png"}],"twitter_card":"summary_large_image","schema":{"@context":"https:\/\/schema.org","@graph":[{"@type":"WebPage","@id":"https:\/\/dormalab.com\/fr\/produit\/filtres-reguliers-as10-paquet-de-2\/","url":"https:\/\/dormalab.com\/fr\/produit\/filtres-reguliers-as10-paquet-de-2\/","name":"Filtres r\u00e9guliers AS10 (paquet de 2) - Dorma Sleep Clinics","isPartOf":{"@id":"https:\/\/dormalab.com\/fr\/#website"},"primaryImageOfPage":{"@id":"https:\/\/dormalab.com\/fr\/produit\/filtres-reguliers-as10-paquet-de-2\/#primaryimage"},"image":{"@id":"https:\/\/dormalab.com\/fr\/produit\/filtres-reguliers-as10-paquet-de-2\/#primaryimage"},"thumbnailUrl":"https:\/\/dormalab.com\/wp-content\/uploads\/2025\/12\/Captura-de-pantalla-2025-12-17-a-las-4.38.37-p.m.png","datePublished":"2025-12-17T21:33:39+00:00","dateModified":"2025-12-17T21:40:54+00:00","breadcrumb":{"@id":"https:\/\/dormalab.com\/fr\/produit\/filtres-reguliers-as10-paquet-de-2\/#breadcrumb"},"inLanguage":"fr-FR","potentialAction":[{"@type":"ReadAction","target":["https:\/\/dormalab.com\/fr\/produit\/filtres-reguliers-as10-paquet-de-2\/"]}]},{"@type":"ImageObject","inLanguage":"fr-FR","@id":"https:\/\/dormalab.com\/fr\/produit\/filtres-reguliers-as10-paquet-de-2\/#primaryimage","url":"https:\/\/dormalab.com\/wp-content\/uploads\/2025\/12\/Captura-de-pantalla-2025-12-17-a-las-4.38.37-p.m.png","contentUrl":"https:\/\/dormalab.com\/wp-content\/uploads\/2025\/12\/Captura-de-pantalla-2025-12-17-a-las-4.38.37-p.m.png","width":682,"height":668},{"@type":"BreadcrumbList","@id":"https:\/\/dormalab.com\/fr\/produit\/filtres-reguliers-as10-paquet-de-2\/#breadcrumb","itemListElement":[{"@type":"ListItem","position":1,"name":"Home","item":"https:\/\/dormalab.com\/fr\/"},{"@type":"ListItem","position":2,"name":"Boutique","item":"https:\/\/dormalab.com\/fr\/boutique\/"},{"@type":"ListItem","position":3,"name":"Filtres r\u00e9guliers AS10 (paquet de 2)"}]},{"@type":"WebSite","@id":"https:\/\/dormalab.com\/fr\/#website","url":"https:\/\/dormalab.com\/fr\/","name":"Dorma Sleep Clinics","description":"Sleep Well Live Well","publisher":{"@id":"https:\/\/dormalab.com\/fr\/#organization"},"potentialAction":[{"@type":"SearchAction","target":{"@type":"EntryPoint","urlTemplate":"https:\/\/dormalab.com\/fr\/?s={search_term_string}"},"query-input":{"@type":"PropertyValueSpecification","valueRequired":true,"valueName":"search_term_string"}}],"inLanguage":"fr-FR"},{"@type":"Organization","@id":"https:\/\/dormalab.com\/fr\/#organization","name":"Dorma Clinique Du Sommeil","url":"https:\/\/dormalab.com\/fr\/","logo":{"@type":"ImageObject","inLanguage":"fr-FR","@id":"https:\/\/dormalab.com\/fr\/#\/schema\/logo\/image\/","url":"https:\/\/dormalab.com\/wp-content\/uploads\/2019\/10\/Dorma-Logotype-RGB-Black-scaled-e1578787470924.png","contentUrl":"https:\/\/dormalab.com\/wp-content\/uploads\/2019\/10\/Dorma-Logotype-RGB-Black-scaled-e1578787470924.png","width":120,"height":25,"caption":"Dorma Clinique Du Sommeil"},"image":{"@id":"https:\/\/dormalab.com\/fr\/#\/schema\/logo\/image\/"}}]}},"_links":{"self":[{"href":"https:\/\/dormalab.com\/fr\/wp-json\/wp\/v2\/product\/42057","targetHints":{"allow":["GET"]}}],"collection":[{"href":"https:\/\/dormalab.com\/fr\/wp-json\/wp\/v2\/product"}],"about":[{"href":"https:\/\/dormalab.com\/fr\/wp-json\/wp\/v2\/types\/product"}],"version-history":[{"count":0,"href":"https:\/\/dormalab.com\/fr\/wp-json\/wp\/v2\/product\/42057\/revisions"}],"wp:featuredmedia":[{"embeddable":true,"href":"https:\/\/dormalab.com\/fr\/wp-json\/wp\/v2\/media\/42053"}],"wp:attachment":[{"href":"https:\/\/dormalab.com\/fr\/wp-json\/wp\/v2\/media?parent=42057"}],"wp:term":[{"taxonomy":"product_brand","embeddable":true,"href":"https:\/\/dormalab.com\/fr\/wp-json\/wp\/v2\/product_brand?post=42057"},{"taxonomy":"product_cat","embeddable":true,"href":"https:\/\/dormalab.com\/fr\/wp-json\/wp\/v2\/product_cat?post=42057"},{"taxonomy":"product_tag","embeddable":true,"href":"https:\/\/dormalab.com\/fr\/wp-json\/wp\/v2\/product_tag?post=42057"}],"curies":[{"name":"wp","href":"https:\/\/api.w.org\/{rel}","templated":true}]}}