{"id":42065,"date":"2025-12-19T10:02:51","date_gmt":"2025-12-19T15:02:51","guid":{"rendered":"https:\/\/dormalab.com\/product\/filtre-standard-airmini-paquet-de-2\/"},"modified":"2025-12-19T10:16:20","modified_gmt":"2025-12-19T15:16:20","slug":"filtre-standard-airmini-paquet-de-2","status":"publish","type":"product","link":"https:\/\/dormalab.com\/fr\/produit\/filtre-standard-airmini-paquet-de-2\/","title":{"rendered":"Filtre standard AirMini (paquet de 2)"},"content":{"rendered":"<p>Ces filtres de rechange standard sont sp\u00e9cialement con\u00e7us pour l&rsquo;appareil <a href=\"https:\/\/dormalab.com\/continuous-positive-airflow-pressure-cpap\/\" data-internallinksmanager029f6b8e52c=\"1\" title=\"Continuous Positive Airflow Pressure (CPAP)\">CPAP<\/a> de voyage ResMed AirMini. Ils retiennent les poussi\u00e8res fines, les salet\u00e9s et les particules en suspension dans l&rsquo;air avant qu&rsquo;elles ne p\u00e9n\u00e8trent dans votre appareil et vos voies respiratoires, assurant ainsi un flux d&rsquo;air plus propre et un traitement efficace de l&rsquo;apn\u00e9e du sommeil. Ces filtres sont jetables et non lavables. Ils doivent \u00eatre remplac\u00e9s r\u00e9guli\u00e8rement (g\u00e9n\u00e9ralement tous les deux ou trois mois, ou plus t\u00f4t s&rsquo;ils sont visiblement sales) afin de maintenir leurs performances et de pr\u00e9server votre appareil et votre confort respiratoire. Chaque paquet contient deux filtres.   <\/p>\n","protected":false},"excerpt":{"rendered":"<p>Filtres de rechange standard pour l&rsquo;appareil CPAP de voyage AirMini. Ils emp\u00eachent la poussi\u00e8re, les particules fines et les d\u00e9bris de p\u00e9n\u00e9trer dans l&rsquo;appareil, contribuant ainsi \u00e0 maintenir un air th\u00e9rapeutique propre et un fonctionnement optimal. \u00c0 usage unique \u2013 \u00e0 remplacer r\u00e9guli\u00e8rement. <\/p>\n","protected":false},"featured_media":42061,"template":"","meta":[],"product_brand":[368],"product_cat":[375],"product_tag":[],"class_list":{"0":"post-42065","1":"product","2":"type-product","3":"status-publish","4":"has-post-thumbnail","6":"product_brand-resmed","7":"product_cat-filtres","9":"first","10":"instock","11":"shipping-taxable","12":"purchasable","13":"product-type-simple"},"yoast_head":"<!-- This site is optimized with the Yoast SEO plugin v27.5 - https:\/\/yoast.com\/product\/yoast-seo-wordpress\/ -->\n<title>Filtre standard AirMini (paquet de 2) - Dorma Sleep Clinics<\/title>\n<meta name=\"robots\" content=\"index, follow, max-snippet:-1, max-image-preview:large, max-video-preview:-1\" \/>\n<link rel=\"canonical\" href=\"https:\/\/dormalab.com\/fr\/produit\/filtre-standard-airmini-paquet-de-2\/\" \/>\n<meta property=\"og:locale\" content=\"fr_FR\" \/>\n<meta property=\"og:type\" content=\"article\" \/>\n<meta property=\"og:title\" content=\"Filtre standard AirMini (paquet de 2) - Dorma Sleep Clinics\" \/>\n<meta property=\"og:description\" content=\"Filtres de rechange standard pour l&#039;appareil CPAP de voyage AirMini. Ils emp\u00eachent la poussi\u00e8re, les particules fines et les d\u00e9bris de p\u00e9n\u00e9trer dans l&#039;appareil, contribuant ainsi \u00e0 maintenir un air th\u00e9rapeutique propre et un fonctionnement optimal. \u00c0 usage unique \u2013 \u00e0 remplacer r\u00e9guli\u00e8rement.\" \/>\n<meta property=\"og:url\" content=\"https:\/\/dormalab.com\/fr\/produit\/filtre-standard-airmini-paquet-de-2\/\" \/>\n<meta property=\"og:site_name\" content=\"Dorma Sleep Clinics\" \/>\n<meta property=\"article:modified_time\" content=\"2025-12-19T15:16:20+00:00\" \/>\n<meta property=\"og:image\" content=\"https:\/\/dormalab.com\/wp-content\/uploads\/2025\/12\/Capture.png\" \/>\n\t<meta property=\"og:image:width\" content=\"415\" \/>\n\t<meta property=\"og:image:height\" content=\"428\" \/>\n\t<meta property=\"og:image:type\" content=\"image\/png\" \/>\n<meta name=\"twitter:card\" content=\"summary_large_image\" \/>\n<meta name=\"twitter:label1\" content=\"Dur\u00e9e de lecture estim\u00e9e\" \/>\n\t<meta name=\"twitter:data1\" content=\"1 minute\" \/>\n<script type=\"application\/ld+json\" class=\"yoast-schema-graph\">{\"@context\":\"https:\\\/\\\/schema.org\",\"@graph\":[{\"@type\":\"WebPage\",\"@id\":\"https:\\\/\\\/dormalab.com\\\/fr\\\/produit\\\/filtre-standard-airmini-paquet-de-2\\\/\",\"url\":\"https:\\\/\\\/dormalab.com\\\/fr\\\/produit\\\/filtre-standard-airmini-paquet-de-2\\\/\",\"name\":\"Filtre standard AirMini (paquet de 2) - Dorma Sleep Clinics\",\"isPartOf\":{\"@id\":\"https:\\\/\\\/dormalab.com\\\/fr\\\/#website\"},\"primaryImageOfPage\":{\"@id\":\"https:\\\/\\\/dormalab.com\\\/fr\\\/produit\\\/filtre-standard-airmini-paquet-de-2\\\/#primaryimage\"},\"image\":{\"@id\":\"https:\\\/\\\/dormalab.com\\\/fr\\\/produit\\\/filtre-standard-airmini-paquet-de-2\\\/#primaryimage\"},\"thumbnailUrl\":\"https:\\\/\\\/dormalab.com\\\/wp-content\\\/uploads\\\/2025\\\/12\\\/Capture.png\",\"datePublished\":\"2025-12-19T15:02:51+00:00\",\"dateModified\":\"2025-12-19T15:16:20+00:00\",\"breadcrumb\":{\"@id\":\"https:\\\/\\\/dormalab.com\\\/fr\\\/produit\\\/filtre-standard-airmini-paquet-de-2\\\/#breadcrumb\"},\"inLanguage\":\"fr-FR\",\"potentialAction\":[{\"@type\":\"ReadAction\",\"target\":[\"https:\\\/\\\/dormalab.com\\\/fr\\\/produit\\\/filtre-standard-airmini-paquet-de-2\\\/\"]}]},{\"@type\":\"ImageObject\",\"inLanguage\":\"fr-FR\",\"@id\":\"https:\\\/\\\/dormalab.com\\\/fr\\\/produit\\\/filtre-standard-airmini-paquet-de-2\\\/#primaryimage\",\"url\":\"https:\\\/\\\/dormalab.com\\\/wp-content\\\/uploads\\\/2025\\\/12\\\/Capture.png\",\"contentUrl\":\"https:\\\/\\\/dormalab.com\\\/wp-content\\\/uploads\\\/2025\\\/12\\\/Capture.png\",\"width\":415,\"height\":428},{\"@type\":\"BreadcrumbList\",\"@id\":\"https:\\\/\\\/dormalab.com\\\/fr\\\/produit\\\/filtre-standard-airmini-paquet-de-2\\\/#breadcrumb\",\"itemListElement\":[{\"@type\":\"ListItem\",\"position\":1,\"name\":\"Home\",\"item\":\"https:\\\/\\\/dormalab.com\\\/fr\\\/\"},{\"@type\":\"ListItem\",\"position\":2,\"name\":\"Boutique\",\"item\":\"https:\\\/\\\/dormalab.com\\\/fr\\\/boutique\\\/\"},{\"@type\":\"ListItem\",\"position\":3,\"name\":\"Filtre standard AirMini (paquet de 2)\"}]},{\"@type\":\"WebSite\",\"@id\":\"https:\\\/\\\/dormalab.com\\\/fr\\\/#website\",\"url\":\"https:\\\/\\\/dormalab.com\\\/fr\\\/\",\"name\":\"Dorma Sleep Clinics\",\"description\":\"Sleep Well Live Well\",\"publisher\":{\"@id\":\"https:\\\/\\\/dormalab.com\\\/fr\\\/#organization\"},\"potentialAction\":[{\"@type\":\"SearchAction\",\"target\":{\"@type\":\"EntryPoint\",\"urlTemplate\":\"https:\\\/\\\/dormalab.com\\\/fr\\\/?s={search_term_string}\"},\"query-input\":{\"@type\":\"PropertyValueSpecification\",\"valueRequired\":true,\"valueName\":\"search_term_string\"}}],\"inLanguage\":\"fr-FR\"},{\"@type\":\"Organization\",\"@id\":\"https:\\\/\\\/dormalab.com\\\/fr\\\/#organization\",\"name\":\"Dorma Clinique Du Sommeil\",\"url\":\"https:\\\/\\\/dormalab.com\\\/fr\\\/\",\"logo\":{\"@type\":\"ImageObject\",\"inLanguage\":\"fr-FR\",\"@id\":\"https:\\\/\\\/dormalab.com\\\/fr\\\/#\\\/schema\\\/logo\\\/image\\\/\",\"url\":\"https:\\\/\\\/dormalab.com\\\/wp-content\\\/uploads\\\/2019\\\/10\\\/Dorma-Logotype-RGB-Black-scaled-e1578787470924.png\",\"contentUrl\":\"https:\\\/\\\/dormalab.com\\\/wp-content\\\/uploads\\\/2019\\\/10\\\/Dorma-Logotype-RGB-Black-scaled-e1578787470924.png\",\"width\":120,\"height\":25,\"caption\":\"Dorma Clinique Du Sommeil\"},\"image\":{\"@id\":\"https:\\\/\\\/dormalab.com\\\/fr\\\/#\\\/schema\\\/logo\\\/image\\\/\"}}]}<\/script>\n<!-- \/ Yoast SEO plugin. -->","yoast_head_json":{"title":"Filtre standard AirMini (paquet de 2) - Dorma Sleep Clinics","robots":{"index":"index","follow":"follow","max-snippet":"max-snippet:-1","max-image-preview":"max-image-preview:large","max-video-preview":"max-video-preview:-1"},"canonical":"https:\/\/dormalab.com\/fr\/produit\/filtre-standard-airmini-paquet-de-2\/","og_locale":"fr_FR","og_type":"article","og_title":"Filtre standard AirMini (paquet de 2) - Dorma Sleep Clinics","og_description":"Filtres de rechange standard pour l'appareil CPAP de voyage AirMini. Ils emp\u00eachent la poussi\u00e8re, les particules fines et les d\u00e9bris de p\u00e9n\u00e9trer dans l'appareil, contribuant ainsi \u00e0 maintenir un air th\u00e9rapeutique propre et un fonctionnement optimal. \u00c0 usage unique \u2013 \u00e0 remplacer r\u00e9guli\u00e8rement.","og_url":"https:\/\/dormalab.com\/fr\/produit\/filtre-standard-airmini-paquet-de-2\/","og_site_name":"Dorma Sleep Clinics","article_modified_time":"2025-12-19T15:16:20+00:00","og_image":[{"width":415,"height":428,"url":"https:\/\/dormalab.com\/wp-content\/uploads\/2025\/12\/Capture.png","type":"image\/png"}],"twitter_card":"summary_large_image","twitter_misc":{"Dur\u00e9e de lecture estim\u00e9e":"1 minute"},"schema":{"@context":"https:\/\/schema.org","@graph":[{"@type":"WebPage","@id":"https:\/\/dormalab.com\/fr\/produit\/filtre-standard-airmini-paquet-de-2\/","url":"https:\/\/dormalab.com\/fr\/produit\/filtre-standard-airmini-paquet-de-2\/","name":"Filtre standard AirMini (paquet de 2) - Dorma Sleep Clinics","isPartOf":{"@id":"https:\/\/dormalab.com\/fr\/#website"},"primaryImageOfPage":{"@id":"https:\/\/dormalab.com\/fr\/produit\/filtre-standard-airmini-paquet-de-2\/#primaryimage"},"image":{"@id":"https:\/\/dormalab.com\/fr\/produit\/filtre-standard-airmini-paquet-de-2\/#primaryimage"},"thumbnailUrl":"https:\/\/dormalab.com\/wp-content\/uploads\/2025\/12\/Capture.png","datePublished":"2025-12-19T15:02:51+00:00","dateModified":"2025-12-19T15:16:20+00:00","breadcrumb":{"@id":"https:\/\/dormalab.com\/fr\/produit\/filtre-standard-airmini-paquet-de-2\/#breadcrumb"},"inLanguage":"fr-FR","potentialAction":[{"@type":"ReadAction","target":["https:\/\/dormalab.com\/fr\/produit\/filtre-standard-airmini-paquet-de-2\/"]}]},{"@type":"ImageObject","inLanguage":"fr-FR","@id":"https:\/\/dormalab.com\/fr\/produit\/filtre-standard-airmini-paquet-de-2\/#primaryimage","url":"https:\/\/dormalab.com\/wp-content\/uploads\/2025\/12\/Capture.png","contentUrl":"https:\/\/dormalab.com\/wp-content\/uploads\/2025\/12\/Capture.png","width":415,"height":428},{"@type":"BreadcrumbList","@id":"https:\/\/dormalab.com\/fr\/produit\/filtre-standard-airmini-paquet-de-2\/#breadcrumb","itemListElement":[{"@type":"ListItem","position":1,"name":"Home","item":"https:\/\/dormalab.com\/fr\/"},{"@type":"ListItem","position":2,"name":"Boutique","item":"https:\/\/dormalab.com\/fr\/boutique\/"},{"@type":"ListItem","position":3,"name":"Filtre standard AirMini (paquet de 2)"}]},{"@type":"WebSite","@id":"https:\/\/dormalab.com\/fr\/#website","url":"https:\/\/dormalab.com\/fr\/","name":"Dorma Sleep Clinics","description":"Sleep Well Live Well","publisher":{"@id":"https:\/\/dormalab.com\/fr\/#organization"},"potentialAction":[{"@type":"SearchAction","target":{"@type":"EntryPoint","urlTemplate":"https:\/\/dormalab.com\/fr\/?s={search_term_string}"},"query-input":{"@type":"PropertyValueSpecification","valueRequired":true,"valueName":"search_term_string"}}],"inLanguage":"fr-FR"},{"@type":"Organization","@id":"https:\/\/dormalab.com\/fr\/#organization","name":"Dorma Clinique Du Sommeil","url":"https:\/\/dormalab.com\/fr\/","logo":{"@type":"ImageObject","inLanguage":"fr-FR","@id":"https:\/\/dormalab.com\/fr\/#\/schema\/logo\/image\/","url":"https:\/\/dormalab.com\/wp-content\/uploads\/2019\/10\/Dorma-Logotype-RGB-Black-scaled-e1578787470924.png","contentUrl":"https:\/\/dormalab.com\/wp-content\/uploads\/2019\/10\/Dorma-Logotype-RGB-Black-scaled-e1578787470924.png","width":120,"height":25,"caption":"Dorma Clinique Du Sommeil"},"image":{"@id":"https:\/\/dormalab.com\/fr\/#\/schema\/logo\/image\/"}}]}},"_links":{"self":[{"href":"https:\/\/dormalab.com\/fr\/wp-json\/wp\/v2\/product\/42065","targetHints":{"allow":["GET"]}}],"collection":[{"href":"https:\/\/dormalab.com\/fr\/wp-json\/wp\/v2\/product"}],"about":[{"href":"https:\/\/dormalab.com\/fr\/wp-json\/wp\/v2\/types\/product"}],"version-history":[{"count":0,"href":"https:\/\/dormalab.com\/fr\/wp-json\/wp\/v2\/product\/42065\/revisions"}],"wp:featuredmedia":[{"embeddable":true,"href":"https:\/\/dormalab.com\/fr\/wp-json\/wp\/v2\/media\/42061"}],"wp:attachment":[{"href":"https:\/\/dormalab.com\/fr\/wp-json\/wp\/v2\/media?parent=42065"}],"wp:term":[{"taxonomy":"product_brand","embeddable":true,"href":"https:\/\/dormalab.com\/fr\/wp-json\/wp\/v2\/product_brand?post=42065"},{"taxonomy":"product_cat","embeddable":true,"href":"https:\/\/dormalab.com\/fr\/wp-json\/wp\/v2\/product_cat?post=42065"},{"taxonomy":"product_tag","embeddable":true,"href":"https:\/\/dormalab.com\/fr\/wp-json\/wp\/v2\/product_tag?post=42065"}],"curies":[{"name":"wp","href":"https:\/\/api.w.org\/{rel}","templated":true}]}}