{"id":42109,"date":"2025-12-19T15:49:33","date_gmt":"2025-12-19T20:49:33","guid":{"rendered":"https:\/\/dormalab.com\/product\/harnais-moyen-pour-airfit-n20\/"},"modified":"2025-12-19T16:00:38","modified_gmt":"2025-12-19T21:00:38","slug":"harnais-moyen-pour-airfit-n20","status":"publish","type":"product","link":"https:\/\/dormalab.com\/fr\/produit\/harnais-moyen-pour-airfit-n20\/","title":{"rendered":"Harnais moyen pour Airfit N20"},"content":{"rendered":"<p data-start=\"520\" data-end=\"919\">Le harnais AirFit N20 Medium est un harnais de remplacement con\u00e7u pour les masques nasaux <a href=\"https:\/\/dormalab.com\/continuous-positive-airflow-pressure-cpap\/\" data-internallinksmanager029f6b8e52c=\"1\" title=\"Continuous Positive Airflow Pressure (CPAP)\">CPAP<\/a> ResMed AirFit N20 et AirTouch N20. De taille moyenne\/standard, il convient aux personnes dont le tour de t\u00eate se situe entre les tailles S et L, assurant un maintien confortable et s\u00fbr et une \u00e9tanch\u00e9it\u00e9 optimale pour une th\u00e9rapie efficace. <\/p>\n<p data-start=\"921\" data-end=\"1258\">Fabriqu\u00e9 dans des mat\u00e9riaux doux et moelleux, ce harnais minimise les marques de pression et reste stable toute la nuit pendant votre sommeil. Les clips magn\u00e9tiques sur les sangles inf\u00e9rieures permettent de fixer ou de retirer le masque rapidement et facilement, sans avoir \u00e0 r\u00e9ajuster les r\u00e9glages, pour une utilisation nocturne plus pratique. <\/p>\n","protected":false},"excerpt":{"rendered":"<p>Harnais de rechange de taille moyenne pour les masques nasaux CPAP ResMed AirFit N20 et AirTouch N20. Les sangles souples et r\u00e9glables avec clips magn\u00e9tiques assurent un maintien s\u00fbr et confortable du masque toute la nuit, et facilitent sa mise en place et son retrait. <\/p>\n","protected":false},"featured_media":42105,"template":"","meta":[],"product_brand":[368],"product_cat":[380],"product_tag":[],"class_list":{"0":"post-42109","1":"product","2":"type-product","3":"status-publish","4":"has-post-thumbnail","6":"product_brand-resmed","7":"product_cat-courroie","9":"first","10":"instock","11":"shipping-taxable","12":"purchasable","13":"product-type-simple"},"yoast_head":"<!-- This site is optimized with the Yoast SEO plugin v27.3 - https:\/\/yoast.com\/product\/yoast-seo-wordpress\/ -->\n<title>Harnais moyen pour Airfit N20 - Dorma Sleep Clinics<\/title>\n<meta name=\"robots\" content=\"index, follow, max-snippet:-1, max-image-preview:large, max-video-preview:-1\" \/>\n<link rel=\"canonical\" href=\"https:\/\/dormalab.com\/fr\/produit\/harnais-moyen-pour-airfit-n20\/\" \/>\n<meta property=\"og:locale\" content=\"fr_FR\" \/>\n<meta property=\"og:type\" content=\"article\" \/>\n<meta property=\"og:title\" content=\"Harnais moyen pour Airfit N20 - Dorma Sleep Clinics\" \/>\n<meta property=\"og:description\" content=\"Harnais de rechange de taille moyenne pour les masques nasaux CPAP ResMed AirFit N20 et AirTouch N20. Les sangles souples et r\u00e9glables avec clips magn\u00e9tiques assurent un maintien s\u00fbr et confortable du masque toute la nuit, et facilitent sa mise en place et son retrait.\" \/>\n<meta property=\"og:url\" content=\"https:\/\/dormalab.com\/fr\/produit\/harnais-moyen-pour-airfit-n20\/\" \/>\n<meta property=\"og:site_name\" content=\"Dorma Sleep Clinics\" \/>\n<meta property=\"article:modified_time\" content=\"2025-12-19T21:00:38+00:00\" \/>\n<meta property=\"og:image\" content=\"https:\/\/dormalab.com\/wp-content\/uploads\/2025\/12\/Capture-4.png\" \/>\n\t<meta property=\"og:image:width\" content=\"386\" \/>\n\t<meta property=\"og:image:height\" content=\"430\" \/>\n\t<meta property=\"og:image:type\" content=\"image\/png\" \/>\n<meta name=\"twitter:card\" content=\"summary_large_image\" \/>\n<meta name=\"twitter:label1\" content=\"Dur\u00e9e de lecture estim\u00e9e\" \/>\n\t<meta name=\"twitter:data1\" content=\"1 minute\" \/>\n<script type=\"application\/ld+json\" class=\"yoast-schema-graph\">{\"@context\":\"https:\\\/\\\/schema.org\",\"@graph\":[{\"@type\":\"WebPage\",\"@id\":\"https:\\\/\\\/dormalab.com\\\/fr\\\/produit\\\/harnais-moyen-pour-airfit-n20\\\/\",\"url\":\"https:\\\/\\\/dormalab.com\\\/fr\\\/produit\\\/harnais-moyen-pour-airfit-n20\\\/\",\"name\":\"Harnais moyen pour Airfit N20 - Dorma Sleep Clinics\",\"isPartOf\":{\"@id\":\"https:\\\/\\\/dormalab.com\\\/fr\\\/#website\"},\"primaryImageOfPage\":{\"@id\":\"https:\\\/\\\/dormalab.com\\\/fr\\\/produit\\\/harnais-moyen-pour-airfit-n20\\\/#primaryimage\"},\"image\":{\"@id\":\"https:\\\/\\\/dormalab.com\\\/fr\\\/produit\\\/harnais-moyen-pour-airfit-n20\\\/#primaryimage\"},\"thumbnailUrl\":\"https:\\\/\\\/dormalab.com\\\/wp-content\\\/uploads\\\/2025\\\/12\\\/Capture-4.png\",\"datePublished\":\"2025-12-19T20:49:33+00:00\",\"dateModified\":\"2025-12-19T21:00:38+00:00\",\"breadcrumb\":{\"@id\":\"https:\\\/\\\/dormalab.com\\\/fr\\\/produit\\\/harnais-moyen-pour-airfit-n20\\\/#breadcrumb\"},\"inLanguage\":\"fr-FR\",\"potentialAction\":[{\"@type\":\"ReadAction\",\"target\":[\"https:\\\/\\\/dormalab.com\\\/fr\\\/produit\\\/harnais-moyen-pour-airfit-n20\\\/\"]}]},{\"@type\":\"ImageObject\",\"inLanguage\":\"fr-FR\",\"@id\":\"https:\\\/\\\/dormalab.com\\\/fr\\\/produit\\\/harnais-moyen-pour-airfit-n20\\\/#primaryimage\",\"url\":\"https:\\\/\\\/dormalab.com\\\/wp-content\\\/uploads\\\/2025\\\/12\\\/Capture-4.png\",\"contentUrl\":\"https:\\\/\\\/dormalab.com\\\/wp-content\\\/uploads\\\/2025\\\/12\\\/Capture-4.png\",\"width\":386,\"height\":430},{\"@type\":\"BreadcrumbList\",\"@id\":\"https:\\\/\\\/dormalab.com\\\/fr\\\/produit\\\/harnais-moyen-pour-airfit-n20\\\/#breadcrumb\",\"itemListElement\":[{\"@type\":\"ListItem\",\"position\":1,\"name\":\"Home\",\"item\":\"https:\\\/\\\/dormalab.com\\\/fr\\\/\"},{\"@type\":\"ListItem\",\"position\":2,\"name\":\"Boutique\",\"item\":\"https:\\\/\\\/dormalab.com\\\/fr\\\/boutique\\\/\"},{\"@type\":\"ListItem\",\"position\":3,\"name\":\"Harnais moyen pour Airfit N20\"}]},{\"@type\":\"WebSite\",\"@id\":\"https:\\\/\\\/dormalab.com\\\/fr\\\/#website\",\"url\":\"https:\\\/\\\/dormalab.com\\\/fr\\\/\",\"name\":\"Dorma Sleep Clinics\",\"description\":\"Sleep Well Live Well\",\"publisher\":{\"@id\":\"https:\\\/\\\/dormalab.com\\\/fr\\\/#organization\"},\"potentialAction\":[{\"@type\":\"SearchAction\",\"target\":{\"@type\":\"EntryPoint\",\"urlTemplate\":\"https:\\\/\\\/dormalab.com\\\/fr\\\/?s={search_term_string}\"},\"query-input\":{\"@type\":\"PropertyValueSpecification\",\"valueRequired\":true,\"valueName\":\"search_term_string\"}}],\"inLanguage\":\"fr-FR\"},{\"@type\":\"Organization\",\"@id\":\"https:\\\/\\\/dormalab.com\\\/fr\\\/#organization\",\"name\":\"Dorma Clinique Du Sommeil\",\"url\":\"https:\\\/\\\/dormalab.com\\\/fr\\\/\",\"logo\":{\"@type\":\"ImageObject\",\"inLanguage\":\"fr-FR\",\"@id\":\"https:\\\/\\\/dormalab.com\\\/fr\\\/#\\\/schema\\\/logo\\\/image\\\/\",\"url\":\"https:\\\/\\\/dormalab.com\\\/wp-content\\\/uploads\\\/2019\\\/10\\\/Dorma-Logotype-RGB-Black-scaled-e1578787470924.png\",\"contentUrl\":\"https:\\\/\\\/dormalab.com\\\/wp-content\\\/uploads\\\/2019\\\/10\\\/Dorma-Logotype-RGB-Black-scaled-e1578787470924.png\",\"width\":120,\"height\":25,\"caption\":\"Dorma Clinique Du Sommeil\"},\"image\":{\"@id\":\"https:\\\/\\\/dormalab.com\\\/fr\\\/#\\\/schema\\\/logo\\\/image\\\/\"}}]}<\/script>\n<!-- \/ Yoast SEO plugin. -->","yoast_head_json":{"title":"Harnais moyen pour Airfit N20 - Dorma Sleep Clinics","robots":{"index":"index","follow":"follow","max-snippet":"max-snippet:-1","max-image-preview":"max-image-preview:large","max-video-preview":"max-video-preview:-1"},"canonical":"https:\/\/dormalab.com\/fr\/produit\/harnais-moyen-pour-airfit-n20\/","og_locale":"fr_FR","og_type":"article","og_title":"Harnais moyen pour Airfit N20 - Dorma Sleep Clinics","og_description":"Harnais de rechange de taille moyenne pour les masques nasaux CPAP ResMed AirFit N20 et AirTouch N20. Les sangles souples et r\u00e9glables avec clips magn\u00e9tiques assurent un maintien s\u00fbr et confortable du masque toute la nuit, et facilitent sa mise en place et son retrait.","og_url":"https:\/\/dormalab.com\/fr\/produit\/harnais-moyen-pour-airfit-n20\/","og_site_name":"Dorma Sleep Clinics","article_modified_time":"2025-12-19T21:00:38+00:00","og_image":[{"width":386,"height":430,"url":"https:\/\/dormalab.com\/wp-content\/uploads\/2025\/12\/Capture-4.png","type":"image\/png"}],"twitter_card":"summary_large_image","twitter_misc":{"Dur\u00e9e de lecture estim\u00e9e":"1 minute"},"schema":{"@context":"https:\/\/schema.org","@graph":[{"@type":"WebPage","@id":"https:\/\/dormalab.com\/fr\/produit\/harnais-moyen-pour-airfit-n20\/","url":"https:\/\/dormalab.com\/fr\/produit\/harnais-moyen-pour-airfit-n20\/","name":"Harnais moyen pour Airfit N20 - Dorma Sleep Clinics","isPartOf":{"@id":"https:\/\/dormalab.com\/fr\/#website"},"primaryImageOfPage":{"@id":"https:\/\/dormalab.com\/fr\/produit\/harnais-moyen-pour-airfit-n20\/#primaryimage"},"image":{"@id":"https:\/\/dormalab.com\/fr\/produit\/harnais-moyen-pour-airfit-n20\/#primaryimage"},"thumbnailUrl":"https:\/\/dormalab.com\/wp-content\/uploads\/2025\/12\/Capture-4.png","datePublished":"2025-12-19T20:49:33+00:00","dateModified":"2025-12-19T21:00:38+00:00","breadcrumb":{"@id":"https:\/\/dormalab.com\/fr\/produit\/harnais-moyen-pour-airfit-n20\/#breadcrumb"},"inLanguage":"fr-FR","potentialAction":[{"@type":"ReadAction","target":["https:\/\/dormalab.com\/fr\/produit\/harnais-moyen-pour-airfit-n20\/"]}]},{"@type":"ImageObject","inLanguage":"fr-FR","@id":"https:\/\/dormalab.com\/fr\/produit\/harnais-moyen-pour-airfit-n20\/#primaryimage","url":"https:\/\/dormalab.com\/wp-content\/uploads\/2025\/12\/Capture-4.png","contentUrl":"https:\/\/dormalab.com\/wp-content\/uploads\/2025\/12\/Capture-4.png","width":386,"height":430},{"@type":"BreadcrumbList","@id":"https:\/\/dormalab.com\/fr\/produit\/harnais-moyen-pour-airfit-n20\/#breadcrumb","itemListElement":[{"@type":"ListItem","position":1,"name":"Home","item":"https:\/\/dormalab.com\/fr\/"},{"@type":"ListItem","position":2,"name":"Boutique","item":"https:\/\/dormalab.com\/fr\/boutique\/"},{"@type":"ListItem","position":3,"name":"Harnais moyen pour Airfit N20"}]},{"@type":"WebSite","@id":"https:\/\/dormalab.com\/fr\/#website","url":"https:\/\/dormalab.com\/fr\/","name":"Dorma Sleep Clinics","description":"Sleep Well Live Well","publisher":{"@id":"https:\/\/dormalab.com\/fr\/#organization"},"potentialAction":[{"@type":"SearchAction","target":{"@type":"EntryPoint","urlTemplate":"https:\/\/dormalab.com\/fr\/?s={search_term_string}"},"query-input":{"@type":"PropertyValueSpecification","valueRequired":true,"valueName":"search_term_string"}}],"inLanguage":"fr-FR"},{"@type":"Organization","@id":"https:\/\/dormalab.com\/fr\/#organization","name":"Dorma Clinique Du Sommeil","url":"https:\/\/dormalab.com\/fr\/","logo":{"@type":"ImageObject","inLanguage":"fr-FR","@id":"https:\/\/dormalab.com\/fr\/#\/schema\/logo\/image\/","url":"https:\/\/dormalab.com\/wp-content\/uploads\/2019\/10\/Dorma-Logotype-RGB-Black-scaled-e1578787470924.png","contentUrl":"https:\/\/dormalab.com\/wp-content\/uploads\/2019\/10\/Dorma-Logotype-RGB-Black-scaled-e1578787470924.png","width":120,"height":25,"caption":"Dorma Clinique Du Sommeil"},"image":{"@id":"https:\/\/dormalab.com\/fr\/#\/schema\/logo\/image\/"}}]}},"_links":{"self":[{"href":"https:\/\/dormalab.com\/fr\/wp-json\/wp\/v2\/product\/42109","targetHints":{"allow":["GET"]}}],"collection":[{"href":"https:\/\/dormalab.com\/fr\/wp-json\/wp\/v2\/product"}],"about":[{"href":"https:\/\/dormalab.com\/fr\/wp-json\/wp\/v2\/types\/product"}],"version-history":[{"count":0,"href":"https:\/\/dormalab.com\/fr\/wp-json\/wp\/v2\/product\/42109\/revisions"}],"wp:featuredmedia":[{"embeddable":true,"href":"https:\/\/dormalab.com\/fr\/wp-json\/wp\/v2\/media\/42105"}],"wp:attachment":[{"href":"https:\/\/dormalab.com\/fr\/wp-json\/wp\/v2\/media?parent=42109"}],"wp:term":[{"taxonomy":"product_brand","embeddable":true,"href":"https:\/\/dormalab.com\/fr\/wp-json\/wp\/v2\/product_brand?post=42109"},{"taxonomy":"product_cat","embeddable":true,"href":"https:\/\/dormalab.com\/fr\/wp-json\/wp\/v2\/product_cat?post=42109"},{"taxonomy":"product_tag","embeddable":true,"href":"https:\/\/dormalab.com\/fr\/wp-json\/wp\/v2\/product_tag?post=42109"}],"curies":[{"name":"wp","href":"https:\/\/api.w.org\/{rel}","templated":true}]}}