{"id":42112,"date":"2025-12-19T16:02:40","date_gmt":"2025-12-19T21:02:40","guid":{"rendered":"https:\/\/dormalab.com\/product\/coussinet-airfit-n20-grand\/"},"modified":"2025-12-19T16:06:12","modified_gmt":"2025-12-19T21:06:12","slug":"coussinet-airfit-n20-grand","status":"publish","type":"product","link":"https:\/\/dormalab.com\/fr\/produit\/coussinet-airfit-n20-grand\/","title":{"rendered":"Coussinet AirFit N20 \u2013 Grand"},"content":{"rendered":"<p data-start=\"372\" data-end=\"818\">Le coussin nasal ResMed AirFit N20 (grand mod\u00e8le) est un coussinet nasal de rechange en silicone con\u00e7u sp\u00e9cifiquement pour les masques ResMed AirFit N20. Gr\u00e2ce \u00e0 la technologie InfinitySeal\u2122 de ResMed, il s&rsquo;adapte \u00e0 la morphologie de votre nez et assure une \u00e9tanch\u00e9it\u00e9 optimale et confortable, quelle que soit la pression exerc\u00e9e, ce qui contribue \u00e0 r\u00e9duire les fuites d&rsquo;air et \u00e0 am\u00e9liorer l&rsquo;efficacit\u00e9 du traitement. <\/p>\n<p data-start=\"820\" data-end=\"1175\">Ce coussin est interchangeable avec d&rsquo;autres tailles (petite et moyenne) sur la m\u00eame armature de masque N20, ce qui vous permet d&rsquo;ajuster pr\u00e9cis\u00e9ment votre masque sans le changer. Sa mati\u00e8re en silicone souple contribue \u00e0 soulager les points de pression et \u00e0 r\u00e9duire les irritations autour du nez, pour un confort optimal lors d&rsquo;une utilisation nocturne avec un appareil <a href=\"https:\/\/dormalab.com\/continuous-positive-airflow-pressure-cpap\/\" data-internallinksmanager029f6b8e52c=\"1\" title=\"Continuous Positive Airflow Pressure (CPAP)\">CPAP<\/a>. <\/p>\n","protected":false},"excerpt":{"rendered":"<p>Coussinet de rechange en silicone de grande taille pour le masque nasal CPAP ResMed AirFit N20, assurant une \u00e9tanch\u00e9it\u00e9 douce et s\u00fbre autour du nez pour un flux d&rsquo;air th\u00e9rapeutique fiable et une r\u00e9duction des fuites pendant la nuit.<\/p>\n","protected":false},"featured_media":42097,"template":"","meta":[],"product_brand":[368],"product_cat":[377],"product_tag":[],"class_list":{"0":"post-42112","1":"product","2":"type-product","3":"status-publish","4":"has-post-thumbnail","6":"product_brand-resmed","7":"product_cat-coussins-nasaux-faciaux","9":"first","10":"instock","11":"shipping-taxable","12":"purchasable","13":"product-type-simple"},"yoast_head":"<!-- This site is optimized with the Yoast SEO plugin v27.3 - https:\/\/yoast.com\/product\/yoast-seo-wordpress\/ -->\n<title>Coussinet AirFit N20 - Grand - Dorma Sleep Clinics<\/title>\n<meta name=\"robots\" content=\"index, follow, max-snippet:-1, max-image-preview:large, max-video-preview:-1\" \/>\n<link rel=\"canonical\" href=\"https:\/\/dormalab.com\/fr\/produit\/coussinet-airfit-n20-grand\/\" \/>\n<meta property=\"og:locale\" content=\"fr_FR\" \/>\n<meta property=\"og:type\" content=\"article\" \/>\n<meta property=\"og:title\" content=\"Coussinet AirFit N20 - Grand - Dorma Sleep Clinics\" \/>\n<meta property=\"og:description\" content=\"Coussinet de rechange en silicone de grande taille pour le masque nasal CPAP ResMed AirFit N20, assurant une \u00e9tanch\u00e9it\u00e9 douce et s\u00fbre autour du nez pour un flux d&#039;air th\u00e9rapeutique fiable et une r\u00e9duction des fuites pendant la nuit.\" \/>\n<meta property=\"og:url\" content=\"https:\/\/dormalab.com\/fr\/produit\/coussinet-airfit-n20-grand\/\" \/>\n<meta property=\"og:site_name\" content=\"Dorma Sleep Clinics\" \/>\n<meta property=\"article:modified_time\" content=\"2025-12-19T21:06:12+00:00\" \/>\n<meta property=\"og:image\" content=\"https:\/\/dormalab.com\/wp-content\/uploads\/2025\/12\/Capture-3.png\" \/>\n\t<meta property=\"og:image:width\" content=\"516\" \/>\n\t<meta property=\"og:image:height\" content=\"535\" \/>\n\t<meta property=\"og:image:type\" content=\"image\/png\" \/>\n<meta name=\"twitter:card\" content=\"summary_large_image\" \/>\n<meta name=\"twitter:label1\" content=\"Dur\u00e9e de lecture estim\u00e9e\" \/>\n\t<meta name=\"twitter:data1\" content=\"1 minute\" \/>\n<script type=\"application\/ld+json\" class=\"yoast-schema-graph\">{\"@context\":\"https:\\\/\\\/schema.org\",\"@graph\":[{\"@type\":\"WebPage\",\"@id\":\"https:\\\/\\\/dormalab.com\\\/fr\\\/produit\\\/coussinet-airfit-n20-grand\\\/\",\"url\":\"https:\\\/\\\/dormalab.com\\\/fr\\\/produit\\\/coussinet-airfit-n20-grand\\\/\",\"name\":\"Coussinet AirFit N20 - Grand - Dorma Sleep Clinics\",\"isPartOf\":{\"@id\":\"https:\\\/\\\/dormalab.com\\\/fr\\\/#website\"},\"primaryImageOfPage\":{\"@id\":\"https:\\\/\\\/dormalab.com\\\/fr\\\/produit\\\/coussinet-airfit-n20-grand\\\/#primaryimage\"},\"image\":{\"@id\":\"https:\\\/\\\/dormalab.com\\\/fr\\\/produit\\\/coussinet-airfit-n20-grand\\\/#primaryimage\"},\"thumbnailUrl\":\"https:\\\/\\\/dormalab.com\\\/wp-content\\\/uploads\\\/2025\\\/12\\\/Capture-3.png\",\"datePublished\":\"2025-12-19T21:02:40+00:00\",\"dateModified\":\"2025-12-19T21:06:12+00:00\",\"breadcrumb\":{\"@id\":\"https:\\\/\\\/dormalab.com\\\/fr\\\/produit\\\/coussinet-airfit-n20-grand\\\/#breadcrumb\"},\"inLanguage\":\"fr-FR\",\"potentialAction\":[{\"@type\":\"ReadAction\",\"target\":[\"https:\\\/\\\/dormalab.com\\\/fr\\\/produit\\\/coussinet-airfit-n20-grand\\\/\"]}]},{\"@type\":\"ImageObject\",\"inLanguage\":\"fr-FR\",\"@id\":\"https:\\\/\\\/dormalab.com\\\/fr\\\/produit\\\/coussinet-airfit-n20-grand\\\/#primaryimage\",\"url\":\"https:\\\/\\\/dormalab.com\\\/wp-content\\\/uploads\\\/2025\\\/12\\\/Capture-3.png\",\"contentUrl\":\"https:\\\/\\\/dormalab.com\\\/wp-content\\\/uploads\\\/2025\\\/12\\\/Capture-3.png\",\"width\":516,\"height\":535},{\"@type\":\"BreadcrumbList\",\"@id\":\"https:\\\/\\\/dormalab.com\\\/fr\\\/produit\\\/coussinet-airfit-n20-grand\\\/#breadcrumb\",\"itemListElement\":[{\"@type\":\"ListItem\",\"position\":1,\"name\":\"Home\",\"item\":\"https:\\\/\\\/dormalab.com\\\/fr\\\/\"},{\"@type\":\"ListItem\",\"position\":2,\"name\":\"Boutique\",\"item\":\"https:\\\/\\\/dormalab.com\\\/fr\\\/boutique\\\/\"},{\"@type\":\"ListItem\",\"position\":3,\"name\":\"Coussinet AirFit N20 \u2013 Grand\"}]},{\"@type\":\"WebSite\",\"@id\":\"https:\\\/\\\/dormalab.com\\\/fr\\\/#website\",\"url\":\"https:\\\/\\\/dormalab.com\\\/fr\\\/\",\"name\":\"Dorma Sleep Clinics\",\"description\":\"Sleep Well Live Well\",\"publisher\":{\"@id\":\"https:\\\/\\\/dormalab.com\\\/fr\\\/#organization\"},\"potentialAction\":[{\"@type\":\"SearchAction\",\"target\":{\"@type\":\"EntryPoint\",\"urlTemplate\":\"https:\\\/\\\/dormalab.com\\\/fr\\\/?s={search_term_string}\"},\"query-input\":{\"@type\":\"PropertyValueSpecification\",\"valueRequired\":true,\"valueName\":\"search_term_string\"}}],\"inLanguage\":\"fr-FR\"},{\"@type\":\"Organization\",\"@id\":\"https:\\\/\\\/dormalab.com\\\/fr\\\/#organization\",\"name\":\"Dorma Clinique Du Sommeil\",\"url\":\"https:\\\/\\\/dormalab.com\\\/fr\\\/\",\"logo\":{\"@type\":\"ImageObject\",\"inLanguage\":\"fr-FR\",\"@id\":\"https:\\\/\\\/dormalab.com\\\/fr\\\/#\\\/schema\\\/logo\\\/image\\\/\",\"url\":\"https:\\\/\\\/dormalab.com\\\/wp-content\\\/uploads\\\/2019\\\/10\\\/Dorma-Logotype-RGB-Black-scaled-e1578787470924.png\",\"contentUrl\":\"https:\\\/\\\/dormalab.com\\\/wp-content\\\/uploads\\\/2019\\\/10\\\/Dorma-Logotype-RGB-Black-scaled-e1578787470924.png\",\"width\":120,\"height\":25,\"caption\":\"Dorma Clinique Du Sommeil\"},\"image\":{\"@id\":\"https:\\\/\\\/dormalab.com\\\/fr\\\/#\\\/schema\\\/logo\\\/image\\\/\"}}]}<\/script>\n<!-- \/ Yoast SEO plugin. -->","yoast_head_json":{"title":"Coussinet AirFit N20 - Grand - Dorma Sleep Clinics","robots":{"index":"index","follow":"follow","max-snippet":"max-snippet:-1","max-image-preview":"max-image-preview:large","max-video-preview":"max-video-preview:-1"},"canonical":"https:\/\/dormalab.com\/fr\/produit\/coussinet-airfit-n20-grand\/","og_locale":"fr_FR","og_type":"article","og_title":"Coussinet AirFit N20 - Grand - Dorma Sleep Clinics","og_description":"Coussinet de rechange en silicone de grande taille pour le masque nasal CPAP ResMed AirFit N20, assurant une \u00e9tanch\u00e9it\u00e9 douce et s\u00fbre autour du nez pour un flux d'air th\u00e9rapeutique fiable et une r\u00e9duction des fuites pendant la nuit.","og_url":"https:\/\/dormalab.com\/fr\/produit\/coussinet-airfit-n20-grand\/","og_site_name":"Dorma Sleep Clinics","article_modified_time":"2025-12-19T21:06:12+00:00","og_image":[{"width":516,"height":535,"url":"https:\/\/dormalab.com\/wp-content\/uploads\/2025\/12\/Capture-3.png","type":"image\/png"}],"twitter_card":"summary_large_image","twitter_misc":{"Dur\u00e9e de lecture estim\u00e9e":"1 minute"},"schema":{"@context":"https:\/\/schema.org","@graph":[{"@type":"WebPage","@id":"https:\/\/dormalab.com\/fr\/produit\/coussinet-airfit-n20-grand\/","url":"https:\/\/dormalab.com\/fr\/produit\/coussinet-airfit-n20-grand\/","name":"Coussinet AirFit N20 - Grand - Dorma Sleep Clinics","isPartOf":{"@id":"https:\/\/dormalab.com\/fr\/#website"},"primaryImageOfPage":{"@id":"https:\/\/dormalab.com\/fr\/produit\/coussinet-airfit-n20-grand\/#primaryimage"},"image":{"@id":"https:\/\/dormalab.com\/fr\/produit\/coussinet-airfit-n20-grand\/#primaryimage"},"thumbnailUrl":"https:\/\/dormalab.com\/wp-content\/uploads\/2025\/12\/Capture-3.png","datePublished":"2025-12-19T21:02:40+00:00","dateModified":"2025-12-19T21:06:12+00:00","breadcrumb":{"@id":"https:\/\/dormalab.com\/fr\/produit\/coussinet-airfit-n20-grand\/#breadcrumb"},"inLanguage":"fr-FR","potentialAction":[{"@type":"ReadAction","target":["https:\/\/dormalab.com\/fr\/produit\/coussinet-airfit-n20-grand\/"]}]},{"@type":"ImageObject","inLanguage":"fr-FR","@id":"https:\/\/dormalab.com\/fr\/produit\/coussinet-airfit-n20-grand\/#primaryimage","url":"https:\/\/dormalab.com\/wp-content\/uploads\/2025\/12\/Capture-3.png","contentUrl":"https:\/\/dormalab.com\/wp-content\/uploads\/2025\/12\/Capture-3.png","width":516,"height":535},{"@type":"BreadcrumbList","@id":"https:\/\/dormalab.com\/fr\/produit\/coussinet-airfit-n20-grand\/#breadcrumb","itemListElement":[{"@type":"ListItem","position":1,"name":"Home","item":"https:\/\/dormalab.com\/fr\/"},{"@type":"ListItem","position":2,"name":"Boutique","item":"https:\/\/dormalab.com\/fr\/boutique\/"},{"@type":"ListItem","position":3,"name":"Coussinet AirFit N20 \u2013 Grand"}]},{"@type":"WebSite","@id":"https:\/\/dormalab.com\/fr\/#website","url":"https:\/\/dormalab.com\/fr\/","name":"Dorma Sleep Clinics","description":"Sleep Well Live Well","publisher":{"@id":"https:\/\/dormalab.com\/fr\/#organization"},"potentialAction":[{"@type":"SearchAction","target":{"@type":"EntryPoint","urlTemplate":"https:\/\/dormalab.com\/fr\/?s={search_term_string}"},"query-input":{"@type":"PropertyValueSpecification","valueRequired":true,"valueName":"search_term_string"}}],"inLanguage":"fr-FR"},{"@type":"Organization","@id":"https:\/\/dormalab.com\/fr\/#organization","name":"Dorma Clinique Du Sommeil","url":"https:\/\/dormalab.com\/fr\/","logo":{"@type":"ImageObject","inLanguage":"fr-FR","@id":"https:\/\/dormalab.com\/fr\/#\/schema\/logo\/image\/","url":"https:\/\/dormalab.com\/wp-content\/uploads\/2019\/10\/Dorma-Logotype-RGB-Black-scaled-e1578787470924.png","contentUrl":"https:\/\/dormalab.com\/wp-content\/uploads\/2019\/10\/Dorma-Logotype-RGB-Black-scaled-e1578787470924.png","width":120,"height":25,"caption":"Dorma Clinique Du Sommeil"},"image":{"@id":"https:\/\/dormalab.com\/fr\/#\/schema\/logo\/image\/"}}]}},"_links":{"self":[{"href":"https:\/\/dormalab.com\/fr\/wp-json\/wp\/v2\/product\/42112","targetHints":{"allow":["GET"]}}],"collection":[{"href":"https:\/\/dormalab.com\/fr\/wp-json\/wp\/v2\/product"}],"about":[{"href":"https:\/\/dormalab.com\/fr\/wp-json\/wp\/v2\/types\/product"}],"version-history":[{"count":0,"href":"https:\/\/dormalab.com\/fr\/wp-json\/wp\/v2\/product\/42112\/revisions"}],"wp:featuredmedia":[{"embeddable":true,"href":"https:\/\/dormalab.com\/fr\/wp-json\/wp\/v2\/media\/42097"}],"wp:attachment":[{"href":"https:\/\/dormalab.com\/fr\/wp-json\/wp\/v2\/media?parent=42112"}],"wp:term":[{"taxonomy":"product_brand","embeddable":true,"href":"https:\/\/dormalab.com\/fr\/wp-json\/wp\/v2\/product_brand?post=42112"},{"taxonomy":"product_cat","embeddable":true,"href":"https:\/\/dormalab.com\/fr\/wp-json\/wp\/v2\/product_cat?post=42112"},{"taxonomy":"product_tag","embeddable":true,"href":"https:\/\/dormalab.com\/fr\/wp-json\/wp\/v2\/product_tag?post=42112"}],"curies":[{"name":"wp","href":"https:\/\/api.w.org\/{rel}","templated":true}]}}