{"id":42130,"date":"2026-01-06T12:34:57","date_gmt":"2026-01-06T17:34:57","guid":{"rendered":"https:\/\/dormalab.com\/product\/appareil-cpap-airsense-11-autoset-suivi-clinique-jusqua-12-mois\/"},"modified":"2026-01-06T12:52:39","modified_gmt":"2026-01-06T17:52:39","slug":"appareil-cpap-airsense-11-autoset-suivi-clinique-jusqua-12-mois","status":"publish","type":"product","link":"https:\/\/dormalab.com\/fr\/produit\/appareil-cpap-airsense-11-autoset-suivi-clinique-jusqua-12-mois\/","title":{"rendered":"Appareil CPAP Airsense 11 Autoset \u2013 Suivi clinique (jusqu&rsquo;\u00e0 12 mois)"},"content":{"rendered":"<p data-start=\"300\" data-end=\"604\">Dormez plus intelligemment et plus confortablement avec le <strong data-start=\"344\" data-end=\"375\">ResMed AirSense\u2122 11 AutoSet<\/strong> , le dernier appareil <a href=\"https:\/\/dormalab.com\/continuous-positive-airflow-pressure-cpap\/\" data-internallinksmanager029f6b8e52c=\"1\" title=\"Continuous Positive Airflow Pressure (CPAP)\">CPAP<\/a> le plus avanc\u00e9 de ResMed pour le traitement de l&rsquo;apn\u00e9e obstructive du sommeil. Con\u00e7u avec des fonctionnalit\u00e9s num\u00e9riques am\u00e9lior\u00e9es et une technologie adaptative, l&rsquo;AirSense 11 offre une th\u00e9rapie intelligente et personnalis\u00e9e chaque nuit.<\/p>\n<p data-start=\"606\" data-end=\"992\">Cet appareil auto-ajustable modifie automatiquement les niveaux de pression tout au long de la nuit en fonction de vos sch\u00e9mas respiratoires, assurant une th\u00e9rapie efficace et r\u00e9active adapt\u00e9e \u00e0 vos besoins. L&rsquo;<strong data-start=\"801\" data-end=\"825\">humidificateur HumidAir\u2122<\/strong> int\u00e9gr\u00e9 aide \u00e0 minimiser la s\u00e9cheresse et l&rsquo;irritation, tandis que le <strong data-start=\"880\" data-end=\"913\">tube chauffant ClimateLineAir\u2122<\/strong> optionnel ajoute encore plus de confort en maintenant une temp\u00e9rature et une humidit\u00e9 de l&rsquo;air constantes. <\/p>\n<p data-start=\"994\" data-end=\"1220\">L&rsquo;AirSense 11 introduit \u00e9galement une interface \u00e0 \u00e9cran tactile \u00e9l\u00e9gante et est enti\u00e8rement int\u00e9gr\u00e9 \u00e0 l&rsquo;<strong data-start=\"1089\" data-end=\"1103\">application myAir\u2122<\/strong>, vous donnant acc\u00e8s \u00e0 un coaching personnalis\u00e9, des rapports de sommeil nocturnes et une assistance \u00e0 la configuration directement depuis votre smartphone.<\/p>\n<hr data-start=\"1222\" data-end=\"1225\">\n<h3 data-start=\"1227\" data-end=\"1247\"><strong data-start=\"1231\" data-end=\"1247\">Caract\u00e9ristiques principales<\/strong><\/h3>\n<ul data-start=\"1249\" data-end=\"1778\">\n<li data-start=\"1249\" data-end=\"1316\">\n<p data-start=\"1251\" data-end=\"1316\"><strong data-start=\"1251\" data-end=\"1277\">Th\u00e9rapie auto-ajustable<\/strong> avec le dernier <strong data-start=\"1294\" data-end=\"1316\">algorithme AutoSet\u2122<\/strong><\/p>\n<\/li>\n<li data-start=\"1317\" data-end=\"1379\">\n<p data-start=\"1319\" data-end=\"1379\"><strong data-start=\"1319\" data-end=\"1352\">Humidificateur HumidAir\u2122 int\u00e9gr\u00e9<\/strong> \u2014 aucune configuration s\u00e9par\u00e9e requise<\/p>\n<\/li>\n<li data-start=\"1380\" data-end=\"1440\">\n<p data-start=\"1382\" data-end=\"1440\"><strong data-start=\"1382\" data-end=\"1415\">\u00c9cran tactile couleur interactif<\/strong> pour une navigation intuitive<\/p>\n<\/li>\n<li data-start=\"1441\" data-end=\"1502\">\n<p data-start=\"1443\" data-end=\"1502\"><strong data-start=\"1443\" data-end=\"1480\">EPR\u2122 (Expiratory Pressure Relief)<\/strong> facilite l&rsquo;expiration<\/p>\n<\/li>\n<li data-start=\"1503\" data-end=\"1573\">\n<p data-start=\"1505\" data-end=\"1573\"><strong data-start=\"1505\" data-end=\"1518\">AutoRamp\u2122<\/strong> d\u00e9livre une augmentation douce de la pression pendant que vous vous endormez<\/p>\n<\/li>\n<li data-start=\"1574\" data-end=\"1643\">\n<p data-start=\"1576\" data-end=\"1643\"><strong data-start=\"1576\" data-end=\"1604\">D\u00e9tection avanc\u00e9e des \u00e9v\u00e9nements<\/strong> (apn\u00e9e centrale, limitation du d\u00e9bit, etc.)<\/p>\n<\/li>\n<li data-start=\"1644\" data-end=\"1713\">\n<p data-start=\"1646\" data-end=\"1713\">Support de l&rsquo;<strong data-start=\"1646\" data-end=\"1660\">application myAir\u2122<\/strong> avec coaching personnalis\u00e9 et suivi des progr\u00e8s<\/p>\n<\/li>\n<li data-start=\"1714\" data-end=\"1778\">\n<p data-start=\"1716\" data-end=\"1778\"><strong data-start=\"1716\" data-end=\"1749\">Mises \u00e0 jour logicielles en direct<\/strong> pour garder votre appareil \u00e0 jour<\/p>\n<\/li>\n<\/ul>\n<hr data-start=\"1780\" data-end=\"1783\">\n<h3 data-start=\"1785\" data-end=\"1807\"><strong data-start=\"1789\" data-end=\"1807\">Sp\u00e9cifications<\/strong><\/h3>\n<ul data-start=\"1809\" data-end=\"2221\">\n<li data-start=\"1809\" data-end=\"1862\">\n<p data-start=\"1811\" data-end=\"1862\"><strong data-start=\"1811\" data-end=\"1829\">Modes de th\u00e9rapie :<\/strong> AutoSet, AutoSet for Her, PPC<\/p>\n<\/li>\n<li data-start=\"1863\" data-end=\"1898\">\n<p data-start=\"1865\" data-end=\"1898\"><strong data-start=\"1865\" data-end=\"1884\">Gamme de pression :<\/strong> 4\u201320 cm H\u2082O<\/p>\n<\/li>\n<li data-start=\"1899\" data-end=\"1945\">\n<p data-start=\"1901\" data-end=\"1945\"><strong data-start=\"1901\" data-end=\"1910\">Rampe :<\/strong> Auto ou r\u00e9glable entre 0 et 45 minutes<\/p>\n<\/li>\n<li data-start=\"1946\" data-end=\"1979\">\n<p data-start=\"1948\" data-end=\"1979\"><strong data-start=\"1948\" data-end=\"1959\">Poids :<\/strong> 1,13 kg (2,5 lbs)<\/p>\n<\/li>\n<li data-start=\"1980\" data-end=\"2025\">\n<p data-start=\"1982\" data-end=\"2025\"><strong data-start=\"1982\" data-end=\"1997\">Dimensions :<\/strong> 25,9 cm L x 9,4 cm l x 14 cm H<\/p>\n<\/li>\n<li data-start=\"2026\" data-end=\"2071\">\n<p data-start=\"2028\" data-end=\"2071\"><strong data-start=\"2028\" data-end=\"2044\">Niveau sonore :<\/strong> 27 dBA (fonctionnement silencieux)<\/p>\n<\/li>\n<li data-start=\"2072\" data-end=\"2117\">\n<p data-start=\"2074\" data-end=\"2117\"><strong data-start=\"2074\" data-end=\"2091\">Alimentation :<\/strong> 65W (tension universelle)<\/p>\n<\/li>\n<li data-start=\"2118\" data-end=\"2180\">\n<p data-start=\"2120\" data-end=\"2180\"><strong data-start=\"2120\" data-end=\"2137\">Connectivit\u00e9 :<\/strong> Cellulaire et Bluetooth int\u00e9gr\u00e9s pour myAir\u2122<\/p>\n<\/li>\n<li data-start=\"2181\" data-end=\"2221\">\n<p data-start=\"2183\" data-end=\"2221\"><strong data-start=\"2183\" data-end=\"2205\">Compatibilit\u00e9 de l&rsquo;application :<\/strong> iOS &amp; Android<\/p>\n<\/li>\n<\/ul>\n<hr data-start=\"2223\" data-end=\"2226\">\n<h3 data-start=\"2228\" data-end=\"2245\"><strong data-start=\"2232\" data-end=\"2245\">Id\u00e9al pour<\/strong><\/h3>\n<ul data-start=\"2247\" data-end=\"2522\">\n<li data-start=\"2247\" data-end=\"2319\">\n<p data-start=\"2249\" data-end=\"2319\">Utilisateurs de PPC recherchant une <strong data-start=\"2271\" data-end=\"2319\">exp\u00e9rience automatis\u00e9e et hautement personnalis\u00e9e<\/strong><\/p>\n<\/li>\n<li data-start=\"2320\" data-end=\"2383\">\n<p data-start=\"2322\" data-end=\"2383\">Personnes souhaitant une <strong data-start=\"2346\" data-end=\"2383\">interface \u00e0 \u00e9cran tactile facile \u00e0 utiliser<\/strong><\/p>\n<\/li>\n<li data-start=\"2384\" data-end=\"2447\">\n<p data-start=\"2386\" data-end=\"2447\">Utilisateurs qui b\u00e9n\u00e9ficient d&rsquo;<strong data-start=\"2409\" data-end=\"2447\">outils de suivi et de coaching mobiles<\/strong><\/p>\n<\/li>\n<li data-start=\"2448\" data-end=\"2522\">\n<p data-start=\"2450\" data-end=\"2522\">Toute personne recherchant une <strong data-start=\"2471\" data-end=\"2522\">machine PPC moderne, silencieuse et adapt\u00e9e aux voyages<\/strong><\/p>\n<\/li>\n<\/ul>\n","protected":false},"excerpt":{"rendered":"<p>Le <span class=\"s1\"><b>ResMed AirSense\u2122 11<\/b><\/span> est un appareil de PPC haut de gamme con\u00e7u pour simplifier et am\u00e9liorer la th\u00e9rapie de l&rsquo;apn\u00e9e du sommeil. Avec des fonctionnalit\u00e9s avanc\u00e9es de sant\u00e9 num\u00e9rique et des param\u00e8tres de confort personnalis\u00e9s, il accompagne les utilisateurs de la configuration initiale \u00e0 l&rsquo;observance \u00e0 long terme. <\/p>\n","protected":false},"featured_media":40541,"template":"","meta":[],"product_brand":[368],"product_cat":[367],"product_tag":[],"class_list":{"0":"post-42130","1":"product","2":"type-product","3":"status-publish","4":"has-post-thumbnail","6":"product_brand-resmed","7":"product_cat-cpap","9":"first","10":"instock","11":"shipping-taxable","12":"purchasable","13":"product-type-simple"},"yoast_head":"<!-- This site is optimized with the Yoast SEO plugin v27.3 - https:\/\/yoast.com\/product\/yoast-seo-wordpress\/ -->\n<title>Appareil CPAP Airsense 11 Autoset - Suivi clinique (jusqu&#039;\u00e0 12 mois) - Dorma Sleep Clinics<\/title>\n<meta name=\"robots\" content=\"index, follow, max-snippet:-1, max-image-preview:large, max-video-preview:-1\" \/>\n<link rel=\"canonical\" href=\"https:\/\/dormalab.com\/fr\/produit\/appareil-cpap-airsense-11-autoset-suivi-clinique-jusqua-12-mois\/\" \/>\n<meta property=\"og:locale\" content=\"fr_FR\" \/>\n<meta property=\"og:type\" content=\"article\" \/>\n<meta property=\"og:title\" content=\"Appareil CPAP Airsense 11 Autoset - Suivi clinique (jusqu&#039;\u00e0 12 mois) - Dorma Sleep Clinics\" \/>\n<meta property=\"og:description\" content=\"Le ResMed AirSense\u2122 11 est un appareil de PPC haut de gamme con\u00e7u pour simplifier et am\u00e9liorer la th\u00e9rapie de l&#039;apn\u00e9e du sommeil. Avec des fonctionnalit\u00e9s avanc\u00e9es de sant\u00e9 num\u00e9rique et des param\u00e8tres de confort personnalis\u00e9s, il accompagne les utilisateurs de la configuration initiale \u00e0 l&#039;observance \u00e0 long terme.\" \/>\n<meta property=\"og:url\" content=\"https:\/\/dormalab.com\/fr\/produit\/appareil-cpap-airsense-11-autoset-suivi-clinique-jusqua-12-mois\/\" \/>\n<meta property=\"og:site_name\" content=\"Dorma Sleep Clinics\" \/>\n<meta property=\"article:modified_time\" content=\"2026-01-06T17:52:39+00:00\" \/>\n<meta property=\"og:image\" content=\"https:\/\/dormalab.com\/wp-content\/uploads\/2025\/04\/AirSense-11-S11-CPAP-machine-1.png\" \/>\n\t<meta property=\"og:image:width\" content=\"1200\" \/>\n\t<meta property=\"og:image:height\" content=\"1200\" \/>\n\t<meta property=\"og:image:type\" content=\"image\/png\" \/>\n<meta name=\"twitter:card\" content=\"summary_large_image\" \/>\n<meta name=\"twitter:label1\" content=\"Dur\u00e9e de lecture estim\u00e9e\" \/>\n\t<meta name=\"twitter:data1\" content=\"2 minute\" \/>\n<script type=\"application\/ld+json\" class=\"yoast-schema-graph\">{\"@context\":\"https:\\\/\\\/schema.org\",\"@graph\":[{\"@type\":\"WebPage\",\"@id\":\"https:\\\/\\\/dormalab.com\\\/fr\\\/produit\\\/appareil-cpap-airsense-11-autoset-suivi-clinique-jusqua-12-mois\\\/\",\"url\":\"https:\\\/\\\/dormalab.com\\\/fr\\\/produit\\\/appareil-cpap-airsense-11-autoset-suivi-clinique-jusqua-12-mois\\\/\",\"name\":\"Appareil CPAP Airsense 11 Autoset - Suivi clinique (jusqu'\u00e0 12 mois) - Dorma Sleep Clinics\",\"isPartOf\":{\"@id\":\"https:\\\/\\\/dormalab.com\\\/fr\\\/#website\"},\"primaryImageOfPage\":{\"@id\":\"https:\\\/\\\/dormalab.com\\\/fr\\\/produit\\\/appareil-cpap-airsense-11-autoset-suivi-clinique-jusqua-12-mois\\\/#primaryimage\"},\"image\":{\"@id\":\"https:\\\/\\\/dormalab.com\\\/fr\\\/produit\\\/appareil-cpap-airsense-11-autoset-suivi-clinique-jusqua-12-mois\\\/#primaryimage\"},\"thumbnailUrl\":\"https:\\\/\\\/dormalab.com\\\/wp-content\\\/uploads\\\/2025\\\/04\\\/AirSense-11-S11-CPAP-machine-1.png\",\"datePublished\":\"2026-01-06T17:34:57+00:00\",\"dateModified\":\"2026-01-06T17:52:39+00:00\",\"breadcrumb\":{\"@id\":\"https:\\\/\\\/dormalab.com\\\/fr\\\/produit\\\/appareil-cpap-airsense-11-autoset-suivi-clinique-jusqua-12-mois\\\/#breadcrumb\"},\"inLanguage\":\"fr-FR\",\"potentialAction\":[{\"@type\":\"ReadAction\",\"target\":[\"https:\\\/\\\/dormalab.com\\\/fr\\\/produit\\\/appareil-cpap-airsense-11-autoset-suivi-clinique-jusqua-12-mois\\\/\"]}]},{\"@type\":\"ImageObject\",\"inLanguage\":\"fr-FR\",\"@id\":\"https:\\\/\\\/dormalab.com\\\/fr\\\/produit\\\/appareil-cpap-airsense-11-autoset-suivi-clinique-jusqua-12-mois\\\/#primaryimage\",\"url\":\"https:\\\/\\\/dormalab.com\\\/wp-content\\\/uploads\\\/2025\\\/04\\\/AirSense-11-S11-CPAP-machine-1.png\",\"contentUrl\":\"https:\\\/\\\/dormalab.com\\\/wp-content\\\/uploads\\\/2025\\\/04\\\/AirSense-11-S11-CPAP-machine-1.png\",\"width\":1200,\"height\":1200},{\"@type\":\"BreadcrumbList\",\"@id\":\"https:\\\/\\\/dormalab.com\\\/fr\\\/produit\\\/appareil-cpap-airsense-11-autoset-suivi-clinique-jusqua-12-mois\\\/#breadcrumb\",\"itemListElement\":[{\"@type\":\"ListItem\",\"position\":1,\"name\":\"Home\",\"item\":\"https:\\\/\\\/dormalab.com\\\/fr\\\/\"},{\"@type\":\"ListItem\",\"position\":2,\"name\":\"Boutique\",\"item\":\"https:\\\/\\\/dormalab.com\\\/fr\\\/boutique\\\/\"},{\"@type\":\"ListItem\",\"position\":3,\"name\":\"Appareil CPAP Airsense 11 Autoset \u2013 Suivi clinique (jusqu&rsquo;\u00e0 12 mois)\"}]},{\"@type\":\"WebSite\",\"@id\":\"https:\\\/\\\/dormalab.com\\\/fr\\\/#website\",\"url\":\"https:\\\/\\\/dormalab.com\\\/fr\\\/\",\"name\":\"Dorma Sleep Clinics\",\"description\":\"Sleep Well Live Well\",\"publisher\":{\"@id\":\"https:\\\/\\\/dormalab.com\\\/fr\\\/#organization\"},\"potentialAction\":[{\"@type\":\"SearchAction\",\"target\":{\"@type\":\"EntryPoint\",\"urlTemplate\":\"https:\\\/\\\/dormalab.com\\\/fr\\\/?s={search_term_string}\"},\"query-input\":{\"@type\":\"PropertyValueSpecification\",\"valueRequired\":true,\"valueName\":\"search_term_string\"}}],\"inLanguage\":\"fr-FR\"},{\"@type\":\"Organization\",\"@id\":\"https:\\\/\\\/dormalab.com\\\/fr\\\/#organization\",\"name\":\"Dorma Clinique Du Sommeil\",\"url\":\"https:\\\/\\\/dormalab.com\\\/fr\\\/\",\"logo\":{\"@type\":\"ImageObject\",\"inLanguage\":\"fr-FR\",\"@id\":\"https:\\\/\\\/dormalab.com\\\/fr\\\/#\\\/schema\\\/logo\\\/image\\\/\",\"url\":\"https:\\\/\\\/dormalab.com\\\/wp-content\\\/uploads\\\/2019\\\/10\\\/Dorma-Logotype-RGB-Black-scaled-e1578787470924.png\",\"contentUrl\":\"https:\\\/\\\/dormalab.com\\\/wp-content\\\/uploads\\\/2019\\\/10\\\/Dorma-Logotype-RGB-Black-scaled-e1578787470924.png\",\"width\":120,\"height\":25,\"caption\":\"Dorma Clinique Du Sommeil\"},\"image\":{\"@id\":\"https:\\\/\\\/dormalab.com\\\/fr\\\/#\\\/schema\\\/logo\\\/image\\\/\"}}]}<\/script>\n<!-- \/ Yoast SEO plugin. -->","yoast_head_json":{"title":"Appareil CPAP Airsense 11 Autoset - Suivi clinique (jusqu'\u00e0 12 mois) - Dorma Sleep Clinics","robots":{"index":"index","follow":"follow","max-snippet":"max-snippet:-1","max-image-preview":"max-image-preview:large","max-video-preview":"max-video-preview:-1"},"canonical":"https:\/\/dormalab.com\/fr\/produit\/appareil-cpap-airsense-11-autoset-suivi-clinique-jusqua-12-mois\/","og_locale":"fr_FR","og_type":"article","og_title":"Appareil CPAP Airsense 11 Autoset - Suivi clinique (jusqu'\u00e0 12 mois) - Dorma Sleep Clinics","og_description":"Le ResMed AirSense\u2122 11 est un appareil de PPC haut de gamme con\u00e7u pour simplifier et am\u00e9liorer la th\u00e9rapie de l'apn\u00e9e du sommeil. Avec des fonctionnalit\u00e9s avanc\u00e9es de sant\u00e9 num\u00e9rique et des param\u00e8tres de confort personnalis\u00e9s, il accompagne les utilisateurs de la configuration initiale \u00e0 l'observance \u00e0 long terme.","og_url":"https:\/\/dormalab.com\/fr\/produit\/appareil-cpap-airsense-11-autoset-suivi-clinique-jusqua-12-mois\/","og_site_name":"Dorma Sleep Clinics","article_modified_time":"2026-01-06T17:52:39+00:00","og_image":[{"width":1200,"height":1200,"url":"https:\/\/dormalab.com\/wp-content\/uploads\/2025\/04\/AirSense-11-S11-CPAP-machine-1.png","type":"image\/png"}],"twitter_card":"summary_large_image","twitter_misc":{"Dur\u00e9e de lecture estim\u00e9e":"2 minute"},"schema":{"@context":"https:\/\/schema.org","@graph":[{"@type":"WebPage","@id":"https:\/\/dormalab.com\/fr\/produit\/appareil-cpap-airsense-11-autoset-suivi-clinique-jusqua-12-mois\/","url":"https:\/\/dormalab.com\/fr\/produit\/appareil-cpap-airsense-11-autoset-suivi-clinique-jusqua-12-mois\/","name":"Appareil CPAP Airsense 11 Autoset - Suivi clinique (jusqu'\u00e0 12 mois) - Dorma Sleep Clinics","isPartOf":{"@id":"https:\/\/dormalab.com\/fr\/#website"},"primaryImageOfPage":{"@id":"https:\/\/dormalab.com\/fr\/produit\/appareil-cpap-airsense-11-autoset-suivi-clinique-jusqua-12-mois\/#primaryimage"},"image":{"@id":"https:\/\/dormalab.com\/fr\/produit\/appareil-cpap-airsense-11-autoset-suivi-clinique-jusqua-12-mois\/#primaryimage"},"thumbnailUrl":"https:\/\/dormalab.com\/wp-content\/uploads\/2025\/04\/AirSense-11-S11-CPAP-machine-1.png","datePublished":"2026-01-06T17:34:57+00:00","dateModified":"2026-01-06T17:52:39+00:00","breadcrumb":{"@id":"https:\/\/dormalab.com\/fr\/produit\/appareil-cpap-airsense-11-autoset-suivi-clinique-jusqua-12-mois\/#breadcrumb"},"inLanguage":"fr-FR","potentialAction":[{"@type":"ReadAction","target":["https:\/\/dormalab.com\/fr\/produit\/appareil-cpap-airsense-11-autoset-suivi-clinique-jusqua-12-mois\/"]}]},{"@type":"ImageObject","inLanguage":"fr-FR","@id":"https:\/\/dormalab.com\/fr\/produit\/appareil-cpap-airsense-11-autoset-suivi-clinique-jusqua-12-mois\/#primaryimage","url":"https:\/\/dormalab.com\/wp-content\/uploads\/2025\/04\/AirSense-11-S11-CPAP-machine-1.png","contentUrl":"https:\/\/dormalab.com\/wp-content\/uploads\/2025\/04\/AirSense-11-S11-CPAP-machine-1.png","width":1200,"height":1200},{"@type":"BreadcrumbList","@id":"https:\/\/dormalab.com\/fr\/produit\/appareil-cpap-airsense-11-autoset-suivi-clinique-jusqua-12-mois\/#breadcrumb","itemListElement":[{"@type":"ListItem","position":1,"name":"Home","item":"https:\/\/dormalab.com\/fr\/"},{"@type":"ListItem","position":2,"name":"Boutique","item":"https:\/\/dormalab.com\/fr\/boutique\/"},{"@type":"ListItem","position":3,"name":"Appareil CPAP Airsense 11 Autoset \u2013 Suivi clinique (jusqu&rsquo;\u00e0 12 mois)"}]},{"@type":"WebSite","@id":"https:\/\/dormalab.com\/fr\/#website","url":"https:\/\/dormalab.com\/fr\/","name":"Dorma Sleep Clinics","description":"Sleep Well Live Well","publisher":{"@id":"https:\/\/dormalab.com\/fr\/#organization"},"potentialAction":[{"@type":"SearchAction","target":{"@type":"EntryPoint","urlTemplate":"https:\/\/dormalab.com\/fr\/?s={search_term_string}"},"query-input":{"@type":"PropertyValueSpecification","valueRequired":true,"valueName":"search_term_string"}}],"inLanguage":"fr-FR"},{"@type":"Organization","@id":"https:\/\/dormalab.com\/fr\/#organization","name":"Dorma Clinique Du Sommeil","url":"https:\/\/dormalab.com\/fr\/","logo":{"@type":"ImageObject","inLanguage":"fr-FR","@id":"https:\/\/dormalab.com\/fr\/#\/schema\/logo\/image\/","url":"https:\/\/dormalab.com\/wp-content\/uploads\/2019\/10\/Dorma-Logotype-RGB-Black-scaled-e1578787470924.png","contentUrl":"https:\/\/dormalab.com\/wp-content\/uploads\/2019\/10\/Dorma-Logotype-RGB-Black-scaled-e1578787470924.png","width":120,"height":25,"caption":"Dorma Clinique Du Sommeil"},"image":{"@id":"https:\/\/dormalab.com\/fr\/#\/schema\/logo\/image\/"}}]}},"_links":{"self":[{"href":"https:\/\/dormalab.com\/fr\/wp-json\/wp\/v2\/product\/42130","targetHints":{"allow":["GET"]}}],"collection":[{"href":"https:\/\/dormalab.com\/fr\/wp-json\/wp\/v2\/product"}],"about":[{"href":"https:\/\/dormalab.com\/fr\/wp-json\/wp\/v2\/types\/product"}],"version-history":[{"count":1,"href":"https:\/\/dormalab.com\/fr\/wp-json\/wp\/v2\/product\/42130\/revisions"}],"predecessor-version":[{"id":42132,"href":"https:\/\/dormalab.com\/fr\/wp-json\/wp\/v2\/product\/42130\/revisions\/42132"}],"wp:featuredmedia":[{"embeddable":true,"href":"https:\/\/dormalab.com\/fr\/wp-json\/wp\/v2\/media\/40541"}],"wp:attachment":[{"href":"https:\/\/dormalab.com\/fr\/wp-json\/wp\/v2\/media?parent=42130"}],"wp:term":[{"taxonomy":"product_brand","embeddable":true,"href":"https:\/\/dormalab.com\/fr\/wp-json\/wp\/v2\/product_brand?post=42130"},{"taxonomy":"product_cat","embeddable":true,"href":"https:\/\/dormalab.com\/fr\/wp-json\/wp\/v2\/product_cat?post=42130"},{"taxonomy":"product_tag","embeddable":true,"href":"https:\/\/dormalab.com\/fr\/wp-json\/wp\/v2\/product_tag?post=42130"}],"curies":[{"name":"wp","href":"https:\/\/api.w.org\/{rel}","templated":true}]}}