{"id":42371,"date":"2026-01-20T14:45:18","date_gmt":"2026-01-20T19:45:18","guid":{"rendered":"https:\/\/dormalab.com\/product\/coussinet-airfit-p10-petit\/"},"modified":"2026-01-20T14:59:58","modified_gmt":"2026-01-20T19:59:58","slug":"coussinet-airfit-p10-petit","status":"publish","type":"product","link":"https:\/\/dormalab.com\/fr\/produit\/coussinet-airfit-p10-petit\/","title":{"rendered":"Coussinet AirFit P10 petit"},"content":{"rendered":"<p>Le coussinet nasal AirFit P10 Small est un coussinet de rechange con\u00e7u pour offrir une \u00e9tanch\u00e9it\u00e9 confortable et s\u00fbre, un minimum de bruit et un confort maximal tout au long de la nuit. Id\u00e9al pour les utilisateurs qui recherchent une petite taille pour un ajustement et une performance optimaux. <\/p>\n","protected":false},"excerpt":{"rendered":"<p>Coussin AirFit P10 Petit \u2014 un coussinet nasal de remplacement de petite taille con\u00e7u pour une \u00e9tanch\u00e9it\u00e9 confortable et s\u00fbre.<\/p>\n","protected":false},"featured_media":42367,"template":"","meta":[],"product_brand":[368],"product_cat":[377],"product_tag":[],"class_list":{"0":"post-42371","1":"product","2":"type-product","3":"status-publish","4":"has-post-thumbnail","6":"product_brand-resmed","7":"product_cat-coussins-nasaux-faciaux","9":"first","10":"instock","11":"shipping-taxable","12":"purchasable","13":"product-type-simple"},"yoast_head":"<!-- This site is optimized with the Yoast SEO plugin v27.4 - https:\/\/yoast.com\/product\/yoast-seo-wordpress\/ -->\n<title>Coussinet AirFit P10 petit - Dorma Sleep Clinics<\/title>\n<meta name=\"robots\" content=\"index, follow, max-snippet:-1, max-image-preview:large, max-video-preview:-1\" \/>\n<link rel=\"canonical\" href=\"https:\/\/dormalab.com\/fr\/produit\/coussinet-airfit-p10-petit\/\" \/>\n<meta property=\"og:locale\" content=\"fr_FR\" \/>\n<meta property=\"og:type\" content=\"article\" \/>\n<meta property=\"og:title\" content=\"Coussinet AirFit P10 petit - Dorma Sleep Clinics\" \/>\n<meta property=\"og:description\" content=\"Coussin AirFit P10 Petit \u2014 un coussinet nasal de remplacement de petite taille con\u00e7u pour une \u00e9tanch\u00e9it\u00e9 confortable et s\u00fbre.\" \/>\n<meta property=\"og:url\" content=\"https:\/\/dormalab.com\/fr\/produit\/coussinet-airfit-p10-petit\/\" \/>\n<meta property=\"og:site_name\" content=\"Dorma Sleep Clinics\" \/>\n<meta property=\"article:modified_time\" content=\"2026-01-20T19:59:58+00:00\" \/>\n<meta property=\"og:image\" content=\"https:\/\/dormalab.com\/wp-content\/uploads\/2026\/01\/Capture-1.png\" \/>\n\t<meta property=\"og:image:width\" content=\"422\" \/>\n\t<meta property=\"og:image:height\" content=\"388\" \/>\n\t<meta property=\"og:image:type\" content=\"image\/png\" \/>\n<meta name=\"twitter:card\" content=\"summary_large_image\" \/>\n<script type=\"application\/ld+json\" class=\"yoast-schema-graph\">{\"@context\":\"https:\\\/\\\/schema.org\",\"@graph\":[{\"@type\":\"WebPage\",\"@id\":\"https:\\\/\\\/dormalab.com\\\/fr\\\/produit\\\/coussinet-airfit-p10-petit\\\/\",\"url\":\"https:\\\/\\\/dormalab.com\\\/fr\\\/produit\\\/coussinet-airfit-p10-petit\\\/\",\"name\":\"Coussinet AirFit P10 petit - Dorma Sleep Clinics\",\"isPartOf\":{\"@id\":\"https:\\\/\\\/dormalab.com\\\/fr\\\/#website\"},\"primaryImageOfPage\":{\"@id\":\"https:\\\/\\\/dormalab.com\\\/fr\\\/produit\\\/coussinet-airfit-p10-petit\\\/#primaryimage\"},\"image\":{\"@id\":\"https:\\\/\\\/dormalab.com\\\/fr\\\/produit\\\/coussinet-airfit-p10-petit\\\/#primaryimage\"},\"thumbnailUrl\":\"https:\\\/\\\/dormalab.com\\\/wp-content\\\/uploads\\\/2026\\\/01\\\/Capture-1.png\",\"datePublished\":\"2026-01-20T19:45:18+00:00\",\"dateModified\":\"2026-01-20T19:59:58+00:00\",\"breadcrumb\":{\"@id\":\"https:\\\/\\\/dormalab.com\\\/fr\\\/produit\\\/coussinet-airfit-p10-petit\\\/#breadcrumb\"},\"inLanguage\":\"fr-FR\",\"potentialAction\":[{\"@type\":\"ReadAction\",\"target\":[\"https:\\\/\\\/dormalab.com\\\/fr\\\/produit\\\/coussinet-airfit-p10-petit\\\/\"]}]},{\"@type\":\"ImageObject\",\"inLanguage\":\"fr-FR\",\"@id\":\"https:\\\/\\\/dormalab.com\\\/fr\\\/produit\\\/coussinet-airfit-p10-petit\\\/#primaryimage\",\"url\":\"https:\\\/\\\/dormalab.com\\\/wp-content\\\/uploads\\\/2026\\\/01\\\/Capture-1.png\",\"contentUrl\":\"https:\\\/\\\/dormalab.com\\\/wp-content\\\/uploads\\\/2026\\\/01\\\/Capture-1.png\",\"width\":422,\"height\":388},{\"@type\":\"BreadcrumbList\",\"@id\":\"https:\\\/\\\/dormalab.com\\\/fr\\\/produit\\\/coussinet-airfit-p10-petit\\\/#breadcrumb\",\"itemListElement\":[{\"@type\":\"ListItem\",\"position\":1,\"name\":\"Home\",\"item\":\"https:\\\/\\\/dormalab.com\\\/fr\\\/\"},{\"@type\":\"ListItem\",\"position\":2,\"name\":\"Boutique\",\"item\":\"https:\\\/\\\/dormalab.com\\\/fr\\\/boutique\\\/\"},{\"@type\":\"ListItem\",\"position\":3,\"name\":\"Coussinet AirFit P10 petit\"}]},{\"@type\":\"WebSite\",\"@id\":\"https:\\\/\\\/dormalab.com\\\/fr\\\/#website\",\"url\":\"https:\\\/\\\/dormalab.com\\\/fr\\\/\",\"name\":\"Dorma Sleep Clinics\",\"description\":\"Sleep Well Live Well\",\"publisher\":{\"@id\":\"https:\\\/\\\/dormalab.com\\\/fr\\\/#organization\"},\"potentialAction\":[{\"@type\":\"SearchAction\",\"target\":{\"@type\":\"EntryPoint\",\"urlTemplate\":\"https:\\\/\\\/dormalab.com\\\/fr\\\/?s={search_term_string}\"},\"query-input\":{\"@type\":\"PropertyValueSpecification\",\"valueRequired\":true,\"valueName\":\"search_term_string\"}}],\"inLanguage\":\"fr-FR\"},{\"@type\":\"Organization\",\"@id\":\"https:\\\/\\\/dormalab.com\\\/fr\\\/#organization\",\"name\":\"Dorma Clinique Du Sommeil\",\"url\":\"https:\\\/\\\/dormalab.com\\\/fr\\\/\",\"logo\":{\"@type\":\"ImageObject\",\"inLanguage\":\"fr-FR\",\"@id\":\"https:\\\/\\\/dormalab.com\\\/fr\\\/#\\\/schema\\\/logo\\\/image\\\/\",\"url\":\"https:\\\/\\\/dormalab.com\\\/wp-content\\\/uploads\\\/2019\\\/10\\\/Dorma-Logotype-RGB-Black-scaled-e1578787470924.png\",\"contentUrl\":\"https:\\\/\\\/dormalab.com\\\/wp-content\\\/uploads\\\/2019\\\/10\\\/Dorma-Logotype-RGB-Black-scaled-e1578787470924.png\",\"width\":120,\"height\":25,\"caption\":\"Dorma Clinique Du Sommeil\"},\"image\":{\"@id\":\"https:\\\/\\\/dormalab.com\\\/fr\\\/#\\\/schema\\\/logo\\\/image\\\/\"}}]}<\/script>\n<!-- \/ Yoast SEO plugin. -->","yoast_head_json":{"title":"Coussinet AirFit P10 petit - Dorma Sleep Clinics","robots":{"index":"index","follow":"follow","max-snippet":"max-snippet:-1","max-image-preview":"max-image-preview:large","max-video-preview":"max-video-preview:-1"},"canonical":"https:\/\/dormalab.com\/fr\/produit\/coussinet-airfit-p10-petit\/","og_locale":"fr_FR","og_type":"article","og_title":"Coussinet AirFit P10 petit - Dorma Sleep Clinics","og_description":"Coussin AirFit P10 Petit \u2014 un coussinet nasal de remplacement de petite taille con\u00e7u pour une \u00e9tanch\u00e9it\u00e9 confortable et s\u00fbre.","og_url":"https:\/\/dormalab.com\/fr\/produit\/coussinet-airfit-p10-petit\/","og_site_name":"Dorma Sleep Clinics","article_modified_time":"2026-01-20T19:59:58+00:00","og_image":[{"width":422,"height":388,"url":"https:\/\/dormalab.com\/wp-content\/uploads\/2026\/01\/Capture-1.png","type":"image\/png"}],"twitter_card":"summary_large_image","schema":{"@context":"https:\/\/schema.org","@graph":[{"@type":"WebPage","@id":"https:\/\/dormalab.com\/fr\/produit\/coussinet-airfit-p10-petit\/","url":"https:\/\/dormalab.com\/fr\/produit\/coussinet-airfit-p10-petit\/","name":"Coussinet AirFit P10 petit - Dorma Sleep Clinics","isPartOf":{"@id":"https:\/\/dormalab.com\/fr\/#website"},"primaryImageOfPage":{"@id":"https:\/\/dormalab.com\/fr\/produit\/coussinet-airfit-p10-petit\/#primaryimage"},"image":{"@id":"https:\/\/dormalab.com\/fr\/produit\/coussinet-airfit-p10-petit\/#primaryimage"},"thumbnailUrl":"https:\/\/dormalab.com\/wp-content\/uploads\/2026\/01\/Capture-1.png","datePublished":"2026-01-20T19:45:18+00:00","dateModified":"2026-01-20T19:59:58+00:00","breadcrumb":{"@id":"https:\/\/dormalab.com\/fr\/produit\/coussinet-airfit-p10-petit\/#breadcrumb"},"inLanguage":"fr-FR","potentialAction":[{"@type":"ReadAction","target":["https:\/\/dormalab.com\/fr\/produit\/coussinet-airfit-p10-petit\/"]}]},{"@type":"ImageObject","inLanguage":"fr-FR","@id":"https:\/\/dormalab.com\/fr\/produit\/coussinet-airfit-p10-petit\/#primaryimage","url":"https:\/\/dormalab.com\/wp-content\/uploads\/2026\/01\/Capture-1.png","contentUrl":"https:\/\/dormalab.com\/wp-content\/uploads\/2026\/01\/Capture-1.png","width":422,"height":388},{"@type":"BreadcrumbList","@id":"https:\/\/dormalab.com\/fr\/produit\/coussinet-airfit-p10-petit\/#breadcrumb","itemListElement":[{"@type":"ListItem","position":1,"name":"Home","item":"https:\/\/dormalab.com\/fr\/"},{"@type":"ListItem","position":2,"name":"Boutique","item":"https:\/\/dormalab.com\/fr\/boutique\/"},{"@type":"ListItem","position":3,"name":"Coussinet AirFit P10 petit"}]},{"@type":"WebSite","@id":"https:\/\/dormalab.com\/fr\/#website","url":"https:\/\/dormalab.com\/fr\/","name":"Dorma Sleep Clinics","description":"Sleep Well Live Well","publisher":{"@id":"https:\/\/dormalab.com\/fr\/#organization"},"potentialAction":[{"@type":"SearchAction","target":{"@type":"EntryPoint","urlTemplate":"https:\/\/dormalab.com\/fr\/?s={search_term_string}"},"query-input":{"@type":"PropertyValueSpecification","valueRequired":true,"valueName":"search_term_string"}}],"inLanguage":"fr-FR"},{"@type":"Organization","@id":"https:\/\/dormalab.com\/fr\/#organization","name":"Dorma Clinique Du Sommeil","url":"https:\/\/dormalab.com\/fr\/","logo":{"@type":"ImageObject","inLanguage":"fr-FR","@id":"https:\/\/dormalab.com\/fr\/#\/schema\/logo\/image\/","url":"https:\/\/dormalab.com\/wp-content\/uploads\/2019\/10\/Dorma-Logotype-RGB-Black-scaled-e1578787470924.png","contentUrl":"https:\/\/dormalab.com\/wp-content\/uploads\/2019\/10\/Dorma-Logotype-RGB-Black-scaled-e1578787470924.png","width":120,"height":25,"caption":"Dorma Clinique Du Sommeil"},"image":{"@id":"https:\/\/dormalab.com\/fr\/#\/schema\/logo\/image\/"}}]}},"_links":{"self":[{"href":"https:\/\/dormalab.com\/fr\/wp-json\/wp\/v2\/product\/42371","targetHints":{"allow":["GET"]}}],"collection":[{"href":"https:\/\/dormalab.com\/fr\/wp-json\/wp\/v2\/product"}],"about":[{"href":"https:\/\/dormalab.com\/fr\/wp-json\/wp\/v2\/types\/product"}],"version-history":[{"count":1,"href":"https:\/\/dormalab.com\/fr\/wp-json\/wp\/v2\/product\/42371\/revisions"}],"predecessor-version":[{"id":42372,"href":"https:\/\/dormalab.com\/fr\/wp-json\/wp\/v2\/product\/42371\/revisions\/42372"}],"wp:featuredmedia":[{"embeddable":true,"href":"https:\/\/dormalab.com\/fr\/wp-json\/wp\/v2\/media\/42367"}],"wp:attachment":[{"href":"https:\/\/dormalab.com\/fr\/wp-json\/wp\/v2\/media?parent=42371"}],"wp:term":[{"taxonomy":"product_brand","embeddable":true,"href":"https:\/\/dormalab.com\/fr\/wp-json\/wp\/v2\/product_brand?post=42371"},{"taxonomy":"product_cat","embeddable":true,"href":"https:\/\/dormalab.com\/fr\/wp-json\/wp\/v2\/product_cat?post=42371"},{"taxonomy":"product_tag","embeddable":true,"href":"https:\/\/dormalab.com\/fr\/wp-json\/wp\/v2\/product_tag?post=42371"}],"curies":[{"name":"wp","href":"https:\/\/api.w.org\/{rel}","templated":true}]}}