{"id":42466,"date":"2026-01-27T15:17:05","date_gmt":"2026-01-27T20:17:05","guid":{"rendered":"https:\/\/dormalab.com\/product\/airfit-f40-petit-large-standard\/"},"modified":"2026-01-27T15:20:55","modified_gmt":"2026-01-27T20:20:55","slug":"airfit-f40-petit-large-standard","status":"publish","type":"product","link":"https:\/\/dormalab.com\/fr\/produit\/airfit-f40-petit-large-standard\/","title":{"rendered":"AirFit F40 Petit-Large\/Standard"},"content":{"rendered":"<p>Le masque facial complet AirFit F40 (taille standard\/petite) pr\u00e9sente un design moderne et discret qui assure une th\u00e9rapie efficace avec un contact minimal avec le visage. Son coussinet en silicone souple et flexible s&rsquo;adapte aux contours du visage pour maintenir une \u00e9tanch\u00e9it\u00e9 optimale tout en r\u00e9duisant les points de pression et les fuites d&rsquo;air. La taille standard\/petite est id\u00e9ale pour les utilisateurs qui n\u00e9cessitent un masque plus large tout en conservant un profil vertical r\u00e9duit. Con\u00e7u pour les personnes respirant par la bouche et celles n\u00e9cessitant une th\u00e9rapie par PPC (pression positive continue) avec masque facial complet, l&rsquo;AirFit F40 offre un flux d&rsquo;air silencieux, une grande libert\u00e9 de mouvement et un confort optimal tout au long de la nuit.   <\/p>\n","protected":false},"excerpt":{"rendered":"<p>Le masque AirFit F40 Small-Wide\/Standard est un masque CPAP facial complet et l\u00e9ger, con\u00e7u pour assurer une \u00e9tanch\u00e9it\u00e9 optimale et un confort accru pour les utilisateurs ayant une structure faciale plus large.<\/p>\n","protected":false},"featured_media":42458,"template":"","meta":[],"product_brand":[368],"product_cat":[365],"product_tag":[],"class_list":{"0":"post-42466","1":"product","2":"type-product","3":"status-publish","4":"has-post-thumbnail","6":"product_brand-resmed","7":"product_cat-masque","9":"first","10":"instock","11":"shipping-taxable","12":"purchasable","13":"product-type-simple"},"yoast_head":"<!-- This site is optimized with the Yoast SEO plugin v27.3 - https:\/\/yoast.com\/product\/yoast-seo-wordpress\/ -->\n<title>AirFit F40 Petit-Large\/Standard - Dorma Sleep Clinics<\/title>\n<meta name=\"robots\" content=\"index, follow, max-snippet:-1, max-image-preview:large, max-video-preview:-1\" \/>\n<link rel=\"canonical\" href=\"https:\/\/dormalab.com\/fr\/produit\/airfit-f40-petit-large-standard\/\" \/>\n<meta property=\"og:locale\" content=\"fr_FR\" \/>\n<meta property=\"og:type\" content=\"article\" \/>\n<meta property=\"og:title\" content=\"AirFit F40 Petit-Large\/Standard - Dorma Sleep Clinics\" \/>\n<meta property=\"og:description\" content=\"Le masque AirFit F40 Small-Wide\/Standard est un masque CPAP facial complet et l\u00e9ger, con\u00e7u pour assurer une \u00e9tanch\u00e9it\u00e9 optimale et un confort accru pour les utilisateurs ayant une structure faciale plus large.\" \/>\n<meta property=\"og:url\" content=\"https:\/\/dormalab.com\/fr\/produit\/airfit-f40-petit-large-standard\/\" \/>\n<meta property=\"og:site_name\" content=\"Dorma Sleep Clinics\" \/>\n<meta property=\"article:modified_time\" content=\"2026-01-27T20:20:55+00:00\" \/>\n<meta property=\"og:image\" content=\"https:\/\/dormalab.com\/wp-content\/uploads\/2026\/01\/Capture-6.png\" \/>\n\t<meta property=\"og:image:width\" content=\"358\" \/>\n\t<meta property=\"og:image:height\" content=\"383\" \/>\n\t<meta property=\"og:image:type\" content=\"image\/png\" \/>\n<meta name=\"twitter:card\" content=\"summary_large_image\" \/>\n<meta name=\"twitter:label1\" content=\"Dur\u00e9e de lecture estim\u00e9e\" \/>\n\t<meta name=\"twitter:data1\" content=\"1 minute\" \/>\n<script type=\"application\/ld+json\" class=\"yoast-schema-graph\">{\"@context\":\"https:\\\/\\\/schema.org\",\"@graph\":[{\"@type\":\"WebPage\",\"@id\":\"https:\\\/\\\/dormalab.com\\\/fr\\\/produit\\\/airfit-f40-petit-large-standard\\\/\",\"url\":\"https:\\\/\\\/dormalab.com\\\/fr\\\/produit\\\/airfit-f40-petit-large-standard\\\/\",\"name\":\"AirFit F40 Petit-Large\\\/Standard - Dorma Sleep Clinics\",\"isPartOf\":{\"@id\":\"https:\\\/\\\/dormalab.com\\\/fr\\\/#website\"},\"primaryImageOfPage\":{\"@id\":\"https:\\\/\\\/dormalab.com\\\/fr\\\/produit\\\/airfit-f40-petit-large-standard\\\/#primaryimage\"},\"image\":{\"@id\":\"https:\\\/\\\/dormalab.com\\\/fr\\\/produit\\\/airfit-f40-petit-large-standard\\\/#primaryimage\"},\"thumbnailUrl\":\"https:\\\/\\\/dormalab.com\\\/wp-content\\\/uploads\\\/2026\\\/01\\\/Capture-6.png\",\"datePublished\":\"2026-01-27T20:17:05+00:00\",\"dateModified\":\"2026-01-27T20:20:55+00:00\",\"breadcrumb\":{\"@id\":\"https:\\\/\\\/dormalab.com\\\/fr\\\/produit\\\/airfit-f40-petit-large-standard\\\/#breadcrumb\"},\"inLanguage\":\"fr-FR\",\"potentialAction\":[{\"@type\":\"ReadAction\",\"target\":[\"https:\\\/\\\/dormalab.com\\\/fr\\\/produit\\\/airfit-f40-petit-large-standard\\\/\"]}]},{\"@type\":\"ImageObject\",\"inLanguage\":\"fr-FR\",\"@id\":\"https:\\\/\\\/dormalab.com\\\/fr\\\/produit\\\/airfit-f40-petit-large-standard\\\/#primaryimage\",\"url\":\"https:\\\/\\\/dormalab.com\\\/wp-content\\\/uploads\\\/2026\\\/01\\\/Capture-6.png\",\"contentUrl\":\"https:\\\/\\\/dormalab.com\\\/wp-content\\\/uploads\\\/2026\\\/01\\\/Capture-6.png\",\"width\":358,\"height\":383},{\"@type\":\"BreadcrumbList\",\"@id\":\"https:\\\/\\\/dormalab.com\\\/fr\\\/produit\\\/airfit-f40-petit-large-standard\\\/#breadcrumb\",\"itemListElement\":[{\"@type\":\"ListItem\",\"position\":1,\"name\":\"Home\",\"item\":\"https:\\\/\\\/dormalab.com\\\/fr\\\/\"},{\"@type\":\"ListItem\",\"position\":2,\"name\":\"Boutique\",\"item\":\"https:\\\/\\\/dormalab.com\\\/fr\\\/boutique\\\/\"},{\"@type\":\"ListItem\",\"position\":3,\"name\":\"AirFit F40 Petit-Large\\\/Standard\"}]},{\"@type\":\"WebSite\",\"@id\":\"https:\\\/\\\/dormalab.com\\\/fr\\\/#website\",\"url\":\"https:\\\/\\\/dormalab.com\\\/fr\\\/\",\"name\":\"Dorma Sleep Clinics\",\"description\":\"Sleep Well Live Well\",\"publisher\":{\"@id\":\"https:\\\/\\\/dormalab.com\\\/fr\\\/#organization\"},\"potentialAction\":[{\"@type\":\"SearchAction\",\"target\":{\"@type\":\"EntryPoint\",\"urlTemplate\":\"https:\\\/\\\/dormalab.com\\\/fr\\\/?s={search_term_string}\"},\"query-input\":{\"@type\":\"PropertyValueSpecification\",\"valueRequired\":true,\"valueName\":\"search_term_string\"}}],\"inLanguage\":\"fr-FR\"},{\"@type\":\"Organization\",\"@id\":\"https:\\\/\\\/dormalab.com\\\/fr\\\/#organization\",\"name\":\"Dorma Clinique Du Sommeil\",\"url\":\"https:\\\/\\\/dormalab.com\\\/fr\\\/\",\"logo\":{\"@type\":\"ImageObject\",\"inLanguage\":\"fr-FR\",\"@id\":\"https:\\\/\\\/dormalab.com\\\/fr\\\/#\\\/schema\\\/logo\\\/image\\\/\",\"url\":\"https:\\\/\\\/dormalab.com\\\/wp-content\\\/uploads\\\/2019\\\/10\\\/Dorma-Logotype-RGB-Black-scaled-e1578787470924.png\",\"contentUrl\":\"https:\\\/\\\/dormalab.com\\\/wp-content\\\/uploads\\\/2019\\\/10\\\/Dorma-Logotype-RGB-Black-scaled-e1578787470924.png\",\"width\":120,\"height\":25,\"caption\":\"Dorma Clinique Du Sommeil\"},\"image\":{\"@id\":\"https:\\\/\\\/dormalab.com\\\/fr\\\/#\\\/schema\\\/logo\\\/image\\\/\"}}]}<\/script>\n<!-- \/ Yoast SEO plugin. -->","yoast_head_json":{"title":"AirFit F40 Petit-Large\/Standard - Dorma Sleep Clinics","robots":{"index":"index","follow":"follow","max-snippet":"max-snippet:-1","max-image-preview":"max-image-preview:large","max-video-preview":"max-video-preview:-1"},"canonical":"https:\/\/dormalab.com\/fr\/produit\/airfit-f40-petit-large-standard\/","og_locale":"fr_FR","og_type":"article","og_title":"AirFit F40 Petit-Large\/Standard - Dorma Sleep Clinics","og_description":"Le masque AirFit F40 Small-Wide\/Standard est un masque CPAP facial complet et l\u00e9ger, con\u00e7u pour assurer une \u00e9tanch\u00e9it\u00e9 optimale et un confort accru pour les utilisateurs ayant une structure faciale plus large.","og_url":"https:\/\/dormalab.com\/fr\/produit\/airfit-f40-petit-large-standard\/","og_site_name":"Dorma Sleep Clinics","article_modified_time":"2026-01-27T20:20:55+00:00","og_image":[{"width":358,"height":383,"url":"https:\/\/dormalab.com\/wp-content\/uploads\/2026\/01\/Capture-6.png","type":"image\/png"}],"twitter_card":"summary_large_image","twitter_misc":{"Dur\u00e9e de lecture estim\u00e9e":"1 minute"},"schema":{"@context":"https:\/\/schema.org","@graph":[{"@type":"WebPage","@id":"https:\/\/dormalab.com\/fr\/produit\/airfit-f40-petit-large-standard\/","url":"https:\/\/dormalab.com\/fr\/produit\/airfit-f40-petit-large-standard\/","name":"AirFit F40 Petit-Large\/Standard - Dorma Sleep Clinics","isPartOf":{"@id":"https:\/\/dormalab.com\/fr\/#website"},"primaryImageOfPage":{"@id":"https:\/\/dormalab.com\/fr\/produit\/airfit-f40-petit-large-standard\/#primaryimage"},"image":{"@id":"https:\/\/dormalab.com\/fr\/produit\/airfit-f40-petit-large-standard\/#primaryimage"},"thumbnailUrl":"https:\/\/dormalab.com\/wp-content\/uploads\/2026\/01\/Capture-6.png","datePublished":"2026-01-27T20:17:05+00:00","dateModified":"2026-01-27T20:20:55+00:00","breadcrumb":{"@id":"https:\/\/dormalab.com\/fr\/produit\/airfit-f40-petit-large-standard\/#breadcrumb"},"inLanguage":"fr-FR","potentialAction":[{"@type":"ReadAction","target":["https:\/\/dormalab.com\/fr\/produit\/airfit-f40-petit-large-standard\/"]}]},{"@type":"ImageObject","inLanguage":"fr-FR","@id":"https:\/\/dormalab.com\/fr\/produit\/airfit-f40-petit-large-standard\/#primaryimage","url":"https:\/\/dormalab.com\/wp-content\/uploads\/2026\/01\/Capture-6.png","contentUrl":"https:\/\/dormalab.com\/wp-content\/uploads\/2026\/01\/Capture-6.png","width":358,"height":383},{"@type":"BreadcrumbList","@id":"https:\/\/dormalab.com\/fr\/produit\/airfit-f40-petit-large-standard\/#breadcrumb","itemListElement":[{"@type":"ListItem","position":1,"name":"Home","item":"https:\/\/dormalab.com\/fr\/"},{"@type":"ListItem","position":2,"name":"Boutique","item":"https:\/\/dormalab.com\/fr\/boutique\/"},{"@type":"ListItem","position":3,"name":"AirFit F40 Petit-Large\/Standard"}]},{"@type":"WebSite","@id":"https:\/\/dormalab.com\/fr\/#website","url":"https:\/\/dormalab.com\/fr\/","name":"Dorma Sleep Clinics","description":"Sleep Well Live Well","publisher":{"@id":"https:\/\/dormalab.com\/fr\/#organization"},"potentialAction":[{"@type":"SearchAction","target":{"@type":"EntryPoint","urlTemplate":"https:\/\/dormalab.com\/fr\/?s={search_term_string}"},"query-input":{"@type":"PropertyValueSpecification","valueRequired":true,"valueName":"search_term_string"}}],"inLanguage":"fr-FR"},{"@type":"Organization","@id":"https:\/\/dormalab.com\/fr\/#organization","name":"Dorma Clinique Du Sommeil","url":"https:\/\/dormalab.com\/fr\/","logo":{"@type":"ImageObject","inLanguage":"fr-FR","@id":"https:\/\/dormalab.com\/fr\/#\/schema\/logo\/image\/","url":"https:\/\/dormalab.com\/wp-content\/uploads\/2019\/10\/Dorma-Logotype-RGB-Black-scaled-e1578787470924.png","contentUrl":"https:\/\/dormalab.com\/wp-content\/uploads\/2019\/10\/Dorma-Logotype-RGB-Black-scaled-e1578787470924.png","width":120,"height":25,"caption":"Dorma Clinique Du Sommeil"},"image":{"@id":"https:\/\/dormalab.com\/fr\/#\/schema\/logo\/image\/"}}]}},"_links":{"self":[{"href":"https:\/\/dormalab.com\/fr\/wp-json\/wp\/v2\/product\/42466","targetHints":{"allow":["GET"]}}],"collection":[{"href":"https:\/\/dormalab.com\/fr\/wp-json\/wp\/v2\/product"}],"about":[{"href":"https:\/\/dormalab.com\/fr\/wp-json\/wp\/v2\/types\/product"}],"version-history":[{"count":0,"href":"https:\/\/dormalab.com\/fr\/wp-json\/wp\/v2\/product\/42466\/revisions"}],"wp:featuredmedia":[{"embeddable":true,"href":"https:\/\/dormalab.com\/fr\/wp-json\/wp\/v2\/media\/42458"}],"wp:attachment":[{"href":"https:\/\/dormalab.com\/fr\/wp-json\/wp\/v2\/media?parent=42466"}],"wp:term":[{"taxonomy":"product_brand","embeddable":true,"href":"https:\/\/dormalab.com\/fr\/wp-json\/wp\/v2\/product_brand?post=42466"},{"taxonomy":"product_cat","embeddable":true,"href":"https:\/\/dormalab.com\/fr\/wp-json\/wp\/v2\/product_cat?post=42466"},{"taxonomy":"product_tag","embeddable":true,"href":"https:\/\/dormalab.com\/fr\/wp-json\/wp\/v2\/product_tag?post=42466"}],"curies":[{"name":"wp","href":"https:\/\/api.w.org\/{rel}","templated":true}]}}