{"id":42470,"date":"2026-01-27T15:24:55","date_gmt":"2026-01-27T20:24:55","guid":{"rendered":"https:\/\/dormalab.com\/product\/airfit-f40-grand-standard\/"},"modified":"2026-01-27T15:32:50","modified_gmt":"2026-01-27T20:32:50","slug":"airfit-f40-grand-standard","status":"publish","type":"product","link":"https:\/\/dormalab.com\/fr\/produit\/airfit-f40-grand-standard\/","title":{"rendered":"AirFit F40 Grand\/Standard"},"content":{"rendered":"<p>Le masque facial complet AirFit F40 Large\/Standard offre une solution th\u00e9rapeutique confortable et fiable aux personnes ayant un visage plus large. Dot\u00e9 d&rsquo;un coussinet en silicone souple et flexible, il s&rsquo;adapte aux contours du visage pour une \u00e9tanch\u00e9it\u00e9 optimale et des fuites d&rsquo;air minimales. Son design discret r\u00e9duit les points de contact et de pression sur le visage, pour un confort optimal toute la nuit et un flux d&rsquo;air silencieux. Id\u00e9al pour les personnes respirant par la bouche et celles n\u00e9cessitant un masque facial complet, l&rsquo;AirFit F40 Large\/Standard favorise la libert\u00e9 de mouvement et une th\u00e9rapie <a href=\"https:\/\/dormalab.com\/continuous-positive-airflow-pressure-cpap\/\" data-internallinksmanager029f6b8e52c=\"1\" title=\"Continuous Positive Airflow Pressure (CPAP)\">CPAP<\/a> constante.   <\/p>\n","protected":false},"excerpt":{"rendered":"<p>Le masque AirFit F40 Large\/Standard est un masque CPAP facial complet et l\u00e9ger, con\u00e7u pour assurer une \u00e9tanch\u00e9it\u00e9 optimale et un confort d&rsquo;utilisation pour les personnes ayant des traits du visage plus larges.<\/p>\n","protected":false},"featured_media":42458,"template":"","meta":[],"product_brand":[368],"product_cat":[365],"product_tag":[],"class_list":{"0":"post-42470","1":"product","2":"type-product","3":"status-publish","4":"has-post-thumbnail","6":"product_brand-resmed","7":"product_cat-masque","9":"first","10":"instock","11":"shipping-taxable","12":"purchasable","13":"product-type-simple"},"yoast_head":"<!-- This site is optimized with the Yoast SEO plugin v27.3 - https:\/\/yoast.com\/product\/yoast-seo-wordpress\/ -->\n<title>AirFit F40 Grand\/Standard - Dorma Sleep Clinics<\/title>\n<meta name=\"robots\" content=\"index, follow, max-snippet:-1, max-image-preview:large, max-video-preview:-1\" \/>\n<link rel=\"canonical\" href=\"https:\/\/dormalab.com\/fr\/produit\/airfit-f40-grand-standard\/\" \/>\n<meta property=\"og:locale\" content=\"fr_FR\" \/>\n<meta property=\"og:type\" content=\"article\" \/>\n<meta property=\"og:title\" content=\"AirFit F40 Grand\/Standard - Dorma Sleep Clinics\" \/>\n<meta property=\"og:description\" content=\"Le masque AirFit F40 Large\/Standard est un masque CPAP facial complet et l\u00e9ger, con\u00e7u pour assurer une \u00e9tanch\u00e9it\u00e9 optimale et un confort d&#039;utilisation pour les personnes ayant des traits du visage plus larges.\" \/>\n<meta property=\"og:url\" content=\"https:\/\/dormalab.com\/fr\/produit\/airfit-f40-grand-standard\/\" \/>\n<meta property=\"og:site_name\" content=\"Dorma Sleep Clinics\" \/>\n<meta property=\"article:modified_time\" content=\"2026-01-27T20:32:50+00:00\" \/>\n<meta property=\"og:image\" content=\"https:\/\/dormalab.com\/wp-content\/uploads\/2026\/01\/Capture-6.png\" \/>\n\t<meta property=\"og:image:width\" content=\"358\" \/>\n\t<meta property=\"og:image:height\" content=\"383\" \/>\n\t<meta property=\"og:image:type\" content=\"image\/png\" \/>\n<meta name=\"twitter:card\" content=\"summary_large_image\" \/>\n<meta name=\"twitter:label1\" content=\"Dur\u00e9e de lecture estim\u00e9e\" \/>\n\t<meta name=\"twitter:data1\" content=\"1 minute\" \/>\n<script type=\"application\/ld+json\" class=\"yoast-schema-graph\">{\"@context\":\"https:\\\/\\\/schema.org\",\"@graph\":[{\"@type\":\"WebPage\",\"@id\":\"https:\\\/\\\/dormalab.com\\\/fr\\\/produit\\\/airfit-f40-grand-standard\\\/\",\"url\":\"https:\\\/\\\/dormalab.com\\\/fr\\\/produit\\\/airfit-f40-grand-standard\\\/\",\"name\":\"AirFit F40 Grand\\\/Standard - Dorma Sleep Clinics\",\"isPartOf\":{\"@id\":\"https:\\\/\\\/dormalab.com\\\/fr\\\/#website\"},\"primaryImageOfPage\":{\"@id\":\"https:\\\/\\\/dormalab.com\\\/fr\\\/produit\\\/airfit-f40-grand-standard\\\/#primaryimage\"},\"image\":{\"@id\":\"https:\\\/\\\/dormalab.com\\\/fr\\\/produit\\\/airfit-f40-grand-standard\\\/#primaryimage\"},\"thumbnailUrl\":\"https:\\\/\\\/dormalab.com\\\/wp-content\\\/uploads\\\/2026\\\/01\\\/Capture-6.png\",\"datePublished\":\"2026-01-27T20:24:55+00:00\",\"dateModified\":\"2026-01-27T20:32:50+00:00\",\"breadcrumb\":{\"@id\":\"https:\\\/\\\/dormalab.com\\\/fr\\\/produit\\\/airfit-f40-grand-standard\\\/#breadcrumb\"},\"inLanguage\":\"fr-FR\",\"potentialAction\":[{\"@type\":\"ReadAction\",\"target\":[\"https:\\\/\\\/dormalab.com\\\/fr\\\/produit\\\/airfit-f40-grand-standard\\\/\"]}]},{\"@type\":\"ImageObject\",\"inLanguage\":\"fr-FR\",\"@id\":\"https:\\\/\\\/dormalab.com\\\/fr\\\/produit\\\/airfit-f40-grand-standard\\\/#primaryimage\",\"url\":\"https:\\\/\\\/dormalab.com\\\/wp-content\\\/uploads\\\/2026\\\/01\\\/Capture-6.png\",\"contentUrl\":\"https:\\\/\\\/dormalab.com\\\/wp-content\\\/uploads\\\/2026\\\/01\\\/Capture-6.png\",\"width\":358,\"height\":383},{\"@type\":\"BreadcrumbList\",\"@id\":\"https:\\\/\\\/dormalab.com\\\/fr\\\/produit\\\/airfit-f40-grand-standard\\\/#breadcrumb\",\"itemListElement\":[{\"@type\":\"ListItem\",\"position\":1,\"name\":\"Home\",\"item\":\"https:\\\/\\\/dormalab.com\\\/fr\\\/\"},{\"@type\":\"ListItem\",\"position\":2,\"name\":\"Boutique\",\"item\":\"https:\\\/\\\/dormalab.com\\\/fr\\\/boutique\\\/\"},{\"@type\":\"ListItem\",\"position\":3,\"name\":\"AirFit F40 Grand\\\/Standard\"}]},{\"@type\":\"WebSite\",\"@id\":\"https:\\\/\\\/dormalab.com\\\/fr\\\/#website\",\"url\":\"https:\\\/\\\/dormalab.com\\\/fr\\\/\",\"name\":\"Dorma Sleep Clinics\",\"description\":\"Sleep Well Live Well\",\"publisher\":{\"@id\":\"https:\\\/\\\/dormalab.com\\\/fr\\\/#organization\"},\"potentialAction\":[{\"@type\":\"SearchAction\",\"target\":{\"@type\":\"EntryPoint\",\"urlTemplate\":\"https:\\\/\\\/dormalab.com\\\/fr\\\/?s={search_term_string}\"},\"query-input\":{\"@type\":\"PropertyValueSpecification\",\"valueRequired\":true,\"valueName\":\"search_term_string\"}}],\"inLanguage\":\"fr-FR\"},{\"@type\":\"Organization\",\"@id\":\"https:\\\/\\\/dormalab.com\\\/fr\\\/#organization\",\"name\":\"Dorma Clinique Du Sommeil\",\"url\":\"https:\\\/\\\/dormalab.com\\\/fr\\\/\",\"logo\":{\"@type\":\"ImageObject\",\"inLanguage\":\"fr-FR\",\"@id\":\"https:\\\/\\\/dormalab.com\\\/fr\\\/#\\\/schema\\\/logo\\\/image\\\/\",\"url\":\"https:\\\/\\\/dormalab.com\\\/wp-content\\\/uploads\\\/2019\\\/10\\\/Dorma-Logotype-RGB-Black-scaled-e1578787470924.png\",\"contentUrl\":\"https:\\\/\\\/dormalab.com\\\/wp-content\\\/uploads\\\/2019\\\/10\\\/Dorma-Logotype-RGB-Black-scaled-e1578787470924.png\",\"width\":120,\"height\":25,\"caption\":\"Dorma Clinique Du Sommeil\"},\"image\":{\"@id\":\"https:\\\/\\\/dormalab.com\\\/fr\\\/#\\\/schema\\\/logo\\\/image\\\/\"}}]}<\/script>\n<!-- \/ Yoast SEO plugin. -->","yoast_head_json":{"title":"AirFit F40 Grand\/Standard - Dorma Sleep Clinics","robots":{"index":"index","follow":"follow","max-snippet":"max-snippet:-1","max-image-preview":"max-image-preview:large","max-video-preview":"max-video-preview:-1"},"canonical":"https:\/\/dormalab.com\/fr\/produit\/airfit-f40-grand-standard\/","og_locale":"fr_FR","og_type":"article","og_title":"AirFit F40 Grand\/Standard - Dorma Sleep Clinics","og_description":"Le masque AirFit F40 Large\/Standard est un masque CPAP facial complet et l\u00e9ger, con\u00e7u pour assurer une \u00e9tanch\u00e9it\u00e9 optimale et un confort d'utilisation pour les personnes ayant des traits du visage plus larges.","og_url":"https:\/\/dormalab.com\/fr\/produit\/airfit-f40-grand-standard\/","og_site_name":"Dorma Sleep Clinics","article_modified_time":"2026-01-27T20:32:50+00:00","og_image":[{"width":358,"height":383,"url":"https:\/\/dormalab.com\/wp-content\/uploads\/2026\/01\/Capture-6.png","type":"image\/png"}],"twitter_card":"summary_large_image","twitter_misc":{"Dur\u00e9e de lecture estim\u00e9e":"1 minute"},"schema":{"@context":"https:\/\/schema.org","@graph":[{"@type":"WebPage","@id":"https:\/\/dormalab.com\/fr\/produit\/airfit-f40-grand-standard\/","url":"https:\/\/dormalab.com\/fr\/produit\/airfit-f40-grand-standard\/","name":"AirFit F40 Grand\/Standard - Dorma Sleep Clinics","isPartOf":{"@id":"https:\/\/dormalab.com\/fr\/#website"},"primaryImageOfPage":{"@id":"https:\/\/dormalab.com\/fr\/produit\/airfit-f40-grand-standard\/#primaryimage"},"image":{"@id":"https:\/\/dormalab.com\/fr\/produit\/airfit-f40-grand-standard\/#primaryimage"},"thumbnailUrl":"https:\/\/dormalab.com\/wp-content\/uploads\/2026\/01\/Capture-6.png","datePublished":"2026-01-27T20:24:55+00:00","dateModified":"2026-01-27T20:32:50+00:00","breadcrumb":{"@id":"https:\/\/dormalab.com\/fr\/produit\/airfit-f40-grand-standard\/#breadcrumb"},"inLanguage":"fr-FR","potentialAction":[{"@type":"ReadAction","target":["https:\/\/dormalab.com\/fr\/produit\/airfit-f40-grand-standard\/"]}]},{"@type":"ImageObject","inLanguage":"fr-FR","@id":"https:\/\/dormalab.com\/fr\/produit\/airfit-f40-grand-standard\/#primaryimage","url":"https:\/\/dormalab.com\/wp-content\/uploads\/2026\/01\/Capture-6.png","contentUrl":"https:\/\/dormalab.com\/wp-content\/uploads\/2026\/01\/Capture-6.png","width":358,"height":383},{"@type":"BreadcrumbList","@id":"https:\/\/dormalab.com\/fr\/produit\/airfit-f40-grand-standard\/#breadcrumb","itemListElement":[{"@type":"ListItem","position":1,"name":"Home","item":"https:\/\/dormalab.com\/fr\/"},{"@type":"ListItem","position":2,"name":"Boutique","item":"https:\/\/dormalab.com\/fr\/boutique\/"},{"@type":"ListItem","position":3,"name":"AirFit F40 Grand\/Standard"}]},{"@type":"WebSite","@id":"https:\/\/dormalab.com\/fr\/#website","url":"https:\/\/dormalab.com\/fr\/","name":"Dorma Sleep Clinics","description":"Sleep Well Live Well","publisher":{"@id":"https:\/\/dormalab.com\/fr\/#organization"},"potentialAction":[{"@type":"SearchAction","target":{"@type":"EntryPoint","urlTemplate":"https:\/\/dormalab.com\/fr\/?s={search_term_string}"},"query-input":{"@type":"PropertyValueSpecification","valueRequired":true,"valueName":"search_term_string"}}],"inLanguage":"fr-FR"},{"@type":"Organization","@id":"https:\/\/dormalab.com\/fr\/#organization","name":"Dorma Clinique Du Sommeil","url":"https:\/\/dormalab.com\/fr\/","logo":{"@type":"ImageObject","inLanguage":"fr-FR","@id":"https:\/\/dormalab.com\/fr\/#\/schema\/logo\/image\/","url":"https:\/\/dormalab.com\/wp-content\/uploads\/2019\/10\/Dorma-Logotype-RGB-Black-scaled-e1578787470924.png","contentUrl":"https:\/\/dormalab.com\/wp-content\/uploads\/2019\/10\/Dorma-Logotype-RGB-Black-scaled-e1578787470924.png","width":120,"height":25,"caption":"Dorma Clinique Du Sommeil"},"image":{"@id":"https:\/\/dormalab.com\/fr\/#\/schema\/logo\/image\/"}}]}},"_links":{"self":[{"href":"https:\/\/dormalab.com\/fr\/wp-json\/wp\/v2\/product\/42470","targetHints":{"allow":["GET"]}}],"collection":[{"href":"https:\/\/dormalab.com\/fr\/wp-json\/wp\/v2\/product"}],"about":[{"href":"https:\/\/dormalab.com\/fr\/wp-json\/wp\/v2\/types\/product"}],"version-history":[{"count":0,"href":"https:\/\/dormalab.com\/fr\/wp-json\/wp\/v2\/product\/42470\/revisions"}],"wp:featuredmedia":[{"embeddable":true,"href":"https:\/\/dormalab.com\/fr\/wp-json\/wp\/v2\/media\/42458"}],"wp:attachment":[{"href":"https:\/\/dormalab.com\/fr\/wp-json\/wp\/v2\/media?parent=42470"}],"wp:term":[{"taxonomy":"product_brand","embeddable":true,"href":"https:\/\/dormalab.com\/fr\/wp-json\/wp\/v2\/product_brand?post=42470"},{"taxonomy":"product_cat","embeddable":true,"href":"https:\/\/dormalab.com\/fr\/wp-json\/wp\/v2\/product_cat?post=42470"},{"taxonomy":"product_tag","embeddable":true,"href":"https:\/\/dormalab.com\/fr\/wp-json\/wp\/v2\/product_tag?post=42470"}],"curies":[{"name":"wp","href":"https:\/\/api.w.org\/{rel}","templated":true}]}}