{"id":42579,"date":"2026-02-10T13:25:30","date_gmt":"2026-02-10T18:25:30","guid":{"rendered":"https:\/\/dormalab.com\/product\/coussinet-airfit-n30i-de-taille-moyenne\/"},"modified":"2026-02-10T13:32:15","modified_gmt":"2026-02-10T18:32:15","slug":"coussinet-airfit-n30i-de-taille-moyenne","status":"publish","type":"product","link":"https:\/\/dormalab.com\/fr\/produit\/coussinet-airfit-n30i-de-taille-moyenne\/","title":{"rendered":"Coussinet AirFit N30i de taille moyenne"},"content":{"rendered":"<p>Le coussin AirFit N30i \u2013 Taille moyenne est un coussin nasal de rechange con\u00e7u pour le masque <a href=\"https:\/\/dormalab.com\/continuous-positive-airflow-pressure-cpap\/\" data-internallinksmanager029f6b8e52c=\"1\" title=\"Continuous Positive Airflow Pressure (CPAP)\">CPAP<\/a> ResMed AirFit N30i. Fabriqu\u00e9 en silicone souple et flexible, il se place d\u00e9licatement sous le nez pour r\u00e9duire la pression et am\u00e9liorer le confort tout en assurant un flux d&rsquo;air constant. Son design minimaliste contribue \u00e0 minimiser les marques sur le visage et favorise la libert\u00e9 de mouvement pendant le sommeil, ce qui le rend id\u00e9al pour les personnes qui bougent beaucoup pendant leur sommeil. La taille moyenne offre un ajustement \u00e9quilibr\u00e9 \u00e0 la plupart des utilisateurs, contribuant ainsi \u00e0 maintenir une \u00e9tanch\u00e9it\u00e9 stable et fiable tout au long de la nuit.   <\/p>\n","protected":false},"excerpt":{"rendered":"<p>Le coussin AirFit N30i Medium est un coussin nasal souple qui assure une \u00e9tanch\u00e9it\u00e9 confortable et s\u00fbre avec un contact minimal avec le visage pour une th\u00e9rapie CPAP efficace.<\/p>\n","protected":false},"featured_media":42577,"template":"","meta":[],"product_brand":[368],"product_cat":[377],"product_tag":[],"class_list":{"0":"post-42579","1":"product","2":"type-product","3":"status-publish","4":"has-post-thumbnail","6":"product_brand-resmed","7":"product_cat-coussins-nasaux-faciaux","9":"first","10":"instock","11":"shipping-taxable","12":"purchasable","13":"product-type-simple"},"yoast_head":"<!-- This site is optimized with the Yoast SEO plugin v27.3 - https:\/\/yoast.com\/product\/yoast-seo-wordpress\/ -->\n<title>Coussinet AirFit N30i de taille moyenne - Dorma Sleep Clinics<\/title>\n<meta name=\"robots\" content=\"index, follow, max-snippet:-1, max-image-preview:large, max-video-preview:-1\" \/>\n<link rel=\"canonical\" href=\"https:\/\/dormalab.com\/fr\/produit\/coussinet-airfit-n30i-de-taille-moyenne\/\" \/>\n<meta property=\"og:locale\" content=\"fr_FR\" \/>\n<meta property=\"og:type\" content=\"article\" \/>\n<meta property=\"og:title\" content=\"Coussinet AirFit N30i de taille moyenne - Dorma Sleep Clinics\" \/>\n<meta property=\"og:description\" content=\"Le coussin AirFit N30i Medium est un coussin nasal souple qui assure une \u00e9tanch\u00e9it\u00e9 confortable et s\u00fbre avec un contact minimal avec le visage pour une th\u00e9rapie CPAP efficace.\" \/>\n<meta property=\"og:url\" content=\"https:\/\/dormalab.com\/fr\/produit\/coussinet-airfit-n30i-de-taille-moyenne\/\" \/>\n<meta property=\"og:site_name\" content=\"Dorma Sleep Clinics\" \/>\n<meta property=\"article:modified_time\" content=\"2026-02-10T18:32:15+00:00\" \/>\n<meta property=\"og:image\" content=\"https:\/\/dormalab.com\/wp-content\/uploads\/2026\/02\/Capture-1.png\" \/>\n\t<meta property=\"og:image:width\" content=\"432\" \/>\n\t<meta property=\"og:image:height\" content=\"235\" \/>\n\t<meta property=\"og:image:type\" content=\"image\/png\" \/>\n<meta name=\"twitter:card\" content=\"summary_large_image\" \/>\n<meta name=\"twitter:label1\" content=\"Dur\u00e9e de lecture estim\u00e9e\" \/>\n\t<meta name=\"twitter:data1\" content=\"1 minute\" \/>\n<script type=\"application\/ld+json\" class=\"yoast-schema-graph\">{\"@context\":\"https:\\\/\\\/schema.org\",\"@graph\":[{\"@type\":\"WebPage\",\"@id\":\"https:\\\/\\\/dormalab.com\\\/fr\\\/produit\\\/coussinet-airfit-n30i-de-taille-moyenne\\\/\",\"url\":\"https:\\\/\\\/dormalab.com\\\/fr\\\/produit\\\/coussinet-airfit-n30i-de-taille-moyenne\\\/\",\"name\":\"Coussinet AirFit N30i de taille moyenne - Dorma Sleep Clinics\",\"isPartOf\":{\"@id\":\"https:\\\/\\\/dormalab.com\\\/fr\\\/#website\"},\"primaryImageOfPage\":{\"@id\":\"https:\\\/\\\/dormalab.com\\\/fr\\\/produit\\\/coussinet-airfit-n30i-de-taille-moyenne\\\/#primaryimage\"},\"image\":{\"@id\":\"https:\\\/\\\/dormalab.com\\\/fr\\\/produit\\\/coussinet-airfit-n30i-de-taille-moyenne\\\/#primaryimage\"},\"thumbnailUrl\":\"https:\\\/\\\/dormalab.com\\\/wp-content\\\/uploads\\\/2026\\\/02\\\/Capture-1.png\",\"datePublished\":\"2026-02-10T18:25:30+00:00\",\"dateModified\":\"2026-02-10T18:32:15+00:00\",\"breadcrumb\":{\"@id\":\"https:\\\/\\\/dormalab.com\\\/fr\\\/produit\\\/coussinet-airfit-n30i-de-taille-moyenne\\\/#breadcrumb\"},\"inLanguage\":\"fr-FR\",\"potentialAction\":[{\"@type\":\"ReadAction\",\"target\":[\"https:\\\/\\\/dormalab.com\\\/fr\\\/produit\\\/coussinet-airfit-n30i-de-taille-moyenne\\\/\"]}]},{\"@type\":\"ImageObject\",\"inLanguage\":\"fr-FR\",\"@id\":\"https:\\\/\\\/dormalab.com\\\/fr\\\/produit\\\/coussinet-airfit-n30i-de-taille-moyenne\\\/#primaryimage\",\"url\":\"https:\\\/\\\/dormalab.com\\\/wp-content\\\/uploads\\\/2026\\\/02\\\/Capture-1.png\",\"contentUrl\":\"https:\\\/\\\/dormalab.com\\\/wp-content\\\/uploads\\\/2026\\\/02\\\/Capture-1.png\",\"width\":432,\"height\":235},{\"@type\":\"BreadcrumbList\",\"@id\":\"https:\\\/\\\/dormalab.com\\\/fr\\\/produit\\\/coussinet-airfit-n30i-de-taille-moyenne\\\/#breadcrumb\",\"itemListElement\":[{\"@type\":\"ListItem\",\"position\":1,\"name\":\"Home\",\"item\":\"https:\\\/\\\/dormalab.com\\\/fr\\\/\"},{\"@type\":\"ListItem\",\"position\":2,\"name\":\"Boutique\",\"item\":\"https:\\\/\\\/dormalab.com\\\/fr\\\/boutique\\\/\"},{\"@type\":\"ListItem\",\"position\":3,\"name\":\"Coussinet AirFit N30i de taille moyenne\"}]},{\"@type\":\"WebSite\",\"@id\":\"https:\\\/\\\/dormalab.com\\\/fr\\\/#website\",\"url\":\"https:\\\/\\\/dormalab.com\\\/fr\\\/\",\"name\":\"Dorma Sleep Clinics\",\"description\":\"Sleep Well Live Well\",\"publisher\":{\"@id\":\"https:\\\/\\\/dormalab.com\\\/fr\\\/#organization\"},\"potentialAction\":[{\"@type\":\"SearchAction\",\"target\":{\"@type\":\"EntryPoint\",\"urlTemplate\":\"https:\\\/\\\/dormalab.com\\\/fr\\\/?s={search_term_string}\"},\"query-input\":{\"@type\":\"PropertyValueSpecification\",\"valueRequired\":true,\"valueName\":\"search_term_string\"}}],\"inLanguage\":\"fr-FR\"},{\"@type\":\"Organization\",\"@id\":\"https:\\\/\\\/dormalab.com\\\/fr\\\/#organization\",\"name\":\"Dorma Clinique Du Sommeil\",\"url\":\"https:\\\/\\\/dormalab.com\\\/fr\\\/\",\"logo\":{\"@type\":\"ImageObject\",\"inLanguage\":\"fr-FR\",\"@id\":\"https:\\\/\\\/dormalab.com\\\/fr\\\/#\\\/schema\\\/logo\\\/image\\\/\",\"url\":\"https:\\\/\\\/dormalab.com\\\/wp-content\\\/uploads\\\/2019\\\/10\\\/Dorma-Logotype-RGB-Black-scaled-e1578787470924.png\",\"contentUrl\":\"https:\\\/\\\/dormalab.com\\\/wp-content\\\/uploads\\\/2019\\\/10\\\/Dorma-Logotype-RGB-Black-scaled-e1578787470924.png\",\"width\":120,\"height\":25,\"caption\":\"Dorma Clinique Du Sommeil\"},\"image\":{\"@id\":\"https:\\\/\\\/dormalab.com\\\/fr\\\/#\\\/schema\\\/logo\\\/image\\\/\"}}]}<\/script>\n<!-- \/ Yoast SEO plugin. -->","yoast_head_json":{"title":"Coussinet AirFit N30i de taille moyenne - Dorma Sleep Clinics","robots":{"index":"index","follow":"follow","max-snippet":"max-snippet:-1","max-image-preview":"max-image-preview:large","max-video-preview":"max-video-preview:-1"},"canonical":"https:\/\/dormalab.com\/fr\/produit\/coussinet-airfit-n30i-de-taille-moyenne\/","og_locale":"fr_FR","og_type":"article","og_title":"Coussinet AirFit N30i de taille moyenne - Dorma Sleep Clinics","og_description":"Le coussin AirFit N30i Medium est un coussin nasal souple qui assure une \u00e9tanch\u00e9it\u00e9 confortable et s\u00fbre avec un contact minimal avec le visage pour une th\u00e9rapie CPAP efficace.","og_url":"https:\/\/dormalab.com\/fr\/produit\/coussinet-airfit-n30i-de-taille-moyenne\/","og_site_name":"Dorma Sleep Clinics","article_modified_time":"2026-02-10T18:32:15+00:00","og_image":[{"width":432,"height":235,"url":"https:\/\/dormalab.com\/wp-content\/uploads\/2026\/02\/Capture-1.png","type":"image\/png"}],"twitter_card":"summary_large_image","twitter_misc":{"Dur\u00e9e de lecture estim\u00e9e":"1 minute"},"schema":{"@context":"https:\/\/schema.org","@graph":[{"@type":"WebPage","@id":"https:\/\/dormalab.com\/fr\/produit\/coussinet-airfit-n30i-de-taille-moyenne\/","url":"https:\/\/dormalab.com\/fr\/produit\/coussinet-airfit-n30i-de-taille-moyenne\/","name":"Coussinet AirFit N30i de taille moyenne - Dorma Sleep Clinics","isPartOf":{"@id":"https:\/\/dormalab.com\/fr\/#website"},"primaryImageOfPage":{"@id":"https:\/\/dormalab.com\/fr\/produit\/coussinet-airfit-n30i-de-taille-moyenne\/#primaryimage"},"image":{"@id":"https:\/\/dormalab.com\/fr\/produit\/coussinet-airfit-n30i-de-taille-moyenne\/#primaryimage"},"thumbnailUrl":"https:\/\/dormalab.com\/wp-content\/uploads\/2026\/02\/Capture-1.png","datePublished":"2026-02-10T18:25:30+00:00","dateModified":"2026-02-10T18:32:15+00:00","breadcrumb":{"@id":"https:\/\/dormalab.com\/fr\/produit\/coussinet-airfit-n30i-de-taille-moyenne\/#breadcrumb"},"inLanguage":"fr-FR","potentialAction":[{"@type":"ReadAction","target":["https:\/\/dormalab.com\/fr\/produit\/coussinet-airfit-n30i-de-taille-moyenne\/"]}]},{"@type":"ImageObject","inLanguage":"fr-FR","@id":"https:\/\/dormalab.com\/fr\/produit\/coussinet-airfit-n30i-de-taille-moyenne\/#primaryimage","url":"https:\/\/dormalab.com\/wp-content\/uploads\/2026\/02\/Capture-1.png","contentUrl":"https:\/\/dormalab.com\/wp-content\/uploads\/2026\/02\/Capture-1.png","width":432,"height":235},{"@type":"BreadcrumbList","@id":"https:\/\/dormalab.com\/fr\/produit\/coussinet-airfit-n30i-de-taille-moyenne\/#breadcrumb","itemListElement":[{"@type":"ListItem","position":1,"name":"Home","item":"https:\/\/dormalab.com\/fr\/"},{"@type":"ListItem","position":2,"name":"Boutique","item":"https:\/\/dormalab.com\/fr\/boutique\/"},{"@type":"ListItem","position":3,"name":"Coussinet AirFit N30i de taille moyenne"}]},{"@type":"WebSite","@id":"https:\/\/dormalab.com\/fr\/#website","url":"https:\/\/dormalab.com\/fr\/","name":"Dorma Sleep Clinics","description":"Sleep Well Live Well","publisher":{"@id":"https:\/\/dormalab.com\/fr\/#organization"},"potentialAction":[{"@type":"SearchAction","target":{"@type":"EntryPoint","urlTemplate":"https:\/\/dormalab.com\/fr\/?s={search_term_string}"},"query-input":{"@type":"PropertyValueSpecification","valueRequired":true,"valueName":"search_term_string"}}],"inLanguage":"fr-FR"},{"@type":"Organization","@id":"https:\/\/dormalab.com\/fr\/#organization","name":"Dorma Clinique Du Sommeil","url":"https:\/\/dormalab.com\/fr\/","logo":{"@type":"ImageObject","inLanguage":"fr-FR","@id":"https:\/\/dormalab.com\/fr\/#\/schema\/logo\/image\/","url":"https:\/\/dormalab.com\/wp-content\/uploads\/2019\/10\/Dorma-Logotype-RGB-Black-scaled-e1578787470924.png","contentUrl":"https:\/\/dormalab.com\/wp-content\/uploads\/2019\/10\/Dorma-Logotype-RGB-Black-scaled-e1578787470924.png","width":120,"height":25,"caption":"Dorma Clinique Du Sommeil"},"image":{"@id":"https:\/\/dormalab.com\/fr\/#\/schema\/logo\/image\/"}}]}},"_links":{"self":[{"href":"https:\/\/dormalab.com\/fr\/wp-json\/wp\/v2\/product\/42579","targetHints":{"allow":["GET"]}}],"collection":[{"href":"https:\/\/dormalab.com\/fr\/wp-json\/wp\/v2\/product"}],"about":[{"href":"https:\/\/dormalab.com\/fr\/wp-json\/wp\/v2\/types\/product"}],"version-history":[{"count":0,"href":"https:\/\/dormalab.com\/fr\/wp-json\/wp\/v2\/product\/42579\/revisions"}],"wp:featuredmedia":[{"embeddable":true,"href":"https:\/\/dormalab.com\/fr\/wp-json\/wp\/v2\/media\/42577"}],"wp:attachment":[{"href":"https:\/\/dormalab.com\/fr\/wp-json\/wp\/v2\/media?parent=42579"}],"wp:term":[{"taxonomy":"product_brand","embeddable":true,"href":"https:\/\/dormalab.com\/fr\/wp-json\/wp\/v2\/product_brand?post=42579"},{"taxonomy":"product_cat","embeddable":true,"href":"https:\/\/dormalab.com\/fr\/wp-json\/wp\/v2\/product_cat?post=42579"},{"taxonomy":"product_tag","embeddable":true,"href":"https:\/\/dormalab.com\/fr\/wp-json\/wp\/v2\/product_tag?post=42579"}],"curies":[{"name":"wp","href":"https:\/\/api.w.org\/{rel}","templated":true}]}}