{"id":42596,"date":"2026-01-20T15:06:02","date_gmt":"2026-01-20T20:06:02","guid":{"rendered":"https:\/\/dormalab.com\/product\/coussin-airfit-p10-taille-moyenne\/"},"modified":"2026-02-10T14:00:57","modified_gmt":"2026-02-10T19:00:57","slug":"coussin-airfit-p10-taille-moyenne","status":"publish","type":"product","link":"https:\/\/dormalab.com\/fr\/produit\/coussin-airfit-p10-taille-moyenne\/","title":{"rendered":"Coussin Airfit P10 Taille Moyenne"},"content":{"rendered":"<p>Le coussin nasal AirFit P10 \u2013 Taille moyenne est un coussin de rechange con\u00e7u pour le masque <a href=\"https:\/\/dormalab.com\/continuous-positive-airflow-pressure-cpap\/\" data-internallinksmanager029f6b8e52c=\"1\" title=\"Continuous Positive Airflow Pressure (CPAP)\">CPAP<\/a> ResMed AirFit P10. Fabriqu\u00e9 en silicone souple et l\u00e9ger, il s&rsquo;ins\u00e8re d\u00e9licatement dans les narines pour une \u00e9tanch\u00e9it\u00e9 optimale, minimisant ainsi la pression et les fuites d&rsquo;air. Son design minimaliste favorise une circulation d&rsquo;air naturelle et un fonctionnement ultra-silencieux, pour un confort accru tout au long de la nuit. La taille moyenne convient \u00e0 la plupart des utilisateurs et offre un maintien \u00e9quilibr\u00e9 et fiable pour une th\u00e9rapie CPAP r\u00e9guli\u00e8re.   <\/p>\n","protected":false},"excerpt":{"rendered":"<p>Le coussin AirFit P10 Medium est un coussin nasal souple qui assure une \u00e9tanch\u00e9it\u00e9 confortable et s\u00e9curis\u00e9e pour une th\u00e9rapie CPAP silencieuse et efficace.<\/p>\n","protected":false},"featured_media":42592,"template":"","meta":[],"product_brand":[368],"product_cat":[377],"product_tag":[],"class_list":{"0":"post-42596","1":"product","2":"type-product","3":"status-publish","4":"has-post-thumbnail","6":"product_brand-resmed","7":"product_cat-coussins-nasaux-faciaux","9":"first","10":"instock","11":"shipping-taxable","12":"purchasable","13":"product-type-simple"},"yoast_head":"<!-- This site is optimized with the Yoast SEO plugin v27.4 - https:\/\/yoast.com\/product\/yoast-seo-wordpress\/ -->\n<title>Coussin Airfit P10 Taille Moyenne - Dorma Sleep Clinics<\/title>\n<meta name=\"robots\" content=\"index, follow, max-snippet:-1, max-image-preview:large, max-video-preview:-1\" \/>\n<link rel=\"canonical\" href=\"https:\/\/dormalab.com\/fr\/produit\/coussin-airfit-p10-taille-moyenne\/\" \/>\n<meta property=\"og:locale\" content=\"fr_FR\" \/>\n<meta property=\"og:type\" content=\"article\" \/>\n<meta property=\"og:title\" content=\"Coussin Airfit P10 Taille Moyenne - Dorma Sleep Clinics\" \/>\n<meta property=\"og:description\" content=\"Le coussin AirFit P10 Medium est un coussin nasal souple qui assure une \u00e9tanch\u00e9it\u00e9 confortable et s\u00e9curis\u00e9e pour une th\u00e9rapie CPAP silencieuse et efficace.\" \/>\n<meta property=\"og:url\" content=\"https:\/\/dormalab.com\/fr\/produit\/coussin-airfit-p10-taille-moyenne\/\" \/>\n<meta property=\"og:site_name\" content=\"Dorma Sleep Clinics\" \/>\n<meta property=\"article:modified_time\" content=\"2026-02-10T19:00:57+00:00\" \/>\n<meta property=\"og:image\" content=\"https:\/\/dormalab.com\/wp-content\/uploads\/2026\/01\/Capture-9.png\" \/>\n\t<meta property=\"og:image:width\" content=\"324\" \/>\n\t<meta property=\"og:image:height\" content=\"290\" \/>\n\t<meta property=\"og:image:type\" content=\"image\/png\" \/>\n<meta name=\"twitter:card\" content=\"summary_large_image\" \/>\n<script type=\"application\/ld+json\" class=\"yoast-schema-graph\">{\"@context\":\"https:\\\/\\\/schema.org\",\"@graph\":[{\"@type\":\"WebPage\",\"@id\":\"https:\\\/\\\/dormalab.com\\\/fr\\\/produit\\\/coussin-airfit-p10-taille-moyenne\\\/\",\"url\":\"https:\\\/\\\/dormalab.com\\\/fr\\\/produit\\\/coussin-airfit-p10-taille-moyenne\\\/\",\"name\":\"Coussin Airfit P10 Taille Moyenne - Dorma Sleep Clinics\",\"isPartOf\":{\"@id\":\"https:\\\/\\\/dormalab.com\\\/fr\\\/#website\"},\"primaryImageOfPage\":{\"@id\":\"https:\\\/\\\/dormalab.com\\\/fr\\\/produit\\\/coussin-airfit-p10-taille-moyenne\\\/#primaryimage\"},\"image\":{\"@id\":\"https:\\\/\\\/dormalab.com\\\/fr\\\/produit\\\/coussin-airfit-p10-taille-moyenne\\\/#primaryimage\"},\"thumbnailUrl\":\"https:\\\/\\\/dormalab.com\\\/wp-content\\\/uploads\\\/2026\\\/01\\\/Capture-9.png\",\"datePublished\":\"2026-01-20T20:06:02+00:00\",\"dateModified\":\"2026-02-10T19:00:57+00:00\",\"breadcrumb\":{\"@id\":\"https:\\\/\\\/dormalab.com\\\/fr\\\/produit\\\/coussin-airfit-p10-taille-moyenne\\\/#breadcrumb\"},\"inLanguage\":\"fr-FR\",\"potentialAction\":[{\"@type\":\"ReadAction\",\"target\":[\"https:\\\/\\\/dormalab.com\\\/fr\\\/produit\\\/coussin-airfit-p10-taille-moyenne\\\/\"]}]},{\"@type\":\"ImageObject\",\"inLanguage\":\"fr-FR\",\"@id\":\"https:\\\/\\\/dormalab.com\\\/fr\\\/produit\\\/coussin-airfit-p10-taille-moyenne\\\/#primaryimage\",\"url\":\"https:\\\/\\\/dormalab.com\\\/wp-content\\\/uploads\\\/2026\\\/01\\\/Capture-9.png\",\"contentUrl\":\"https:\\\/\\\/dormalab.com\\\/wp-content\\\/uploads\\\/2026\\\/01\\\/Capture-9.png\",\"width\":324,\"height\":290},{\"@type\":\"BreadcrumbList\",\"@id\":\"https:\\\/\\\/dormalab.com\\\/fr\\\/produit\\\/coussin-airfit-p10-taille-moyenne\\\/#breadcrumb\",\"itemListElement\":[{\"@type\":\"ListItem\",\"position\":1,\"name\":\"Home\",\"item\":\"https:\\\/\\\/dormalab.com\\\/fr\\\/\"},{\"@type\":\"ListItem\",\"position\":2,\"name\":\"Boutique\",\"item\":\"https:\\\/\\\/dormalab.com\\\/fr\\\/boutique\\\/\"},{\"@type\":\"ListItem\",\"position\":3,\"name\":\"Coussin Airfit P10 Taille Moyenne\"}]},{\"@type\":\"WebSite\",\"@id\":\"https:\\\/\\\/dormalab.com\\\/fr\\\/#website\",\"url\":\"https:\\\/\\\/dormalab.com\\\/fr\\\/\",\"name\":\"Dorma Sleep Clinics\",\"description\":\"Sleep Well Live Well\",\"publisher\":{\"@id\":\"https:\\\/\\\/dormalab.com\\\/fr\\\/#organization\"},\"potentialAction\":[{\"@type\":\"SearchAction\",\"target\":{\"@type\":\"EntryPoint\",\"urlTemplate\":\"https:\\\/\\\/dormalab.com\\\/fr\\\/?s={search_term_string}\"},\"query-input\":{\"@type\":\"PropertyValueSpecification\",\"valueRequired\":true,\"valueName\":\"search_term_string\"}}],\"inLanguage\":\"fr-FR\"},{\"@type\":\"Organization\",\"@id\":\"https:\\\/\\\/dormalab.com\\\/fr\\\/#organization\",\"name\":\"Dorma Clinique Du Sommeil\",\"url\":\"https:\\\/\\\/dormalab.com\\\/fr\\\/\",\"logo\":{\"@type\":\"ImageObject\",\"inLanguage\":\"fr-FR\",\"@id\":\"https:\\\/\\\/dormalab.com\\\/fr\\\/#\\\/schema\\\/logo\\\/image\\\/\",\"url\":\"https:\\\/\\\/dormalab.com\\\/wp-content\\\/uploads\\\/2019\\\/10\\\/Dorma-Logotype-RGB-Black-scaled-e1578787470924.png\",\"contentUrl\":\"https:\\\/\\\/dormalab.com\\\/wp-content\\\/uploads\\\/2019\\\/10\\\/Dorma-Logotype-RGB-Black-scaled-e1578787470924.png\",\"width\":120,\"height\":25,\"caption\":\"Dorma Clinique Du Sommeil\"},\"image\":{\"@id\":\"https:\\\/\\\/dormalab.com\\\/fr\\\/#\\\/schema\\\/logo\\\/image\\\/\"}}]}<\/script>\n<!-- \/ Yoast SEO plugin. -->","yoast_head_json":{"title":"Coussin Airfit P10 Taille Moyenne - Dorma Sleep Clinics","robots":{"index":"index","follow":"follow","max-snippet":"max-snippet:-1","max-image-preview":"max-image-preview:large","max-video-preview":"max-video-preview:-1"},"canonical":"https:\/\/dormalab.com\/fr\/produit\/coussin-airfit-p10-taille-moyenne\/","og_locale":"fr_FR","og_type":"article","og_title":"Coussin Airfit P10 Taille Moyenne - Dorma Sleep Clinics","og_description":"Le coussin AirFit P10 Medium est un coussin nasal souple qui assure une \u00e9tanch\u00e9it\u00e9 confortable et s\u00e9curis\u00e9e pour une th\u00e9rapie CPAP silencieuse et efficace.","og_url":"https:\/\/dormalab.com\/fr\/produit\/coussin-airfit-p10-taille-moyenne\/","og_site_name":"Dorma Sleep Clinics","article_modified_time":"2026-02-10T19:00:57+00:00","og_image":[{"width":324,"height":290,"url":"https:\/\/dormalab.com\/wp-content\/uploads\/2026\/01\/Capture-9.png","type":"image\/png"}],"twitter_card":"summary_large_image","schema":{"@context":"https:\/\/schema.org","@graph":[{"@type":"WebPage","@id":"https:\/\/dormalab.com\/fr\/produit\/coussin-airfit-p10-taille-moyenne\/","url":"https:\/\/dormalab.com\/fr\/produit\/coussin-airfit-p10-taille-moyenne\/","name":"Coussin Airfit P10 Taille Moyenne - Dorma Sleep Clinics","isPartOf":{"@id":"https:\/\/dormalab.com\/fr\/#website"},"primaryImageOfPage":{"@id":"https:\/\/dormalab.com\/fr\/produit\/coussin-airfit-p10-taille-moyenne\/#primaryimage"},"image":{"@id":"https:\/\/dormalab.com\/fr\/produit\/coussin-airfit-p10-taille-moyenne\/#primaryimage"},"thumbnailUrl":"https:\/\/dormalab.com\/wp-content\/uploads\/2026\/01\/Capture-9.png","datePublished":"2026-01-20T20:06:02+00:00","dateModified":"2026-02-10T19:00:57+00:00","breadcrumb":{"@id":"https:\/\/dormalab.com\/fr\/produit\/coussin-airfit-p10-taille-moyenne\/#breadcrumb"},"inLanguage":"fr-FR","potentialAction":[{"@type":"ReadAction","target":["https:\/\/dormalab.com\/fr\/produit\/coussin-airfit-p10-taille-moyenne\/"]}]},{"@type":"ImageObject","inLanguage":"fr-FR","@id":"https:\/\/dormalab.com\/fr\/produit\/coussin-airfit-p10-taille-moyenne\/#primaryimage","url":"https:\/\/dormalab.com\/wp-content\/uploads\/2026\/01\/Capture-9.png","contentUrl":"https:\/\/dormalab.com\/wp-content\/uploads\/2026\/01\/Capture-9.png","width":324,"height":290},{"@type":"BreadcrumbList","@id":"https:\/\/dormalab.com\/fr\/produit\/coussin-airfit-p10-taille-moyenne\/#breadcrumb","itemListElement":[{"@type":"ListItem","position":1,"name":"Home","item":"https:\/\/dormalab.com\/fr\/"},{"@type":"ListItem","position":2,"name":"Boutique","item":"https:\/\/dormalab.com\/fr\/boutique\/"},{"@type":"ListItem","position":3,"name":"Coussin Airfit P10 Taille Moyenne"}]},{"@type":"WebSite","@id":"https:\/\/dormalab.com\/fr\/#website","url":"https:\/\/dormalab.com\/fr\/","name":"Dorma Sleep Clinics","description":"Sleep Well Live Well","publisher":{"@id":"https:\/\/dormalab.com\/fr\/#organization"},"potentialAction":[{"@type":"SearchAction","target":{"@type":"EntryPoint","urlTemplate":"https:\/\/dormalab.com\/fr\/?s={search_term_string}"},"query-input":{"@type":"PropertyValueSpecification","valueRequired":true,"valueName":"search_term_string"}}],"inLanguage":"fr-FR"},{"@type":"Organization","@id":"https:\/\/dormalab.com\/fr\/#organization","name":"Dorma Clinique Du Sommeil","url":"https:\/\/dormalab.com\/fr\/","logo":{"@type":"ImageObject","inLanguage":"fr-FR","@id":"https:\/\/dormalab.com\/fr\/#\/schema\/logo\/image\/","url":"https:\/\/dormalab.com\/wp-content\/uploads\/2019\/10\/Dorma-Logotype-RGB-Black-scaled-e1578787470924.png","contentUrl":"https:\/\/dormalab.com\/wp-content\/uploads\/2019\/10\/Dorma-Logotype-RGB-Black-scaled-e1578787470924.png","width":120,"height":25,"caption":"Dorma Clinique Du Sommeil"},"image":{"@id":"https:\/\/dormalab.com\/fr\/#\/schema\/logo\/image\/"}}]}},"_links":{"self":[{"href":"https:\/\/dormalab.com\/fr\/wp-json\/wp\/v2\/product\/42596","targetHints":{"allow":["GET"]}}],"collection":[{"href":"https:\/\/dormalab.com\/fr\/wp-json\/wp\/v2\/product"}],"about":[{"href":"https:\/\/dormalab.com\/fr\/wp-json\/wp\/v2\/types\/product"}],"version-history":[{"count":0,"href":"https:\/\/dormalab.com\/fr\/wp-json\/wp\/v2\/product\/42596\/revisions"}],"wp:featuredmedia":[{"embeddable":true,"href":"https:\/\/dormalab.com\/fr\/wp-json\/wp\/v2\/media\/42592"}],"wp:attachment":[{"href":"https:\/\/dormalab.com\/fr\/wp-json\/wp\/v2\/media?parent=42596"}],"wp:term":[{"taxonomy":"product_brand","embeddable":true,"href":"https:\/\/dormalab.com\/fr\/wp-json\/wp\/v2\/product_brand?post=42596"},{"taxonomy":"product_cat","embeddable":true,"href":"https:\/\/dormalab.com\/fr\/wp-json\/wp\/v2\/product_cat?post=42596"},{"taxonomy":"product_tag","embeddable":true,"href":"https:\/\/dormalab.com\/fr\/wp-json\/wp\/v2\/product_tag?post=42596"}],"curies":[{"name":"wp","href":"https:\/\/api.w.org\/{rel}","templated":true}]}}